{"id":2227,"date":"2019-10-14T08:26:44","date_gmt":"2019-10-14T08:26:44","guid":{"rendered":"https:\/\/scantank.ee\/yhteystiedot\/"},"modified":"2022-08-03T12:56:52","modified_gmt":"2022-08-03T12:56:52","slug":"yhteystiedot","status":"publish","type":"page","link":"https:\/\/scantank.ee\/fi\/yhteystiedot\/","title":{"rendered":"Yhteystiedot"},"content":{"rendered":"<div class=\"wpb-content-wrapper\"><p>[vc_row wrap_container=&#8221;yes&#8221; el_class=&#8221;m-b-xl&#8221;][vc_column width=&#8221;1\/2&#8243;]\n<div class=\"wpcf7 no-js\" id=\"wpcf7-f2747-o1\" lang=\"en-US\" dir=\"ltr\">\n<div class=\"screen-reader-response\"><p role=\"status\" aria-live=\"polite\" aria-atomic=\"true\"><\/p> <ul><\/ul><\/div>\n<form action=\"\/fi\/wp-json\/wp\/v2\/pages\/2227#wpcf7-f2747-o1\" method=\"post\" class=\"wpcf7-form init\" aria-label=\"Contact form\" novalidate=\"novalidate\" data-status=\"init\">\n<div style=\"display: none;\">\n<input type=\"hidden\" name=\"_wpcf7\" value=\"2747\" \/>\n<input type=\"hidden\" name=\"_wpcf7_version\" value=\"5.9.7\" \/>\n<input type=\"hidden\" name=\"_wpcf7_locale\" value=\"en_US\" \/>\n<input type=\"hidden\" name=\"_wpcf7_unit_tag\" value=\"wpcf7-f2747-o1\" \/>\n<input type=\"hidden\" name=\"_wpcf7_container_post\" value=\"0\" \/>\n<input type=\"hidden\" name=\"_wpcf7_posted_data_hash\" value=\"\" \/>\n<input type=\"hidden\" name=\"_wpcf7_recaptcha_response\" value=\"\" \/>\n<\/div>\n<h2 class=\"short\"><strong>Ota meihin<\/strong> yhteytt\u00e4<\/h2>\n<div class=\"row\">\n    <div class=\"col-lg-6\">\n        <div class=\"form-group\">\n            <label for=\"contact-name\">Etu- ja sukunimi *<\/label>\n            <span class=\"wpcf7-form-control-wrap\" data-name=\"nimi\"><input size=\"40\" maxlength=\"400\" class=\"wpcf7-form-control wpcf7-text wpcf7-validates-as-required form-control\" id=\"contact-name\" aria-required=\"true\" aria-invalid=\"false\" value=\"\" type=\"text\" name=\"nimi\" \/><\/span>\n        <\/div>\n    <\/div>\n    <div class=\"col-lg-6\">\n        <div class=\"form-group\">\n            <label for=\"contact-email\">S\u00e4hk\u00f6postiosoite *<\/label>\n            <span class=\"wpcf7-form-control-wrap\" data-name=\"epost\"><input size=\"40\" maxlength=\"400\" class=\"wpcf7-form-control wpcf7-email wpcf7-validates-as-required wpcf7-text wpcf7-validates-as-email form-control\" id=\"contact-email\" aria-required=\"true\" aria-invalid=\"false\" value=\"\" type=\"email\" name=\"epost\" \/><\/span>\n        <\/div>\n    <\/div>\n    <div class=\"col-lg-12\">\n        <div class=\"form-group\">\n            <label for=\"contact-subject\">Aihe<\/label>\n            <span class=\"wpcf7-form-control-wrap\" data-name=\"teema\"><input size=\"40\" maxlength=\"400\" class=\"wpcf7-form-control wpcf7-text form-control\" id=\"contact-subject\" aria-invalid=\"false\" value=\"\" type=\"text\" name=\"teema\" \/><\/span>\n        <\/div>\n    <\/div>\n    <div class=\"col-lg-12\">\n        <div class=\"form-group\">\n            <label for=\"contact-message\">Viestin sis\u00e4lt\u00f6<\/label>\n            <span class=\"wpcf7-form-control-wrap\" data-name=\"sisu\"><textarea cols=\"40\" rows=\"10\" maxlength=\"2000\" class=\"wpcf7-form-control wpcf7-textarea form-control\" id=\"contact-message\" aria-invalid=\"false\" name=\"sisu\"><\/textarea><\/span>\n        <\/div>\n    <\/div>\n    <div class=\"col-lg-12\">\n        <div class=\"form-group\">\n            <input class=\"wpcf7-form-control wpcf7-submit has-spinner btn btn-primary btn-lg\" type=\"submit\" value=\"L\u00e4het\u00e4 viesti\" \/>\n        <\/div>\n    <\/div>\n<\/div><input type='hidden' class='wpcf7-pum' value='{\"closepopup\":false,\"closedelay\":0,\"openpopup\":false,\"openpopup_id\":0}' \/><div class=\"wpcf7-response-output\" aria-hidden=\"true\"><\/div>\n<\/form>\n<\/div>\n[\/vc_column][vc_column width=&#8221;1\/2&#8243;][vc_custom_heading text=&#8221;Yhteystiedot&#8221; font_container=&#8221;tag:h4|text_align:left|color:%234f4f4f&#8221; use_theme_fonts=&#8221;yes&#8221; skin=&#8221;dark&#8221; el_class=&#8221;m-t&#8221;][vc_column_text]Scantank O\u00dc on lasikuidulla lujitetusta muovista valmistettuja s\u00e4ili\u00f6it\u00e4 ja linjakuivatuskouruja myyv\u00e4 nykyaikainen yritys, jolla on suuri tuotevalikoima. Asennamme kaikkia valikoimastamme l\u00f6ytyvi\u00e4 tuotteita ja teemme my\u00f6s muita veteen ja viem\u00e4r\u00f6intiin liittyvi\u00e4 rakennust\u00f6it\u00e4. Tavoitteenamme on toteuttaa asiakkaidemme visiot nopeasti, tarkasti ja laadukkaasti. Toiveitasi toteuttavat oman alansa parhaat asiantuntijat![\/vc_column_text][vc_separator color=&#8221;custom&#8221; gradient=&#8221;yes&#8221;][vc_custom_heading text=&#8221;SCANTANK O\u00dc&#8221; font_container=&#8221;tag:h4|text_align:left|color:%234f4f4f&#8221; use_theme_fonts=&#8221;yes&#8221; skin=&#8221;dark&#8221;][vc_column_text]Rekisteritunnus: 14775808 ALV-nro: EE102180352 <a href=\"mailto:info@scantank.ee\">info@scantank.ee<\/a>[\/vc_column_text][vc_row_inner][vc_column_inner width=&#8221;1\/2&#8243;][vc_custom_heading text=&#8221;Oliver M\u00fc\u00fcr&#8221; font_container=&#8221;tag:h4|text_align:left|color:%234f4f4f&#8221; use_theme_fonts=&#8221;yes&#8221; skin=&#8221;dark&#8221;]<div class=\"porto-sicon-box  wpb_custom_991192e517ba80822b25b68bbbc51b14 style_1 default-icon\"><div class=\"porto-sicon-default\"><div class=\"porto-just-icon-wrapper porto-icon circle\" style=\"color:#ffffff;background:#4bb845;font-size:14px;\"><i class=\"fas fa-phone\"><\/i><\/div><\/div><div class=\"porto-sicon-header\"><h3 class=\"porto-sicon-title\" style=\"font-size:14px;\"><strong>Puhelinnumero<\/strong><\/h3><p>(+372) 5845 1580<\/p><\/div> <!-- header --><\/div><!-- porto-sicon-box --><div class=\"porto-sicon-box  wpb_custom_991192e517ba80822b25b68bbbc51b14 style_1 default-icon\"><div class=\"porto-sicon-default\"><div class=\"porto-just-icon-wrapper porto-icon circle\" style=\"color:#ffffff;background:#4bb845;font-size:14px;\"><i class=\"far fa-envelope\"><\/i><\/div><\/div><div class=\"porto-sicon-header\"><h3 class=\"porto-sicon-title\" style=\"font-size:14px;\"><strong>S\u00e4hk\u00f6postiosoite<\/strong><\/h3><p>oliver@scantank.ee<\/p><\/div> <!-- header --><\/div><!-- porto-sicon-box -->[\/vc_column_inner][vc_column_inner width=&#8221;1\/2&#8243;][vc_custom_heading text=&#8221;Aleksander Mazin&#8221; font_container=&#8221;tag:h4|text_align:left|color:%234f4f4f&#8221; use_theme_fonts=&#8221;yes&#8221; skin=&#8221;dark&#8221;]<div class=\"porto-sicon-box  wpb_custom_991192e517ba80822b25b68bbbc51b14 style_1 default-icon\"><div class=\"porto-sicon-default\"><div class=\"porto-just-icon-wrapper porto-icon circle\" style=\"color:#ffffff;background:#4bb845;font-size:14px;\"><i class=\"fas fa-phone\"><\/i><\/div><\/div><div class=\"porto-sicon-header\"><h3 class=\"porto-sicon-title\" style=\"font-size:14px;\"><strong>Puhelinnumero<\/strong><\/h3><p>(+372) 5845 3134<\/p><\/div> <!-- header --><\/div><!-- porto-sicon-box --><div class=\"porto-sicon-box  wpb_custom_991192e517ba80822b25b68bbbc51b14 style_1 default-icon\"><div class=\"porto-sicon-default\"><div class=\"porto-just-icon-wrapper porto-icon circle\" style=\"color:#ffffff;background:#4bb845;font-size:14px;\"><i class=\"far fa-envelope\"><\/i><\/div><\/div><div class=\"porto-sicon-header\"><h3 class=\"porto-sicon-title\" style=\"font-size:14px;\"><strong>S\u00e4hk\u00f6postiosoite<\/strong><\/h3><p>aleksander@scantank.ee<\/p><\/div> <!-- header --><\/div><!-- porto-sicon-box -->[\/vc_column_inner][\/vc_row_inner][\/vc_column][\/vc_row]<\/p>\n<\/div>","protected":false},"excerpt":{"rendered":"<p>[vc_row wrap_container=&#8221;yes&#8221; el_class=&#8221;m-b-xl&#8221;][vc_column width=&#8221;1\/2&#8243;][\/vc_column][vc_column width=&#8221;1\/2&#8243;][vc_custom_heading text=&#8221;Yhteystiedot&#8221; font_container=&#8221;tag:h4|text_align:left|color:%234f4f4f&#8221; use_theme_fonts=&#8221;yes&#8221; skin=&#8221;dark&#8221; el_class=&#8221;m-t&#8221;][vc_column_text]Scantank O\u00dc on lasikuidulla lujitetusta muovista valmistettuja s\u00e4ili\u00f6it\u00e4 ja linjakuivatuskouruja myyv\u00e4 nykyaikainen yritys, jolla on suuri tuotevalikoima. Asennamme kaikkia valikoimastamme l\u00f6ytyvi\u00e4 tuotteita ja teemme my\u00f6s muita veteen ja viem\u00e4r\u00f6intiin liittyvi\u00e4 rakennust\u00f6it\u00e4. Tavoitteenamme on toteuttaa asiakkaidemme visiot nopeasti, tarkasti ja laadukkaasti. Toiveitasi toteuttavat oman alansa parhaat asiantuntijat![\/vc_column_text][vc_separator [&hellip;]<\/p>\n","protected":false},"author":2,"featured_media":0,"parent":0,"menu_order":0,"comment_status":"closed","ping_status":"closed","template":"","meta":{"_acf_changed":false,"inline_featured_image":false,"_exactmetrics_skip_tracking":false,"_exactmetrics_sitenote_active":false,"_exactmetrics_sitenote_note":"","_exactmetrics_sitenote_category":0,"_monsterinsights_skip_tracking":false,"_monsterinsights_sitenote_active":false,"_monsterinsights_sitenote_note":"","_monsterinsights_sitenote_category":0,"footnotes":""},"class_list":["post-2227","page","type-page","status-publish","hentry"],"acf":[],"yoast_head":"<!-- This site is optimized with the Yoast SEO plugin v23.1 - https:\/\/yoast.com\/wordpress\/plugins\/seo\/ -->\n<title>Yhteystiedot | Ota yhteytt\u00e4 Scantank O\u00dc:n asiantuntijoihin<\/title>\n<meta name=\"description\" content=\"Yhteystiedot | SCANTANK O\u00dc | info@scantank.ee | Puh. (+372) 5854 1580 | Jos haluat lis\u00e4tietoa, ota yhteytt\u00e4 asiantuntijoihimme!\" \/>\n<meta name=\"robots\" content=\"index, follow, max-snippet:-1, max-image-preview:large, max-video-preview:-1\" \/>\n<link rel=\"canonical\" href=\"https:\/\/scantank.ee\/fi\/yhteystiedot\/\" \/>\n<meta property=\"og:locale\" content=\"fi_FI\" \/>\n<meta property=\"og:type\" content=\"article\" \/>\n<meta property=\"og:title\" content=\"SCANTANK O\u00dc\" \/>\n<meta property=\"og:description\" content=\"Scantank O\u00dc on lasikuidulla lujitetusta muovista valmistettuja s\u00e4ili\u00f6it\u00e4 ja linjakuivatuskouruja myyv\u00e4 nykyaikainen yritys, jolla on suuri tuotevalikoima.\" \/>\n<meta property=\"og:url\" content=\"https:\/\/scantank.ee\/fi\/yhteystiedot\/\" \/>\n<meta property=\"og:site_name\" content=\"Scantank\" \/>\n<meta property=\"article:publisher\" content=\"http:\/\/www.facebook.com\/scantank\" \/>\n<meta property=\"article:modified_time\" content=\"2022-08-03T12:56:52+00:00\" \/>\n<meta property=\"og:image\" content=\"https:\/\/scantank.ee\/wp-content\/uploads\/2020\/02\/Scantank-social-share.png\" \/>\n<meta name=\"twitter:card\" content=\"summary_large_image\" \/>\n<meta name=\"twitter:label1\" content=\"Arvioitu lukuaika\" \/>\n\t<meta name=\"twitter:data1\" content=\"2 minuuttia\" \/>\n<script type=\"application\/ld+json\" class=\"yoast-schema-graph\">{\"@context\":\"https:\/\/schema.org\",\"@graph\":[{\"@type\":\"WebPage\",\"@id\":\"https:\/\/scantank.ee\/fi\/yhteystiedot\/\",\"url\":\"https:\/\/scantank.ee\/fi\/yhteystiedot\/\",\"name\":\"Yhteystiedot | Ota yhteytt\u00e4 Scantank O\u00dc:n asiantuntijoihin\",\"isPartOf\":{\"@id\":\"https:\/\/scantank.ee\/fi\/#website\"},\"datePublished\":\"2019-10-14T08:26:44+00:00\",\"dateModified\":\"2022-08-03T12:56:52+00:00\",\"description\":\"Yhteystiedot | SCANTANK O\u00dc | info@scantank.ee | Puh. (+372) 5854 1580 | Jos haluat lis\u00e4tietoa, ota yhteytt\u00e4 asiantuntijoihimme!\",\"breadcrumb\":{\"@id\":\"https:\/\/scantank.ee\/fi\/yhteystiedot\/#breadcrumb\"},\"inLanguage\":\"fi\",\"potentialAction\":[{\"@type\":\"ReadAction\",\"target\":[\"https:\/\/scantank.ee\/fi\/yhteystiedot\/\"]}]},{\"@type\":\"BreadcrumbList\",\"@id\":\"https:\/\/scantank.ee\/fi\/yhteystiedot\/#breadcrumb\",\"itemListElement\":[{\"@type\":\"ListItem\",\"position\":1,\"name\":\"Home\",\"item\":\"https:\/\/scantank.ee\/fi\/\"},{\"@type\":\"ListItem\",\"position\":2,\"name\":\"Yhteystiedot\"}]},{\"@type\":\"WebSite\",\"@id\":\"https:\/\/scantank.ee\/fi\/#website\",\"url\":\"https:\/\/scantank.ee\/fi\/\",\"name\":\"Scantank\",\"description\":\"\",\"publisher\":{\"@id\":\"https:\/\/scantank.ee\/fi\/#organization\"},\"potentialAction\":[{\"@type\":\"SearchAction\",\"target\":{\"@type\":\"EntryPoint\",\"urlTemplate\":\"https:\/\/scantank.ee\/fi\/?s={search_term_string}\"},\"query-input\":\"required name=search_term_string\"}],\"inLanguage\":\"fi\"},{\"@type\":\"Organization\",\"@id\":\"https:\/\/scantank.ee\/fi\/#organization\",\"name\":\"Scantank O\u00dc\",\"url\":\"https:\/\/scantank.ee\/fi\/\",\"logo\":{\"@type\":\"ImageObject\",\"inLanguage\":\"fi\",\"@id\":\"https:\/\/scantank.ee\/fi\/#\/schema\/logo\/image\/\",\"url\":\"https:\/\/scantank.ee\/wp-content\/uploads\/2019\/08\/scantank-new.png\",\"contentUrl\":\"https:\/\/scantank.ee\/wp-content\/uploads\/2019\/08\/scantank-new.png\",\"width\":1041,\"height\":221,\"caption\":\"Scantank O\u00dc\"},\"image\":{\"@id\":\"https:\/\/scantank.ee\/fi\/#\/schema\/logo\/image\/\"},\"sameAs\":[\"http:\/\/www.facebook.com\/scantank\"]}]}<\/script>\n<!-- \/ Yoast SEO plugin. -->","yoast_head_json":{"title":"Yhteystiedot | Ota yhteytt\u00e4 Scantank O\u00dc:n asiantuntijoihin","description":"Yhteystiedot | SCANTANK O\u00dc | info@scantank.ee | Puh. (+372) 5854 1580 | Jos haluat lis\u00e4tietoa, ota yhteytt\u00e4 asiantuntijoihimme!","robots":{"index":"index","follow":"follow","max-snippet":"max-snippet:-1","max-image-preview":"max-image-preview:large","max-video-preview":"max-video-preview:-1"},"canonical":"https:\/\/scantank.ee\/fi\/yhteystiedot\/","og_locale":"fi_FI","og_type":"article","og_title":"SCANTANK O\u00dc","og_description":"Scantank O\u00dc on lasikuidulla lujitetusta muovista valmistettuja s\u00e4ili\u00f6it\u00e4 ja linjakuivatuskouruja myyv\u00e4 nykyaikainen yritys, jolla on suuri tuotevalikoima.","og_url":"https:\/\/scantank.ee\/fi\/yhteystiedot\/","og_site_name":"Scantank","article_publisher":"http:\/\/www.facebook.com\/scantank","article_modified_time":"2022-08-03T12:56:52+00:00","og_image":[{"url":"https:\/\/scantank.ee\/wp-content\/uploads\/2020\/02\/Scantank-social-share.png"}],"twitter_card":"summary_large_image","twitter_misc":{"Arvioitu lukuaika":"2 minuuttia"},"schema":{"@context":"https:\/\/schema.org","@graph":[{"@type":"WebPage","@id":"https:\/\/scantank.ee\/fi\/yhteystiedot\/","url":"https:\/\/scantank.ee\/fi\/yhteystiedot\/","name":"Yhteystiedot | Ota yhteytt\u00e4 Scantank O\u00dc:n asiantuntijoihin","isPartOf":{"@id":"https:\/\/scantank.ee\/fi\/#website"},"datePublished":"2019-10-14T08:26:44+00:00","dateModified":"2022-08-03T12:56:52+00:00","description":"Yhteystiedot | SCANTANK O\u00dc | info@scantank.ee | Puh. (+372) 5854 1580 | Jos haluat lis\u00e4tietoa, ota yhteytt\u00e4 asiantuntijoihimme!","breadcrumb":{"@id":"https:\/\/scantank.ee\/fi\/yhteystiedot\/#breadcrumb"},"inLanguage":"fi","potentialAction":[{"@type":"ReadAction","target":["https:\/\/scantank.ee\/fi\/yhteystiedot\/"]}]},{"@type":"BreadcrumbList","@id":"https:\/\/scantank.ee\/fi\/yhteystiedot\/#breadcrumb","itemListElement":[{"@type":"ListItem","position":1,"name":"Home","item":"https:\/\/scantank.ee\/fi\/"},{"@type":"ListItem","position":2,"name":"Yhteystiedot"}]},{"@type":"WebSite","@id":"https:\/\/scantank.ee\/fi\/#website","url":"https:\/\/scantank.ee\/fi\/","name":"Scantank","description":"","publisher":{"@id":"https:\/\/scantank.ee\/fi\/#organization"},"potentialAction":[{"@type":"SearchAction","target":{"@type":"EntryPoint","urlTemplate":"https:\/\/scantank.ee\/fi\/?s={search_term_string}"},"query-input":"required name=search_term_string"}],"inLanguage":"fi"},{"@type":"Organization","@id":"https:\/\/scantank.ee\/fi\/#organization","name":"Scantank O\u00dc","url":"https:\/\/scantank.ee\/fi\/","logo":{"@type":"ImageObject","inLanguage":"fi","@id":"https:\/\/scantank.ee\/fi\/#\/schema\/logo\/image\/","url":"https:\/\/scantank.ee\/wp-content\/uploads\/2019\/08\/scantank-new.png","contentUrl":"https:\/\/scantank.ee\/wp-content\/uploads\/2019\/08\/scantank-new.png","width":1041,"height":221,"caption":"Scantank O\u00dc"},"image":{"@id":"https:\/\/scantank.ee\/fi\/#\/schema\/logo\/image\/"},"sameAs":["http:\/\/www.facebook.com\/scantank"]}]}},"_links":{"self":[{"href":"https:\/\/scantank.ee\/fi\/wp-json\/wp\/v2\/pages\/2227"}],"collection":[{"href":"https:\/\/scantank.ee\/fi\/wp-json\/wp\/v2\/pages"}],"about":[{"href":"https:\/\/scantank.ee\/fi\/wp-json\/wp\/v2\/types\/page"}],"author":[{"embeddable":true,"href":"https:\/\/scantank.ee\/fi\/wp-json\/wp\/v2\/users\/2"}],"replies":[{"embeddable":true,"href":"https:\/\/scantank.ee\/fi\/wp-json\/wp\/v2\/comments?post=2227"}],"version-history":[{"count":5,"href":"https:\/\/scantank.ee\/fi\/wp-json\/wp\/v2\/pages\/2227\/revisions"}],"predecessor-version":[{"id":7285,"href":"https:\/\/scantank.ee\/fi\/wp-json\/wp\/v2\/pages\/2227\/revisions\/7285"}],"wp:attachment":[{"href":"https:\/\/scantank.ee\/fi\/wp-json\/wp\/v2\/media?parent=2227"}],"curies":[{"name":"wp","href":"https:\/\/api.w.org\/{rel}","templated":true}]}}