{"id":2233,"date":"2019-10-14T08:30:11","date_gmt":"2019-10-14T08:30:11","guid":{"rendered":"https:\/\/scantank.ee\/etusivu\/"},"modified":"2025-07-28T18:23:25","modified_gmt":"2025-07-28T18:23:25","slug":"etusivu","status":"publish","type":"page","link":"https:\/\/scantank.ee\/fi\/","title":{"rendered":"Etusivu"},"content":{"rendered":"\t\t<div data-elementor-type=\"wp-page\" data-elementor-id=\"2233\" class=\"elementor elementor-2233 elementor-143\" data-elementor-post-type=\"page\">\n\t\t\t\t<div class=\"elementor-element elementor-element-28803e7 e-flex e-con-boxed e-con e-parent\" data-id=\"28803e7\" data-element_type=\"container\" data-settings=\"{&quot;background_background&quot;:&quot;classic&quot;}\">\r\n\t\t\t\t\t<div class=\"e-con-inner\">\r\n\t\t\t\t<div class=\"elementor-element elementor-element-89b8019 elementor-widget elementor-widget-heading\" data-id=\"89b8019\" data-element_type=\"widget\" data-widget_type=\"heading.default\">\n\t\t\t\t<div class=\"elementor-widget-container\">\n\t\t\t\t\t<h2 class=\"elementor-heading-title elementor-size-default\">Laaja valikoima<br>\n s\u00e4ili\u00f6it\u00e4 ja septitankkeja<\/h2>\t\t\t\t<\/div>\n\t\t\t\t<\/div>\n\t\t\t\t<div class=\"elementor-element elementor-element-115aba2 elementor-align-left elementor-widget elementor-widget-button\" data-id=\"115aba2\" data-element_type=\"widget\" data-widget_type=\"button.default\">\n\t\t\t\t<div class=\"elementor-widget-container\">\n\t\t\t\t\t\t\t\t\t<div class=\"elementor-button-wrapper\">\n\t\t\t\t\t<a class=\"elementor-button elementor-button-link elementor-size-sm\" href=\"https:\/\/scantank.ee\/fi\/tuoteluettelo\/\">\n\t\t\t\t\t\t<span class=\"elementor-button-content-wrapper\">\n\t\t\t\t\t\t<span class=\"elementor-button-icon\">\n\t\t\t\t<svg aria-hidden=\"true\" class=\"e-font-icon-svg e-fas-shopping-cart\" viewBox=\"0 0 576 512\" xmlns=\"http:\/\/www.w3.org\/2000\/svg\"><path d=\"M528.12 301.319l47.273-208C578.806 78.301 567.391 64 551.99 64H159.208l-9.166-44.81C147.758 8.021 137.93 0 126.529 0H24C10.745 0 0 10.745 0 24v16c0 13.255 10.745 24 24 24h69.883l70.248 343.435C147.325 417.1 136 435.222 136 456c0 30.928 25.072 56 56 56s56-25.072 56-56c0-15.674-6.447-29.835-16.824-40h209.647C430.447 426.165 424 440.326 424 456c0 30.928 25.072 56 56 56s56-25.072 56-56c0-22.172-12.888-41.332-31.579-50.405l5.517-24.276c3.413-15.018-8.002-29.319-23.403-29.319H218.117l-6.545-32h293.145c11.206 0 20.92-7.754 23.403-18.681z\"><\/path><\/svg>\t\t\t<\/span>\n\t\t\t\t\t\t\t\t\t<span class=\"elementor-button-text\">N\u00c4YT\u00c4 TUOTEKATALOGI<\/span>\n\t\t\t\t\t<\/span>\n\t\t\t\t\t<\/a>\n\t\t\t\t<\/div>\n\t\t\t\t\t\t\t\t<\/div>\n\t\t\t\t<\/div>\n\t\t\t\t\t<\/div>\n\t\t\t\t<\/div>\n\t\t<div class=\"elementor-element elementor-element-ab56443 e-flex e-con-boxed e-con e-parent\" data-id=\"ab56443\" data-element_type=\"container\" data-settings=\"{&quot;background_background&quot;:&quot;classic&quot;}\">\r\n\t\t\t\t\t<div class=\"e-con-inner\">\r\n\t\t<div class=\"elementor-element elementor-element-62324fa e-con-full e-flex e-con e-child\" data-id=\"62324fa\" data-element_type=\"container\">\r\n\t\t\t\t<div class=\"elementor-element elementor-element-e84e7b0 elementor-view-framed elementor-shape-circle elementor-widget elementor-widget-icon\" data-id=\"e84e7b0\" data-element_type=\"widget\" data-widget_type=\"icon.default\">\n\t\t\t\t<div class=\"elementor-widget-container\">\n\t\t\t\t\t\t\t<div class=\"elementor-icon-wrapper\">\n\t\t\t<div class=\"elementor-icon\">\n\t\t\t<svg aria-hidden=\"true\" class=\"e-font-icon-svg e-fas-box-open\" viewBox=\"0 0 640 512\" xmlns=\"http:\/\/www.w3.org\/2000\/svg\"><path d=\"M425.7 256c-16.9 0-32.8-9-41.4-23.4L320 126l-64.2 106.6c-8.7 14.5-24.6 23.5-41.5 23.5-4.5 0-9-.6-13.3-1.9L64 215v178c0 14.7 10 27.5 24.2 31l216.2 54.1c10.2 2.5 20.9 2.5 31 0L551.8 424c14.2-3.6 24.2-16.4 24.2-31V215l-137 39.1c-4.3 1.3-8.8 1.9-13.3 1.9zm212.6-112.2L586.8 41c-3.1-6.2-9.8-9.8-16.7-8.9L320 64l91.7 152.1c3.8 6.3 11.4 9.3 18.5 7.3l197.9-56.5c9.9-2.9 14.7-13.9 10.2-23.1zM53.2 41L1.7 143.8c-4.6 9.2.3 20.2 10.1 23l197.9 56.5c7.1 2 14.7-1 18.5-7.3L320 64 69.8 32.1c-6.9-.8-13.5 2.7-16.6 8.9z\"><\/path><\/svg>\t\t\t<\/div>\n\t\t<\/div>\n\t\t\t\t\t\t<\/div>\n\t\t\t\t<\/div>\n\t\t\t\t<div class=\"elementor-element elementor-element-f8babfe elementor-widget elementor-widget-text-editor\" data-id=\"f8babfe\" data-element_type=\"widget\" data-widget_type=\"text-editor.default\">\n\t\t\t\t<div class=\"elementor-widget-container\">\n\t\t\t\t\t\t\t\t\t<p>LAAJA VALIKOIMA ERILAISIA TUOTTEITA<\/p>\t\t\t\t\t\t\t\t<\/div>\n\t\t\t\t<\/div>\n\t\t\t\t<\/div>\n\t\t<div class=\"elementor-element elementor-element-34f21ab e-con-full e-flex e-con e-child\" data-id=\"34f21ab\" data-element_type=\"container\">\r\n\t\t\t\t<div class=\"elementor-element elementor-element-ab1f542 elementor-view-framed elementor-shape-circle elementor-widget elementor-widget-icon\" data-id=\"ab1f542\" data-element_type=\"widget\" data-widget_type=\"icon.default\">\n\t\t\t\t<div class=\"elementor-widget-container\">\n\t\t\t\t\t\t\t<div class=\"elementor-icon-wrapper\">\n\t\t\t<div class=\"elementor-icon\">\n\t\t\t<svg aria-hidden=\"true\" class=\"e-font-icon-svg e-fas-shipping-fast\" viewBox=\"0 0 640 512\" xmlns=\"http:\/\/www.w3.org\/2000\/svg\"><path d=\"M624 352h-16V243.9c0-12.7-5.1-24.9-14.1-33.9L494 110.1c-9-9-21.2-14.1-33.9-14.1H416V48c0-26.5-21.5-48-48-48H112C85.5 0 64 21.5 64 48v48H8c-4.4 0-8 3.6-8 8v16c0 4.4 3.6 8 8 8h272c4.4 0 8 3.6 8 8v16c0 4.4-3.6 8-8 8H40c-4.4 0-8 3.6-8 8v16c0 4.4 3.6 8 8 8h208c4.4 0 8 3.6 8 8v16c0 4.4-3.6 8-8 8H8c-4.4 0-8 3.6-8 8v16c0 4.4 3.6 8 8 8h208c4.4 0 8 3.6 8 8v16c0 4.4-3.6 8-8 8H64v128c0 53 43 96 96 96s96-43 96-96h128c0 53 43 96 96 96s96-43 96-96h48c8.8 0 16-7.2 16-16v-32c0-8.8-7.2-16-16-16zM160 464c-26.5 0-48-21.5-48-48s21.5-48 48-48 48 21.5 48 48-21.5 48-48 48zm320 0c-26.5 0-48-21.5-48-48s21.5-48 48-48 48 21.5 48 48-21.5 48-48 48zm80-208H416V144h44.1l99.9 99.9V256z\"><\/path><\/svg>\t\t\t<\/div>\n\t\t<\/div>\n\t\t\t\t\t\t<\/div>\n\t\t\t\t<\/div>\n\t\t\t\t<div class=\"elementor-element elementor-element-63ecb1f elementor-widget elementor-widget-text-editor\" data-id=\"63ecb1f\" data-element_type=\"widget\" data-widget_type=\"text-editor.default\">\n\t\t\t\t<div class=\"elementor-widget-container\">\n\t\t\t\t\t\t\t\t\t<p>TOIMITUS KOKO VIRON MAAHAN<\/p>\t\t\t\t\t\t\t\t<\/div>\n\t\t\t\t<\/div>\n\t\t\t\t<\/div>\n\t\t<div class=\"elementor-element elementor-element-08fb9ce e-con-full e-flex e-con e-child\" data-id=\"08fb9ce\" data-element_type=\"container\">\r\n\t\t\t\t<div class=\"elementor-element elementor-element-08ca09d elementor-view-framed elementor-shape-circle elementor-widget elementor-widget-icon\" data-id=\"08ca09d\" data-element_type=\"widget\" data-widget_type=\"icon.default\">\n\t\t\t\t<div class=\"elementor-widget-container\">\n\t\t\t\t\t\t\t<div class=\"elementor-icon-wrapper\">\n\t\t\t<div class=\"elementor-icon\">\n\t\t\t<i aria-hidden=\"true\" class=\"  porto-icon-chat\"><\/i>\t\t\t<\/div>\n\t\t<\/div>\n\t\t\t\t\t\t<\/div>\n\t\t\t\t<\/div>\n\t\t\t\t<div class=\"elementor-element elementor-element-3d66ae7 elementor-widget elementor-widget-text-editor\" data-id=\"3d66ae7\" data-element_type=\"widget\" data-widget_type=\"text-editor.default\">\n\t\t\t\t<div class=\"elementor-widget-container\">\n\t\t\t\t\t\t\t\t\t<p>YST\u00c4V\u00c4LLINEN JA NOPEA ASIAKASPALVELU<\/p>\t\t\t\t\t\t\t\t<\/div>\n\t\t\t\t<\/div>\n\t\t\t\t<\/div>\n\t\t\t\t\t<\/div>\n\t\t\t\t<\/div>\n\t\t<div class=\"elementor-element elementor-element-28533c4 e-flex e-con-boxed e-con e-parent\" data-id=\"28533c4\" data-element_type=\"container\">\r\n\t\t\t\t\t<div class=\"e-con-inner\">\r\n\t\t<div class=\"elementor-element elementor-element-e4f5ebc e-con-full e-flex e-con e-child\" data-id=\"e4f5ebc\" data-element_type=\"container\" data-settings=\"{&quot;background_background&quot;:&quot;classic&quot;}\">\r\n\t\t\t\t<div class=\"elementor-element elementor-element-55ae6d0 elementor-widget elementor-widget-heading\" data-id=\"55ae6d0\" data-element_type=\"widget\" data-widget_type=\"heading.default\">\n\t\t\t\t<div class=\"elementor-widget-container\">\n\t\t\t\t\t<h2 class=\"elementor-heading-title elementor-size-default\">Lasikuitutuotteet<\/h2>\t\t\t\t<\/div>\n\t\t\t\t<\/div>\n\t\t\t\t<div class=\"elementor-element elementor-element-d88099d elementor-widget elementor-widget-text-editor\" data-id=\"d88099d\" data-element_type=\"widget\" data-widget_type=\"text-editor.default\">\n\t\t\t\t<div class=\"elementor-widget-container\">\n\t\t\t\t\t\t\t\t\t<p>Scantank O\u00dc tarjoaa laajan valikoiman erilaisia lasikuitus\u00e4ili\u00f6it\u00e4 ja septitankkeja. Lasikuitu on eritt\u00e4in kest\u00e4v\u00e4 ja pitk\u00e4ik\u00e4inen materiaali, ja sit\u00e4 voidaan k\u00e4ytt\u00e4\u00e4 moniin eri tarkoituksiin. Valikoimaamme kuuluvat sade- ja j\u00e4tevedenpuhdistusj\u00e4rjestelm\u00e4t, rasvanerottimet, hiekan- ja lietteenerottimia, \u00f6ljynerottimet, bensiininerottimet, pumppaamot ja kaivot.<\/p><p>Kaikki lasikuitus\u00e4ili\u00f6t valmistetaan k\u00e4\u00e4mitysmenetelm\u00e4ll\u00e4, mik\u00e4 tekee niist\u00e4 eritt\u00e4in kest\u00e4vi\u00e4 erilaisissa ymp\u00e4rist\u00f6olosuhteissa. Mallisto sis\u00e4lt\u00e4\u00e4 s\u00e4ili\u00f6it\u00e4 sek\u00e4 vaakasuoraan ett\u00e4 pystysuoraan asennettaviksi. Kaikki tarjotut tuotteet ovat sertifioituja ja valmistettu korkealaatuisista materiaaleista, mink\u00e4 perusteella voimme antaa tuotteillemme pitk\u00e4aikaisen takuun.<\/p><p>Koska oikea asennus takaa tuotteille pitk\u00e4n k\u00e4ytt\u00f6i\u00e4n, tarjoamme my\u00f6s asennuspalvelun kaikille valikoimassamme oleville lasikuitutuotteille.<\/p>\t\t\t\t\t\t\t\t<\/div>\n\t\t\t\t<\/div>\n\t\t\t\t<div class=\"elementor-element elementor-element-6926718 elementor-widget elementor-widget-image\" data-id=\"6926718\" data-element_type=\"widget\" data-widget_type=\"image.default\">\n\t\t\t\t<div class=\"elementor-widget-container\">\n\t\t\t\t\t\t\t\t\t\t\t\t\t\t\t<img fetchpriority=\"high\" decoding=\"async\" width=\"1024\" height=\"768\" src=\"https:\/\/www.scantank.ee\/wp-content\/uploads\/2025\/04\/gray-tank-1024x768.jpeg\" class=\"attachment-large size-large wp-image-8322\" alt=\"gray-tank\" srcset=\"https:\/\/www.scantank.ee\/wp-content\/uploads\/2025\/04\/gray-tank-1024x768.jpeg 1024w, https:\/\/www.scantank.ee\/wp-content\/uploads\/2025\/04\/gray-tank-768x576.jpeg 768w, https:\/\/www.scantank.ee\/wp-content\/uploads\/2025\/04\/gray-tank-463x348.jpeg 463w, https:\/\/www.scantank.ee\/wp-content\/uploads\/2025\/04\/gray-tank-640x480.jpeg 640w, https:\/\/www.scantank.ee\/wp-content\/uploads\/2025\/04\/gray-tank-400x300.jpeg 400w, https:\/\/www.scantank.ee\/wp-content\/uploads\/2025\/04\/gray-tank-600x450.jpeg 600w\" sizes=\"(max-width: 1024px) 100vw, 1024px\" \/>\t\t\t\t\t\t\t\t\t\t\t\t\t\t\t<\/div>\n\t\t\t\t<\/div>\n\t\t\t\t<\/div>\n\t\t<div class=\"elementor-element elementor-element-9cfae21 e-con-full e-flex e-con e-child\" data-id=\"9cfae21\" data-element_type=\"container\" data-settings=\"{&quot;background_background&quot;:&quot;classic&quot;}\">\r\n\t\t\t\t<div class=\"elementor-element elementor-element-0c595aa elementor-widget elementor-widget-heading\" data-id=\"0c595aa\" data-element_type=\"widget\" data-widget_type=\"heading.default\">\n\t\t\t\t<div class=\"elementor-widget-container\">\n\t\t\t\t\t<h2 class=\"elementor-heading-title elementor-size-default\">Vesikourut<\/h2>\t\t\t\t<\/div>\n\t\t\t\t<\/div>\n\t\t\t\t<div class=\"elementor-element elementor-element-f63b5ec elementor-widget elementor-widget-text-editor\" data-id=\"f63b5ec\" data-element_type=\"widget\" data-widget_type=\"text-editor.default\">\n\t\t\t\t<div class=\"elementor-widget-container\">\n\t\t\t\t\t\t\t\t\t<p>Salaojitusj\u00e4rjestelmill\u00e4 on eritt\u00e4in t\u00e4rke\u00e4 rooli infrastruktuurin luomisessa, ja Scantank O\u00dc tarjoaa t\u00e4h\u00e4n tarkoitukseen laajan valikoiman r\u00e4nnikouruja, jotka kest\u00e4v\u00e4t eritt\u00e4in suuria kuormia. Tarjoamme sek\u00e4 vakioratkaisuja ett\u00e4 asiakkaan yksil\u00f6llisiin tarpeisiin kehitettyj\u00e4 ratkaisuja. Sadevesikouruilla on t\u00e4rke\u00e4 rooli yksityispuutarhoissa, kaupunkien kaduilla, aukioilla ja teollisuudessa.<\/p><p>Oman ja valmistajien kokemuksen perusteella l\u00f6yd\u00e4mme kattavia ratkaisuja jokaiselle sektorille. Tarjoamme hydraulisesti oikeita j\u00e4rjestelmi\u00e4, joissa otamme huomioon sek\u00e4 p\u00e4\u00e4llystepinnat, liikennetiheyden ett\u00e4 kuormituksen.<\/p><p>Keskitymme pitk\u00e4aikaiseen laatuun ja tarjoamme kest\u00e4vi\u00e4 ratkaisuja.<\/p><p>Tarjoamme my\u00f6s sadevesikourujen asennuspalveluita.<\/p>\t\t\t\t\t\t\t\t<\/div>\n\t\t\t\t<\/div>\n\t\t\t\t<div class=\"elementor-element elementor-element-c9d8026 elementor-widget elementor-widget-image\" data-id=\"c9d8026\" data-element_type=\"widget\" data-widget_type=\"image.default\">\n\t\t\t\t<div class=\"elementor-widget-container\">\n\t\t\t\t\t\t\t\t\t\t\t\t\t\t\t<img decoding=\"async\" width=\"800\" height=\"566\" src=\"https:\/\/www.scantank.ee\/wp-content\/uploads\/2025\/04\/Renn.jpeg\" class=\"attachment-large size-large wp-image-8349\" alt=\"Renn\" srcset=\"https:\/\/www.scantank.ee\/wp-content\/uploads\/2025\/04\/Renn.jpeg 800w, https:\/\/www.scantank.ee\/wp-content\/uploads\/2025\/04\/Renn-768x543.jpeg 768w, https:\/\/www.scantank.ee\/wp-content\/uploads\/2025\/04\/Renn-640x453.jpeg 640w, https:\/\/www.scantank.ee\/wp-content\/uploads\/2025\/04\/Renn-400x283.jpeg 400w, https:\/\/www.scantank.ee\/wp-content\/uploads\/2025\/04\/Renn-600x425.jpeg 600w\" sizes=\"(max-width: 800px) 100vw, 800px\" \/>\t\t\t\t\t\t\t\t\t\t\t\t\t\t\t<\/div>\n\t\t\t\t<\/div>\n\t\t\t\t<\/div>\n\t\t\t\t\t<\/div>\n\t\t\t\t<\/div>\n\t\t\t\t<\/div>\n\t\t","protected":false},"excerpt":{"rendered":"<p>Laaja valikoima s\u00e4ili\u00f6it\u00e4 ja septitankkeja N\u00c4YT\u00c4 TUOTEKATALOGI LAAJA VALIKOIMA ERILAISIA TUOTTEITA TOIMITUS KOKO VIRON MAAHAN YST\u00c4V\u00c4LLINEN JA NOPEA ASIAKASPALVELU Lasikuitutuotteet Scantank O\u00dc tarjoaa laajan valikoiman erilaisia lasikuitus\u00e4ili\u00f6it\u00e4 ja septitankkeja. Lasikuitu on eritt\u00e4in kest\u00e4v\u00e4 ja pitk\u00e4ik\u00e4inen materiaali, ja sit\u00e4 voidaan k\u00e4ytt\u00e4\u00e4 moniin eri tarkoituksiin. Valikoimaamme kuuluvat sade- ja j\u00e4tevedenpuhdistusj\u00e4rjestelm\u00e4t, rasvanerottimet, hiekan- ja lietteenerottimia, \u00f6ljynerottimet, bensiininerottimet, pumppaamot [&hellip;]<\/p>\n","protected":false},"author":2,"featured_media":0,"parent":0,"menu_order":0,"comment_status":"closed","ping_status":"closed","template":"","meta":{"_acf_changed":false,"inline_featured_image":false,"_exactmetrics_skip_tracking":false,"_exactmetrics_sitenote_active":false,"_exactmetrics_sitenote_note":"","_exactmetrics_sitenote_category":0,"_monsterinsights_skip_tracking":false,"_monsterinsights_sitenote_active":false,"_monsterinsights_sitenote_note":"","_monsterinsights_sitenote_category":0,"footnotes":""},"class_list":["post-2233","page","type-page","status-publish","hentry"],"acf":[],"yoast_head":"<!-- This site is optimized with the Yoast SEO plugin v23.1 - https:\/\/yoast.com\/wordpress\/plugins\/seo\/ -->\n<title>S\u00e4ili\u00f6t | Saostuskaivot | Linjakuivatuskourut | Pumppaamot | Erottimet<\/title>\n<meta name=\"description\" content=\"Lujitemuovista valmistetut s\u00e4ili\u00f6t, saostuskaivot, rasvanerottimet, \u00f6ljynerottimet, pumppaamot, linjakuivatuskourut Yleisimm\u00e4t tuotteet suoraan varastosta! Sertifikaatti ja 10 vuoden takuu! Lue lis\u00e4\u00e4!\" \/>\n<meta name=\"robots\" content=\"index, follow, max-snippet:-1, max-image-preview:large, max-video-preview:-1\" \/>\n<link rel=\"canonical\" href=\"https:\/\/scantank.ee\/fi\/\" \/>\n<meta property=\"og:locale\" content=\"fi_FI\" \/>\n<meta property=\"og:type\" content=\"article\" \/>\n<meta property=\"og:title\" content=\"SCANTANK O\u00dc\" \/>\n<meta property=\"og:description\" content=\"Scantank O\u00dc on lasikuidulla lujitetusta muovista valmistettuja s\u00e4ili\u00f6it\u00e4 ja linjakuivatuskouruja myyv\u00e4 nykyaikainen yritys, jolla on suuri tuotevalikoima. Asennamme kaikkia valikoimastamme l\u00f6ytyvi\u00e4 tuotteita ja teemme my\u00f6s muita veteen ja viem\u00e4r\u00f6intiin liittyvi\u00e4 rakennust\u00f6it\u00e4.\" \/>\n<meta property=\"og:url\" content=\"https:\/\/scantank.ee\/fi\/\" \/>\n<meta property=\"og:site_name\" content=\"Scantank\" \/>\n<meta property=\"article:publisher\" content=\"http:\/\/www.facebook.com\/scantank\" \/>\n<meta property=\"article:modified_time\" content=\"2025-07-28T18:23:25+00:00\" \/>\n<meta property=\"og:image\" content=\"https:\/\/scantank.ee\/wp-content\/uploads\/2020\/02\/Scantank-social-share.png\" \/>\n<meta name=\"twitter:card\" content=\"summary_large_image\" \/>\n<meta name=\"twitter:label1\" content=\"Arvioitu lukuaika\" \/>\n\t<meta name=\"twitter:data1\" content=\"2 minuuttia\" \/>\n<script type=\"application\/ld+json\" class=\"yoast-schema-graph\">{\"@context\":\"https:\/\/schema.org\",\"@graph\":[{\"@type\":\"WebPage\",\"@id\":\"https:\/\/scantank.ee\/fi\/\",\"url\":\"https:\/\/scantank.ee\/fi\/\",\"name\":\"S\u00e4ili\u00f6t | Saostuskaivot | Linjakuivatuskourut | Pumppaamot | Erottimet\",\"isPartOf\":{\"@id\":\"https:\/\/www.scantank.ee\/fi\/#website\"},\"primaryImageOfPage\":{\"@id\":\"https:\/\/scantank.ee\/fi\/#primaryimage\"},\"image\":{\"@id\":\"https:\/\/scantank.ee\/fi\/#primaryimage\"},\"thumbnailUrl\":\"https:\/\/scantank.ee\/wp-content\/uploads\/2025\/04\/gray-tank-1024x768.jpeg\",\"datePublished\":\"2019-10-14T08:30:11+00:00\",\"dateModified\":\"2025-07-28T18:23:25+00:00\",\"description\":\"Lujitemuovista valmistetut s\u00e4ili\u00f6t, saostuskaivot, rasvanerottimet, \u00f6ljynerottimet, pumppaamot, linjakuivatuskourut Yleisimm\u00e4t tuotteet suoraan varastosta! Sertifikaatti ja 10 vuoden takuu! Lue lis\u00e4\u00e4!\",\"breadcrumb\":{\"@id\":\"https:\/\/scantank.ee\/fi\/#breadcrumb\"},\"inLanguage\":\"fi\",\"potentialAction\":[{\"@type\":\"ReadAction\",\"target\":[\"https:\/\/scantank.ee\/fi\/\"]}]},{\"@type\":\"ImageObject\",\"inLanguage\":\"fi\",\"@id\":\"https:\/\/scantank.ee\/fi\/#primaryimage\",\"url\":\"https:\/\/scantank.ee\/wp-content\/uploads\/2025\/04\/gray-tank-1024x768.jpeg\",\"contentUrl\":\"https:\/\/scantank.ee\/wp-content\/uploads\/2025\/04\/gray-tank-1024x768.jpeg\"},{\"@type\":\"BreadcrumbList\",\"@id\":\"https:\/\/scantank.ee\/fi\/#breadcrumb\",\"itemListElement\":[{\"@type\":\"ListItem\",\"position\":1,\"name\":\"Home\",\"item\":\"https:\/\/www.scantank.ee\/fi\/\"},{\"@type\":\"ListItem\",\"position\":2,\"name\":\"Etusivu\"}]},{\"@type\":\"WebSite\",\"@id\":\"https:\/\/www.scantank.ee\/fi\/#website\",\"url\":\"https:\/\/www.scantank.ee\/fi\/\",\"name\":\"Scantank\",\"description\":\"\",\"publisher\":{\"@id\":\"https:\/\/www.scantank.ee\/fi\/#organization\"},\"potentialAction\":[{\"@type\":\"SearchAction\",\"target\":{\"@type\":\"EntryPoint\",\"urlTemplate\":\"https:\/\/www.scantank.ee\/fi\/?s={search_term_string}\"},\"query-input\":\"required name=search_term_string\"}],\"inLanguage\":\"fi\"},{\"@type\":\"Organization\",\"@id\":\"https:\/\/www.scantank.ee\/fi\/#organization\",\"name\":\"Scantank O\u00dc\",\"url\":\"https:\/\/www.scantank.ee\/fi\/\",\"logo\":{\"@type\":\"ImageObject\",\"inLanguage\":\"fi\",\"@id\":\"https:\/\/www.scantank.ee\/fi\/#\/schema\/logo\/image\/\",\"url\":\"https:\/\/scantank.ee\/wp-content\/uploads\/2019\/08\/scantank-new.png\",\"contentUrl\":\"https:\/\/scantank.ee\/wp-content\/uploads\/2019\/08\/scantank-new.png\",\"width\":1041,\"height\":221,\"caption\":\"Scantank O\u00dc\"},\"image\":{\"@id\":\"https:\/\/www.scantank.ee\/fi\/#\/schema\/logo\/image\/\"},\"sameAs\":[\"http:\/\/www.facebook.com\/scantank\"]}]}<\/script>\n<!-- \/ Yoast SEO plugin. -->","yoast_head_json":{"title":"S\u00e4ili\u00f6t | Saostuskaivot | Linjakuivatuskourut | Pumppaamot | Erottimet","description":"Lujitemuovista valmistetut s\u00e4ili\u00f6t, saostuskaivot, rasvanerottimet, \u00f6ljynerottimet, pumppaamot, linjakuivatuskourut Yleisimm\u00e4t tuotteet suoraan varastosta! Sertifikaatti ja 10 vuoden takuu! Lue lis\u00e4\u00e4!","robots":{"index":"index","follow":"follow","max-snippet":"max-snippet:-1","max-image-preview":"max-image-preview:large","max-video-preview":"max-video-preview:-1"},"canonical":"https:\/\/scantank.ee\/fi\/","og_locale":"fi_FI","og_type":"article","og_title":"SCANTANK O\u00dc","og_description":"Scantank O\u00dc on lasikuidulla lujitetusta muovista valmistettuja s\u00e4ili\u00f6it\u00e4 ja linjakuivatuskouruja myyv\u00e4 nykyaikainen yritys, jolla on suuri tuotevalikoima. Asennamme kaikkia valikoimastamme l\u00f6ytyvi\u00e4 tuotteita ja teemme my\u00f6s muita veteen ja viem\u00e4r\u00f6intiin liittyvi\u00e4 rakennust\u00f6it\u00e4.","og_url":"https:\/\/scantank.ee\/fi\/","og_site_name":"Scantank","article_publisher":"http:\/\/www.facebook.com\/scantank","article_modified_time":"2025-07-28T18:23:25+00:00","og_image":[{"url":"https:\/\/scantank.ee\/wp-content\/uploads\/2020\/02\/Scantank-social-share.png"}],"twitter_card":"summary_large_image","twitter_misc":{"Arvioitu lukuaika":"2 minuuttia"},"schema":{"@context":"https:\/\/schema.org","@graph":[{"@type":"WebPage","@id":"https:\/\/scantank.ee\/fi\/","url":"https:\/\/scantank.ee\/fi\/","name":"S\u00e4ili\u00f6t | Saostuskaivot | Linjakuivatuskourut | Pumppaamot | Erottimet","isPartOf":{"@id":"https:\/\/www.scantank.ee\/fi\/#website"},"primaryImageOfPage":{"@id":"https:\/\/scantank.ee\/fi\/#primaryimage"},"image":{"@id":"https:\/\/scantank.ee\/fi\/#primaryimage"},"thumbnailUrl":"https:\/\/scantank.ee\/wp-content\/uploads\/2025\/04\/gray-tank-1024x768.jpeg","datePublished":"2019-10-14T08:30:11+00:00","dateModified":"2025-07-28T18:23:25+00:00","description":"Lujitemuovista valmistetut s\u00e4ili\u00f6t, saostuskaivot, rasvanerottimet, \u00f6ljynerottimet, pumppaamot, linjakuivatuskourut Yleisimm\u00e4t tuotteet suoraan varastosta! Sertifikaatti ja 10 vuoden takuu! Lue lis\u00e4\u00e4!","breadcrumb":{"@id":"https:\/\/scantank.ee\/fi\/#breadcrumb"},"inLanguage":"fi","potentialAction":[{"@type":"ReadAction","target":["https:\/\/scantank.ee\/fi\/"]}]},{"@type":"ImageObject","inLanguage":"fi","@id":"https:\/\/scantank.ee\/fi\/#primaryimage","url":"https:\/\/scantank.ee\/wp-content\/uploads\/2025\/04\/gray-tank-1024x768.jpeg","contentUrl":"https:\/\/scantank.ee\/wp-content\/uploads\/2025\/04\/gray-tank-1024x768.jpeg"},{"@type":"BreadcrumbList","@id":"https:\/\/scantank.ee\/fi\/#breadcrumb","itemListElement":[{"@type":"ListItem","position":1,"name":"Home","item":"https:\/\/www.scantank.ee\/fi\/"},{"@type":"ListItem","position":2,"name":"Etusivu"}]},{"@type":"WebSite","@id":"https:\/\/www.scantank.ee\/fi\/#website","url":"https:\/\/www.scantank.ee\/fi\/","name":"Scantank","description":"","publisher":{"@id":"https:\/\/www.scantank.ee\/fi\/#organization"},"potentialAction":[{"@type":"SearchAction","target":{"@type":"EntryPoint","urlTemplate":"https:\/\/www.scantank.ee\/fi\/?s={search_term_string}"},"query-input":"required name=search_term_string"}],"inLanguage":"fi"},{"@type":"Organization","@id":"https:\/\/www.scantank.ee\/fi\/#organization","name":"Scantank O\u00dc","url":"https:\/\/www.scantank.ee\/fi\/","logo":{"@type":"ImageObject","inLanguage":"fi","@id":"https:\/\/www.scantank.ee\/fi\/#\/schema\/logo\/image\/","url":"https:\/\/scantank.ee\/wp-content\/uploads\/2019\/08\/scantank-new.png","contentUrl":"https:\/\/scantank.ee\/wp-content\/uploads\/2019\/08\/scantank-new.png","width":1041,"height":221,"caption":"Scantank O\u00dc"},"image":{"@id":"https:\/\/www.scantank.ee\/fi\/#\/schema\/logo\/image\/"},"sameAs":["http:\/\/www.facebook.com\/scantank"]}]}},"_links":{"self":[{"href":"https:\/\/scantank.ee\/fi\/wp-json\/wp\/v2\/pages\/2233"}],"collection":[{"href":"https:\/\/scantank.ee\/fi\/wp-json\/wp\/v2\/pages"}],"about":[{"href":"https:\/\/scantank.ee\/fi\/wp-json\/wp\/v2\/types\/page"}],"author":[{"embeddable":true,"href":"https:\/\/scantank.ee\/fi\/wp-json\/wp\/v2\/users\/2"}],"replies":[{"embeddable":true,"href":"https:\/\/scantank.ee\/fi\/wp-json\/wp\/v2\/comments?post=2233"}],"version-history":[{"count":5,"href":"https:\/\/scantank.ee\/fi\/wp-json\/wp\/v2\/pages\/2233\/revisions"}],"predecessor-version":[{"id":8374,"href":"https:\/\/scantank.ee\/fi\/wp-json\/wp\/v2\/pages\/2233\/revisions\/8374"}],"wp:attachment":[{"href":"https:\/\/scantank.ee\/fi\/wp-json\/wp\/v2\/media?parent=2233"}],"curies":[{"name":"wp","href":"https:\/\/api.w.org\/{rel}","templated":true}]}}