{"id":2731,"date":"2019-10-14T08:36:32","date_gmt":"2019-10-14T08:36:32","guid":{"rendered":"https:\/\/scantank.ee\/tietosuojakaytanto\/"},"modified":"2022-08-03T10:52:52","modified_gmt":"2022-08-03T10:52:52","slug":"tietosuojakaytanto","status":"publish","type":"page","link":"https:\/\/scantank.ee\/fi\/tietosuojakaytanto\/","title":{"rendered":"Tietosuojak\u00e4yt\u00e4nt\u00f6"},"content":{"rendered":"<div class=\"wpb-content-wrapper\"><p>[vc_row][vc_column][vc_column_text]YKSITYISYYDEN SUOJA Scantank O\u00dc on sitoutunut suojelemaan asiakkaidensa yksityisyytt\u00e4. Yrityksen toiminta internetiss\u00e4 vastaa kaikkia asiaankuuluvia toimia ja vastaavaa EU:n sek\u00e4 Viron tasavallan lains\u00e4\u00e4d\u00e4nt\u00f6\u00e4.<\/p>\n<h4><strong>HENKIL\u00d6TIETOJEN K\u00c4SITTELY<\/strong><\/h4>\n<p>Scantank.ee-verkkokaupan henkil\u00f6tietojen vastaava k\u00e4sittelij\u00e4 on Scantank O\u00dc (rekisteritunnus 14775808), joka sijaitsee osoitteessa Harjumaa, Tallinna, T\u00fcri tn 6\/3, 11313, puhelinnumero <a href=\"tel:+37258362871\">+372 58362871<\/a> ja s\u00e4hk\u00f6postiosoite <a href=\"mailto:info@scantank.ee\">info@scantank.ee<\/a>. Scantank O\u00dc on henkil\u00f6tietojen vastaava k\u00e4sittelij\u00e4. Scantank O\u00dc v\u00e4litt\u00e4\u00e4 maksujen suorittamiseen tarvittavia henkil\u00f6tietoja valtuutetulle k\u00e4sittelij\u00e4lle Maksekeskus AS.<\/p>\n<h4><strong>MIT\u00c4 HENKIL\u00d6TIETOJA K\u00c4SITTELEMME<\/strong><\/h4>\n<p>Scantank.ee-verkkosivu k\u00e4sittelee seuraavia henkil\u00f6tietoja:<\/p>\n<ul>\n<li>nimi, puhelinnumero ja s\u00e4hk\u00f6postiosoite;<\/li>\n<li>tuotteiden toimitusosoite;<\/li>\n<li>tilinumero;<\/li>\n<li>tuotteiden ja palvelujen hinta sek\u00e4 maksuihin liittyv\u00e4t tiedot;<\/li>\n<li>asiakastuen tiedot.<\/li>\n<\/ul>\n<h4><strong>MIHIN TARKOITUKSEEN HENKIL\u00d6TIETOJA K\u00c4YTET\u00c4\u00c4N<\/strong><\/h4>\n<p>Scantank O\u00dc on henkil\u00f6tietojen vastaava k\u00e4sittelij\u00e4. Henkil\u00f6tietoja k\u00e4ytet\u00e4\u00e4n asiakkaan tilausten hallintaan ja tuotteiden toimittamiseen. Ostohistorian tietoja (ostop\u00e4iv\u00e4, tuote, m\u00e4\u00e4r\u00e4, asiakkaan tiedot) k\u00e4ytet\u00e4\u00e4n ostettujen tuotteiden ja palveluiden kartoittamiseen ja asiakasmieltymysten analysointiin. Tilinumeroa k\u00e4ytet\u00e4\u00e4n maksujen palauttamiseen asiakkaalle. Henkil\u00f6tietoja, kuten s\u00e4hk\u00f6postiosoite, puhelinnumero ja asiakkaan nimi, k\u00e4ytet\u00e4\u00e4n tuotteisiin ja palveluiden tarjoamiseen liittyvien kysymysten ratkaisemisessa (asiakaspalvelu). Verkkokaupan k\u00e4ytt\u00e4j\u00e4n IP-osoitetta tai muita verkkotunnistetietoja k\u00e4ytet\u00e4\u00e4n verkkokaupan tarjoamien tietoyhteiskuntapalveluiden tarjoamiseen sek\u00e4 sivuston k\u00e4ytt\u00f6tilastojen laatimiseen.<\/p>\n<h4><strong>OIKEUDELLINEN PERUSTA<\/strong><\/h4>\n<p>Henkil\u00f6tietoja k\u00e4ytet\u00e4\u00e4n asiakkaan kanssa solmitun sopimuksen t\u00e4ytt\u00e4miseksi. Henkil\u00f6tietoja k\u00e4ytet\u00e4\u00e4n laillisten velvollisuuksien (esim. kirjanpito ja kuluttajariitojen ratkaiseminen) t\u00e4ytt\u00e4miseksi.<\/p>\n<h4><strong>KENELLE HENKIL\u00d6TIETOJA V\u00c4LITET\u00c4\u00c4N<\/strong><\/h4>\n<p>Henkil\u00f6tietoja v\u00e4litet\u00e4\u00e4n verkkokaupan asiakaspalvelulle ostosten ja ostohistorian hallinnoimiseksi sek\u00e4 asiakkaiden ongelmien ratkaisemiseksi. Henkil\u00f6tietoja voidaan v\u00e4litt\u00e4\u00e4 IT-palveluiden tarjoajille, jos se on verkkokaupan toimivuuden tai tietojen s\u00e4ilytt\u00e4misen kannalta tarpeellista.<\/p>\n<h4><strong>TURVALLISUUS JA P\u00c4\u00c4SY TIETOIHIN<\/strong><\/h4>\n<p>Henkil\u00f6tietoja s\u00e4ilytet\u00e4\u00e4n Semiway O\u00dc:n palvelimilla, jotka sijaitsevat Euroopan unionin j\u00e4senmaiden tai Euroopan talousalueeseen kuuluvien valtioiden alueella. Tietoja voidaan v\u00e4litt\u00e4\u00e4 sellaisiin valtioihin, joiden henkil\u00f6suojaa Euroopan komissio pit\u00e4\u00e4 riitt\u00e4v\u00e4n\u00e4, sek\u00e4 niihin yhdysvaltalaisiin yrityksiin, jotka toimivat Privacy Shield -j\u00e4rjestelyn puitteissa. Henkil\u00f6tietoihin p\u00e4\u00e4sev\u00e4t k\u00e4siksi verkkokaupan ty\u00f6ntekij\u00e4t, jotka voivat tutustua henkil\u00f6tietoihin ratkaistakseen verkkokaupan k\u00e4ytt\u00f6\u00f6n liittyvi\u00e4 teknisi\u00e4 kysymyksi\u00e4 sek\u00e4 tarjotakseen asiakastukipalveluita. Verkkokauppa k\u00e4ytt\u00e4\u00e4 asianmukaisia fyysisi\u00e4, organisatorisia sek\u00e4 tietoteknisi\u00e4 turvatoimia suojatakseen henkil\u00f6tietoja tahattomalta tai laittomalta tuhoamiselta, h\u00e4vitt\u00e4miselt\u00e4, muuttamiselta sek\u00e4 niiden luvattomalta k\u00e4yt\u00f6lt\u00e4 ja julkistamiselta. Henkil\u00f6tietojen v\u00e4litt\u00e4minen verkkokaupan valtuuttamille k\u00e4sittelij\u00f6ille (esim. kuljetuspalvelun tarjoaja sek\u00e4 tietojen s\u00e4ilytt\u00e4j\u00e4) tapahtuu verkkokaupan ja valtuutettujen k\u00e4sittelij\u00f6iden v\u00e4lisen sopimuksen mukaisesti. Valtuutetut k\u00e4sittelij\u00e4t ovat sitoutuneet noudattamaan asianmukaisia suojatoimenpiteit\u00e4 henkil\u00f6tietojen k\u00e4sittelyss\u00e4.<\/p>\n<h4><strong>HENKIL\u00d6TIETOJEN TARKASTELU JA MUUTTAMINEN<\/strong><\/h4>\n<p>Henkil\u00f6tietoja voi tarkastella ja muuttaa verkkokaupan k\u00e4ytt\u00e4j\u00e4profiilissa. Jos ostokset on tehty ilman k\u00e4ytt\u00e4j\u00e4tili\u00e4, henkil\u00f6tietoja p\u00e4\u00e4see tarkastelemaan ottamalla yhteytt\u00e4 asiakaspalveluun.<\/p>\n<h4><strong>SUOSTUMUKSEN PERUUTTAMINEN<\/strong><\/h4>\n<p>Jos henkil\u00f6tietojen k\u00e4sittely tapahtuu asiakkaan suostumuksesta, asiakkaalla on oikeus peruuttaa suostumus ilmoittamalla siit\u00e4 s\u00e4hk\u00f6postitse asiakaspalveluun.<\/p>\n<h4><strong>TIETOJEN S\u00c4ILYTT\u00c4MINEN<\/strong><\/h4>\n<p>Jos verkkokaupan asiakastili suljetaan, my\u00f6s henkil\u00f6tiedot poistetaan. Poikkeuksena ovat tilanteet, joissa tiedot on s\u00e4ilytett\u00e4v\u00e4 kirjanpitoa tai kuluttajariitojen ratkaisemista varten. Jos verkkokauppaostos on suoritettu ilman asiakastili\u00e4, ostohistoria s\u00e4ilytet\u00e4\u00e4n kolme vuotta. Maksuihin ja kuluttajariitoihin liittyviss\u00e4 kiistoissa henkil\u00f6tiedot s\u00e4ilytet\u00e4\u00e4n vaatimuksen t\u00e4ytt\u00e4miseen tai voimassaoloajan umpeutumiseen asti. Kirjanpitoon tarvittavia henkil\u00f6tietoja s\u00e4ilytet\u00e4\u00e4n seitsem\u00e4n vuotta.<\/p>\n<h4><strong>POISTAMINEN<\/strong><\/h4>\n<p>Henkil\u00f6tietojen poistamiseksi tulee ottaa s\u00e4hk\u00f6postitse yhteytt\u00e4 asiakaspalveluun. Poistamishakemukseen vastataan kuukauden kuluessa ja tarkennetaan tietojen poistamisjakso.<\/p>\n<h4><strong>TIETOJEN SIIRT\u00c4MINEN<\/strong><\/h4>\n<p>S\u00e4hk\u00f6postitse esitettyihin henkil\u00f6tietojen siirtopyynt\u00f6ihin vastataan kuukauden kuluessa. Asiakaspalvelu varmistaa henkil\u00f6llisyyden ja ilmoittaa siirrett\u00e4vist\u00e4 henkil\u00f6tiedoista.<\/p>\n<h4><strong>KIISTOJEN RATKAISEMINEN<\/strong><\/h4>\n<p>Henkil\u00f6tietojen k\u00e4sittelyyn liittyv\u00e4t erimielisyydet ratkaistaan asiakaspalvelun v\u00e4lityksell\u00e4 s\u00e4hk\u00f6postitse <a href=\"mailto:info@scantank.ee\">info@scantank.ee<\/a>. Tietosuojaa valvova viranomainen Virossa on Eesti Andmekaitse Inspektsioon (<a href=\"mailto:info@aki.ee\">info@aki.ee<\/a>).[\/vc_column_text][\/vc_column][\/vc_row]<\/p>\n<\/div>","protected":false},"excerpt":{"rendered":"<p>[vc_row][vc_column][vc_column_text]YKSITYISYYDEN SUOJA Scantank O\u00dc on sitoutunut suojelemaan asiakkaidensa yksityisyytt\u00e4. Yrityksen toiminta internetiss\u00e4 vastaa kaikkia asiaankuuluvia toimia ja vastaavaa EU:n sek\u00e4 Viron tasavallan lains\u00e4\u00e4d\u00e4nt\u00f6\u00e4. HENKIL\u00d6TIETOJEN K\u00c4SITTELY Scantank.ee-verkkokaupan henkil\u00f6tietojen vastaava k\u00e4sittelij\u00e4 on Scantank O\u00dc (rekisteritunnus 14775808), joka sijaitsee osoitteessa Harjumaa, Tallinna, T\u00fcri tn 6\/3, 11313, puhelinnumero +372 58362871 ja s\u00e4hk\u00f6postiosoite info@scantank.ee. Scantank O\u00dc on henkil\u00f6tietojen vastaava k\u00e4sittelij\u00e4. [&hellip;]<\/p>\n","protected":false},"author":2,"featured_media":0,"parent":0,"menu_order":0,"comment_status":"closed","ping_status":"closed","template":"","meta":{"_acf_changed":false,"inline_featured_image":false,"_exactmetrics_skip_tracking":false,"_exactmetrics_sitenote_active":false,"_exactmetrics_sitenote_note":"","_exactmetrics_sitenote_category":0,"_monsterinsights_skip_tracking":false,"_monsterinsights_sitenote_active":false,"_monsterinsights_sitenote_note":"","_monsterinsights_sitenote_category":0,"footnotes":""},"class_list":["post-2731","page","type-page","status-publish","hentry"],"acf":[],"yoast_head":"<!-- This site is optimized with the Yoast SEO plugin v23.1 - https:\/\/yoast.com\/wordpress\/plugins\/seo\/ -->\n<title>Tietosuojak\u00e4yt\u00e4nt\u00f6 | Scantank O\u00dc<\/title>\n<meta name=\"description\" content=\"T\u00e4m\u00e4 tietosuojaseloste kuvailee Scantank O\u00dc:n tietojenk\u00e4sittelyn periaatteita. Olemme sitoutuneet suojelemaan asiakkaidemme yksityisyytt\u00e4.\" \/>\n<meta name=\"robots\" content=\"index, follow, max-snippet:-1, max-image-preview:large, max-video-preview:-1\" \/>\n<link rel=\"canonical\" href=\"https:\/\/scantank.ee\/fi\/tietosuojakaytanto\/\" \/>\n<meta property=\"og:locale\" content=\"fi_FI\" \/>\n<meta property=\"og:type\" content=\"article\" \/>\n<meta property=\"og:title\" content=\"SCANTANK O\u00dc\" \/>\n<meta property=\"og:description\" content=\"Scantank O\u00dc on lasikuidulla lujitetusta muovista valmistettuja s\u00e4ili\u00f6it\u00e4 ja linjakuivatuskouruja myyv\u00e4 nykyaikainen yritys, jolla on suuri tuotevalikoima.\" \/>\n<meta property=\"og:url\" content=\"https:\/\/scantank.ee\/fi\/tietosuojakaytanto\/\" \/>\n<meta property=\"og:site_name\" content=\"Scantank\" \/>\n<meta property=\"article:publisher\" content=\"http:\/\/www.facebook.com\/scantank\" \/>\n<meta property=\"article:modified_time\" content=\"2022-08-03T10:52:52+00:00\" \/>\n<meta property=\"og:image\" content=\"https:\/\/scantank.ee\/wp-content\/uploads\/2020\/02\/Scantank-social-share.png\" \/>\n<meta name=\"twitter:card\" content=\"summary_large_image\" \/>\n<meta name=\"twitter:label1\" content=\"Arvioitu lukuaika\" \/>\n\t<meta name=\"twitter:data1\" content=\"3 minuuttia\" \/>\n<script type=\"application\/ld+json\" class=\"yoast-schema-graph\">{\"@context\":\"https:\/\/schema.org\",\"@graph\":[{\"@type\":\"WebPage\",\"@id\":\"https:\/\/scantank.ee\/fi\/tietosuojakaytanto\/\",\"url\":\"https:\/\/scantank.ee\/fi\/tietosuojakaytanto\/\",\"name\":\"Tietosuojak\u00e4yt\u00e4nt\u00f6 | Scantank O\u00dc\",\"isPartOf\":{\"@id\":\"https:\/\/scantank.ee\/fi\/#website\"},\"datePublished\":\"2019-10-14T08:36:32+00:00\",\"dateModified\":\"2022-08-03T10:52:52+00:00\",\"description\":\"T\u00e4m\u00e4 tietosuojaseloste kuvailee Scantank O\u00dc:n tietojenk\u00e4sittelyn periaatteita. Olemme sitoutuneet suojelemaan asiakkaidemme yksityisyytt\u00e4.\",\"breadcrumb\":{\"@id\":\"https:\/\/scantank.ee\/fi\/tietosuojakaytanto\/#breadcrumb\"},\"inLanguage\":\"fi\",\"potentialAction\":[{\"@type\":\"ReadAction\",\"target\":[\"https:\/\/scantank.ee\/fi\/tietosuojakaytanto\/\"]}]},{\"@type\":\"BreadcrumbList\",\"@id\":\"https:\/\/scantank.ee\/fi\/tietosuojakaytanto\/#breadcrumb\",\"itemListElement\":[{\"@type\":\"ListItem\",\"position\":1,\"name\":\"Home\",\"item\":\"https:\/\/scantank.ee\/fi\/\"},{\"@type\":\"ListItem\",\"position\":2,\"name\":\"Tietosuojak\u00e4yt\u00e4nt\u00f6\"}]},{\"@type\":\"WebSite\",\"@id\":\"https:\/\/scantank.ee\/fi\/#website\",\"url\":\"https:\/\/scantank.ee\/fi\/\",\"name\":\"Scantank\",\"description\":\"\",\"publisher\":{\"@id\":\"https:\/\/scantank.ee\/fi\/#organization\"},\"potentialAction\":[{\"@type\":\"SearchAction\",\"target\":{\"@type\":\"EntryPoint\",\"urlTemplate\":\"https:\/\/scantank.ee\/fi\/?s={search_term_string}\"},\"query-input\":\"required name=search_term_string\"}],\"inLanguage\":\"fi\"},{\"@type\":\"Organization\",\"@id\":\"https:\/\/scantank.ee\/fi\/#organization\",\"name\":\"Scantank O\u00dc\",\"url\":\"https:\/\/scantank.ee\/fi\/\",\"logo\":{\"@type\":\"ImageObject\",\"inLanguage\":\"fi\",\"@id\":\"https:\/\/scantank.ee\/fi\/#\/schema\/logo\/image\/\",\"url\":\"https:\/\/scantank.ee\/wp-content\/uploads\/2019\/08\/scantank-new.png\",\"contentUrl\":\"https:\/\/scantank.ee\/wp-content\/uploads\/2019\/08\/scantank-new.png\",\"width\":1041,\"height\":221,\"caption\":\"Scantank O\u00dc\"},\"image\":{\"@id\":\"https:\/\/scantank.ee\/fi\/#\/schema\/logo\/image\/\"},\"sameAs\":[\"http:\/\/www.facebook.com\/scantank\"]}]}<\/script>\n<!-- \/ Yoast SEO plugin. -->","yoast_head_json":{"title":"Tietosuojak\u00e4yt\u00e4nt\u00f6 | Scantank O\u00dc","description":"T\u00e4m\u00e4 tietosuojaseloste kuvailee Scantank O\u00dc:n tietojenk\u00e4sittelyn periaatteita. Olemme sitoutuneet suojelemaan asiakkaidemme yksityisyytt\u00e4.","robots":{"index":"index","follow":"follow","max-snippet":"max-snippet:-1","max-image-preview":"max-image-preview:large","max-video-preview":"max-video-preview:-1"},"canonical":"https:\/\/scantank.ee\/fi\/tietosuojakaytanto\/","og_locale":"fi_FI","og_type":"article","og_title":"SCANTANK O\u00dc","og_description":"Scantank O\u00dc on lasikuidulla lujitetusta muovista valmistettuja s\u00e4ili\u00f6it\u00e4 ja linjakuivatuskouruja myyv\u00e4 nykyaikainen yritys, jolla on suuri tuotevalikoima.","og_url":"https:\/\/scantank.ee\/fi\/tietosuojakaytanto\/","og_site_name":"Scantank","article_publisher":"http:\/\/www.facebook.com\/scantank","article_modified_time":"2022-08-03T10:52:52+00:00","og_image":[{"url":"https:\/\/scantank.ee\/wp-content\/uploads\/2020\/02\/Scantank-social-share.png"}],"twitter_card":"summary_large_image","twitter_misc":{"Arvioitu lukuaika":"3 minuuttia"},"schema":{"@context":"https:\/\/schema.org","@graph":[{"@type":"WebPage","@id":"https:\/\/scantank.ee\/fi\/tietosuojakaytanto\/","url":"https:\/\/scantank.ee\/fi\/tietosuojakaytanto\/","name":"Tietosuojak\u00e4yt\u00e4nt\u00f6 | Scantank O\u00dc","isPartOf":{"@id":"https:\/\/scantank.ee\/fi\/#website"},"datePublished":"2019-10-14T08:36:32+00:00","dateModified":"2022-08-03T10:52:52+00:00","description":"T\u00e4m\u00e4 tietosuojaseloste kuvailee Scantank O\u00dc:n tietojenk\u00e4sittelyn periaatteita. Olemme sitoutuneet suojelemaan asiakkaidemme yksityisyytt\u00e4.","breadcrumb":{"@id":"https:\/\/scantank.ee\/fi\/tietosuojakaytanto\/#breadcrumb"},"inLanguage":"fi","potentialAction":[{"@type":"ReadAction","target":["https:\/\/scantank.ee\/fi\/tietosuojakaytanto\/"]}]},{"@type":"BreadcrumbList","@id":"https:\/\/scantank.ee\/fi\/tietosuojakaytanto\/#breadcrumb","itemListElement":[{"@type":"ListItem","position":1,"name":"Home","item":"https:\/\/scantank.ee\/fi\/"},{"@type":"ListItem","position":2,"name":"Tietosuojak\u00e4yt\u00e4nt\u00f6"}]},{"@type":"WebSite","@id":"https:\/\/scantank.ee\/fi\/#website","url":"https:\/\/scantank.ee\/fi\/","name":"Scantank","description":"","publisher":{"@id":"https:\/\/scantank.ee\/fi\/#organization"},"potentialAction":[{"@type":"SearchAction","target":{"@type":"EntryPoint","urlTemplate":"https:\/\/scantank.ee\/fi\/?s={search_term_string}"},"query-input":"required name=search_term_string"}],"inLanguage":"fi"},{"@type":"Organization","@id":"https:\/\/scantank.ee\/fi\/#organization","name":"Scantank O\u00dc","url":"https:\/\/scantank.ee\/fi\/","logo":{"@type":"ImageObject","inLanguage":"fi","@id":"https:\/\/scantank.ee\/fi\/#\/schema\/logo\/image\/","url":"https:\/\/scantank.ee\/wp-content\/uploads\/2019\/08\/scantank-new.png","contentUrl":"https:\/\/scantank.ee\/wp-content\/uploads\/2019\/08\/scantank-new.png","width":1041,"height":221,"caption":"Scantank O\u00dc"},"image":{"@id":"https:\/\/scantank.ee\/fi\/#\/schema\/logo\/image\/"},"sameAs":["http:\/\/www.facebook.com\/scantank"]}]}},"_links":{"self":[{"href":"https:\/\/scantank.ee\/fi\/wp-json\/wp\/v2\/pages\/2731"}],"collection":[{"href":"https:\/\/scantank.ee\/fi\/wp-json\/wp\/v2\/pages"}],"about":[{"href":"https:\/\/scantank.ee\/fi\/wp-json\/wp\/v2\/types\/page"}],"author":[{"embeddable":true,"href":"https:\/\/scantank.ee\/fi\/wp-json\/wp\/v2\/users\/2"}],"replies":[{"embeddable":true,"href":"https:\/\/scantank.ee\/fi\/wp-json\/wp\/v2\/comments?post=2731"}],"version-history":[{"count":2,"href":"https:\/\/scantank.ee\/fi\/wp-json\/wp\/v2\/pages\/2731\/revisions"}],"predecessor-version":[{"id":7279,"href":"https:\/\/scantank.ee\/fi\/wp-json\/wp\/v2\/pages\/2731\/revisions\/7279"}],"wp:attachment":[{"href":"https:\/\/scantank.ee\/fi\/wp-json\/wp\/v2\/media?parent=2731"}],"curies":[{"name":"wp","href":"https:\/\/api.w.org\/{rel}","templated":true}]}}