{"id":2733,"date":"2019-10-14T08:36:32","date_gmt":"2019-10-14T08:36:32","guid":{"rendered":"https:\/\/scantank.ee\/kayttoehdot\/"},"modified":"2025-05-22T21:51:43","modified_gmt":"2025-05-22T21:51:43","slug":"kayttoehdot","status":"publish","type":"page","link":"https:\/\/scantank.ee\/fi\/kayttoehdot\/","title":{"rendered":"K\u00e4ytt\u00f6ehdot"},"content":{"rendered":"<div class=\"wpb-content-wrapper\"><p>[vc_row][vc_column][vc_column_text]K\u00c4YTT\u00d6EHDOT Scantank.ee-verkkokaupan henkil\u00f6tietojen omistaja ja hallinnoija on Scantank O\u00dc (rekisteritunnus 14775808), joka sijaitsee osoitteessa Harjumaa, Tallinna, T\u00fcri tn 6\/3, 11313, puhelinnumero +372 58362871 ja s\u00e4hk\u00f6postiosoite <a href=\"mailto:info@scantank.ee\">info@scantank.ee<\/a>.<\/p>\n<h4><strong>YLEIS- JA TILAUSEHDOT<\/strong><\/h4>\n<h4><strong>1. EHTOJEN LAAJUUS JA VOIMASSAOLO<\/strong><\/h4>\n<p>N\u00e4m\u00e4 Scantank O\u00dc (j\u00e4ljemp\u00e4n\u00e4 myyj\u00e4) -verkkokaupan yleis- ja tilausehdot (j\u00e4ljemp\u00e4n\u00e4 &#8221;ehdot&#8221;) koskevat kaikkia henkil\u00f6it\u00e4 (j\u00e4ljemp\u00e4n\u00e4 ostaja), jotka k\u00e4ytt\u00e4v\u00e4t scantank.ee-verkkokauppaa (j\u00e4ljemp\u00e4n\u00e4 verkkokauppa), tilaavat verkkokaupasta tuotteita ja palveluita (j\u00e4ljemp\u00e4n\u00e4 tuotteet), mukaan lukien myyntisopimuksen (j\u00e4ljemp\u00e4n\u00e4 myyntisopimus) solmiminen tuotteiden ostamiseksi verkkokaupasta. Hyv\u00e4ksym\u00e4ll\u00e4 ehdot ostaja vahvistaa lukeneensa, hyv\u00e4ksyv\u00e4ns\u00e4 ja noudattavansa myyntisopimuksen ehtoja.<\/p>\n<h4><strong>2. TUOTTEIDEN OSTAMINEN JA TILAAMINEN VERKKOKAUPASSA<\/strong><\/h4>\n<p>Verkkokaupasta voi ostaa tuotteita, joissa on linkki &#8221;Lis\u00e4\u00e4 ostoskoriin&#8221;. Tuotteen hinta ja saatavuus voivat vaihdella ilman erillist\u00e4 ilmoitusta. Jos ostaja on tehnyt tilauksen ennen tuotteen hinnan muuttumista, sovelletaan tilaushetkell\u00e4 voimassa ollutta hintaa.<\/p>\n<h5><strong>2.1. Ostoskori ja tilauksen laatiminen<\/strong><\/h5>\n<p>Ostoskorissa olevien tuotteiden lukum\u00e4\u00e4r\u00e4\u00e4 voi muuttaa. Verkkokaupan ostoehtoihin voi tutustua, ja ne hyv\u00e4ksyt\u00e4\u00e4n merkitsem\u00e4ll\u00e4 rasti ehtojen edess\u00e4 olevaan ruutuun. Tilauksen vahvistamiseksi ostajan on klikattava &#8221;L\u00e4het\u00e4 tilaus&#8221; -painiketta, jolloin ostaja ohjataan maksutapasivulle, jossa valitaan sopiva maksutapa. Ostaja voi muuttaa maksutapaa my\u00f6s tilauksen viimeisess\u00e4 vaiheessa. Ostajan on sy\u00f6tett\u00e4v\u00e4 omat tietonsa ja klikattava \u201dJatka\u201d-painiketta. Seuraavaksi n\u00e4yt\u00f6lle ilmestyy tilauksen vahvistamiseen ja ostoksen suorittamiseen tarvittava lopullinen maksutavan valinta. Ostaja voi valita maksutavan ja maksaa ostoksen. Myyntisopimus katsotaan solmituksi, kun tilausvahvistuksen mukainen maksettava summa n\u00e4kyy myyj\u00e4n pankkitilill\u00e4. Myyj\u00e4 ei k\u00e4sittele maksamatonta tilausta.<\/p>\n<h5><strong>2.2. Hintatiedot ja tuotteiden maksaminen<\/strong><\/h5>\n<p>Verkkokaupan valuutta on euro (\u20ac). Hinnat sis\u00e4lt\u00e4v\u00e4t arvonlis\u00e4veron. Tuotteiden hinnat voivat vaihdella ilman erillist\u00e4 ilmoitusta. Myyj\u00e4 ei ole vastuussa mist\u00e4\u00e4n muista veroista tai maksuista, joita voidaan soveltaa ostajaan, ja joista ostaja on t\u00e4ysin vastuussa. Tuotteet voi maksaa laskulla tai verkkopankin (Maksekeskus AS) kautta, johon kuuluvat Swedbankin, SEB:n, Nordea Bankin, Danske Bankin ja LHV Pankin pankkilinkit. Maksun suorittamisen j\u00e4lkeen verkkokauppa l\u00e4hett\u00e4\u00e4 ostajalle tilausvahvistuksen ja laskun. Kaikkia verkkokaupassa vierailun ja ostosten tekemisen yhteydess\u00e4 ilmoitettuja henkil\u00f6tietoja k\u00e4sitell\u00e4\u00e4n luottamuksellisina tietoina. Suojattu yhteys pankkien kanssa takaa ostajan henkil\u00f6- ja pankkitietojen turvallisuuden. Myyj\u00e4n edustajilla ei ole p\u00e4\u00e4sy\u00e4 vastaaviin suojattuihin tietoihin.<\/p>\n<h5><strong>2.3. Tuotteiden toimitus<\/strong><\/h5>\n<p>Myyj\u00e4 ja ostaja sopivat tuotteiden toimituksesta ostoksen suorittamisen j\u00e4lkeen. Myyj\u00e4 laatii ostajalle toimitusta koskevan hintatarjouksen. Ostajan ei ole pakko hyv\u00e4ksy\u00e4 hintatarjousta. Ostaja voi my\u00f6s hoitaa tuotteen toimituksen omatoimisesti.<\/p>\n<h5><strong>2.4. Peruutusoikeus<\/strong><\/h5>\n<p>Ostajalla on oikeus peruuttaa sopimus (luopua tuotteen tai palvelun k\u00e4yt\u00f6st\u00e4) 14 kalenterip\u00e4iv\u00e4n kuluessa tuotteen tai palvelun saatavaksi asettamisesta eli k\u00e4ytt\u00e4j\u00e4nimen ja salasanan l\u00e4hett\u00e4misest\u00e4 k\u00e4ytt\u00e4j\u00e4lle. Ostajan on esitett\u00e4v\u00e4 peruutushakemus peruuttaakseen sopimuksen. Ostaja voi l\u00e4hett\u00e4\u00e4 peruutushakemuksen s\u00e4hk\u00f6postiosoitteeseen info@scantank.ee. Jos ostaja on peruuttanut sopimuksen, scantank.ee palauttaa tilauksen hinnan ostajalle 14 p\u00e4iv\u00e4n kuluessa peruutushakemuksen esitt\u00e4misest\u00e4. Palautukset maksetaan samalle pankkitilille, jolta tilaus maksettiin.<\/p>\n<h4><strong>3. TIETOSUOJA- JA TIETOJENK\u00c4SITTELYPERIAATTEET<\/strong><\/h4>\n<p>Myyj\u00e4 takaa ostajan tietojen (mm. henkil\u00f6tietojen) suojan ja k\u00e4yt\u00f6n tietosuojak\u00e4yt\u00e4nn\u00f6n ehtojen mukaisesti. Ostaja vahvistaa lukeneensa ja hyv\u00e4ksyv\u00e4ns\u00e4 tietosuojak\u00e4yt\u00e4nn\u00f6n ehdot. Voimassa olevan lains\u00e4\u00e4d\u00e4nn\u00f6n ja tietosuojak\u00e4yt\u00e4nn\u00f6n ehtojen mukaisesti myyj\u00e4ll\u00e4 on oikeus k\u00e4sitell\u00e4 tietoja (mm. henkil\u00f6tiedot) ilman ostajan suostumusta siin\u00e4 m\u00e4\u00e4rin kuin on tarpeen verkkokaupan k\u00e4ytt\u00e4miseksi, myyntisopimuksen t\u00e4ytt\u00e4miseksi tai myyntisopimuksen t\u00e4ytt\u00e4misen takaamiseksi. Edell\u00e4 mainitun perusteella myyj\u00e4ll\u00e4 on ilman erillist\u00e4 suostumusta oikeus l\u00e4hett\u00e4\u00e4 ostajalle verkkokaupan palveluiden k\u00e4ytt\u00e4mist\u00e4 koskevia ilmoituksia (mm. ilmoituksia, joiden l\u00e4hett\u00e4minen on verkkokaupan k\u00e4ytt\u00e4jien turvallisuusetu) sek\u00e4 s\u00e4ilytt\u00e4\u00e4 verkkokauppaan kirjautuneen ostajan tilaustiedot ostajien parempaa palvelua ja tapahtumien todistamista varten (kohtuullisen m\u00e4\u00e4r\u00e4ajan kuluessa my\u00f6s niist\u00e4 tilauksista, joita ostaja ei suorittanut loppuun istunnon aikana).<\/p>\n<h4><strong>4. VASTUU<\/strong><\/h4>\n<p>Ostaja on yksin vastuussa tuotteen tai palvelun k\u00e4ytt\u00e4miseen tarvittavan k\u00e4ytt\u00e4j\u00e4nimen ja salasanan turvallisuudesta ja k\u00e4yt\u00f6st\u00e4. Jokaista ostajan k\u00e4ytt\u00e4j\u00e4nimen ja salasanan k\u00e4ytt\u00f6kertaa pidet\u00e4\u00e4n ostajan sy\u00f6tt\u00e4m\u00e4n\u00e4 ja ostaja on vastuussa kaikista kyseisell\u00e4 k\u00e4ytt\u00e4j\u00e4nimell\u00e4 teht\u00e4vist\u00e4 tapahtumista. Ostaja vahvistaa k\u00e4ytt\u00e4v\u00e4ns\u00e4 verkkokaupasta ostettuja tuotteita ja palveluita omalla vastuullaan. Myyj\u00e4 ei ole vastuussa mist\u00e4\u00e4n verkkokaupan tuotteiden ja\/tai palveluiden aiheuttamista vahingoista ostajalle tai kolmansille osapuolille.<\/p>\n<h4><strong>5. EHTOJEN VOIMASSAOLO<\/strong><\/h4>\n<p>Kyseiset ehdot ovat voimassa 01.09.2019 alkaen.<\/p>\n<h4><strong>OSTOTIEDOT<\/strong><\/h4>\n<h4><strong>1. TILAAMINEN<\/strong><\/h4>\n<ul>\n<li>Valitse verkkokaupasta haluamasi tuotteet tai palvelut ja lis\u00e4\u00e4 ne ostoskoriin.<\/li>\n<li>Voit muuttaa tuotteiden lukum\u00e4\u00e4r\u00e4\u00e4 ja poistaa tuotteita ostoskorista avaamalla ostoskorin.<\/li>\n<li>Kun olet lis\u00e4nnyt kaikki tuotteet ostoskoriin, klikkaa SIIRRY MAKSAMAAN.<\/li>\n<li>Kaikki tilauksen t\u00e4hdell\u00e4 (*) merkityt kent\u00e4t ovat pakollisia.<\/li>\n<\/ul>\n<h4>2. MAKSAMINEN<\/h4>\n<p>Tilauksen voi maksaa tilauksen l\u00e4hett\u00e4misen j\u00e4lkeen joko laskulla tai tilisiirrolla Maksekeskus AS:n tarjoamien pankkilinkkien kautta. Lasku l\u00e4hetet\u00e4\u00e4n tilaajan s\u00e4hk\u00f6postiin tilauksen esitt\u00e4misen j\u00e4lkeen.<\/p>\n<h4><strong>3. LIS\u00c4TIEDOT<\/strong><\/h4>\n<p>S\u00e4hk\u00f6postiosoite: info@scantank.ee Puhelinnumero: <a href=\"tel:+37253404422\">+372 58362871<\/a>[\/vc_column_text][\/vc_column][\/vc_row]<\/p>\n<\/div>","protected":false},"excerpt":{"rendered":"<p>[vc_row][vc_column][vc_column_text]K\u00c4YTT\u00d6EHDOT Scantank.ee-verkkokaupan henkil\u00f6tietojen omistaja ja hallinnoija on Scantank O\u00dc (rekisteritunnus 14775808), joka sijaitsee osoitteessa Harjumaa, Tallinna, T\u00fcri tn 6\/3, 11313, puhelinnumero +372 58362871 ja s\u00e4hk\u00f6postiosoite info@scantank.ee. YLEIS- JA TILAUSEHDOT 1. EHTOJEN LAAJUUS JA VOIMASSAOLO N\u00e4m\u00e4 Scantank O\u00dc (j\u00e4ljemp\u00e4n\u00e4 myyj\u00e4) -verkkokaupan yleis- ja tilausehdot (j\u00e4ljemp\u00e4n\u00e4 &#8221;ehdot&#8221;) koskevat kaikkia henkil\u00f6it\u00e4 (j\u00e4ljemp\u00e4n\u00e4 ostaja), jotka k\u00e4ytt\u00e4v\u00e4t scantank.ee-verkkokauppaa (j\u00e4ljemp\u00e4n\u00e4 verkkokauppa), [&hellip;]<\/p>\n","protected":false},"author":2,"featured_media":0,"parent":0,"menu_order":0,"comment_status":"closed","ping_status":"closed","template":"","meta":{"_acf_changed":false,"inline_featured_image":false,"_exactmetrics_skip_tracking":false,"_exactmetrics_sitenote_active":false,"_exactmetrics_sitenote_note":"","_exactmetrics_sitenote_category":0,"_monsterinsights_skip_tracking":false,"_monsterinsights_sitenote_active":false,"_monsterinsights_sitenote_note":"","_monsterinsights_sitenote_category":0,"footnotes":""},"class_list":["post-2733","page","type-page","status-publish","hentry"],"acf":[],"yoast_head":"<!-- This site is optimized with the Yoast SEO plugin v23.1 - https:\/\/yoast.com\/wordpress\/plugins\/seo\/ -->\n<title>K\u00e4ytt\u00f6ehdot | Scantank O\u00dc:n verkkosivuston k\u00e4ytt\u00f6ehdot<\/title>\n<meta name=\"description\" content=\"K\u00e4ytt\u00f6ehdot. Scantank O\u00dc:n verkkosivuston k\u00e4ytt\u00f6ehdot koskevat t\u00e4t\u00e4 verkkosivustoa ja sen alasivuja.\" \/>\n<meta name=\"robots\" content=\"index, follow, max-snippet:-1, max-image-preview:large, max-video-preview:-1\" \/>\n<link rel=\"canonical\" href=\"https:\/\/scantank.ee\/fi\/kayttoehdot\/\" \/>\n<meta property=\"og:locale\" content=\"fi_FI\" \/>\n<meta property=\"og:type\" content=\"article\" \/>\n<meta property=\"og:title\" content=\"Scantank O\u00dc\" \/>\n<meta property=\"og:description\" content=\"Scantank O\u00dc on lasikuidulla lujitetusta muovista valmistettuja s\u00e4ili\u00f6it\u00e4 ja linjakuivatuskouruja myyv\u00e4 nykyaikainen yritys, jolla on suuri tuotevalikoima.\" \/>\n<meta property=\"og:url\" content=\"https:\/\/scantank.ee\/fi\/kayttoehdot\/\" \/>\n<meta property=\"og:site_name\" content=\"Scantank\" \/>\n<meta property=\"article:publisher\" content=\"http:\/\/www.facebook.com\/scantank\" \/>\n<meta property=\"article:modified_time\" content=\"2025-05-22T21:51:43+00:00\" \/>\n<meta property=\"og:image\" content=\"https:\/\/www.scantank.ee\/wp-content\/uploads\/2020\/02\/Scantank-social-share.png\" \/>\n\t<meta property=\"og:image:width\" content=\"600\" \/>\n\t<meta property=\"og:image:height\" content=\"315\" \/>\n\t<meta property=\"og:image:type\" content=\"image\/png\" \/>\n<meta name=\"twitter:card\" content=\"summary_large_image\" \/>\n<meta name=\"twitter:label1\" content=\"Arvioitu lukuaika\" \/>\n\t<meta name=\"twitter:data1\" content=\"4 minuuttia\" \/>\n<script type=\"application\/ld+json\" class=\"yoast-schema-graph\">{\"@context\":\"https:\/\/schema.org\",\"@graph\":[{\"@type\":\"WebPage\",\"@id\":\"https:\/\/scantank.ee\/fi\/kayttoehdot\/\",\"url\":\"https:\/\/scantank.ee\/fi\/kayttoehdot\/\",\"name\":\"K\u00e4ytt\u00f6ehdot | Scantank O\u00dc:n verkkosivuston k\u00e4ytt\u00f6ehdot\",\"isPartOf\":{\"@id\":\"https:\/\/www.scantank.ee\/fi\/#website\"},\"datePublished\":\"2019-10-14T08:36:32+00:00\",\"dateModified\":\"2025-05-22T21:51:43+00:00\",\"description\":\"K\u00e4ytt\u00f6ehdot. Scantank O\u00dc:n verkkosivuston k\u00e4ytt\u00f6ehdot koskevat t\u00e4t\u00e4 verkkosivustoa ja sen alasivuja.\",\"breadcrumb\":{\"@id\":\"https:\/\/scantank.ee\/fi\/kayttoehdot\/#breadcrumb\"},\"inLanguage\":\"fi\",\"potentialAction\":[{\"@type\":\"ReadAction\",\"target\":[\"https:\/\/scantank.ee\/fi\/kayttoehdot\/\"]}]},{\"@type\":\"BreadcrumbList\",\"@id\":\"https:\/\/scantank.ee\/fi\/kayttoehdot\/#breadcrumb\",\"itemListElement\":[{\"@type\":\"ListItem\",\"position\":1,\"name\":\"Home\",\"item\":\"https:\/\/www.scantank.ee\/fi\/\"},{\"@type\":\"ListItem\",\"position\":2,\"name\":\"K\u00e4ytt\u00f6ehdot\"}]},{\"@type\":\"WebSite\",\"@id\":\"https:\/\/www.scantank.ee\/fi\/#website\",\"url\":\"https:\/\/www.scantank.ee\/fi\/\",\"name\":\"Scantank\",\"description\":\"\",\"publisher\":{\"@id\":\"https:\/\/www.scantank.ee\/fi\/#organization\"},\"potentialAction\":[{\"@type\":\"SearchAction\",\"target\":{\"@type\":\"EntryPoint\",\"urlTemplate\":\"https:\/\/www.scantank.ee\/fi\/?s={search_term_string}\"},\"query-input\":\"required name=search_term_string\"}],\"inLanguage\":\"fi\"},{\"@type\":\"Organization\",\"@id\":\"https:\/\/www.scantank.ee\/fi\/#organization\",\"name\":\"Scantank O\u00dc\",\"url\":\"https:\/\/www.scantank.ee\/fi\/\",\"logo\":{\"@type\":\"ImageObject\",\"inLanguage\":\"fi\",\"@id\":\"https:\/\/www.scantank.ee\/fi\/#\/schema\/logo\/image\/\",\"url\":\"https:\/\/scantank.ee\/wp-content\/uploads\/2019\/08\/scantank-new.png\",\"contentUrl\":\"https:\/\/scantank.ee\/wp-content\/uploads\/2019\/08\/scantank-new.png\",\"width\":1041,\"height\":221,\"caption\":\"Scantank O\u00dc\"},\"image\":{\"@id\":\"https:\/\/www.scantank.ee\/fi\/#\/schema\/logo\/image\/\"},\"sameAs\":[\"http:\/\/www.facebook.com\/scantank\"]}]}<\/script>\n<!-- \/ Yoast SEO plugin. -->","yoast_head_json":{"title":"K\u00e4ytt\u00f6ehdot | Scantank O\u00dc:n verkkosivuston k\u00e4ytt\u00f6ehdot","description":"K\u00e4ytt\u00f6ehdot. Scantank O\u00dc:n verkkosivuston k\u00e4ytt\u00f6ehdot koskevat t\u00e4t\u00e4 verkkosivustoa ja sen alasivuja.","robots":{"index":"index","follow":"follow","max-snippet":"max-snippet:-1","max-image-preview":"max-image-preview:large","max-video-preview":"max-video-preview:-1"},"canonical":"https:\/\/scantank.ee\/fi\/kayttoehdot\/","og_locale":"fi_FI","og_type":"article","og_title":"Scantank O\u00dc","og_description":"Scantank O\u00dc on lasikuidulla lujitetusta muovista valmistettuja s\u00e4ili\u00f6it\u00e4 ja linjakuivatuskouruja myyv\u00e4 nykyaikainen yritys, jolla on suuri tuotevalikoima.","og_url":"https:\/\/scantank.ee\/fi\/kayttoehdot\/","og_site_name":"Scantank","article_publisher":"http:\/\/www.facebook.com\/scantank","article_modified_time":"2025-05-22T21:51:43+00:00","og_image":[{"width":600,"height":315,"url":"https:\/\/www.scantank.ee\/wp-content\/uploads\/2020\/02\/Scantank-social-share.png","type":"image\/png"}],"twitter_card":"summary_large_image","twitter_misc":{"Arvioitu lukuaika":"4 minuuttia"},"schema":{"@context":"https:\/\/schema.org","@graph":[{"@type":"WebPage","@id":"https:\/\/scantank.ee\/fi\/kayttoehdot\/","url":"https:\/\/scantank.ee\/fi\/kayttoehdot\/","name":"K\u00e4ytt\u00f6ehdot | Scantank O\u00dc:n verkkosivuston k\u00e4ytt\u00f6ehdot","isPartOf":{"@id":"https:\/\/www.scantank.ee\/fi\/#website"},"datePublished":"2019-10-14T08:36:32+00:00","dateModified":"2025-05-22T21:51:43+00:00","description":"K\u00e4ytt\u00f6ehdot. Scantank O\u00dc:n verkkosivuston k\u00e4ytt\u00f6ehdot koskevat t\u00e4t\u00e4 verkkosivustoa ja sen alasivuja.","breadcrumb":{"@id":"https:\/\/scantank.ee\/fi\/kayttoehdot\/#breadcrumb"},"inLanguage":"fi","potentialAction":[{"@type":"ReadAction","target":["https:\/\/scantank.ee\/fi\/kayttoehdot\/"]}]},{"@type":"BreadcrumbList","@id":"https:\/\/scantank.ee\/fi\/kayttoehdot\/#breadcrumb","itemListElement":[{"@type":"ListItem","position":1,"name":"Home","item":"https:\/\/www.scantank.ee\/fi\/"},{"@type":"ListItem","position":2,"name":"K\u00e4ytt\u00f6ehdot"}]},{"@type":"WebSite","@id":"https:\/\/www.scantank.ee\/fi\/#website","url":"https:\/\/www.scantank.ee\/fi\/","name":"Scantank","description":"","publisher":{"@id":"https:\/\/www.scantank.ee\/fi\/#organization"},"potentialAction":[{"@type":"SearchAction","target":{"@type":"EntryPoint","urlTemplate":"https:\/\/www.scantank.ee\/fi\/?s={search_term_string}"},"query-input":"required name=search_term_string"}],"inLanguage":"fi"},{"@type":"Organization","@id":"https:\/\/www.scantank.ee\/fi\/#organization","name":"Scantank O\u00dc","url":"https:\/\/www.scantank.ee\/fi\/","logo":{"@type":"ImageObject","inLanguage":"fi","@id":"https:\/\/www.scantank.ee\/fi\/#\/schema\/logo\/image\/","url":"https:\/\/scantank.ee\/wp-content\/uploads\/2019\/08\/scantank-new.png","contentUrl":"https:\/\/scantank.ee\/wp-content\/uploads\/2019\/08\/scantank-new.png","width":1041,"height":221,"caption":"Scantank O\u00dc"},"image":{"@id":"https:\/\/www.scantank.ee\/fi\/#\/schema\/logo\/image\/"},"sameAs":["http:\/\/www.facebook.com\/scantank"]}]}},"_links":{"self":[{"href":"https:\/\/scantank.ee\/fi\/wp-json\/wp\/v2\/pages\/2733"}],"collection":[{"href":"https:\/\/scantank.ee\/fi\/wp-json\/wp\/v2\/pages"}],"about":[{"href":"https:\/\/scantank.ee\/fi\/wp-json\/wp\/v2\/types\/page"}],"author":[{"embeddable":true,"href":"https:\/\/scantank.ee\/fi\/wp-json\/wp\/v2\/users\/2"}],"replies":[{"embeddable":true,"href":"https:\/\/scantank.ee\/fi\/wp-json\/wp\/v2\/comments?post=2733"}],"version-history":[{"count":2,"href":"https:\/\/scantank.ee\/fi\/wp-json\/wp\/v2\/pages\/2733\/revisions"}],"predecessor-version":[{"id":7280,"href":"https:\/\/scantank.ee\/fi\/wp-json\/wp\/v2\/pages\/2733\/revisions\/7280"}],"wp:attachment":[{"href":"https:\/\/scantank.ee\/fi\/wp-json\/wp\/v2\/media?parent=2733"}],"curies":[{"name":"wp","href":"https:\/\/api.w.org\/{rel}","templated":true}]}}