{"id":2735,"date":"2019-10-14T08:36:33","date_gmt":"2019-10-14T08:36:33","guid":{"rendered":"https:\/\/scantank.ee\/palvelut\/"},"modified":"2025-05-22T21:51:44","modified_gmt":"2025-05-22T21:51:44","slug":"palvelut","status":"publish","type":"page","link":"https:\/\/scantank.ee\/fi\/palvelut\/","title":{"rendered":"Palvelut"},"content":{"rendered":"","protected":false},"excerpt":{"rendered":"","protected":false},"author":2,"featured_media":0,"parent":0,"menu_order":0,"comment_status":"closed","ping_status":"closed","template":"","meta":{"_acf_changed":false,"inline_featured_image":false,"_exactmetrics_skip_tracking":false,"_exactmetrics_sitenote_active":false,"_exactmetrics_sitenote_note":"","_exactmetrics_sitenote_category":0,"_monsterinsights_skip_tracking":false,"_monsterinsights_sitenote_active":false,"_monsterinsights_sitenote_note":"","_monsterinsights_sitenote_category":0,"footnotes":""},"class_list":["post-2735","page","type-page","status-publish","hentry"],"acf":[],"yoast_head":"<!-- This site is optimized with the Yoast SEO plugin v23.1 - https:\/\/yoast.com\/wordpress\/plugins\/seo\/ -->\n<title>Palvelut | asennus | toimitus<\/title>\n<meta name=\"description\" content=\"Palvelut: asennus ja toimitus | S\u00e4ili\u00f6t, vesis\u00e4ili\u00f6t, j\u00e4tevesis\u00e4ili\u00f6t, saostuskaivot, pumppaamot, linjakuivatuskourut, rasvanerottimet, \u00f6ljynerottimet, sadevesij\u00e4rjestelm\u00e4t.\" \/>\n<meta name=\"robots\" content=\"index, follow, max-snippet:-1, max-image-preview:large, max-video-preview:-1\" \/>\n<link rel=\"canonical\" href=\"https:\/\/scantank.ee\/fi\/palvelut\/\" \/>\n<meta property=\"og:locale\" content=\"fi_FI\" \/>\n<meta property=\"og:type\" content=\"article\" \/>\n<meta property=\"og:title\" content=\"SCANTANK O\u00dc\" \/>\n<meta property=\"og:description\" content=\"Scantank O\u00dc on lasikuidulla lujitetusta muovista valmistettuja s\u00e4ili\u00f6it\u00e4 ja linjakuivatuskouruja myyv\u00e4 nykyaikainen yritys, jolla on suuri tuotevalikoima.\" \/>\n<meta property=\"og:url\" content=\"https:\/\/scantank.ee\/fi\/palvelut\/\" \/>\n<meta property=\"og:site_name\" content=\"Scantank\" \/>\n<meta property=\"article:publisher\" content=\"http:\/\/www.facebook.com\/scantank\" \/>\n<meta property=\"article:modified_time\" content=\"2025-05-22T21:51:44+00:00\" \/>\n<meta property=\"og:image\" content=\"https:\/\/scantank.ee\/wp-content\/uploads\/2020\/02\/Scantank-social-share.png\" \/>\n<meta name=\"twitter:card\" content=\"summary_large_image\" \/>\n<script type=\"application\/ld+json\" class=\"yoast-schema-graph\">{\"@context\":\"https:\/\/schema.org\",\"@graph\":[{\"@type\":\"WebPage\",\"@id\":\"https:\/\/scantank.ee\/fi\/palvelut\/\",\"url\":\"https:\/\/scantank.ee\/fi\/palvelut\/\",\"name\":\"Palvelut | asennus | toimitus\",\"isPartOf\":{\"@id\":\"https:\/\/scantank.ee\/fi\/#website\"},\"datePublished\":\"2019-10-14T08:36:33+00:00\",\"dateModified\":\"2025-05-22T21:51:44+00:00\",\"description\":\"Palvelut: asennus ja toimitus | S\u00e4ili\u00f6t, vesis\u00e4ili\u00f6t, j\u00e4tevesis\u00e4ili\u00f6t, saostuskaivot, pumppaamot, linjakuivatuskourut, rasvanerottimet, \u00f6ljynerottimet, sadevesij\u00e4rjestelm\u00e4t.\",\"breadcrumb\":{\"@id\":\"https:\/\/scantank.ee\/fi\/palvelut\/#breadcrumb\"},\"inLanguage\":\"fi\",\"potentialAction\":[{\"@type\":\"ReadAction\",\"target\":[\"https:\/\/scantank.ee\/fi\/palvelut\/\"]}]},{\"@type\":\"BreadcrumbList\",\"@id\":\"https:\/\/scantank.ee\/fi\/palvelut\/#breadcrumb\",\"itemListElement\":[{\"@type\":\"ListItem\",\"position\":1,\"name\":\"Home\",\"item\":\"https:\/\/scantank.ee\/fi\/\"},{\"@type\":\"ListItem\",\"position\":2,\"name\":\"Palvelut\"}]},{\"@type\":\"WebSite\",\"@id\":\"https:\/\/scantank.ee\/fi\/#website\",\"url\":\"https:\/\/scantank.ee\/fi\/\",\"name\":\"Scantank\",\"description\":\"\",\"publisher\":{\"@id\":\"https:\/\/scantank.ee\/fi\/#organization\"},\"potentialAction\":[{\"@type\":\"SearchAction\",\"target\":{\"@type\":\"EntryPoint\",\"urlTemplate\":\"https:\/\/scantank.ee\/fi\/?s={search_term_string}\"},\"query-input\":\"required name=search_term_string\"}],\"inLanguage\":\"fi\"},{\"@type\":\"Organization\",\"@id\":\"https:\/\/scantank.ee\/fi\/#organization\",\"name\":\"Scantank O\u00dc\",\"url\":\"https:\/\/scantank.ee\/fi\/\",\"logo\":{\"@type\":\"ImageObject\",\"inLanguage\":\"fi\",\"@id\":\"https:\/\/scantank.ee\/fi\/#\/schema\/logo\/image\/\",\"url\":\"https:\/\/scantank.ee\/wp-content\/uploads\/2019\/08\/scantank-new.png\",\"contentUrl\":\"https:\/\/scantank.ee\/wp-content\/uploads\/2019\/08\/scantank-new.png\",\"width\":1041,\"height\":221,\"caption\":\"Scantank O\u00dc\"},\"image\":{\"@id\":\"https:\/\/scantank.ee\/fi\/#\/schema\/logo\/image\/\"},\"sameAs\":[\"http:\/\/www.facebook.com\/scantank\"]}]}<\/script>\n<!-- \/ Yoast SEO plugin. -->","yoast_head_json":{"title":"Palvelut | asennus | toimitus","description":"Palvelut: asennus ja toimitus | S\u00e4ili\u00f6t, vesis\u00e4ili\u00f6t, j\u00e4tevesis\u00e4ili\u00f6t, saostuskaivot, pumppaamot, linjakuivatuskourut, rasvanerottimet, \u00f6ljynerottimet, sadevesij\u00e4rjestelm\u00e4t.","robots":{"index":"index","follow":"follow","max-snippet":"max-snippet:-1","max-image-preview":"max-image-preview:large","max-video-preview":"max-video-preview:-1"},"canonical":"https:\/\/scantank.ee\/fi\/palvelut\/","og_locale":"fi_FI","og_type":"article","og_title":"SCANTANK O\u00dc","og_description":"Scantank O\u00dc on lasikuidulla lujitetusta muovista valmistettuja s\u00e4ili\u00f6it\u00e4 ja linjakuivatuskouruja myyv\u00e4 nykyaikainen yritys, jolla on suuri tuotevalikoima.","og_url":"https:\/\/scantank.ee\/fi\/palvelut\/","og_site_name":"Scantank","article_publisher":"http:\/\/www.facebook.com\/scantank","article_modified_time":"2025-05-22T21:51:44+00:00","og_image":[{"url":"https:\/\/scantank.ee\/wp-content\/uploads\/2020\/02\/Scantank-social-share.png"}],"twitter_card":"summary_large_image","schema":{"@context":"https:\/\/schema.org","@graph":[{"@type":"WebPage","@id":"https:\/\/scantank.ee\/fi\/palvelut\/","url":"https:\/\/scantank.ee\/fi\/palvelut\/","name":"Palvelut | asennus | toimitus","isPartOf":{"@id":"https:\/\/scantank.ee\/fi\/#website"},"datePublished":"2019-10-14T08:36:33+00:00","dateModified":"2025-05-22T21:51:44+00:00","description":"Palvelut: asennus ja toimitus | S\u00e4ili\u00f6t, vesis\u00e4ili\u00f6t, j\u00e4tevesis\u00e4ili\u00f6t, saostuskaivot, pumppaamot, linjakuivatuskourut, rasvanerottimet, \u00f6ljynerottimet, sadevesij\u00e4rjestelm\u00e4t.","breadcrumb":{"@id":"https:\/\/scantank.ee\/fi\/palvelut\/#breadcrumb"},"inLanguage":"fi","potentialAction":[{"@type":"ReadAction","target":["https:\/\/scantank.ee\/fi\/palvelut\/"]}]},{"@type":"BreadcrumbList","@id":"https:\/\/scantank.ee\/fi\/palvelut\/#breadcrumb","itemListElement":[{"@type":"ListItem","position":1,"name":"Home","item":"https:\/\/scantank.ee\/fi\/"},{"@type":"ListItem","position":2,"name":"Palvelut"}]},{"@type":"WebSite","@id":"https:\/\/scantank.ee\/fi\/#website","url":"https:\/\/scantank.ee\/fi\/","name":"Scantank","description":"","publisher":{"@id":"https:\/\/scantank.ee\/fi\/#organization"},"potentialAction":[{"@type":"SearchAction","target":{"@type":"EntryPoint","urlTemplate":"https:\/\/scantank.ee\/fi\/?s={search_term_string}"},"query-input":"required name=search_term_string"}],"inLanguage":"fi"},{"@type":"Organization","@id":"https:\/\/scantank.ee\/fi\/#organization","name":"Scantank O\u00dc","url":"https:\/\/scantank.ee\/fi\/","logo":{"@type":"ImageObject","inLanguage":"fi","@id":"https:\/\/scantank.ee\/fi\/#\/schema\/logo\/image\/","url":"https:\/\/scantank.ee\/wp-content\/uploads\/2019\/08\/scantank-new.png","contentUrl":"https:\/\/scantank.ee\/wp-content\/uploads\/2019\/08\/scantank-new.png","width":1041,"height":221,"caption":"Scantank O\u00dc"},"image":{"@id":"https:\/\/scantank.ee\/fi\/#\/schema\/logo\/image\/"},"sameAs":["http:\/\/www.facebook.com\/scantank"]}]}},"_links":{"self":[{"href":"https:\/\/scantank.ee\/fi\/wp-json\/wp\/v2\/pages\/2735"}],"collection":[{"href":"https:\/\/scantank.ee\/fi\/wp-json\/wp\/v2\/pages"}],"about":[{"href":"https:\/\/scantank.ee\/fi\/wp-json\/wp\/v2\/types\/page"}],"author":[{"embeddable":true,"href":"https:\/\/scantank.ee\/fi\/wp-json\/wp\/v2\/users\/2"}],"replies":[{"embeddable":true,"href":"https:\/\/scantank.ee\/fi\/wp-json\/wp\/v2\/comments?post=2735"}],"version-history":[{"count":1,"href":"https:\/\/scantank.ee\/fi\/wp-json\/wp\/v2\/pages\/2735\/revisions"}],"predecessor-version":[{"id":3767,"href":"https:\/\/scantank.ee\/fi\/wp-json\/wp\/v2\/pages\/2735\/revisions\/3767"}],"wp:attachment":[{"href":"https:\/\/scantank.ee\/fi\/wp-json\/wp\/v2\/media?parent=2735"}],"curies":[{"name":"wp","href":"https:\/\/api.w.org\/{rel}","templated":true}]}}