{"id":2308,"date":"2019-08-09T09:51:12","date_gmt":"2019-10-14T08:30:49","guid":{"rendered":"https:\/\/scantank.ee\/toode\/rasvanerotin-ns1\/"},"modified":"2022-08-03T10:35:18","modified_gmt":"2022-08-03T10:35:18","slug":"rasvanerotin-ns1","status":"publish","type":"product","link":"https:\/\/scantank.ee\/fi\/toode\/rasvanerotin-ns1\/","title":{"rendered":"Rasvanerottimet NS1\u2013NS25"},"content":{"rendered":"<h2>Rasvanerottimet NS1\u2013NS25<\/h2>\n<p>Rasvanerotinten p\u00e4\u00e4asiallinen k\u00e4ytt\u00f6kohde on elintarviketeollisuus ja ravintola-alan yritykset, joissa rasva-aine on poistettava j\u00e4tevedest\u00e4, jotta se ei aiheuttaisi tukoksia viem\u00e4rij\u00e4rjestelm\u00e4ss\u00e4. J\u00e4teveden rasvapitoisuuden on oltava alle 25 mg\/l. T\u00e4m\u00e4 varmistetaan rasvanerottimella, jossa rasva ja \u00f6ljy erottuvat vedest\u00e4 ominaispainojensa vuoksi. Kevyemm\u00e4t hiukkaset nousevat erottimessa pintaan, ja viem\u00e4riin virtaa vain puhdistettu vesi. Rasvanerottimiin voi tilata lis\u00e4ksi tasonvalvontalaitteen, joka h\u00e4lytt\u00e4\u00e4, kun erotin on tyhjennett\u00e4v\u00e4.<\/p>\n<ul>\n<li>Lujitemuovista valmistettu rasvanerotin 1\u201325 l\/s.<\/li>\n<li>Tuotteen mukana toimitetaan CE-vaatimustenmukaisuusvakuutus sek\u00e4 asennus- ja huolto-ohjeet.<\/li>\n<li>Rasvanerottimen mukana on valurautaluukku.<\/li>\n<li>Erottimeen voi tilata erikseen tasoilmaisimella varustetun h\u00e4lytyslaitteen.<\/li>\n<li>10 vuoden takuu<\/li>\n<\/ul>\n","protected":false},"excerpt":{"rendered":"<p>Rasvanerottimet NS1\u2013NS25 Rasvanerotinten p\u00e4\u00e4asiallinen k\u00e4ytt\u00f6kohde on elintarviketeollisuus ja ravintola-alan yritykset, joissa rasva-aine on poistettava j\u00e4tevedest\u00e4, jotta se ei aiheuttaisi tukoksia viem\u00e4rij\u00e4rjestelm\u00e4ss\u00e4. J\u00e4teveden rasvapitoisuuden on oltava alle 25 mg\/l. T\u00e4m\u00e4 varmistetaan rasvanerottimella, jossa rasva ja \u00f6ljy erottuvat vedest\u00e4 ominaispainojensa vuoksi. Kevyemm\u00e4t hiukkaset nousevat erottimessa pintaan, ja viem\u00e4riin virtaa vain puhdistettu vesi. Rasvanerottimiin voi tilata lis\u00e4ksi tasonvalvontalaitteen, [&hellip;]<\/p>\n","protected":false},"featured_media":2309,"template":"","meta":{"_acf_changed":false,"inline_featured_image":false,"_exactmetrics_skip_tracking":false,"_exactmetrics_sitenote_active":false,"_exactmetrics_sitenote_note":"","_exactmetrics_sitenote_category":0,"_monsterinsights_skip_tracking":false,"_monsterinsights_sitenote_active":false,"_monsterinsights_sitenote_note":"","_monsterinsights_sitenote_category":0},"product_cat":[149],"product_tag":[],"class_list":{"0":"post-2308","1":"product","2":"type-product","3":"status-publish","4":"has-post-thumbnail","6":"product_cat-rasvanerottimet","8":"first","9":"instock","10":"shipping-taxable","11":"product-type-simple"},"acf":[],"yoast_head":"<!-- This site is optimized with the Yoast SEO plugin v23.1 - https:\/\/yoast.com\/wordpress\/plugins\/seo\/ -->\n<title>Rasvanerottimet NS1\u2013NS25%page%%| Scantank O\u00dc | Laaja valikoima rasvanerottimia<\/title>\n<meta name=\"description\" content=\"Rasvanerotin NS1:t\u00e4 k\u00e4ytet\u00e4\u00e4n elintarviketeollisuudessa ja ravintola-alalla rasva-aineiden poistamiseen j\u00e4tevedest\u00e4. Toimitus ja asennus! Puh. 5845 1580, info@scantank.ee\" \/>\n<meta name=\"robots\" content=\"index, follow, max-snippet:-1, max-image-preview:large, max-video-preview:-1\" \/>\n<link rel=\"canonical\" href=\"https:\/\/scantank.ee\/fi\/toode\/rasvanerotin-ns1\/\" \/>\n<meta property=\"og:locale\" content=\"fi_FI\" \/>\n<meta property=\"og:type\" content=\"article\" \/>\n<meta property=\"og:title\" content=\"Rasvanerottimet NS1\u2013NS25%page%%| Scantank O\u00dc | Laaja valikoima rasvanerottimia\" \/>\n<meta property=\"og:description\" content=\"Rasvanerotin NS1:t\u00e4 k\u00e4ytet\u00e4\u00e4n elintarviketeollisuudessa ja ravintola-alalla rasva-aineiden poistamiseen j\u00e4tevedest\u00e4. Toimitus ja asennus! Puh. 5845 1580, info@scantank.ee\" \/>\n<meta property=\"og:url\" content=\"https:\/\/scantank.ee\/fi\/toode\/rasvanerotin-ns1\/\" \/>\n<meta property=\"og:site_name\" content=\"Scantank\" \/>\n<meta property=\"article:publisher\" content=\"http:\/\/www.facebook.com\/scantank\" \/>\n<meta property=\"article:modified_time\" content=\"2022-08-03T10:35:18+00:00\" \/>\n<meta property=\"og:image\" content=\"https:\/\/scantank.ee\/wp-content\/uploads\/2019\/08\/pu\u0308u\u0308dur.jpg\" \/>\n\t<meta property=\"og:image:width\" content=\"1286\" \/>\n\t<meta property=\"og:image:height\" content=\"2081\" \/>\n\t<meta property=\"og:image:type\" content=\"image\/jpeg\" \/>\n<meta name=\"twitter:card\" content=\"summary_large_image\" \/>\n<meta name=\"twitter:label1\" content=\"Arvioitu lukuaika\" \/>\n\t<meta name=\"twitter:data1\" content=\"1 minuutti\" \/>\n<script type=\"application\/ld+json\" class=\"yoast-schema-graph\">{\"@context\":\"https:\/\/schema.org\",\"@graph\":[{\"@type\":\"WebPage\",\"@id\":\"https:\/\/scantank.ee\/fi\/toode\/rasvanerotin-ns1\/\",\"url\":\"https:\/\/scantank.ee\/fi\/toode\/rasvanerotin-ns1\/\",\"name\":\"Rasvanerottimet NS1\u2013NS25%page%%| Scantank O\u00dc | Laaja valikoima rasvanerottimia\",\"isPartOf\":{\"@id\":\"https:\/\/scantank.ee\/fi\/#website\"},\"primaryImageOfPage\":{\"@id\":\"https:\/\/scantank.ee\/fi\/toode\/rasvanerotin-ns1\/#primaryimage\"},\"image\":{\"@id\":\"https:\/\/scantank.ee\/fi\/toode\/rasvanerotin-ns1\/#primaryimage\"},\"thumbnailUrl\":\"https:\/\/www.scantank.ee\/wp-content\/uploads\/2019\/08\/pu\u0308u\u0308dur.jpg\",\"datePublished\":\"2019-10-14T08:30:49+00:00\",\"dateModified\":\"2022-08-03T10:35:18+00:00\",\"description\":\"Rasvanerotin NS1:t\u00e4 k\u00e4ytet\u00e4\u00e4n elintarviketeollisuudessa ja ravintola-alalla rasva-aineiden poistamiseen j\u00e4tevedest\u00e4. Toimitus ja asennus! Puh. 5845 1580, info@scantank.ee\",\"breadcrumb\":{\"@id\":\"https:\/\/scantank.ee\/fi\/toode\/rasvanerotin-ns1\/#breadcrumb\"},\"inLanguage\":\"fi\",\"potentialAction\":[{\"@type\":\"ReadAction\",\"target\":[\"https:\/\/scantank.ee\/fi\/toode\/rasvanerotin-ns1\/\"]}]},{\"@type\":\"ImageObject\",\"inLanguage\":\"fi\",\"@id\":\"https:\/\/scantank.ee\/fi\/toode\/rasvanerotin-ns1\/#primaryimage\",\"url\":\"https:\/\/www.scantank.ee\/wp-content\/uploads\/2019\/08\/pu\u0308u\u0308dur.jpg\",\"contentUrl\":\"https:\/\/www.scantank.ee\/wp-content\/uploads\/2019\/08\/pu\u0308u\u0308dur.jpg\",\"width\":1286,\"height\":2081,\"caption\":\"\u00d6ljyn- ja hiekanerotin\"},{\"@type\":\"BreadcrumbList\",\"@id\":\"https:\/\/scantank.ee\/fi\/toode\/rasvanerotin-ns1\/#breadcrumb\",\"itemListElement\":[{\"@type\":\"ListItem\",\"position\":1,\"name\":\"Home\",\"item\":\"https:\/\/www.scantank.ee\/fi\/\"},{\"@type\":\"ListItem\",\"position\":2,\"name\":\"Tuoteluettelo\",\"item\":\"https:\/\/www.scantank.ee\/fi\/tuoteluettelo\/\"},{\"@type\":\"ListItem\",\"position\":3,\"name\":\"Rasvanerottimet NS1\u2013NS25\"}]},{\"@type\":\"WebSite\",\"@id\":\"https:\/\/scantank.ee\/fi\/#website\",\"url\":\"https:\/\/scantank.ee\/fi\/\",\"name\":\"Scantank\",\"description\":\"\",\"publisher\":{\"@id\":\"https:\/\/scantank.ee\/fi\/#organization\"},\"potentialAction\":[{\"@type\":\"SearchAction\",\"target\":{\"@type\":\"EntryPoint\",\"urlTemplate\":\"https:\/\/scantank.ee\/fi\/?s={search_term_string}\"},\"query-input\":\"required name=search_term_string\"}],\"inLanguage\":\"fi\"},{\"@type\":\"Organization\",\"@id\":\"https:\/\/scantank.ee\/fi\/#organization\",\"name\":\"Scantank O\u00dc\",\"url\":\"https:\/\/scantank.ee\/fi\/\",\"logo\":{\"@type\":\"ImageObject\",\"inLanguage\":\"fi\",\"@id\":\"https:\/\/scantank.ee\/fi\/#\/schema\/logo\/image\/\",\"url\":\"https:\/\/scantank.ee\/wp-content\/uploads\/2019\/08\/scantank-new.png\",\"contentUrl\":\"https:\/\/scantank.ee\/wp-content\/uploads\/2019\/08\/scantank-new.png\",\"width\":1041,\"height\":221,\"caption\":\"Scantank O\u00dc\"},\"image\":{\"@id\":\"https:\/\/scantank.ee\/fi\/#\/schema\/logo\/image\/\"},\"sameAs\":[\"http:\/\/www.facebook.com\/scantank\"]}]}<\/script>\n<!-- \/ Yoast SEO plugin. -->","yoast_head_json":{"title":"Rasvanerottimet NS1\u2013NS25%page%%| Scantank O\u00dc | Laaja valikoima rasvanerottimia","description":"Rasvanerotin NS1:t\u00e4 k\u00e4ytet\u00e4\u00e4n elintarviketeollisuudessa ja ravintola-alalla rasva-aineiden poistamiseen j\u00e4tevedest\u00e4. Toimitus ja asennus! Puh. 5845 1580, info@scantank.ee","robots":{"index":"index","follow":"follow","max-snippet":"max-snippet:-1","max-image-preview":"max-image-preview:large","max-video-preview":"max-video-preview:-1"},"canonical":"https:\/\/scantank.ee\/fi\/toode\/rasvanerotin-ns1\/","og_locale":"fi_FI","og_type":"article","og_title":"Rasvanerottimet NS1\u2013NS25%page%%| Scantank O\u00dc | Laaja valikoima rasvanerottimia","og_description":"Rasvanerotin NS1:t\u00e4 k\u00e4ytet\u00e4\u00e4n elintarviketeollisuudessa ja ravintola-alalla rasva-aineiden poistamiseen j\u00e4tevedest\u00e4. Toimitus ja asennus! Puh. 5845 1580, info@scantank.ee","og_url":"https:\/\/scantank.ee\/fi\/toode\/rasvanerotin-ns1\/","og_site_name":"Scantank","article_publisher":"http:\/\/www.facebook.com\/scantank","article_modified_time":"2022-08-03T10:35:18+00:00","og_image":[{"width":1286,"height":2081,"url":"https:\/\/scantank.ee\/wp-content\/uploads\/2019\/08\/pu\u0308u\u0308dur.jpg","type":"image\/jpeg"}],"twitter_card":"summary_large_image","twitter_misc":{"Arvioitu lukuaika":"1 minuutti"},"schema":{"@context":"https:\/\/schema.org","@graph":[{"@type":"WebPage","@id":"https:\/\/scantank.ee\/fi\/toode\/rasvanerotin-ns1\/","url":"https:\/\/scantank.ee\/fi\/toode\/rasvanerotin-ns1\/","name":"Rasvanerottimet NS1\u2013NS25%page%%| Scantank O\u00dc | Laaja valikoima rasvanerottimia","isPartOf":{"@id":"https:\/\/scantank.ee\/fi\/#website"},"primaryImageOfPage":{"@id":"https:\/\/scantank.ee\/fi\/toode\/rasvanerotin-ns1\/#primaryimage"},"image":{"@id":"https:\/\/scantank.ee\/fi\/toode\/rasvanerotin-ns1\/#primaryimage"},"thumbnailUrl":"https:\/\/www.scantank.ee\/wp-content\/uploads\/2019\/08\/pu\u0308u\u0308dur.jpg","datePublished":"2019-10-14T08:30:49+00:00","dateModified":"2022-08-03T10:35:18+00:00","description":"Rasvanerotin NS1:t\u00e4 k\u00e4ytet\u00e4\u00e4n elintarviketeollisuudessa ja ravintola-alalla rasva-aineiden poistamiseen j\u00e4tevedest\u00e4. Toimitus ja asennus! Puh. 5845 1580, info@scantank.ee","breadcrumb":{"@id":"https:\/\/scantank.ee\/fi\/toode\/rasvanerotin-ns1\/#breadcrumb"},"inLanguage":"fi","potentialAction":[{"@type":"ReadAction","target":["https:\/\/scantank.ee\/fi\/toode\/rasvanerotin-ns1\/"]}]},{"@type":"ImageObject","inLanguage":"fi","@id":"https:\/\/scantank.ee\/fi\/toode\/rasvanerotin-ns1\/#primaryimage","url":"https:\/\/www.scantank.ee\/wp-content\/uploads\/2019\/08\/pu\u0308u\u0308dur.jpg","contentUrl":"https:\/\/www.scantank.ee\/wp-content\/uploads\/2019\/08\/pu\u0308u\u0308dur.jpg","width":1286,"height":2081,"caption":"\u00d6ljyn- ja hiekanerotin"},{"@type":"BreadcrumbList","@id":"https:\/\/scantank.ee\/fi\/toode\/rasvanerotin-ns1\/#breadcrumb","itemListElement":[{"@type":"ListItem","position":1,"name":"Home","item":"https:\/\/www.scantank.ee\/fi\/"},{"@type":"ListItem","position":2,"name":"Tuoteluettelo","item":"https:\/\/www.scantank.ee\/fi\/tuoteluettelo\/"},{"@type":"ListItem","position":3,"name":"Rasvanerottimet NS1\u2013NS25"}]},{"@type":"WebSite","@id":"https:\/\/scantank.ee\/fi\/#website","url":"https:\/\/scantank.ee\/fi\/","name":"Scantank","description":"","publisher":{"@id":"https:\/\/scantank.ee\/fi\/#organization"},"potentialAction":[{"@type":"SearchAction","target":{"@type":"EntryPoint","urlTemplate":"https:\/\/scantank.ee\/fi\/?s={search_term_string}"},"query-input":"required name=search_term_string"}],"inLanguage":"fi"},{"@type":"Organization","@id":"https:\/\/scantank.ee\/fi\/#organization","name":"Scantank O\u00dc","url":"https:\/\/scantank.ee\/fi\/","logo":{"@type":"ImageObject","inLanguage":"fi","@id":"https:\/\/scantank.ee\/fi\/#\/schema\/logo\/image\/","url":"https:\/\/scantank.ee\/wp-content\/uploads\/2019\/08\/scantank-new.png","contentUrl":"https:\/\/scantank.ee\/wp-content\/uploads\/2019\/08\/scantank-new.png","width":1041,"height":221,"caption":"Scantank O\u00dc"},"image":{"@id":"https:\/\/scantank.ee\/fi\/#\/schema\/logo\/image\/"},"sameAs":["http:\/\/www.facebook.com\/scantank"]}]}},"_links":{"self":[{"href":"https:\/\/scantank.ee\/fi\/wp-json\/wp\/v2\/product\/2308"}],"collection":[{"href":"https:\/\/scantank.ee\/fi\/wp-json\/wp\/v2\/product"}],"about":[{"href":"https:\/\/scantank.ee\/fi\/wp-json\/wp\/v2\/types\/product"}],"wp:featuredmedia":[{"embeddable":true,"href":"https:\/\/scantank.ee\/fi\/wp-json\/wp\/v2\/media\/2309"}],"wp:attachment":[{"href":"https:\/\/scantank.ee\/fi\/wp-json\/wp\/v2\/media?parent=2308"}],"wp:term":[{"taxonomy":"product_cat","embeddable":true,"href":"https:\/\/scantank.ee\/fi\/wp-json\/wp\/v2\/product_cat?post=2308"},{"taxonomy":"product_tag","embeddable":true,"href":"https:\/\/scantank.ee\/fi\/wp-json\/wp\/v2\/product_tag?post=2308"}],"curies":[{"name":"wp","href":"https:\/\/api.w.org\/{rel}","templated":true}]}}