{"id":2388,"date":"2019-08-09T09:51:32","date_gmt":"2019-10-14T08:31:51","guid":{"rendered":"https:\/\/scantank.ee\/toode\/oljynerotin-ns100-luokka-ii\/"},"modified":"2022-08-03T10:51:09","modified_gmt":"2022-08-03T10:51:09","slug":"oljynerotin-ns100-ii-luokka","status":"publish","type":"product","link":"https:\/\/scantank.ee\/fi\/toode\/oljynerotin-ns100-ii-luokka\/","title":{"rendered":"\u00d6ljynerotin NS100 (luokka II)"},"content":{"rendered":"<h2><strong>\u00d6ljynerotin NS100 (luokka II)<\/strong><\/h2>\n<p>\u00d6ljynerotinta NS100 (luokka II) k\u00e4ytet\u00e4\u00e4n, kun sadevett\u00e4 tai teollisuusj\u00e4tevett\u00e4 on johdettava viem\u00e4rij\u00e4rjestelm\u00e4\u00e4n. K\u00e4ytet\u00e4\u00e4n yleens\u00e4 pys\u00e4k\u00f6intialueilla, huoltoasemilla, autopesuloissa, korjaamoissa jne. Tarjoamissamme II-luokan \u00f6ljyn- ja bensiininerottimissa \u00f6ljy- ja bensiinihiukkaset erotetaan painovoiman avulla. Koska \u00f6ljy- ja bensiinihiukkasten ominaispainot eroavat veden ominaispainosta, vett\u00e4 kevyemm\u00e4t \u00f6ljytuotteet nousevat \u00f6ljynerottimessa pintaan. Puhdistetun veden \u00f6ljypitoisuuden on oltava alle 100 mg\/l. \u00d6ljynerottimiin voidaan lis\u00e4t\u00e4 \u00f6ljytason h\u00e4lytyslaite, joka antaa \u00e4\u00e4ni- ja valomerkin, kun vedess\u00e4 oleva \u00f6ljykerros saavuttaa suurimman sallitun paksuuden.<\/p>\n<ul>\n<li>Lujitemuovista valmistettu luokan II \u00f6ljynerotin 100 l\/s.<\/li>\n<li>Tuotteen mukana toimitetaan CE-vaatimustenmukaisuusvakuutus sek\u00e4 asennus- ja huolto-ohjeet.<\/li>\n<li>Tuotteen mukana tulee valurautaluukku.<\/li>\n<li>Erottimeen voidaan tilata erikseen h\u00e4lytyslaite.<\/li>\n<li>10 vuoden takuu<\/li>\n<\/ul>\n<p><em>Jos haluat lis\u00e4tietoa, ota meihin yhteytt\u00e4.<\/em><\/p>\n","protected":false},"excerpt":{"rendered":"<p>\u00d6ljynerotin NS100 (luokka II) \u00d6ljynerotinta NS100 (luokka II) k\u00e4ytet\u00e4\u00e4n, kun sadevett\u00e4 tai teollisuusj\u00e4tevett\u00e4 on johdettava viem\u00e4rij\u00e4rjestelm\u00e4\u00e4n. K\u00e4ytet\u00e4\u00e4n yleens\u00e4 pys\u00e4k\u00f6intialueilla, huoltoasemilla, autopesuloissa, korjaamoissa jne. Tarjoamissamme II-luokan \u00f6ljyn- ja bensiininerottimissa \u00f6ljy- ja bensiinihiukkaset erotetaan painovoiman avulla. Koska \u00f6ljy- ja bensiinihiukkasten ominaispainot eroavat veden ominaispainosta, vett\u00e4 kevyemm\u00e4t \u00f6ljytuotteet nousevat \u00f6ljynerottimessa pintaan. Puhdistetun veden \u00f6ljypitoisuuden on oltava alle 100 [&hellip;]<\/p>\n","protected":false},"featured_media":2309,"template":"","meta":{"_acf_changed":false,"inline_featured_image":false,"_exactmetrics_skip_tracking":false,"_exactmetrics_sitenote_active":false,"_exactmetrics_sitenote_note":"","_exactmetrics_sitenote_category":0,"_monsterinsights_skip_tracking":false,"_monsterinsights_sitenote_active":false,"_monsterinsights_sitenote_note":"","_monsterinsights_sitenote_category":0},"product_cat":[275],"product_tag":[],"class_list":{"0":"post-2388","1":"product","2":"type-product","3":"status-publish","4":"has-post-thumbnail","6":"product_cat--i--fi","8":"first","9":"instock","10":"shipping-taxable","11":"product-type-simple"},"acf":[],"yoast_head":"<!-- This site is optimized with the Yoast SEO plugin v23.1 - https:\/\/yoast.com\/wordpress\/plugins\/seo\/ -->\n<title>\u00d6ljynerotin NS100 (luokka II) | Laaja valikoima erilaisia luokan II \u00f6ljynerottimia<\/title>\n<meta name=\"description\" content=\"\u00d6ljynerotinta NS100 (luokka II) k\u00e4ytet\u00e4\u00e4n sadeveden tai teollisuusj\u00e4teveden johtamiseen viem\u00e4riin esimerkiksi pys\u00e4k\u00f6intialueilla, huoltoasemilla, autopesuloissa ja korjaamoissa.\" \/>\n<meta name=\"robots\" content=\"index, follow, max-snippet:-1, max-image-preview:large, max-video-preview:-1\" \/>\n<link rel=\"canonical\" href=\"https:\/\/scantank.ee\/fi\/toode\/oljynerotin-ns100-ii-luokka\/\" \/>\n<meta property=\"og:locale\" content=\"fi_FI\" \/>\n<meta property=\"og:type\" content=\"article\" \/>\n<meta property=\"og:title\" content=\"\u00d6ljynerotin NS100 (luokka II) | Laaja valikoima erilaisia luokan II \u00f6ljynerottimia\" \/>\n<meta property=\"og:description\" content=\"\u00d6ljynerotinta NS100 (luokka II) k\u00e4ytet\u00e4\u00e4n sadeveden tai teollisuusj\u00e4teveden johtamiseen viem\u00e4riin esimerkiksi pys\u00e4k\u00f6intialueilla, huoltoasemilla, autopesuloissa ja korjaamoissa.\" \/>\n<meta property=\"og:url\" content=\"https:\/\/scantank.ee\/fi\/toode\/oljynerotin-ns100-ii-luokka\/\" \/>\n<meta property=\"og:site_name\" content=\"Scantank\" \/>\n<meta property=\"article:publisher\" content=\"http:\/\/www.facebook.com\/scantank\" \/>\n<meta property=\"article:modified_time\" content=\"2022-08-03T10:51:09+00:00\" \/>\n<meta property=\"og:image\" content=\"https:\/\/www.scantank.ee\/wp-content\/uploads\/2019\/08\/pu\u0308u\u0308dur.jpg\" \/>\n\t<meta property=\"og:image:width\" content=\"1286\" \/>\n\t<meta property=\"og:image:height\" content=\"2081\" \/>\n\t<meta property=\"og:image:type\" content=\"image\/jpeg\" \/>\n<meta name=\"twitter:card\" content=\"summary_large_image\" \/>\n<meta name=\"twitter:label1\" content=\"Arvioitu lukuaika\" \/>\n\t<meta name=\"twitter:data1\" content=\"1 minuutti\" \/>\n<script type=\"application\/ld+json\" class=\"yoast-schema-graph\">{\"@context\":\"https:\/\/schema.org\",\"@graph\":[{\"@type\":\"WebPage\",\"@id\":\"https:\/\/scantank.ee\/fi\/toode\/oljynerotin-ns100-ii-luokka\/\",\"url\":\"https:\/\/scantank.ee\/fi\/toode\/oljynerotin-ns100-ii-luokka\/\",\"name\":\"\u00d6ljynerotin NS100 (luokka II) | Laaja valikoima erilaisia luokan II \u00f6ljynerottimia\",\"isPartOf\":{\"@id\":\"https:\/\/www.scantank.ee\/fi\/#website\"},\"primaryImageOfPage\":{\"@id\":\"https:\/\/scantank.ee\/fi\/toode\/oljynerotin-ns100-ii-luokka\/#primaryimage\"},\"image\":{\"@id\":\"https:\/\/scantank.ee\/fi\/toode\/oljynerotin-ns100-ii-luokka\/#primaryimage\"},\"thumbnailUrl\":\"https:\/\/www.scantank.ee\/wp-content\/uploads\/2019\/08\/pu\u0308u\u0308dur.jpg\",\"datePublished\":\"2019-10-14T08:31:51+00:00\",\"dateModified\":\"2022-08-03T10:51:09+00:00\",\"description\":\"\u00d6ljynerotinta NS100 (luokka II) k\u00e4ytet\u00e4\u00e4n sadeveden tai teollisuusj\u00e4teveden johtamiseen viem\u00e4riin esimerkiksi pys\u00e4k\u00f6intialueilla, huoltoasemilla, autopesuloissa ja korjaamoissa.\",\"breadcrumb\":{\"@id\":\"https:\/\/scantank.ee\/fi\/toode\/oljynerotin-ns100-ii-luokka\/#breadcrumb\"},\"inLanguage\":\"fi\",\"potentialAction\":[{\"@type\":\"ReadAction\",\"target\":[\"https:\/\/scantank.ee\/fi\/toode\/oljynerotin-ns100-ii-luokka\/\"]}]},{\"@type\":\"ImageObject\",\"inLanguage\":\"fi\",\"@id\":\"https:\/\/scantank.ee\/fi\/toode\/oljynerotin-ns100-ii-luokka\/#primaryimage\",\"url\":\"https:\/\/www.scantank.ee\/wp-content\/uploads\/2019\/08\/pu\u0308u\u0308dur.jpg\",\"contentUrl\":\"https:\/\/www.scantank.ee\/wp-content\/uploads\/2019\/08\/pu\u0308u\u0308dur.jpg\",\"width\":1286,\"height\":2081,\"caption\":\"\u00d6ljyn- ja hiekanerotin\"},{\"@type\":\"BreadcrumbList\",\"@id\":\"https:\/\/scantank.ee\/fi\/toode\/oljynerotin-ns100-ii-luokka\/#breadcrumb\",\"itemListElement\":[{\"@type\":\"ListItem\",\"position\":1,\"name\":\"Home\",\"item\":\"https:\/\/www.scantank.ee\/fi\/\"},{\"@type\":\"ListItem\",\"position\":2,\"name\":\"Tuoteluettelo\",\"item\":\"https:\/\/www.scantank.ee\/fi\/tuoteluettelo\/\"},{\"@type\":\"ListItem\",\"position\":3,\"name\":\"\u00d6ljynerotin NS100 (luokka II)\"}]},{\"@type\":\"WebSite\",\"@id\":\"https:\/\/www.scantank.ee\/fi\/#website\",\"url\":\"https:\/\/www.scantank.ee\/fi\/\",\"name\":\"Scantank\",\"description\":\"\",\"publisher\":{\"@id\":\"https:\/\/www.scantank.ee\/fi\/#organization\"},\"potentialAction\":[{\"@type\":\"SearchAction\",\"target\":{\"@type\":\"EntryPoint\",\"urlTemplate\":\"https:\/\/www.scantank.ee\/fi\/?s={search_term_string}\"},\"query-input\":\"required name=search_term_string\"}],\"inLanguage\":\"fi\"},{\"@type\":\"Organization\",\"@id\":\"https:\/\/www.scantank.ee\/fi\/#organization\",\"name\":\"Scantank O\u00dc\",\"url\":\"https:\/\/www.scantank.ee\/fi\/\",\"logo\":{\"@type\":\"ImageObject\",\"inLanguage\":\"fi\",\"@id\":\"https:\/\/www.scantank.ee\/fi\/#\/schema\/logo\/image\/\",\"url\":\"https:\/\/scantank.ee\/wp-content\/uploads\/2019\/08\/scantank-new.png\",\"contentUrl\":\"https:\/\/scantank.ee\/wp-content\/uploads\/2019\/08\/scantank-new.png\",\"width\":1041,\"height\":221,\"caption\":\"Scantank O\u00dc\"},\"image\":{\"@id\":\"https:\/\/www.scantank.ee\/fi\/#\/schema\/logo\/image\/\"},\"sameAs\":[\"http:\/\/www.facebook.com\/scantank\"]}]}<\/script>\n<!-- \/ Yoast SEO plugin. -->","yoast_head_json":{"title":"\u00d6ljynerotin NS100 (luokka II) | Laaja valikoima erilaisia luokan II \u00f6ljynerottimia","description":"\u00d6ljynerotinta NS100 (luokka II) k\u00e4ytet\u00e4\u00e4n sadeveden tai teollisuusj\u00e4teveden johtamiseen viem\u00e4riin esimerkiksi pys\u00e4k\u00f6intialueilla, huoltoasemilla, autopesuloissa ja korjaamoissa.","robots":{"index":"index","follow":"follow","max-snippet":"max-snippet:-1","max-image-preview":"max-image-preview:large","max-video-preview":"max-video-preview:-1"},"canonical":"https:\/\/scantank.ee\/fi\/toode\/oljynerotin-ns100-ii-luokka\/","og_locale":"fi_FI","og_type":"article","og_title":"\u00d6ljynerotin NS100 (luokka II) | Laaja valikoima erilaisia luokan II \u00f6ljynerottimia","og_description":"\u00d6ljynerotinta NS100 (luokka II) k\u00e4ytet\u00e4\u00e4n sadeveden tai teollisuusj\u00e4teveden johtamiseen viem\u00e4riin esimerkiksi pys\u00e4k\u00f6intialueilla, huoltoasemilla, autopesuloissa ja korjaamoissa.","og_url":"https:\/\/scantank.ee\/fi\/toode\/oljynerotin-ns100-ii-luokka\/","og_site_name":"Scantank","article_publisher":"http:\/\/www.facebook.com\/scantank","article_modified_time":"2022-08-03T10:51:09+00:00","og_image":[{"width":1286,"height":2081,"url":"https:\/\/www.scantank.ee\/wp-content\/uploads\/2019\/08\/pu\u0308u\u0308dur.jpg","type":"image\/jpeg"}],"twitter_card":"summary_large_image","twitter_misc":{"Arvioitu lukuaika":"1 minuutti"},"schema":{"@context":"https:\/\/schema.org","@graph":[{"@type":"WebPage","@id":"https:\/\/scantank.ee\/fi\/toode\/oljynerotin-ns100-ii-luokka\/","url":"https:\/\/scantank.ee\/fi\/toode\/oljynerotin-ns100-ii-luokka\/","name":"\u00d6ljynerotin NS100 (luokka II) | Laaja valikoima erilaisia luokan II \u00f6ljynerottimia","isPartOf":{"@id":"https:\/\/www.scantank.ee\/fi\/#website"},"primaryImageOfPage":{"@id":"https:\/\/scantank.ee\/fi\/toode\/oljynerotin-ns100-ii-luokka\/#primaryimage"},"image":{"@id":"https:\/\/scantank.ee\/fi\/toode\/oljynerotin-ns100-ii-luokka\/#primaryimage"},"thumbnailUrl":"https:\/\/www.scantank.ee\/wp-content\/uploads\/2019\/08\/pu\u0308u\u0308dur.jpg","datePublished":"2019-10-14T08:31:51+00:00","dateModified":"2022-08-03T10:51:09+00:00","description":"\u00d6ljynerotinta NS100 (luokka II) k\u00e4ytet\u00e4\u00e4n sadeveden tai teollisuusj\u00e4teveden johtamiseen viem\u00e4riin esimerkiksi pys\u00e4k\u00f6intialueilla, huoltoasemilla, autopesuloissa ja korjaamoissa.","breadcrumb":{"@id":"https:\/\/scantank.ee\/fi\/toode\/oljynerotin-ns100-ii-luokka\/#breadcrumb"},"inLanguage":"fi","potentialAction":[{"@type":"ReadAction","target":["https:\/\/scantank.ee\/fi\/toode\/oljynerotin-ns100-ii-luokka\/"]}]},{"@type":"ImageObject","inLanguage":"fi","@id":"https:\/\/scantank.ee\/fi\/toode\/oljynerotin-ns100-ii-luokka\/#primaryimage","url":"https:\/\/www.scantank.ee\/wp-content\/uploads\/2019\/08\/pu\u0308u\u0308dur.jpg","contentUrl":"https:\/\/www.scantank.ee\/wp-content\/uploads\/2019\/08\/pu\u0308u\u0308dur.jpg","width":1286,"height":2081,"caption":"\u00d6ljyn- ja hiekanerotin"},{"@type":"BreadcrumbList","@id":"https:\/\/scantank.ee\/fi\/toode\/oljynerotin-ns100-ii-luokka\/#breadcrumb","itemListElement":[{"@type":"ListItem","position":1,"name":"Home","item":"https:\/\/www.scantank.ee\/fi\/"},{"@type":"ListItem","position":2,"name":"Tuoteluettelo","item":"https:\/\/www.scantank.ee\/fi\/tuoteluettelo\/"},{"@type":"ListItem","position":3,"name":"\u00d6ljynerotin NS100 (luokka II)"}]},{"@type":"WebSite","@id":"https:\/\/www.scantank.ee\/fi\/#website","url":"https:\/\/www.scantank.ee\/fi\/","name":"Scantank","description":"","publisher":{"@id":"https:\/\/www.scantank.ee\/fi\/#organization"},"potentialAction":[{"@type":"SearchAction","target":{"@type":"EntryPoint","urlTemplate":"https:\/\/www.scantank.ee\/fi\/?s={search_term_string}"},"query-input":"required name=search_term_string"}],"inLanguage":"fi"},{"@type":"Organization","@id":"https:\/\/www.scantank.ee\/fi\/#organization","name":"Scantank O\u00dc","url":"https:\/\/www.scantank.ee\/fi\/","logo":{"@type":"ImageObject","inLanguage":"fi","@id":"https:\/\/www.scantank.ee\/fi\/#\/schema\/logo\/image\/","url":"https:\/\/scantank.ee\/wp-content\/uploads\/2019\/08\/scantank-new.png","contentUrl":"https:\/\/scantank.ee\/wp-content\/uploads\/2019\/08\/scantank-new.png","width":1041,"height":221,"caption":"Scantank O\u00dc"},"image":{"@id":"https:\/\/www.scantank.ee\/fi\/#\/schema\/logo\/image\/"},"sameAs":["http:\/\/www.facebook.com\/scantank"]}]}},"_links":{"self":[{"href":"https:\/\/scantank.ee\/fi\/wp-json\/wp\/v2\/product\/2388"}],"collection":[{"href":"https:\/\/scantank.ee\/fi\/wp-json\/wp\/v2\/product"}],"about":[{"href":"https:\/\/scantank.ee\/fi\/wp-json\/wp\/v2\/types\/product"}],"wp:featuredmedia":[{"embeddable":true,"href":"https:\/\/scantank.ee\/fi\/wp-json\/wp\/v2\/media\/2309"}],"wp:attachment":[{"href":"https:\/\/scantank.ee\/fi\/wp-json\/wp\/v2\/media?parent=2388"}],"wp:term":[{"taxonomy":"product_cat","embeddable":true,"href":"https:\/\/scantank.ee\/fi\/wp-json\/wp\/v2\/product_cat?post=2388"},{"taxonomy":"product_tag","embeddable":true,"href":"https:\/\/scantank.ee\/fi\/wp-json\/wp\/v2\/product_tag?post=2388"}],"curies":[{"name":"wp","href":"https:\/\/api.w.org\/{rel}","templated":true}]}}