{"id":2402,"date":"2019-08-09T09:51:38","date_gmt":"2019-10-14T08:32:02","guid":{"rendered":"https:\/\/scantank.ee\/toode\/hiekan-ja-lietteenerotin-lm600\/"},"modified":"2022-08-03T10:52:41","modified_gmt":"2022-08-03T10:52:41","slug":"hiekan-ja-lietteenerotin-lm600","status":"publish","type":"product","link":"https:\/\/scantank.ee\/fi\/toode\/hiekan-ja-lietteenerotin-lm600\/","title":{"rendered":"hiekan- ja lietteenerotin LM600\u2013LM40000"},"content":{"rendered":"<h2><strong>Hiekan- ja lietteenerottimet<\/strong><\/h2>\n<p>Hiekan- ja lietteenerottimet LM600\u2013LM40000 on tarkoitettu hiekan, lietteen ja muiden kiinteiden hiukkasten poistamiseen j\u00e4te- ja sadevedest\u00e4. Ne varmistavat viem\u00e4rij\u00e4rjestelm\u00e4n toiminnan ilman tukoksia. Aineiden ominaispainoissa ja viipymisajassa ilmenevien erojen ansiosta painavammat hiukkaset painuvat vedess\u00e4 erottimen pohjaan, ja puhdas vesi siirtyy eteenp\u00e4in. Vastaavia erottimia k\u00e4ytet\u00e4\u00e4n l\u00e4hinn\u00e4 + Autopesuloissa + Pys\u00e4k\u00f6intialueilla + Piha-alueilla + Korjaamoissa + Varastoalueilla + Ajoteill\u00e4 \u00d6ljynerottimia koskevan EN 858 -standardin perusteella hiekan- ja lietteenerotin asennetaan ennen \u00f6ljynerotinta. \u00a0 Hiekan- ja lietteenerottimeen voi asentaa lis\u00e4varusteena lietekerroksen tason h\u00e4lytyslaitteen, joka ilmoittaa \u00e4\u00e4ni- ja valomerkill\u00e4 hiekan- ja lietteenerotinkammion t\u00e4yttymisest\u00e4. Kun puolet lietetilasta on t\u00e4yttynyt, hiekan- ja lietteenerotin on tyhjennett\u00e4v\u00e4. Hiekan- ja lietteenerottimien mukana tulevat vaatimustenmukaisuusvakuutukset sek\u00e4 asennus- ja huolto-ohjeet. Hiekan- ja lietteenerottimen merkinn\u00e4ss\u00e4 oleva numero kertoo erottimen lietetilavuuden (dm\u00b3). \u00a0 <em>Jos haluat lis\u00e4tietoa, ota meihin yhteytt\u00e4.<\/em><\/p>\n","protected":false},"excerpt":{"rendered":"<p>Hiekan- ja lietteenerottimet Hiekan- ja lietteenerottimet LM600\u2013LM40000 on tarkoitettu hiekan, lietteen ja muiden kiinteiden hiukkasten poistamiseen j\u00e4te- ja sadevedest\u00e4. Ne varmistavat viem\u00e4rij\u00e4rjestelm\u00e4n toiminnan ilman tukoksia. Aineiden ominaispainoissa ja viipymisajassa ilmenevien erojen ansiosta painavammat hiukkaset painuvat vedess\u00e4 erottimen pohjaan, ja puhdas vesi siirtyy eteenp\u00e4in. Vastaavia erottimia k\u00e4ytet\u00e4\u00e4n l\u00e4hinn\u00e4 + Autopesuloissa + Pys\u00e4k\u00f6intialueilla + Piha-alueilla + Korjaamoissa [&hellip;]<\/p>\n","protected":false},"featured_media":2309,"template":"","meta":{"_acf_changed":false,"inline_featured_image":false,"_exactmetrics_skip_tracking":false,"_exactmetrics_sitenote_active":false,"_exactmetrics_sitenote_note":"","_exactmetrics_sitenote_category":0,"_monsterinsights_skip_tracking":false,"_monsterinsights_sitenote_active":false,"_monsterinsights_sitenote_note":"","_monsterinsights_sitenote_category":0},"product_cat":[156],"product_tag":[],"class_list":{"0":"post-2402","1":"product","2":"type-product","3":"status-publish","4":"has-post-thumbnail","6":"product_cat-hiekan-ja-lietteenerottimet","8":"first","9":"instock","10":"shipping-taxable","11":"product-type-simple"},"acf":[],"yoast_head":"<!-- This site is optimized with the Yoast SEO plugin v23.1 - https:\/\/yoast.com\/wordpress\/plugins\/seo\/ -->\n<title>hiekan- ja lietteenerotin LM600\u2013LM40000 |% Laaja valikoima erilaisia hiekan- ja lietteenerottimia<\/title>\n<meta name=\"description\" content=\"Hiekan- ja lietteenerotin LM600 on suunniteltu poistamaan hiekkaa, lietett\u00e4 ja muita kiinteit\u00e4 hiukkasia j\u00e4tevedest\u00e4 ja sadevedest\u00e4 viem\u00e4reiden tukkeutumisen est\u00e4miseksi.\" \/>\n<meta name=\"robots\" content=\"index, follow, max-snippet:-1, max-image-preview:large, max-video-preview:-1\" \/>\n<link rel=\"canonical\" href=\"https:\/\/scantank.ee\/fi\/toode\/hiekan-ja-lietteenerotin-lm600\/\" \/>\n<meta property=\"og:locale\" content=\"fi_FI\" \/>\n<meta property=\"og:type\" content=\"article\" \/>\n<meta property=\"og:title\" content=\"hiekan- ja lietteenerotin LM600\u2013LM40000 |% Laaja valikoima erilaisia hiekan- ja lietteenerottimia\" \/>\n<meta property=\"og:description\" content=\"Hiekan- ja lietteenerotin LM600 on suunniteltu poistamaan hiekkaa, lietett\u00e4 ja muita kiinteit\u00e4 hiukkasia j\u00e4tevedest\u00e4 ja sadevedest\u00e4 viem\u00e4reiden tukkeutumisen est\u00e4miseksi.\" \/>\n<meta property=\"og:url\" content=\"https:\/\/scantank.ee\/fi\/toode\/hiekan-ja-lietteenerotin-lm600\/\" \/>\n<meta property=\"og:site_name\" content=\"Scantank\" \/>\n<meta property=\"article:publisher\" content=\"http:\/\/www.facebook.com\/scantank\" \/>\n<meta property=\"article:modified_time\" content=\"2022-08-03T10:52:41+00:00\" \/>\n<meta property=\"og:image\" content=\"https:\/\/www.scantank.ee\/wp-content\/uploads\/2019\/08\/pu\u0308u\u0308dur.jpg\" \/>\n\t<meta property=\"og:image:width\" content=\"1286\" \/>\n\t<meta property=\"og:image:height\" content=\"2081\" \/>\n\t<meta property=\"og:image:type\" content=\"image\/jpeg\" \/>\n<meta name=\"twitter:card\" content=\"summary_large_image\" \/>\n<meta name=\"twitter:label1\" content=\"Arvioitu lukuaika\" \/>\n\t<meta name=\"twitter:data1\" content=\"1 minuutti\" \/>\n<script type=\"application\/ld+json\" class=\"yoast-schema-graph\">{\"@context\":\"https:\/\/schema.org\",\"@graph\":[{\"@type\":\"WebPage\",\"@id\":\"https:\/\/scantank.ee\/fi\/toode\/hiekan-ja-lietteenerotin-lm600\/\",\"url\":\"https:\/\/scantank.ee\/fi\/toode\/hiekan-ja-lietteenerotin-lm600\/\",\"name\":\"hiekan- ja lietteenerotin LM600\u2013LM40000 |% Laaja valikoima erilaisia hiekan- ja lietteenerottimia\",\"isPartOf\":{\"@id\":\"https:\/\/scantank.ee\/fi\/#website\"},\"primaryImageOfPage\":{\"@id\":\"https:\/\/scantank.ee\/fi\/toode\/hiekan-ja-lietteenerotin-lm600\/#primaryimage\"},\"image\":{\"@id\":\"https:\/\/scantank.ee\/fi\/toode\/hiekan-ja-lietteenerotin-lm600\/#primaryimage\"},\"thumbnailUrl\":\"https:\/\/www.scantank.ee\/wp-content\/uploads\/2019\/08\/pu\u0308u\u0308dur.jpg\",\"datePublished\":\"2019-10-14T08:32:02+00:00\",\"dateModified\":\"2022-08-03T10:52:41+00:00\",\"description\":\"Hiekan- ja lietteenerotin LM600 on suunniteltu poistamaan hiekkaa, lietett\u00e4 ja muita kiinteit\u00e4 hiukkasia j\u00e4tevedest\u00e4 ja sadevedest\u00e4 viem\u00e4reiden tukkeutumisen est\u00e4miseksi.\",\"breadcrumb\":{\"@id\":\"https:\/\/scantank.ee\/fi\/toode\/hiekan-ja-lietteenerotin-lm600\/#breadcrumb\"},\"inLanguage\":\"fi\",\"potentialAction\":[{\"@type\":\"ReadAction\",\"target\":[\"https:\/\/scantank.ee\/fi\/toode\/hiekan-ja-lietteenerotin-lm600\/\"]}]},{\"@type\":\"ImageObject\",\"inLanguage\":\"fi\",\"@id\":\"https:\/\/scantank.ee\/fi\/toode\/hiekan-ja-lietteenerotin-lm600\/#primaryimage\",\"url\":\"https:\/\/www.scantank.ee\/wp-content\/uploads\/2019\/08\/pu\u0308u\u0308dur.jpg\",\"contentUrl\":\"https:\/\/www.scantank.ee\/wp-content\/uploads\/2019\/08\/pu\u0308u\u0308dur.jpg\",\"width\":1286,\"height\":2081,\"caption\":\"\u00d6ljyn- ja hiekanerotin\"},{\"@type\":\"BreadcrumbList\",\"@id\":\"https:\/\/scantank.ee\/fi\/toode\/hiekan-ja-lietteenerotin-lm600\/#breadcrumb\",\"itemListElement\":[{\"@type\":\"ListItem\",\"position\":1,\"name\":\"Home\",\"item\":\"https:\/\/scantank.ee\/fi\/\"},{\"@type\":\"ListItem\",\"position\":2,\"name\":\"Tuoteluettelo\",\"item\":\"https:\/\/scantank.ee\/fi\/tuoteluettelo\/\"},{\"@type\":\"ListItem\",\"position\":3,\"name\":\"hiekan- ja lietteenerotin LM600\u2013LM40000\"}]},{\"@type\":\"WebSite\",\"@id\":\"https:\/\/scantank.ee\/fi\/#website\",\"url\":\"https:\/\/scantank.ee\/fi\/\",\"name\":\"Scantank\",\"description\":\"\",\"publisher\":{\"@id\":\"https:\/\/scantank.ee\/fi\/#organization\"},\"potentialAction\":[{\"@type\":\"SearchAction\",\"target\":{\"@type\":\"EntryPoint\",\"urlTemplate\":\"https:\/\/scantank.ee\/fi\/?s={search_term_string}\"},\"query-input\":\"required name=search_term_string\"}],\"inLanguage\":\"fi\"},{\"@type\":\"Organization\",\"@id\":\"https:\/\/scantank.ee\/fi\/#organization\",\"name\":\"Scantank O\u00dc\",\"url\":\"https:\/\/scantank.ee\/fi\/\",\"logo\":{\"@type\":\"ImageObject\",\"inLanguage\":\"fi\",\"@id\":\"https:\/\/scantank.ee\/fi\/#\/schema\/logo\/image\/\",\"url\":\"https:\/\/scantank.ee\/wp-content\/uploads\/2019\/08\/scantank-new.png\",\"contentUrl\":\"https:\/\/scantank.ee\/wp-content\/uploads\/2019\/08\/scantank-new.png\",\"width\":1041,\"height\":221,\"caption\":\"Scantank O\u00dc\"},\"image\":{\"@id\":\"https:\/\/scantank.ee\/fi\/#\/schema\/logo\/image\/\"},\"sameAs\":[\"http:\/\/www.facebook.com\/scantank\"]}]}<\/script>\n<!-- \/ Yoast SEO plugin. -->","yoast_head_json":{"title":"hiekan- ja lietteenerotin LM600\u2013LM40000 |% Laaja valikoima erilaisia hiekan- ja lietteenerottimia","description":"Hiekan- ja lietteenerotin LM600 on suunniteltu poistamaan hiekkaa, lietett\u00e4 ja muita kiinteit\u00e4 hiukkasia j\u00e4tevedest\u00e4 ja sadevedest\u00e4 viem\u00e4reiden tukkeutumisen est\u00e4miseksi.","robots":{"index":"index","follow":"follow","max-snippet":"max-snippet:-1","max-image-preview":"max-image-preview:large","max-video-preview":"max-video-preview:-1"},"canonical":"https:\/\/scantank.ee\/fi\/toode\/hiekan-ja-lietteenerotin-lm600\/","og_locale":"fi_FI","og_type":"article","og_title":"hiekan- ja lietteenerotin LM600\u2013LM40000 |% Laaja valikoima erilaisia hiekan- ja lietteenerottimia","og_description":"Hiekan- ja lietteenerotin LM600 on suunniteltu poistamaan hiekkaa, lietett\u00e4 ja muita kiinteit\u00e4 hiukkasia j\u00e4tevedest\u00e4 ja sadevedest\u00e4 viem\u00e4reiden tukkeutumisen est\u00e4miseksi.","og_url":"https:\/\/scantank.ee\/fi\/toode\/hiekan-ja-lietteenerotin-lm600\/","og_site_name":"Scantank","article_publisher":"http:\/\/www.facebook.com\/scantank","article_modified_time":"2022-08-03T10:52:41+00:00","og_image":[{"width":1286,"height":2081,"url":"https:\/\/www.scantank.ee\/wp-content\/uploads\/2019\/08\/pu\u0308u\u0308dur.jpg","type":"image\/jpeg"}],"twitter_card":"summary_large_image","twitter_misc":{"Arvioitu lukuaika":"1 minuutti"},"schema":{"@context":"https:\/\/schema.org","@graph":[{"@type":"WebPage","@id":"https:\/\/scantank.ee\/fi\/toode\/hiekan-ja-lietteenerotin-lm600\/","url":"https:\/\/scantank.ee\/fi\/toode\/hiekan-ja-lietteenerotin-lm600\/","name":"hiekan- ja lietteenerotin LM600\u2013LM40000 |% Laaja valikoima erilaisia hiekan- ja lietteenerottimia","isPartOf":{"@id":"https:\/\/scantank.ee\/fi\/#website"},"primaryImageOfPage":{"@id":"https:\/\/scantank.ee\/fi\/toode\/hiekan-ja-lietteenerotin-lm600\/#primaryimage"},"image":{"@id":"https:\/\/scantank.ee\/fi\/toode\/hiekan-ja-lietteenerotin-lm600\/#primaryimage"},"thumbnailUrl":"https:\/\/www.scantank.ee\/wp-content\/uploads\/2019\/08\/pu\u0308u\u0308dur.jpg","datePublished":"2019-10-14T08:32:02+00:00","dateModified":"2022-08-03T10:52:41+00:00","description":"Hiekan- ja lietteenerotin LM600 on suunniteltu poistamaan hiekkaa, lietett\u00e4 ja muita kiinteit\u00e4 hiukkasia j\u00e4tevedest\u00e4 ja sadevedest\u00e4 viem\u00e4reiden tukkeutumisen est\u00e4miseksi.","breadcrumb":{"@id":"https:\/\/scantank.ee\/fi\/toode\/hiekan-ja-lietteenerotin-lm600\/#breadcrumb"},"inLanguage":"fi","potentialAction":[{"@type":"ReadAction","target":["https:\/\/scantank.ee\/fi\/toode\/hiekan-ja-lietteenerotin-lm600\/"]}]},{"@type":"ImageObject","inLanguage":"fi","@id":"https:\/\/scantank.ee\/fi\/toode\/hiekan-ja-lietteenerotin-lm600\/#primaryimage","url":"https:\/\/www.scantank.ee\/wp-content\/uploads\/2019\/08\/pu\u0308u\u0308dur.jpg","contentUrl":"https:\/\/www.scantank.ee\/wp-content\/uploads\/2019\/08\/pu\u0308u\u0308dur.jpg","width":1286,"height":2081,"caption":"\u00d6ljyn- ja hiekanerotin"},{"@type":"BreadcrumbList","@id":"https:\/\/scantank.ee\/fi\/toode\/hiekan-ja-lietteenerotin-lm600\/#breadcrumb","itemListElement":[{"@type":"ListItem","position":1,"name":"Home","item":"https:\/\/scantank.ee\/fi\/"},{"@type":"ListItem","position":2,"name":"Tuoteluettelo","item":"https:\/\/scantank.ee\/fi\/tuoteluettelo\/"},{"@type":"ListItem","position":3,"name":"hiekan- ja lietteenerotin LM600\u2013LM40000"}]},{"@type":"WebSite","@id":"https:\/\/scantank.ee\/fi\/#website","url":"https:\/\/scantank.ee\/fi\/","name":"Scantank","description":"","publisher":{"@id":"https:\/\/scantank.ee\/fi\/#organization"},"potentialAction":[{"@type":"SearchAction","target":{"@type":"EntryPoint","urlTemplate":"https:\/\/scantank.ee\/fi\/?s={search_term_string}"},"query-input":"required name=search_term_string"}],"inLanguage":"fi"},{"@type":"Organization","@id":"https:\/\/scantank.ee\/fi\/#organization","name":"Scantank O\u00dc","url":"https:\/\/scantank.ee\/fi\/","logo":{"@type":"ImageObject","inLanguage":"fi","@id":"https:\/\/scantank.ee\/fi\/#\/schema\/logo\/image\/","url":"https:\/\/scantank.ee\/wp-content\/uploads\/2019\/08\/scantank-new.png","contentUrl":"https:\/\/scantank.ee\/wp-content\/uploads\/2019\/08\/scantank-new.png","width":1041,"height":221,"caption":"Scantank O\u00dc"},"image":{"@id":"https:\/\/scantank.ee\/fi\/#\/schema\/logo\/image\/"},"sameAs":["http:\/\/www.facebook.com\/scantank"]}]}},"_links":{"self":[{"href":"https:\/\/scantank.ee\/fi\/wp-json\/wp\/v2\/product\/2402"}],"collection":[{"href":"https:\/\/scantank.ee\/fi\/wp-json\/wp\/v2\/product"}],"about":[{"href":"https:\/\/scantank.ee\/fi\/wp-json\/wp\/v2\/types\/product"}],"wp:featuredmedia":[{"embeddable":true,"href":"https:\/\/scantank.ee\/fi\/wp-json\/wp\/v2\/media\/2309"}],"wp:attachment":[{"href":"https:\/\/scantank.ee\/fi\/wp-json\/wp\/v2\/media?parent=2402"}],"wp:term":[{"taxonomy":"product_cat","embeddable":true,"href":"https:\/\/scantank.ee\/fi\/wp-json\/wp\/v2\/product_cat?post=2402"},{"taxonomy":"product_tag","embeddable":true,"href":"https:\/\/scantank.ee\/fi\/wp-json\/wp\/v2\/product_tag?post=2402"}],"curies":[{"name":"wp","href":"https:\/\/api.w.org\/{rel}","templated":true}]}}