{"id":2417,"date":"2019-08-09T09:51:43","date_gmt":"2019-10-14T08:32:17","guid":{"rendered":"https:\/\/scantank.ee\/toode\/naytteenottokaivo-pvk110\/"},"modified":"2022-08-03T10:52:41","modified_gmt":"2022-08-03T10:52:41","slug":"naytteenottokaivo-pvk110","status":"publish","type":"product","link":"https:\/\/scantank.ee\/fi\/toode\/naytteenottokaivo-pvk110\/","title":{"rendered":"N\u00e4ytteenottokaivot PVK110\u2013PVK600"},"content":{"rendered":"<div class=\"wpb_text_column wpb_content_element \">\n<div class=\"wpb_wrapper\">\n<h2><strong>N\u00e4ytteenottokaivo PVK110\u2013PVK600<\/strong><\/h2>\n<p>N\u00e4ytteenottokaivoa tarvitaan vesin\u00e4ytteiden ottamiseksi viem\u00e4rij\u00e4rjestelmist\u00e4. N\u00e4ytteenottokaivoja k\u00e4ytet\u00e4\u00e4n l\u00e4hinn\u00e4 \u00f6ljyn- tai rasvanerottimien j\u00e4lkeen. N\u00e4ytteenottokaivot asennetaan yleens\u00e4 ennen kuin vesi lasketaan putkistosta ymp\u00e4rist\u00f6\u00f6n. Kaivossa on putkiston koosta riippuen l\u00e4pp\u00e4venttiili DN100\u2013DN600, jonka sulkemalla voidaan est\u00e4\u00e4 normiarvot ylitt\u00e4v\u00e4n j\u00e4teveden p\u00e4\u00e4sy yleiseen vesi- ja viem\u00e4riverkostoon tai luonnonvesist\u00f6\u00f6n. N\u00e4ytteenottokaivo valitaan putkiston halkaisijan mukaan.<\/p>\n<\/div>\n<\/div>\n<div class=\"wpb_text_column wpb_content_element \">\n<div class=\"wpb_wrapper\">\n<p>PVK:n valmistusnormit ovat &#8221;Viem\u00e4rirakennelmien vedensuojeluvaatimukset&#8221; <em>Lis\u00e4tietojen tai tarjouksen saamiseksi ota meihin yhteytt\u00e4.<\/em><\/p>\n<\/div>\n<\/div>\n","protected":false},"excerpt":{"rendered":"<p>N\u00e4ytteenottokaivo PVK110\u2013PVK600 N\u00e4ytteenottokaivoa tarvitaan vesin\u00e4ytteiden ottamiseksi viem\u00e4rij\u00e4rjestelmist\u00e4. N\u00e4ytteenottokaivoja k\u00e4ytet\u00e4\u00e4n l\u00e4hinn\u00e4 \u00f6ljyn- tai rasvanerottimien j\u00e4lkeen. N\u00e4ytteenottokaivot asennetaan yleens\u00e4 ennen kuin vesi lasketaan putkistosta ymp\u00e4rist\u00f6\u00f6n. Kaivossa on putkiston koosta riippuen l\u00e4pp\u00e4venttiili DN100\u2013DN600, jonka sulkemalla voidaan est\u00e4\u00e4 normiarvot ylitt\u00e4v\u00e4n j\u00e4teveden p\u00e4\u00e4sy yleiseen vesi- ja viem\u00e4riverkostoon tai luonnonvesist\u00f6\u00f6n. N\u00e4ytteenottokaivo valitaan putkiston halkaisijan mukaan. PVK:n valmistusnormit ovat &#8221;Viem\u00e4rirakennelmien vedensuojeluvaatimukset&#8221; Lis\u00e4tietojen [&hellip;]<\/p>\n","protected":false},"featured_media":3645,"template":"","meta":{"_acf_changed":false,"inline_featured_image":false,"_exactmetrics_skip_tracking":false,"_exactmetrics_sitenote_active":false,"_exactmetrics_sitenote_note":"","_exactmetrics_sitenote_category":0,"_monsterinsights_skip_tracking":false,"_monsterinsights_sitenote_active":false,"_monsterinsights_sitenote_note":"","_monsterinsights_sitenote_category":0},"product_cat":[157],"product_tag":[],"class_list":{"0":"post-2417","1":"product","2":"type-product","3":"status-publish","4":"has-post-thumbnail","6":"product_cat-naytteenottokaivot","8":"first","9":"instock","10":"shipping-taxable","11":"product-type-simple"},"acf":[],"yoast_head":"<!-- This site is optimized with the Yoast SEO plugin v23.1 - https:\/\/yoast.com\/wordpress\/plugins\/seo\/ -->\n<title>N\u00e4ytteenottokaivot PVK110\u2013PVK600 |% Erilaiset n\u00e4ytteenottokaivot |% Scantank O\u00dc<\/title>\n<meta name=\"description\" content=\"N\u00e4ytteenottokaivo PVK110 vesin\u00e4ytteiden ottamiseksi viem\u00e4rij\u00e4rjestelmist\u00e4. Takuu 10 vuotta! Toimitus ja asennus! Ota yhteytt\u00e4! Puh. 5845 1580, info@scantank.ee\" \/>\n<meta name=\"robots\" content=\"index, follow, max-snippet:-1, max-image-preview:large, max-video-preview:-1\" \/>\n<link rel=\"canonical\" href=\"https:\/\/scantank.ee\/fi\/toode\/naytteenottokaivo-pvk110\/\" \/>\n<meta property=\"og:locale\" content=\"fi_FI\" \/>\n<meta property=\"og:type\" content=\"article\" \/>\n<meta property=\"og:title\" content=\"N\u00e4ytteenottokaivot PVK110\u2013PVK600 |% Erilaiset n\u00e4ytteenottokaivot |% Scantank O\u00dc\" \/>\n<meta property=\"og:description\" content=\"N\u00e4ytteenottokaivo PVK110 vesin\u00e4ytteiden ottamiseksi viem\u00e4rij\u00e4rjestelmist\u00e4. Takuu 10 vuotta! Toimitus ja asennus! Ota yhteytt\u00e4! Puh. 5845 1580, info@scantank.ee\" \/>\n<meta property=\"og:url\" content=\"https:\/\/scantank.ee\/fi\/toode\/naytteenottokaivo-pvk110\/\" \/>\n<meta property=\"og:site_name\" content=\"Scantank\" \/>\n<meta property=\"article:publisher\" content=\"http:\/\/www.facebook.com\/scantank\" \/>\n<meta property=\"article:modified_time\" content=\"2022-08-03T10:52:41+00:00\" \/>\n<meta property=\"og:image\" content=\"https:\/\/scantank.ee\/wp-content\/uploads\/2019\/08\/PVK-1.jpg\" \/>\n\t<meta property=\"og:image:width\" content=\"562\" \/>\n\t<meta property=\"og:image:height\" content=\"640\" \/>\n\t<meta property=\"og:image:type\" content=\"image\/jpeg\" \/>\n<meta name=\"twitter:card\" content=\"summary_large_image\" \/>\n<script type=\"application\/ld+json\" class=\"yoast-schema-graph\">{\"@context\":\"https:\/\/schema.org\",\"@graph\":[{\"@type\":\"WebPage\",\"@id\":\"https:\/\/scantank.ee\/fi\/toode\/naytteenottokaivo-pvk110\/\",\"url\":\"https:\/\/scantank.ee\/fi\/toode\/naytteenottokaivo-pvk110\/\",\"name\":\"N\u00e4ytteenottokaivot PVK110\u2013PVK600 |% Erilaiset n\u00e4ytteenottokaivot |% Scantank O\u00dc\",\"isPartOf\":{\"@id\":\"https:\/\/scantank.ee\/fi\/#website\"},\"primaryImageOfPage\":{\"@id\":\"https:\/\/scantank.ee\/fi\/toode\/naytteenottokaivo-pvk110\/#primaryimage\"},\"image\":{\"@id\":\"https:\/\/scantank.ee\/fi\/toode\/naytteenottokaivo-pvk110\/#primaryimage\"},\"thumbnailUrl\":\"https:\/\/www.scantank.ee\/wp-content\/uploads\/2019\/08\/PVK-1.jpg\",\"datePublished\":\"2019-10-14T08:32:17+00:00\",\"dateModified\":\"2022-08-03T10:52:41+00:00\",\"description\":\"N\u00e4ytteenottokaivo PVK110 vesin\u00e4ytteiden ottamiseksi viem\u00e4rij\u00e4rjestelmist\u00e4. Takuu 10 vuotta! Toimitus ja asennus! Ota yhteytt\u00e4! Puh. 5845 1580, info@scantank.ee\",\"breadcrumb\":{\"@id\":\"https:\/\/scantank.ee\/fi\/toode\/naytteenottokaivo-pvk110\/#breadcrumb\"},\"inLanguage\":\"fi\",\"potentialAction\":[{\"@type\":\"ReadAction\",\"target\":[\"https:\/\/scantank.ee\/fi\/toode\/naytteenottokaivo-pvk110\/\"]}]},{\"@type\":\"ImageObject\",\"inLanguage\":\"fi\",\"@id\":\"https:\/\/scantank.ee\/fi\/toode\/naytteenottokaivo-pvk110\/#primaryimage\",\"url\":\"https:\/\/www.scantank.ee\/wp-content\/uploads\/2019\/08\/PVK-1.jpg\",\"contentUrl\":\"https:\/\/www.scantank.ee\/wp-content\/uploads\/2019\/08\/PVK-1.jpg\",\"width\":562,\"height\":640},{\"@type\":\"BreadcrumbList\",\"@id\":\"https:\/\/scantank.ee\/fi\/toode\/naytteenottokaivo-pvk110\/#breadcrumb\",\"itemListElement\":[{\"@type\":\"ListItem\",\"position\":1,\"name\":\"Home\",\"item\":\"https:\/\/scantank.ee\/fi\/\"},{\"@type\":\"ListItem\",\"position\":2,\"name\":\"Tuoteluettelo\",\"item\":\"https:\/\/scantank.ee\/fi\/tuoteluettelo\/\"},{\"@type\":\"ListItem\",\"position\":3,\"name\":\"N\u00e4ytteenottokaivot PVK110\u2013PVK600\"}]},{\"@type\":\"WebSite\",\"@id\":\"https:\/\/scantank.ee\/fi\/#website\",\"url\":\"https:\/\/scantank.ee\/fi\/\",\"name\":\"Scantank\",\"description\":\"\",\"publisher\":{\"@id\":\"https:\/\/scantank.ee\/fi\/#organization\"},\"potentialAction\":[{\"@type\":\"SearchAction\",\"target\":{\"@type\":\"EntryPoint\",\"urlTemplate\":\"https:\/\/scantank.ee\/fi\/?s={search_term_string}\"},\"query-input\":\"required name=search_term_string\"}],\"inLanguage\":\"fi\"},{\"@type\":\"Organization\",\"@id\":\"https:\/\/scantank.ee\/fi\/#organization\",\"name\":\"Scantank O\u00dc\",\"url\":\"https:\/\/scantank.ee\/fi\/\",\"logo\":{\"@type\":\"ImageObject\",\"inLanguage\":\"fi\",\"@id\":\"https:\/\/scantank.ee\/fi\/#\/schema\/logo\/image\/\",\"url\":\"https:\/\/scantank.ee\/wp-content\/uploads\/2019\/08\/scantank-new.png\",\"contentUrl\":\"https:\/\/scantank.ee\/wp-content\/uploads\/2019\/08\/scantank-new.png\",\"width\":1041,\"height\":221,\"caption\":\"Scantank O\u00dc\"},\"image\":{\"@id\":\"https:\/\/scantank.ee\/fi\/#\/schema\/logo\/image\/\"},\"sameAs\":[\"http:\/\/www.facebook.com\/scantank\"]}]}<\/script>\n<!-- \/ Yoast SEO plugin. -->","yoast_head_json":{"title":"N\u00e4ytteenottokaivot PVK110\u2013PVK600 |% Erilaiset n\u00e4ytteenottokaivot |% Scantank O\u00dc","description":"N\u00e4ytteenottokaivo PVK110 vesin\u00e4ytteiden ottamiseksi viem\u00e4rij\u00e4rjestelmist\u00e4. Takuu 10 vuotta! Toimitus ja asennus! Ota yhteytt\u00e4! Puh. 5845 1580, info@scantank.ee","robots":{"index":"index","follow":"follow","max-snippet":"max-snippet:-1","max-image-preview":"max-image-preview:large","max-video-preview":"max-video-preview:-1"},"canonical":"https:\/\/scantank.ee\/fi\/toode\/naytteenottokaivo-pvk110\/","og_locale":"fi_FI","og_type":"article","og_title":"N\u00e4ytteenottokaivot PVK110\u2013PVK600 |% Erilaiset n\u00e4ytteenottokaivot |% Scantank O\u00dc","og_description":"N\u00e4ytteenottokaivo PVK110 vesin\u00e4ytteiden ottamiseksi viem\u00e4rij\u00e4rjestelmist\u00e4. Takuu 10 vuotta! Toimitus ja asennus! Ota yhteytt\u00e4! Puh. 5845 1580, info@scantank.ee","og_url":"https:\/\/scantank.ee\/fi\/toode\/naytteenottokaivo-pvk110\/","og_site_name":"Scantank","article_publisher":"http:\/\/www.facebook.com\/scantank","article_modified_time":"2022-08-03T10:52:41+00:00","og_image":[{"width":562,"height":640,"url":"https:\/\/scantank.ee\/wp-content\/uploads\/2019\/08\/PVK-1.jpg","type":"image\/jpeg"}],"twitter_card":"summary_large_image","schema":{"@context":"https:\/\/schema.org","@graph":[{"@type":"WebPage","@id":"https:\/\/scantank.ee\/fi\/toode\/naytteenottokaivo-pvk110\/","url":"https:\/\/scantank.ee\/fi\/toode\/naytteenottokaivo-pvk110\/","name":"N\u00e4ytteenottokaivot PVK110\u2013PVK600 |% Erilaiset n\u00e4ytteenottokaivot |% Scantank O\u00dc","isPartOf":{"@id":"https:\/\/scantank.ee\/fi\/#website"},"primaryImageOfPage":{"@id":"https:\/\/scantank.ee\/fi\/toode\/naytteenottokaivo-pvk110\/#primaryimage"},"image":{"@id":"https:\/\/scantank.ee\/fi\/toode\/naytteenottokaivo-pvk110\/#primaryimage"},"thumbnailUrl":"https:\/\/www.scantank.ee\/wp-content\/uploads\/2019\/08\/PVK-1.jpg","datePublished":"2019-10-14T08:32:17+00:00","dateModified":"2022-08-03T10:52:41+00:00","description":"N\u00e4ytteenottokaivo PVK110 vesin\u00e4ytteiden ottamiseksi viem\u00e4rij\u00e4rjestelmist\u00e4. Takuu 10 vuotta! Toimitus ja asennus! Ota yhteytt\u00e4! Puh. 5845 1580, info@scantank.ee","breadcrumb":{"@id":"https:\/\/scantank.ee\/fi\/toode\/naytteenottokaivo-pvk110\/#breadcrumb"},"inLanguage":"fi","potentialAction":[{"@type":"ReadAction","target":["https:\/\/scantank.ee\/fi\/toode\/naytteenottokaivo-pvk110\/"]}]},{"@type":"ImageObject","inLanguage":"fi","@id":"https:\/\/scantank.ee\/fi\/toode\/naytteenottokaivo-pvk110\/#primaryimage","url":"https:\/\/www.scantank.ee\/wp-content\/uploads\/2019\/08\/PVK-1.jpg","contentUrl":"https:\/\/www.scantank.ee\/wp-content\/uploads\/2019\/08\/PVK-1.jpg","width":562,"height":640},{"@type":"BreadcrumbList","@id":"https:\/\/scantank.ee\/fi\/toode\/naytteenottokaivo-pvk110\/#breadcrumb","itemListElement":[{"@type":"ListItem","position":1,"name":"Home","item":"https:\/\/scantank.ee\/fi\/"},{"@type":"ListItem","position":2,"name":"Tuoteluettelo","item":"https:\/\/scantank.ee\/fi\/tuoteluettelo\/"},{"@type":"ListItem","position":3,"name":"N\u00e4ytteenottokaivot PVK110\u2013PVK600"}]},{"@type":"WebSite","@id":"https:\/\/scantank.ee\/fi\/#website","url":"https:\/\/scantank.ee\/fi\/","name":"Scantank","description":"","publisher":{"@id":"https:\/\/scantank.ee\/fi\/#organization"},"potentialAction":[{"@type":"SearchAction","target":{"@type":"EntryPoint","urlTemplate":"https:\/\/scantank.ee\/fi\/?s={search_term_string}"},"query-input":"required name=search_term_string"}],"inLanguage":"fi"},{"@type":"Organization","@id":"https:\/\/scantank.ee\/fi\/#organization","name":"Scantank O\u00dc","url":"https:\/\/scantank.ee\/fi\/","logo":{"@type":"ImageObject","inLanguage":"fi","@id":"https:\/\/scantank.ee\/fi\/#\/schema\/logo\/image\/","url":"https:\/\/scantank.ee\/wp-content\/uploads\/2019\/08\/scantank-new.png","contentUrl":"https:\/\/scantank.ee\/wp-content\/uploads\/2019\/08\/scantank-new.png","width":1041,"height":221,"caption":"Scantank O\u00dc"},"image":{"@id":"https:\/\/scantank.ee\/fi\/#\/schema\/logo\/image\/"},"sameAs":["http:\/\/www.facebook.com\/scantank"]}]}},"_links":{"self":[{"href":"https:\/\/scantank.ee\/fi\/wp-json\/wp\/v2\/product\/2417"}],"collection":[{"href":"https:\/\/scantank.ee\/fi\/wp-json\/wp\/v2\/product"}],"about":[{"href":"https:\/\/scantank.ee\/fi\/wp-json\/wp\/v2\/types\/product"}],"wp:featuredmedia":[{"embeddable":true,"href":"https:\/\/scantank.ee\/fi\/wp-json\/wp\/v2\/media\/3645"}],"wp:attachment":[{"href":"https:\/\/scantank.ee\/fi\/wp-json\/wp\/v2\/media?parent=2417"}],"wp:term":[{"taxonomy":"product_cat","embeddable":true,"href":"https:\/\/scantank.ee\/fi\/wp-json\/wp\/v2\/product_cat?post=2417"},{"taxonomy":"product_tag","embeddable":true,"href":"https:\/\/scantank.ee\/fi\/wp-json\/wp\/v2\/product_tag?post=2417"}],"curies":[{"name":"wp","href":"https:\/\/api.w.org\/{rel}","templated":true}]}}