{"id":2517,"date":"2019-08-09T09:51:48","date_gmt":"2019-10-14T08:32:40","guid":{"rendered":"https:\/\/scantank.ee\/toode\/filcoten-pro-150\/"},"modified":"2022-08-03T10:52:49","modified_gmt":"2022-08-03T10:52:49","slug":"filcoten-pro-150","status":"publish","type":"product","link":"https:\/\/scantank.ee\/fi\/toode\/filcoten-pro-150\/","title":{"rendered":"Filcoten Pro 150 linjakuivatuskouru"},"content":{"rendered":"<h1><strong>Filcoten Pro 150 linjakuivatuskouru painoluokalle A15\u2013E600.<\/strong><\/h1>\n<p>Filcoten Pro 150 -linjakuivatuskouru, jonka sis\u00e4leveydelt\u00e4\u00e4n 150 mm kourun voi yhdist\u00e4\u00e4 erilaisiin p\u00e4\u00e4llysritil\u00f6ihin ja poistoliit\u00e4nt\u00f6ihin. L\u00f6yd\u00e4t koko Filcoten Pro 150 -sarjan tuotevalikoiman avaamalla tuotesivun. Filcoten-kourut on valmistettu mineraalikuidulla vahvistetusta betonista, mik\u00e4 tekee niist\u00e4 erityisen lujia.<\/p>\n<h3><strong>Tekniset tiedot \u2013 Pro 150:<\/strong><\/h3>\n<table border=\"0\" cellspacing=\"0\" cellpadding=\"2\">\n<tbody>\n<tr>\n<td>Tuote<\/td>\n<td colspan=\"2\">FILCOTEN pro 150<\/td>\n<\/tr>\n<tr>\n<td>Pituus<\/td>\n<td colspan=\"2\">1000 mm<\/td>\n<\/tr>\n<tr>\n<td>Ulkoleveys<\/td>\n<td colspan=\"2\">188 mm<\/td>\n<\/tr>\n<tr>\n<td>Sis\u00e4leveys<\/td>\n<td colspan=\"2\">150 mm<\/td>\n<\/tr>\n<tr>\n<td>Kaltevuus<\/td>\n<td colspan=\"2\">kaltevuudella\/ilman<\/td>\n<\/tr>\n<tr>\n<td>Koko korkeus<\/td>\n<td colspan=\"2\">elementti nro 0 210 mm<\/td>\n<\/tr>\n<tr>\n<td><\/td>\n<td colspan=\"2\">elementti nro 20-0\u00a0 310 mm<\/td>\n<\/tr>\n<tr>\n<td colspan=\"3\"><\/td>\n<\/tr>\n<tr>\n<td>paino ilman ritil\u00e4\u00e4<\/td>\n<td>elementti nro 0<\/td>\n<td colspan=\"1\">noin 30,8 kg<\/td>\n<\/tr>\n<tr>\n<td><\/td>\n<td>elementti nro 20-0<\/td>\n<td colspan=\"1\">noin 48,7 kg<\/td>\n<\/tr>\n<\/tbody>\n<\/table>\n<p>Filcoten-linjakuivatuskourut kattavat kuormitusluokat A15\u2013F900 P\u00e4\u00e4llysritil\u00e4t: galvanoitu tai ruostumaton ter\u00e4s, valurauta tai erikoispolyamidi. Ei ole vaarallinen ihmiselle eik\u00e4 ymp\u00e4rist\u00f6lle. IBR (Institut Baubiologie Rosenheim) -ymp\u00e4rist\u00f6sertifikaatti. Tuote soveltuu korkean energiatehokkuuden \u201dBREEAM\u201d-kohteille A1-paloturvallisuustaso (palamaton) CE-sertifikaatti EN1433 Valmistettu It\u00e4vallassa.<\/p>\n<h3><strong>FILCOTEN\u00ae HPC -linjakuivatuskourun edut:<\/strong><\/h3>\n<p>&#8211; 100 % mineraaliset raaka-aineet &#8211; suuri iskunkest\u00e4vyys &#8211; korkea puristuslujuus &#8211; eritt\u00e4in vakaa, kevyt mutta kest\u00e4v\u00e4 &#8211; palamaton materiaali (luokka A1) &#8211; laajenemiskerroin on identtinen betonin kanssa &#8211; soveltuu erinomaisesti asennettavaksi betoniin eik\u00e4 aiheuta l\u00e4mp\u00f6tilaeroista johtuvia halkeamia &#8211; voimakas tarttuvuus ymp\u00e4r\u00f6iv\u00e4\u00e4n betoniin &#8211; kest\u00e4\u00e4 hyvin l\u00e4mp\u00f6tilan muutoksia, pakkasta sek\u00e4 UV-s\u00e4teily\u00e4 &#8211; valmistettu 100 % vihre\u00e4ll\u00e4 energialla &#8211; ISO 14040 ja ISO 14044 tai EN 15804 &#8211; ei saastuta ymp\u00e4rist\u00f6\u00e4, 100 % kierr\u00e4tett\u00e4v\u00e4\u00e4 &#8211; ei sis\u00e4ll\u00e4 haihtuvia orgaanisia yhdisteit\u00e4, styreeni\u00e4, BTEX:\u00e4\u00e4, raskasmetalleja tai radioaktiivisia aineita Sis\u00e4leveydelt\u00e4\u00e4n 150 mm kourut voidaan yhdist\u00e4\u00e4 erilaisiin p\u00e4\u00e4llysritil\u00f6ihin ja viem\u00e4riliit\u00e4nt\u00f6ihin. L\u00f6yd\u00e4t koko Filcoten Pro 150 -sarjan tuotevalikoiman avaamalla tuotesivun. Tuoteseloste:\u00a0<a href=\"https:\/\/scantank.ee\/wp-content\/uploads\/2019\/08\/FCT_pro_NW150-Tooteleht-ENG.pdf\">FCT_pro_NW150 Tuoteseloste ENG<\/a> Asennusohje:\u00a0<a href=\"https:\/\/scantank.ee\/wp-content\/uploads\/2019\/08\/FCT_pro_NW150-Paigaldusjuhend-ENG.pdf\">FCT_pro_NW150 Asennusohje ENG<\/a> Vaatimustenmukaisuusvakuutus: <a href=\"https:\/\/scantank.ee\/wp-content\/uploads\/2019\/08\/DoP_106_BG_FCT_pro_V-E_EN-vastavus-dekl..pdf\">DoP_106_BG_FCT_pro_V-E_EN (vaatimustenmukaisuusvak.)<\/a><a href=\"https:\/\/scantank.ee\/wp-content\/uploads\/2019\/08\/DoP_106_BG_FCT_pro_V-E_EN-vastavus-dekl..pdf\">\u00a0<\/a><a href=\"https:\/\/scantank.ee\/wp-content\/uploads\/2019\/08\/DoP_100_BG_FCT_pro_G_EN-vastavus-dekl..pdf\">DoP_100_BG_FCT_pro_G_EN (vaatimustenmukaisuusvakuutus)<\/a> <em>Jos haluat lis\u00e4tietoa, ota meihin yhteytt\u00e4.<\/em><\/p>\n","protected":false},"excerpt":{"rendered":"<p>Filcoten Pro 150 linjakuivatuskouru painoluokalle A15\u2013E600. Filcoten Pro 150 -linjakuivatuskouru, jonka sis\u00e4leveydelt\u00e4\u00e4n 150 mm kourun voi yhdist\u00e4\u00e4 erilaisiin p\u00e4\u00e4llysritil\u00f6ihin ja poistoliit\u00e4nt\u00f6ihin. L\u00f6yd\u00e4t koko Filcoten Pro 150 -sarjan tuotevalikoiman avaamalla tuotesivun. Filcoten-kourut on valmistettu mineraalikuidulla vahvistetusta betonista, mik\u00e4 tekee niist\u00e4 erityisen lujia. Tekniset tiedot \u2013 Pro 150: Tuote FILCOTEN pro 150 Pituus 1000 mm Ulkoleveys 188 [&hellip;]<\/p>\n","protected":false},"featured_media":2518,"template":"","meta":{"_acf_changed":false,"inline_featured_image":false,"_exactmetrics_skip_tracking":false,"_exactmetrics_sitenote_active":false,"_exactmetrics_sitenote_note":"","_exactmetrics_sitenote_category":0,"_monsterinsights_skip_tracking":false,"_monsterinsights_sitenote_active":false,"_monsterinsights_sitenote_note":"","_monsterinsights_sitenote_category":0},"product_cat":[275],"product_tag":[],"class_list":{"0":"post-2517","1":"product","2":"type-product","3":"status-publish","4":"has-post-thumbnail","6":"product_cat--i--fi","8":"first","9":"instock","10":"shipping-taxable","11":"product-type-simple"},"acf":[],"yoast_head":"<!-- This site is optimized with the Yoast SEO plugin v23.1 - https:\/\/yoast.com\/wordpress\/plugins\/seo\/ -->\n<title>Filcoten Pro 150 linjakuivatuskouru | Erityisen vahvat linjakuivatuskourut | Scantank O\u00dc<\/title>\n<meta name=\"description\" content=\"Filcoten Pro 150 -linjakuivatuskouru on valmistettu mineraalikuituvahvisteisesta betonista! Toimitus ja asennus! Ota yhteytt\u00e4! Puh. 5845 1580, info@scantank.ee\" \/>\n<meta name=\"robots\" content=\"index, follow, max-snippet:-1, max-image-preview:large, max-video-preview:-1\" \/>\n<link rel=\"canonical\" href=\"https:\/\/scantank.ee\/fi\/toode\/filcoten-pro-150\/\" \/>\n<meta property=\"og:locale\" content=\"fi_FI\" \/>\n<meta property=\"og:type\" content=\"article\" \/>\n<meta property=\"og:title\" content=\"Filcoten Pro 150 linjakuivatuskouru | Erityisen vahvat linjakuivatuskourut | Scantank O\u00dc\" \/>\n<meta property=\"og:description\" content=\"Filcoten Pro 150 -linjakuivatuskouru on valmistettu mineraalikuituvahvisteisesta betonista! Toimitus ja asennus! Ota yhteytt\u00e4! Puh. 5845 1580, info@scantank.ee\" \/>\n<meta property=\"og:url\" content=\"https:\/\/scantank.ee\/fi\/toode\/filcoten-pro-150\/\" \/>\n<meta property=\"og:site_name\" content=\"Scantank\" \/>\n<meta property=\"article:publisher\" content=\"http:\/\/www.facebook.com\/scantank\" \/>\n<meta property=\"article:modified_time\" content=\"2022-08-03T10:52:49+00:00\" \/>\n<meta property=\"og:image\" content=\"https:\/\/www.scantank.ee\/wp-content\/uploads\/2019\/08\/FCT_pro_150_STRO_G.jpg\" \/>\n\t<meta property=\"og:image:width\" content=\"520\" \/>\n\t<meta property=\"og:image:height\" content=\"200\" \/>\n\t<meta property=\"og:image:type\" content=\"image\/jpeg\" \/>\n<meta name=\"twitter:card\" content=\"summary_large_image\" \/>\n<meta name=\"twitter:label1\" content=\"Arvioitu lukuaika\" \/>\n\t<meta name=\"twitter:data1\" content=\"1 minuutti\" \/>\n<script type=\"application\/ld+json\" class=\"yoast-schema-graph\">{\"@context\":\"https:\/\/schema.org\",\"@graph\":[{\"@type\":\"WebPage\",\"@id\":\"https:\/\/scantank.ee\/fi\/toode\/filcoten-pro-150\/\",\"url\":\"https:\/\/scantank.ee\/fi\/toode\/filcoten-pro-150\/\",\"name\":\"Filcoten Pro 150 linjakuivatuskouru | Erityisen vahvat linjakuivatuskourut | Scantank O\u00dc\",\"isPartOf\":{\"@id\":\"https:\/\/scantank.ee\/fi\/#website\"},\"primaryImageOfPage\":{\"@id\":\"https:\/\/scantank.ee\/fi\/toode\/filcoten-pro-150\/#primaryimage\"},\"image\":{\"@id\":\"https:\/\/scantank.ee\/fi\/toode\/filcoten-pro-150\/#primaryimage\"},\"thumbnailUrl\":\"https:\/\/scantank.ee\/wp-content\/uploads\/2019\/08\/FCT_pro_150_STRO_G.jpg\",\"datePublished\":\"2019-10-14T08:32:40+00:00\",\"dateModified\":\"2022-08-03T10:52:49+00:00\",\"description\":\"Filcoten Pro 150 -linjakuivatuskouru on valmistettu mineraalikuituvahvisteisesta betonista! Toimitus ja asennus! Ota yhteytt\u00e4! Puh. 5845 1580, info@scantank.ee\",\"breadcrumb\":{\"@id\":\"https:\/\/scantank.ee\/fi\/toode\/filcoten-pro-150\/#breadcrumb\"},\"inLanguage\":\"fi\",\"potentialAction\":[{\"@type\":\"ReadAction\",\"target\":[\"https:\/\/scantank.ee\/fi\/toode\/filcoten-pro-150\/\"]}]},{\"@type\":\"ImageObject\",\"inLanguage\":\"fi\",\"@id\":\"https:\/\/scantank.ee\/fi\/toode\/filcoten-pro-150\/#primaryimage\",\"url\":\"https:\/\/scantank.ee\/wp-content\/uploads\/2019\/08\/FCT_pro_150_STRO_G.jpg\",\"contentUrl\":\"https:\/\/scantank.ee\/wp-content\/uploads\/2019\/08\/FCT_pro_150_STRO_G.jpg\",\"width\":520,\"height\":200},{\"@type\":\"BreadcrumbList\",\"@id\":\"https:\/\/scantank.ee\/fi\/toode\/filcoten-pro-150\/#breadcrumb\",\"itemListElement\":[{\"@type\":\"ListItem\",\"position\":1,\"name\":\"Home\",\"item\":\"https:\/\/scantank.ee\/fi\/\"},{\"@type\":\"ListItem\",\"position\":2,\"name\":\"Tuoteluettelo\",\"item\":\"https:\/\/scantank.ee\/fi\/tuoteluettelo\/\"},{\"@type\":\"ListItem\",\"position\":3,\"name\":\"Filcoten Pro 150 linjakuivatuskouru\"}]},{\"@type\":\"WebSite\",\"@id\":\"https:\/\/scantank.ee\/fi\/#website\",\"url\":\"https:\/\/scantank.ee\/fi\/\",\"name\":\"Scantank\",\"description\":\"\",\"publisher\":{\"@id\":\"https:\/\/scantank.ee\/fi\/#organization\"},\"potentialAction\":[{\"@type\":\"SearchAction\",\"target\":{\"@type\":\"EntryPoint\",\"urlTemplate\":\"https:\/\/scantank.ee\/fi\/?s={search_term_string}\"},\"query-input\":\"required name=search_term_string\"}],\"inLanguage\":\"fi\"},{\"@type\":\"Organization\",\"@id\":\"https:\/\/scantank.ee\/fi\/#organization\",\"name\":\"Scantank O\u00dc\",\"url\":\"https:\/\/scantank.ee\/fi\/\",\"logo\":{\"@type\":\"ImageObject\",\"inLanguage\":\"fi\",\"@id\":\"https:\/\/scantank.ee\/fi\/#\/schema\/logo\/image\/\",\"url\":\"https:\/\/scantank.ee\/wp-content\/uploads\/2019\/08\/scantank-new.png\",\"contentUrl\":\"https:\/\/scantank.ee\/wp-content\/uploads\/2019\/08\/scantank-new.png\",\"width\":1041,\"height\":221,\"caption\":\"Scantank O\u00dc\"},\"image\":{\"@id\":\"https:\/\/scantank.ee\/fi\/#\/schema\/logo\/image\/\"},\"sameAs\":[\"http:\/\/www.facebook.com\/scantank\"]}]}<\/script>\n<!-- \/ Yoast SEO plugin. -->","yoast_head_json":{"title":"Filcoten Pro 150 linjakuivatuskouru | Erityisen vahvat linjakuivatuskourut | Scantank O\u00dc","description":"Filcoten Pro 150 -linjakuivatuskouru on valmistettu mineraalikuituvahvisteisesta betonista! Toimitus ja asennus! Ota yhteytt\u00e4! Puh. 5845 1580, info@scantank.ee","robots":{"index":"index","follow":"follow","max-snippet":"max-snippet:-1","max-image-preview":"max-image-preview:large","max-video-preview":"max-video-preview:-1"},"canonical":"https:\/\/scantank.ee\/fi\/toode\/filcoten-pro-150\/","og_locale":"fi_FI","og_type":"article","og_title":"Filcoten Pro 150 linjakuivatuskouru | Erityisen vahvat linjakuivatuskourut | Scantank O\u00dc","og_description":"Filcoten Pro 150 -linjakuivatuskouru on valmistettu mineraalikuituvahvisteisesta betonista! Toimitus ja asennus! Ota yhteytt\u00e4! Puh. 5845 1580, info@scantank.ee","og_url":"https:\/\/scantank.ee\/fi\/toode\/filcoten-pro-150\/","og_site_name":"Scantank","article_publisher":"http:\/\/www.facebook.com\/scantank","article_modified_time":"2022-08-03T10:52:49+00:00","og_image":[{"width":520,"height":200,"url":"https:\/\/www.scantank.ee\/wp-content\/uploads\/2019\/08\/FCT_pro_150_STRO_G.jpg","type":"image\/jpeg"}],"twitter_card":"summary_large_image","twitter_misc":{"Arvioitu lukuaika":"1 minuutti"},"schema":{"@context":"https:\/\/schema.org","@graph":[{"@type":"WebPage","@id":"https:\/\/scantank.ee\/fi\/toode\/filcoten-pro-150\/","url":"https:\/\/scantank.ee\/fi\/toode\/filcoten-pro-150\/","name":"Filcoten Pro 150 linjakuivatuskouru | Erityisen vahvat linjakuivatuskourut | Scantank O\u00dc","isPartOf":{"@id":"https:\/\/scantank.ee\/fi\/#website"},"primaryImageOfPage":{"@id":"https:\/\/scantank.ee\/fi\/toode\/filcoten-pro-150\/#primaryimage"},"image":{"@id":"https:\/\/scantank.ee\/fi\/toode\/filcoten-pro-150\/#primaryimage"},"thumbnailUrl":"https:\/\/scantank.ee\/wp-content\/uploads\/2019\/08\/FCT_pro_150_STRO_G.jpg","datePublished":"2019-10-14T08:32:40+00:00","dateModified":"2022-08-03T10:52:49+00:00","description":"Filcoten Pro 150 -linjakuivatuskouru on valmistettu mineraalikuituvahvisteisesta betonista! Toimitus ja asennus! Ota yhteytt\u00e4! Puh. 5845 1580, info@scantank.ee","breadcrumb":{"@id":"https:\/\/scantank.ee\/fi\/toode\/filcoten-pro-150\/#breadcrumb"},"inLanguage":"fi","potentialAction":[{"@type":"ReadAction","target":["https:\/\/scantank.ee\/fi\/toode\/filcoten-pro-150\/"]}]},{"@type":"ImageObject","inLanguage":"fi","@id":"https:\/\/scantank.ee\/fi\/toode\/filcoten-pro-150\/#primaryimage","url":"https:\/\/scantank.ee\/wp-content\/uploads\/2019\/08\/FCT_pro_150_STRO_G.jpg","contentUrl":"https:\/\/scantank.ee\/wp-content\/uploads\/2019\/08\/FCT_pro_150_STRO_G.jpg","width":520,"height":200},{"@type":"BreadcrumbList","@id":"https:\/\/scantank.ee\/fi\/toode\/filcoten-pro-150\/#breadcrumb","itemListElement":[{"@type":"ListItem","position":1,"name":"Home","item":"https:\/\/scantank.ee\/fi\/"},{"@type":"ListItem","position":2,"name":"Tuoteluettelo","item":"https:\/\/scantank.ee\/fi\/tuoteluettelo\/"},{"@type":"ListItem","position":3,"name":"Filcoten Pro 150 linjakuivatuskouru"}]},{"@type":"WebSite","@id":"https:\/\/scantank.ee\/fi\/#website","url":"https:\/\/scantank.ee\/fi\/","name":"Scantank","description":"","publisher":{"@id":"https:\/\/scantank.ee\/fi\/#organization"},"potentialAction":[{"@type":"SearchAction","target":{"@type":"EntryPoint","urlTemplate":"https:\/\/scantank.ee\/fi\/?s={search_term_string}"},"query-input":"required name=search_term_string"}],"inLanguage":"fi"},{"@type":"Organization","@id":"https:\/\/scantank.ee\/fi\/#organization","name":"Scantank O\u00dc","url":"https:\/\/scantank.ee\/fi\/","logo":{"@type":"ImageObject","inLanguage":"fi","@id":"https:\/\/scantank.ee\/fi\/#\/schema\/logo\/image\/","url":"https:\/\/scantank.ee\/wp-content\/uploads\/2019\/08\/scantank-new.png","contentUrl":"https:\/\/scantank.ee\/wp-content\/uploads\/2019\/08\/scantank-new.png","width":1041,"height":221,"caption":"Scantank O\u00dc"},"image":{"@id":"https:\/\/scantank.ee\/fi\/#\/schema\/logo\/image\/"},"sameAs":["http:\/\/www.facebook.com\/scantank"]}]}},"_links":{"self":[{"href":"https:\/\/scantank.ee\/fi\/wp-json\/wp\/v2\/product\/2517"}],"collection":[{"href":"https:\/\/scantank.ee\/fi\/wp-json\/wp\/v2\/product"}],"about":[{"href":"https:\/\/scantank.ee\/fi\/wp-json\/wp\/v2\/types\/product"}],"wp:featuredmedia":[{"embeddable":true,"href":"https:\/\/scantank.ee\/fi\/wp-json\/wp\/v2\/media\/2518"}],"wp:attachment":[{"href":"https:\/\/scantank.ee\/fi\/wp-json\/wp\/v2\/media?parent=2517"}],"wp:term":[{"taxonomy":"product_cat","embeddable":true,"href":"https:\/\/scantank.ee\/fi\/wp-json\/wp\/v2\/product_cat?post=2517"},{"taxonomy":"product_tag","embeddable":true,"href":"https:\/\/scantank.ee\/fi\/wp-json\/wp\/v2\/product_tag?post=2517"}],"curies":[{"name":"wp","href":"https:\/\/api.w.org\/{rel}","templated":true}]}}