{"id":2540,"date":"2019-08-09T09:51:49","date_gmt":"2019-10-14T08:32:45","guid":{"rendered":"https:\/\/scantank.ee\/toode\/filcoten-one-150\/"},"modified":"2022-08-03T10:52:50","modified_gmt":"2022-08-03T10:52:50","slug":"filcoten-one-150","status":"publish","type":"product","link":"https:\/\/scantank.ee\/fi\/toode\/filcoten-one-150\/","title":{"rendered":"Filcoten One 150\/200 (A15\u2013F900)"},"content":{"rendered":"<h2>Filcoten One 150\/200<\/h2>\n<p><strong>FILCOTEN ONE \u2013 MONOLIITTINEN KOURUJ\u00c4RJESTELM\u00c4 (painoluokka enint\u00e4\u00e4n F900)<\/strong> Filcoten-kourut on valmistettu mineraalikuidulla vahvistetusta betonista, mik\u00e4 tekee niist\u00e4 erityisen lujia. Filcoten-linjakuivatuskourut kattavat kuormitusluokat A15\u2013F900 P\u00e4\u00e4llysritil\u00e4t: galvanoitu tai ruostumaton ter\u00e4s, valurauta tai erikoispolyamidi. Ei ole vaarallinen ihmiselle eik\u00e4 ymp\u00e4rist\u00f6lle. IBR (Institut Baubiologie Rosenheim) -ymp\u00e4rist\u00f6sertifikaatti. Tuote soveltuu korkean energiatehokkuuden \u201dBREEAM\u201d-kohteille A1-paloturvallisuustaso (palamaton) CE-sertifikaatti EN1433 Valmistettu It\u00e4vallassa.<\/p>\n<h3><strong>FILCOTEN\u00ae HPC -linjakuivatuskourun edut:<\/strong><\/h3>\n<p>&#8211; 100 % mineraaliset raaka-aineet &#8211; suuri iskunkest\u00e4vyys &#8211; korkea puristuslujuus &#8211; eritt\u00e4in vakaa, kevyt mutta kest\u00e4v\u00e4 &#8211; palamaton materiaali (luokka A1) &#8211; laajenemiskerroin on identtinen betonin kanssa &#8211; soveltuu erinomaisesti asennettavaksi betoniin eik\u00e4 aiheuta l\u00e4mp\u00f6tilaeroista johtuvia halkeamia &#8211; voimakas tarttuvuus ymp\u00e4r\u00f6iv\u00e4\u00e4n betoniin &#8211; kest\u00e4\u00e4 hyvin l\u00e4mp\u00f6tilan muutoksia, pakkasta sek\u00e4 UV-s\u00e4teily\u00e4 &#8211; valmistettu 100 % vihre\u00e4ll\u00e4 energialla &#8211; ISO 14040 ja ISO 14044 tai EN 15804 &#8211; ei saastuta ymp\u00e4rist\u00f6\u00e4, 100 % kierr\u00e4tett\u00e4v\u00e4\u00e4 &#8211; ei sis\u00e4ll\u00e4 haihtuvia orgaanisia yhdisteit\u00e4, styreeni\u00e4, BTEX:\u00e4\u00e4, raskasmetalleja tai radioaktiivisia aineita <em>Jos haluat lis\u00e4tietoa, ota meihin yhteytt\u00e4.<\/em> Tuoteseloste:\u00a0 <a href=\"https:\/\/scantank.ee\/wp-content\/uploads\/2019\/08\/FCT_one_NW150_datasheet-F900kN.pdf\">FCT_one_NW150_tuoteseloste F900kN ENG<\/a> Asennuskuvaus: <a href=\"https:\/\/scantank.ee\/wp-content\/uploads\/2019\/08\/FCT_one_Installation_guidelines-4.pdf\">FCT_one_Installation_guidelines ENG<\/a> Vaatimustenmukaisuusvakuutus: <a href=\"https:\/\/scantank.ee\/wp-content\/uploads\/2019\/08\/DoP_115_BG_FCT_one_EN.pdf\">DoP_115_BG_FCT_one_ENG<\/a> \u00a0 <iframe title=\"BG-FILCOTEN one en\" width=\"1140\" height=\"641\" src=\"https:\/\/www.youtube.com\/embed\/WTQMLeDgBVM?feature=oembed\" frameborder=\"0\" allow=\"accelerometer; autoplay; clipboard-write; encrypted-media; gyroscope; picture-in-picture\" allowfullscreen><\/iframe><\/p>\n","protected":false},"excerpt":{"rendered":"<p>Filcoten One 150\/200 FILCOTEN ONE \u2013 MONOLIITTINEN KOURUJ\u00c4RJESTELM\u00c4 (painoluokka enint\u00e4\u00e4n F900) Filcoten-kourut on valmistettu mineraalikuidulla vahvistetusta betonista, mik\u00e4 tekee niist\u00e4 erityisen lujia. Filcoten-linjakuivatuskourut kattavat kuormitusluokat A15\u2013F900 P\u00e4\u00e4llysritil\u00e4t: galvanoitu tai ruostumaton ter\u00e4s, valurauta tai erikoispolyamidi. Ei ole vaarallinen ihmiselle eik\u00e4 ymp\u00e4rist\u00f6lle. IBR (Institut Baubiologie Rosenheim) -ymp\u00e4rist\u00f6sertifikaatti. Tuote soveltuu korkean energiatehokkuuden \u201dBREEAM\u201d-kohteille A1-paloturvallisuustaso (palamaton) CE-sertifikaatti EN1433 Valmistettu [&hellip;]<\/p>\n","protected":false},"featured_media":2536,"template":"","meta":{"_acf_changed":false,"inline_featured_image":false,"_exactmetrics_skip_tracking":false,"_exactmetrics_sitenote_active":false,"_exactmetrics_sitenote_note":"","_exactmetrics_sitenote_category":0,"_monsterinsights_skip_tracking":false,"_monsterinsights_sitenote_active":false,"_monsterinsights_sitenote_note":"","_monsterinsights_sitenote_category":0},"product_cat":[158],"product_tag":[],"class_list":{"0":"post-2540","1":"product","2":"type-product","3":"status-publish","4":"has-post-thumbnail","6":"product_cat-filcoten-light-c250-fi","8":"first","9":"instock","10":"shipping-taxable","11":"product-type-simple"},"acf":[],"yoast_head":"<!-- This site is optimized with the Yoast SEO plugin v23.1 - https:\/\/yoast.com\/wordpress\/plugins\/seo\/ -->\n<title>Filcoten One 150\/200 (A15\u2013F900)| Eritt\u00e4in vahvat betonista valmistetut linjakuivatuskourut<\/title>\n<meta name=\"description\" content=\"Filcoten One 150 -linjakuivatuskouru on valmistettu mineraalikuituvahvisteisesta betonista! Toimitus ja asennus! Ota yhteytt\u00e4! Puh. 5845 1580, info@scantank.ee\" \/>\n<meta name=\"robots\" content=\"index, follow, max-snippet:-1, max-image-preview:large, max-video-preview:-1\" \/>\n<link rel=\"canonical\" href=\"https:\/\/scantank.ee\/fi\/toode\/filcoten-one-150\/\" \/>\n<meta property=\"og:locale\" content=\"fi_FI\" \/>\n<meta property=\"og:type\" content=\"article\" \/>\n<meta property=\"og:title\" content=\"Filcoten One 150\/200 (A15\u2013F900)| Eritt\u00e4in vahvat betonista valmistetut linjakuivatuskourut\" \/>\n<meta property=\"og:description\" content=\"Filcoten One 150 -linjakuivatuskouru on valmistettu mineraalikuituvahvisteisesta betonista! Toimitus ja asennus! Ota yhteytt\u00e4! Puh. 5845 1580, info@scantank.ee\" \/>\n<meta property=\"og:url\" content=\"https:\/\/scantank.ee\/fi\/toode\/filcoten-one-150\/\" \/>\n<meta property=\"og:site_name\" content=\"Scantank\" \/>\n<meta property=\"article:publisher\" content=\"http:\/\/www.facebook.com\/scantank\" \/>\n<meta property=\"article:modified_time\" content=\"2022-08-03T10:52:50+00:00\" \/>\n<meta property=\"og:image\" content=\"https:\/\/www.scantank.ee\/wp-content\/uploads\/2019\/09\/01.jpg\" \/>\n\t<meta property=\"og:image:width\" content=\"880\" \/>\n\t<meta property=\"og:image:height\" content=\"528\" \/>\n\t<meta property=\"og:image:type\" content=\"image\/jpeg\" \/>\n<meta name=\"twitter:card\" content=\"summary_large_image\" \/>\n<meta name=\"twitter:label1\" content=\"Arvioitu lukuaika\" \/>\n\t<meta name=\"twitter:data1\" content=\"1 minuutti\" \/>\n<script type=\"application\/ld+json\" class=\"yoast-schema-graph\">{\"@context\":\"https:\/\/schema.org\",\"@graph\":[{\"@type\":\"WebPage\",\"@id\":\"https:\/\/scantank.ee\/fi\/toode\/filcoten-one-150\/\",\"url\":\"https:\/\/scantank.ee\/fi\/toode\/filcoten-one-150\/\",\"name\":\"Filcoten One 150\/200 (A15\u2013F900)| Eritt\u00e4in vahvat betonista valmistetut linjakuivatuskourut\",\"isPartOf\":{\"@id\":\"https:\/\/www.scantank.ee\/fi\/#website\"},\"primaryImageOfPage\":{\"@id\":\"https:\/\/scantank.ee\/fi\/toode\/filcoten-one-150\/#primaryimage\"},\"image\":{\"@id\":\"https:\/\/scantank.ee\/fi\/toode\/filcoten-one-150\/#primaryimage\"},\"thumbnailUrl\":\"https:\/\/scantank.ee\/wp-content\/uploads\/2019\/09\/01.jpg\",\"datePublished\":\"2019-10-14T08:32:45+00:00\",\"dateModified\":\"2022-08-03T10:52:50+00:00\",\"description\":\"Filcoten One 150 -linjakuivatuskouru on valmistettu mineraalikuituvahvisteisesta betonista! Toimitus ja asennus! Ota yhteytt\u00e4! Puh. 5845 1580, info@scantank.ee\",\"breadcrumb\":{\"@id\":\"https:\/\/scantank.ee\/fi\/toode\/filcoten-one-150\/#breadcrumb\"},\"inLanguage\":\"fi\",\"potentialAction\":[{\"@type\":\"ReadAction\",\"target\":[\"https:\/\/scantank.ee\/fi\/toode\/filcoten-one-150\/\"]}]},{\"@type\":\"ImageObject\",\"inLanguage\":\"fi\",\"@id\":\"https:\/\/scantank.ee\/fi\/toode\/filcoten-one-150\/#primaryimage\",\"url\":\"https:\/\/scantank.ee\/wp-content\/uploads\/2019\/09\/01.jpg\",\"contentUrl\":\"https:\/\/scantank.ee\/wp-content\/uploads\/2019\/09\/01.jpg\",\"width\":880,\"height\":528},{\"@type\":\"BreadcrumbList\",\"@id\":\"https:\/\/scantank.ee\/fi\/toode\/filcoten-one-150\/#breadcrumb\",\"itemListElement\":[{\"@type\":\"ListItem\",\"position\":1,\"name\":\"Home\",\"item\":\"https:\/\/www.scantank.ee\/fi\/\"},{\"@type\":\"ListItem\",\"position\":2,\"name\":\"Tuoteluettelo\",\"item\":\"https:\/\/www.scantank.ee\/fi\/tuoteluettelo\/\"},{\"@type\":\"ListItem\",\"position\":3,\"name\":\"Filcoten One 150\/200 (A15\u2013F900)\"}]},{\"@type\":\"WebSite\",\"@id\":\"https:\/\/www.scantank.ee\/fi\/#website\",\"url\":\"https:\/\/www.scantank.ee\/fi\/\",\"name\":\"Scantank\",\"description\":\"\",\"publisher\":{\"@id\":\"https:\/\/www.scantank.ee\/fi\/#organization\"},\"potentialAction\":[{\"@type\":\"SearchAction\",\"target\":{\"@type\":\"EntryPoint\",\"urlTemplate\":\"https:\/\/www.scantank.ee\/fi\/?s={search_term_string}\"},\"query-input\":\"required name=search_term_string\"}],\"inLanguage\":\"fi\"},{\"@type\":\"Organization\",\"@id\":\"https:\/\/www.scantank.ee\/fi\/#organization\",\"name\":\"Scantank O\u00dc\",\"url\":\"https:\/\/www.scantank.ee\/fi\/\",\"logo\":{\"@type\":\"ImageObject\",\"inLanguage\":\"fi\",\"@id\":\"https:\/\/www.scantank.ee\/fi\/#\/schema\/logo\/image\/\",\"url\":\"https:\/\/scantank.ee\/wp-content\/uploads\/2019\/08\/scantank-new.png\",\"contentUrl\":\"https:\/\/scantank.ee\/wp-content\/uploads\/2019\/08\/scantank-new.png\",\"width\":1041,\"height\":221,\"caption\":\"Scantank O\u00dc\"},\"image\":{\"@id\":\"https:\/\/www.scantank.ee\/fi\/#\/schema\/logo\/image\/\"},\"sameAs\":[\"http:\/\/www.facebook.com\/scantank\"]}]}<\/script>\n<!-- \/ Yoast SEO plugin. -->","yoast_head_json":{"title":"Filcoten One 150\/200 (A15\u2013F900)| Eritt\u00e4in vahvat betonista valmistetut linjakuivatuskourut","description":"Filcoten One 150 -linjakuivatuskouru on valmistettu mineraalikuituvahvisteisesta betonista! Toimitus ja asennus! Ota yhteytt\u00e4! Puh. 5845 1580, info@scantank.ee","robots":{"index":"index","follow":"follow","max-snippet":"max-snippet:-1","max-image-preview":"max-image-preview:large","max-video-preview":"max-video-preview:-1"},"canonical":"https:\/\/scantank.ee\/fi\/toode\/filcoten-one-150\/","og_locale":"fi_FI","og_type":"article","og_title":"Filcoten One 150\/200 (A15\u2013F900)| Eritt\u00e4in vahvat betonista valmistetut linjakuivatuskourut","og_description":"Filcoten One 150 -linjakuivatuskouru on valmistettu mineraalikuituvahvisteisesta betonista! Toimitus ja asennus! Ota yhteytt\u00e4! Puh. 5845 1580, info@scantank.ee","og_url":"https:\/\/scantank.ee\/fi\/toode\/filcoten-one-150\/","og_site_name":"Scantank","article_publisher":"http:\/\/www.facebook.com\/scantank","article_modified_time":"2022-08-03T10:52:50+00:00","og_image":[{"width":880,"height":528,"url":"https:\/\/www.scantank.ee\/wp-content\/uploads\/2019\/09\/01.jpg","type":"image\/jpeg"}],"twitter_card":"summary_large_image","twitter_misc":{"Arvioitu lukuaika":"1 minuutti"},"schema":{"@context":"https:\/\/schema.org","@graph":[{"@type":"WebPage","@id":"https:\/\/scantank.ee\/fi\/toode\/filcoten-one-150\/","url":"https:\/\/scantank.ee\/fi\/toode\/filcoten-one-150\/","name":"Filcoten One 150\/200 (A15\u2013F900)| Eritt\u00e4in vahvat betonista valmistetut linjakuivatuskourut","isPartOf":{"@id":"https:\/\/www.scantank.ee\/fi\/#website"},"primaryImageOfPage":{"@id":"https:\/\/scantank.ee\/fi\/toode\/filcoten-one-150\/#primaryimage"},"image":{"@id":"https:\/\/scantank.ee\/fi\/toode\/filcoten-one-150\/#primaryimage"},"thumbnailUrl":"https:\/\/scantank.ee\/wp-content\/uploads\/2019\/09\/01.jpg","datePublished":"2019-10-14T08:32:45+00:00","dateModified":"2022-08-03T10:52:50+00:00","description":"Filcoten One 150 -linjakuivatuskouru on valmistettu mineraalikuituvahvisteisesta betonista! Toimitus ja asennus! Ota yhteytt\u00e4! Puh. 5845 1580, info@scantank.ee","breadcrumb":{"@id":"https:\/\/scantank.ee\/fi\/toode\/filcoten-one-150\/#breadcrumb"},"inLanguage":"fi","potentialAction":[{"@type":"ReadAction","target":["https:\/\/scantank.ee\/fi\/toode\/filcoten-one-150\/"]}]},{"@type":"ImageObject","inLanguage":"fi","@id":"https:\/\/scantank.ee\/fi\/toode\/filcoten-one-150\/#primaryimage","url":"https:\/\/scantank.ee\/wp-content\/uploads\/2019\/09\/01.jpg","contentUrl":"https:\/\/scantank.ee\/wp-content\/uploads\/2019\/09\/01.jpg","width":880,"height":528},{"@type":"BreadcrumbList","@id":"https:\/\/scantank.ee\/fi\/toode\/filcoten-one-150\/#breadcrumb","itemListElement":[{"@type":"ListItem","position":1,"name":"Home","item":"https:\/\/www.scantank.ee\/fi\/"},{"@type":"ListItem","position":2,"name":"Tuoteluettelo","item":"https:\/\/www.scantank.ee\/fi\/tuoteluettelo\/"},{"@type":"ListItem","position":3,"name":"Filcoten One 150\/200 (A15\u2013F900)"}]},{"@type":"WebSite","@id":"https:\/\/www.scantank.ee\/fi\/#website","url":"https:\/\/www.scantank.ee\/fi\/","name":"Scantank","description":"","publisher":{"@id":"https:\/\/www.scantank.ee\/fi\/#organization"},"potentialAction":[{"@type":"SearchAction","target":{"@type":"EntryPoint","urlTemplate":"https:\/\/www.scantank.ee\/fi\/?s={search_term_string}"},"query-input":"required name=search_term_string"}],"inLanguage":"fi"},{"@type":"Organization","@id":"https:\/\/www.scantank.ee\/fi\/#organization","name":"Scantank O\u00dc","url":"https:\/\/www.scantank.ee\/fi\/","logo":{"@type":"ImageObject","inLanguage":"fi","@id":"https:\/\/www.scantank.ee\/fi\/#\/schema\/logo\/image\/","url":"https:\/\/scantank.ee\/wp-content\/uploads\/2019\/08\/scantank-new.png","contentUrl":"https:\/\/scantank.ee\/wp-content\/uploads\/2019\/08\/scantank-new.png","width":1041,"height":221,"caption":"Scantank O\u00dc"},"image":{"@id":"https:\/\/www.scantank.ee\/fi\/#\/schema\/logo\/image\/"},"sameAs":["http:\/\/www.facebook.com\/scantank"]}]}},"_links":{"self":[{"href":"https:\/\/scantank.ee\/fi\/wp-json\/wp\/v2\/product\/2540"}],"collection":[{"href":"https:\/\/scantank.ee\/fi\/wp-json\/wp\/v2\/product"}],"about":[{"href":"https:\/\/scantank.ee\/fi\/wp-json\/wp\/v2\/types\/product"}],"wp:featuredmedia":[{"embeddable":true,"href":"https:\/\/scantank.ee\/fi\/wp-json\/wp\/v2\/media\/2536"}],"wp:attachment":[{"href":"https:\/\/scantank.ee\/fi\/wp-json\/wp\/v2\/media?parent=2540"}],"wp:term":[{"taxonomy":"product_cat","embeddable":true,"href":"https:\/\/scantank.ee\/fi\/wp-json\/wp\/v2\/product_cat?post=2540"},{"taxonomy":"product_tag","embeddable":true,"href":"https:\/\/scantank.ee\/fi\/wp-json\/wp\/v2\/product_tag?post=2540"}],"curies":[{"name":"wp","href":"https:\/\/api.w.org\/{rel}","templated":true}]}}