{"id":2544,"date":"2019-08-09T09:51:50","date_gmt":"2019-10-14T08:32:47","guid":{"rendered":"https:\/\/scantank.ee\/toode\/birco-plus-100\/"},"modified":"2022-08-03T10:52:50","modified_gmt":"2022-08-03T10:52:50","slug":"birco-plus-100","status":"publish","type":"product","link":"https:\/\/scantank.ee\/fi\/toode\/birco-plus-100\/","title":{"rendered":"Birco Plus 100 (A15\u2013C250)"},"content":{"rendered":"<h2><strong>Birco Plus 100 -betonikouru<\/strong><\/h2>\n<p>Birco Plus 100 -betonikouru on tarkoitettu p\u00e4\u00e4asiassa omakotitalojen omistajille. BIRCOplus on valmistettu korkealaatuisesta C 40\/50 -betonista. Sen kuljettaminen ja asentaminen on helppoa. Irtomaan pinta voidaan levitt\u00e4\u00e4 tasaisesti linjakuivatuskourun ritil\u00e4n kanssa, eik\u00e4 lis\u00e4betonikerrosta tarvita. BIRCOplus on helppok\u00e4ytt\u00f6inen ja kantavuudeltaan turvallinen ja luotettava linjakuivatuskouru.<\/p>\n<h2><strong>Birco Plus 100 -linjakuivatuskouru:<\/strong><\/h2>\n<p>+ 100 mm leve\u00e4 kevytbetonikouru, saatavilla sek\u00e4 sis\u00e4kallistumalla ett\u00e4 ilman + Tuotteen pituudet: 0,5 ja 1,0 metri\u00e4 + Kuormitusluokka: A15\u2013C250 + Hiekanerotin\/kaivo erinomaisella poistoteholla + Erilaiset galvanoidut ter\u00e4sritil\u00e4t + Malmiritil\u00e4t pulttikiinnityksell\u00e4 (pulttipidikkeell\u00e4) <strong>BIRCOplusin t\u00e4rkeimm\u00e4t k\u00e4ytt\u00f6kohteet:<\/strong> + Autotallit ja piha-sis\u00e4\u00e4nk\u00e4ynnit + Sis\u00e4pihat + Kerrostalojen julkisivut + Urheilukent\u00e4t + Asemalaiturit<\/p>\n<h3><strong>Tekniset tiedot \u2013 Plus 100:<\/strong><\/h3>\n<table border=\"0\" cellspacing=\"0\" cellpadding=\"2\">\n<tbody>\n<tr>\n<td>Tuote<\/td>\n<td colspan=\"2\">BIRCOplus 100<\/td>\n<\/tr>\n<tr>\n<td>Pituus<\/td>\n<td colspan=\"2\">1000 mm<\/td>\n<\/tr>\n<tr>\n<td>Ulkoleveys<\/td>\n<td colspan=\"2\">160 mm<\/td>\n<\/tr>\n<tr>\n<td>Sis\u00e4leveys<\/td>\n<td colspan=\"2\">100 mm<\/td>\n<\/tr>\n<tr>\n<td>Kaltevuus<\/td>\n<td colspan=\"2\">kaltevuudella\/ilman<\/td>\n<\/tr>\n<tr>\n<td>Koko korkeus<\/td>\n<td colspan=\"2\">elementti nro 0\/0 165 mm<\/td>\n<\/tr>\n<tr>\n<td><\/td>\n<td colspan=\"2\">elementti nro 10\/0 215 mm<\/td>\n<\/tr>\n<tr>\n<td colspan=\"3\"><\/td>\n<\/tr>\n<tr>\n<td>paino ilman ritil\u00e4\u00e4<\/td>\n<td>elementti nro 0\/0<\/td>\n<td colspan=\"1\">noin 37 kg<\/td>\n<\/tr>\n<tr>\n<td><\/td>\n<td>elementti nro 10\/10<\/td>\n<td colspan=\"1\">noin 44 kg<\/td>\n<\/tr>\n<\/tbody>\n<\/table>\n<p>Sis\u00e4leveydelt\u00e4\u00e4n 100 mm kourun voi yhdist\u00e4\u00e4 erilaisiin p\u00e4\u00e4llysritil\u00f6ihin, poistoyhteyksiin ja kallistumiin. L\u00f6yd\u00e4t koko BIRCOplus 100 -sarjan tuotevalikoiman avaamalla tuotesivun. Tuoteseloste:\u00a0<a href=\"https:\/\/scantank.ee\/wp-content\/uploads\/2019\/08\/BIRCO-Plus-100-Tooteleht-ENG.pdf\">BIRCO Plus 100 \u2013 Tuoteseloste FIN<\/a> Asennusohje:\u00a0<a href=\"https:\/\/scantank.ee\/wp-content\/uploads\/2019\/08\/BIRCOlight-M-t\u00fc\u00fcbi-paigaldusjuhend.pdf\">BIRCOlight-asennusohje FIN<\/a> Vaatimustenmukaisuusvakuutus (DoP):\u00a0<a href=\"https:\/\/scantank.ee\/wp-content\/uploads\/2019\/08\/DOP_Plus_EE.pdf\">DOP_Plus_EE vaatimustenmukaisuusvak.;\u00a0<\/a><a href=\"https:\/\/scantank.ee\/wp-content\/uploads\/2019\/08\/DoP-Birco-Plus.pdf\">DoP-Birco Plus ENG<\/a> <em>Ota meihin yhteytt\u00e4 lis\u00e4tietoja saadaksesi.<\/em><\/p>\n","protected":false},"excerpt":{"rendered":"<p>Birco Plus 100 -betonikouru Birco Plus 100 -betonikouru on tarkoitettu p\u00e4\u00e4asiassa omakotitalojen omistajille. BIRCOplus on valmistettu korkealaatuisesta C 40\/50 -betonista. Sen kuljettaminen ja asentaminen on helppoa. Irtomaan pinta voidaan levitt\u00e4\u00e4 tasaisesti linjakuivatuskourun ritil\u00e4n kanssa, eik\u00e4 lis\u00e4betonikerrosta tarvita. BIRCOplus on helppok\u00e4ytt\u00f6inen ja kantavuudeltaan turvallinen ja luotettava linjakuivatuskouru. Birco Plus 100 -linjakuivatuskouru: + 100 mm leve\u00e4 kevytbetonikouru, [&hellip;]<\/p>\n","protected":false},"featured_media":2545,"template":"","meta":{"_acf_changed":false,"inline_featured_image":false,"_exactmetrics_skip_tracking":false,"_exactmetrics_sitenote_active":false,"_exactmetrics_sitenote_note":"","_exactmetrics_sitenote_category":0,"_monsterinsights_skip_tracking":false,"_monsterinsights_sitenote_active":false,"_monsterinsights_sitenote_note":"","_monsterinsights_sitenote_category":0},"product_cat":[163],"product_tag":[],"class_list":{"0":"post-2544","1":"product","2":"type-product","3":"status-publish","4":"has-post-thumbnail","6":"product_cat-birco-light-e600-fi","8":"first","9":"instock","10":"shipping-taxable","11":"product-type-simple"},"acf":[],"yoast_head":"<!-- This site is optimized with the Yoast SEO plugin v23.1 - https:\/\/yoast.com\/wordpress\/plugins\/seo\/ -->\n<title>Birco Plus 100 (A15\u2013C250) | Laaja valikoima erilaisia Filcoten-linjakuivatuskouruja<\/title>\n<meta name=\"description\" content=\"Birco Plus 100 -linjakuivatuskouru on valmistettu mineraalikuiduilla vahvistetusta betonista, joten se on erityisen vahva. Toimitus ja asennus! Ota yhteytt\u00e4! Puh. 5845 1580, info@scantank.ee\" \/>\n<meta name=\"robots\" content=\"index, follow, max-snippet:-1, max-image-preview:large, max-video-preview:-1\" \/>\n<link rel=\"canonical\" href=\"https:\/\/scantank.ee\/fi\/toode\/birco-plus-100\/\" \/>\n<meta property=\"og:locale\" content=\"fi_FI\" \/>\n<meta property=\"og:type\" content=\"article\" \/>\n<meta property=\"og:title\" content=\"Birco Plus 100 (A15\u2013C250) | Laaja valikoima erilaisia Filcoten-linjakuivatuskouruja\" \/>\n<meta property=\"og:description\" content=\"Birco Plus 100 -linjakuivatuskouru on valmistettu mineraalikuiduilla vahvistetusta betonista, joten se on erityisen vahva. Toimitus ja asennus! Ota yhteytt\u00e4! Puh. 5845 1580, info@scantank.ee\" \/>\n<meta property=\"og:url\" content=\"https:\/\/scantank.ee\/fi\/toode\/birco-plus-100\/\" \/>\n<meta property=\"og:site_name\" content=\"Scantank\" \/>\n<meta property=\"article:publisher\" content=\"http:\/\/www.facebook.com\/scantank\" \/>\n<meta property=\"article:modified_time\" content=\"2022-08-03T10:52:50+00:00\" \/>\n<meta property=\"og:image\" content=\"https:\/\/scantank.ee\/wp-content\/uploads\/2019\/08\/BIRCOplus-1.jpg\" \/>\n\t<meta property=\"og:image:width\" content=\"800\" \/>\n\t<meta property=\"og:image:height\" content=\"566\" \/>\n\t<meta property=\"og:image:type\" content=\"image\/jpeg\" \/>\n<meta name=\"twitter:card\" content=\"summary_large_image\" \/>\n<meta name=\"twitter:label1\" content=\"Arvioitu lukuaika\" \/>\n\t<meta name=\"twitter:data1\" content=\"1 minuutti\" \/>\n<script type=\"application\/ld+json\" class=\"yoast-schema-graph\">{\"@context\":\"https:\/\/schema.org\",\"@graph\":[{\"@type\":\"WebPage\",\"@id\":\"https:\/\/scantank.ee\/fi\/toode\/birco-plus-100\/\",\"url\":\"https:\/\/scantank.ee\/fi\/toode\/birco-plus-100\/\",\"name\":\"Birco Plus 100 (A15\u2013C250) | Laaja valikoima erilaisia Filcoten-linjakuivatuskouruja\",\"isPartOf\":{\"@id\":\"https:\/\/scantank.ee\/fi\/#website\"},\"primaryImageOfPage\":{\"@id\":\"https:\/\/scantank.ee\/fi\/toode\/birco-plus-100\/#primaryimage\"},\"image\":{\"@id\":\"https:\/\/scantank.ee\/fi\/toode\/birco-plus-100\/#primaryimage\"},\"thumbnailUrl\":\"https:\/\/scantank.ee\/wp-content\/uploads\/2019\/08\/BIRCOplus-1.jpg\",\"datePublished\":\"2019-10-14T08:32:47+00:00\",\"dateModified\":\"2022-08-03T10:52:50+00:00\",\"description\":\"Birco Plus 100 -linjakuivatuskouru on valmistettu mineraalikuiduilla vahvistetusta betonista, joten se on erityisen vahva. Toimitus ja asennus! Ota yhteytt\u00e4! Puh. 5845 1580, info@scantank.ee\",\"breadcrumb\":{\"@id\":\"https:\/\/scantank.ee\/fi\/toode\/birco-plus-100\/#breadcrumb\"},\"inLanguage\":\"fi\",\"potentialAction\":[{\"@type\":\"ReadAction\",\"target\":[\"https:\/\/scantank.ee\/fi\/toode\/birco-plus-100\/\"]}]},{\"@type\":\"ImageObject\",\"inLanguage\":\"fi\",\"@id\":\"https:\/\/scantank.ee\/fi\/toode\/birco-plus-100\/#primaryimage\",\"url\":\"https:\/\/scantank.ee\/wp-content\/uploads\/2019\/08\/BIRCOplus-1.jpg\",\"contentUrl\":\"https:\/\/scantank.ee\/wp-content\/uploads\/2019\/08\/BIRCOplus-1.jpg\",\"width\":800,\"height\":566},{\"@type\":\"BreadcrumbList\",\"@id\":\"https:\/\/scantank.ee\/fi\/toode\/birco-plus-100\/#breadcrumb\",\"itemListElement\":[{\"@type\":\"ListItem\",\"position\":1,\"name\":\"Home\",\"item\":\"https:\/\/www.scantank.ee\/fi\/\"},{\"@type\":\"ListItem\",\"position\":2,\"name\":\"Tuoteluettelo\",\"item\":\"https:\/\/www.scantank.ee\/fi\/tuoteluettelo\/\"},{\"@type\":\"ListItem\",\"position\":3,\"name\":\"Birco Plus 100 (A15\u2013C250)\"}]},{\"@type\":\"WebSite\",\"@id\":\"https:\/\/scantank.ee\/fi\/#website\",\"url\":\"https:\/\/scantank.ee\/fi\/\",\"name\":\"Scantank\",\"description\":\"\",\"publisher\":{\"@id\":\"https:\/\/scantank.ee\/fi\/#organization\"},\"potentialAction\":[{\"@type\":\"SearchAction\",\"target\":{\"@type\":\"EntryPoint\",\"urlTemplate\":\"https:\/\/scantank.ee\/fi\/?s={search_term_string}\"},\"query-input\":\"required name=search_term_string\"}],\"inLanguage\":\"fi\"},{\"@type\":\"Organization\",\"@id\":\"https:\/\/scantank.ee\/fi\/#organization\",\"name\":\"Scantank O\u00dc\",\"url\":\"https:\/\/scantank.ee\/fi\/\",\"logo\":{\"@type\":\"ImageObject\",\"inLanguage\":\"fi\",\"@id\":\"https:\/\/scantank.ee\/fi\/#\/schema\/logo\/image\/\",\"url\":\"https:\/\/scantank.ee\/wp-content\/uploads\/2019\/08\/scantank-new.png\",\"contentUrl\":\"https:\/\/scantank.ee\/wp-content\/uploads\/2019\/08\/scantank-new.png\",\"width\":1041,\"height\":221,\"caption\":\"Scantank O\u00dc\"},\"image\":{\"@id\":\"https:\/\/scantank.ee\/fi\/#\/schema\/logo\/image\/\"},\"sameAs\":[\"http:\/\/www.facebook.com\/scantank\"]}]}<\/script>\n<!-- \/ Yoast SEO plugin. -->","yoast_head_json":{"title":"Birco Plus 100 (A15\u2013C250) | Laaja valikoima erilaisia Filcoten-linjakuivatuskouruja","description":"Birco Plus 100 -linjakuivatuskouru on valmistettu mineraalikuiduilla vahvistetusta betonista, joten se on erityisen vahva. Toimitus ja asennus! Ota yhteytt\u00e4! Puh. 5845 1580, info@scantank.ee","robots":{"index":"index","follow":"follow","max-snippet":"max-snippet:-1","max-image-preview":"max-image-preview:large","max-video-preview":"max-video-preview:-1"},"canonical":"https:\/\/scantank.ee\/fi\/toode\/birco-plus-100\/","og_locale":"fi_FI","og_type":"article","og_title":"Birco Plus 100 (A15\u2013C250) | Laaja valikoima erilaisia Filcoten-linjakuivatuskouruja","og_description":"Birco Plus 100 -linjakuivatuskouru on valmistettu mineraalikuiduilla vahvistetusta betonista, joten se on erityisen vahva. Toimitus ja asennus! Ota yhteytt\u00e4! Puh. 5845 1580, info@scantank.ee","og_url":"https:\/\/scantank.ee\/fi\/toode\/birco-plus-100\/","og_site_name":"Scantank","article_publisher":"http:\/\/www.facebook.com\/scantank","article_modified_time":"2022-08-03T10:52:50+00:00","og_image":[{"width":800,"height":566,"url":"https:\/\/scantank.ee\/wp-content\/uploads\/2019\/08\/BIRCOplus-1.jpg","type":"image\/jpeg"}],"twitter_card":"summary_large_image","twitter_misc":{"Arvioitu lukuaika":"1 minuutti"},"schema":{"@context":"https:\/\/schema.org","@graph":[{"@type":"WebPage","@id":"https:\/\/scantank.ee\/fi\/toode\/birco-plus-100\/","url":"https:\/\/scantank.ee\/fi\/toode\/birco-plus-100\/","name":"Birco Plus 100 (A15\u2013C250) | Laaja valikoima erilaisia Filcoten-linjakuivatuskouruja","isPartOf":{"@id":"https:\/\/scantank.ee\/fi\/#website"},"primaryImageOfPage":{"@id":"https:\/\/scantank.ee\/fi\/toode\/birco-plus-100\/#primaryimage"},"image":{"@id":"https:\/\/scantank.ee\/fi\/toode\/birco-plus-100\/#primaryimage"},"thumbnailUrl":"https:\/\/scantank.ee\/wp-content\/uploads\/2019\/08\/BIRCOplus-1.jpg","datePublished":"2019-10-14T08:32:47+00:00","dateModified":"2022-08-03T10:52:50+00:00","description":"Birco Plus 100 -linjakuivatuskouru on valmistettu mineraalikuiduilla vahvistetusta betonista, joten se on erityisen vahva. Toimitus ja asennus! Ota yhteytt\u00e4! Puh. 5845 1580, info@scantank.ee","breadcrumb":{"@id":"https:\/\/scantank.ee\/fi\/toode\/birco-plus-100\/#breadcrumb"},"inLanguage":"fi","potentialAction":[{"@type":"ReadAction","target":["https:\/\/scantank.ee\/fi\/toode\/birco-plus-100\/"]}]},{"@type":"ImageObject","inLanguage":"fi","@id":"https:\/\/scantank.ee\/fi\/toode\/birco-plus-100\/#primaryimage","url":"https:\/\/scantank.ee\/wp-content\/uploads\/2019\/08\/BIRCOplus-1.jpg","contentUrl":"https:\/\/scantank.ee\/wp-content\/uploads\/2019\/08\/BIRCOplus-1.jpg","width":800,"height":566},{"@type":"BreadcrumbList","@id":"https:\/\/scantank.ee\/fi\/toode\/birco-plus-100\/#breadcrumb","itemListElement":[{"@type":"ListItem","position":1,"name":"Home","item":"https:\/\/www.scantank.ee\/fi\/"},{"@type":"ListItem","position":2,"name":"Tuoteluettelo","item":"https:\/\/www.scantank.ee\/fi\/tuoteluettelo\/"},{"@type":"ListItem","position":3,"name":"Birco Plus 100 (A15\u2013C250)"}]},{"@type":"WebSite","@id":"https:\/\/scantank.ee\/fi\/#website","url":"https:\/\/scantank.ee\/fi\/","name":"Scantank","description":"","publisher":{"@id":"https:\/\/scantank.ee\/fi\/#organization"},"potentialAction":[{"@type":"SearchAction","target":{"@type":"EntryPoint","urlTemplate":"https:\/\/scantank.ee\/fi\/?s={search_term_string}"},"query-input":"required name=search_term_string"}],"inLanguage":"fi"},{"@type":"Organization","@id":"https:\/\/scantank.ee\/fi\/#organization","name":"Scantank O\u00dc","url":"https:\/\/scantank.ee\/fi\/","logo":{"@type":"ImageObject","inLanguage":"fi","@id":"https:\/\/scantank.ee\/fi\/#\/schema\/logo\/image\/","url":"https:\/\/scantank.ee\/wp-content\/uploads\/2019\/08\/scantank-new.png","contentUrl":"https:\/\/scantank.ee\/wp-content\/uploads\/2019\/08\/scantank-new.png","width":1041,"height":221,"caption":"Scantank O\u00dc"},"image":{"@id":"https:\/\/scantank.ee\/fi\/#\/schema\/logo\/image\/"},"sameAs":["http:\/\/www.facebook.com\/scantank"]}]}},"_links":{"self":[{"href":"https:\/\/scantank.ee\/fi\/wp-json\/wp\/v2\/product\/2544"}],"collection":[{"href":"https:\/\/scantank.ee\/fi\/wp-json\/wp\/v2\/product"}],"about":[{"href":"https:\/\/scantank.ee\/fi\/wp-json\/wp\/v2\/types\/product"}],"wp:featuredmedia":[{"embeddable":true,"href":"https:\/\/scantank.ee\/fi\/wp-json\/wp\/v2\/media\/2545"}],"wp:attachment":[{"href":"https:\/\/scantank.ee\/fi\/wp-json\/wp\/v2\/media?parent=2544"}],"wp:term":[{"taxonomy":"product_cat","embeddable":true,"href":"https:\/\/scantank.ee\/fi\/wp-json\/wp\/v2\/product_cat?post=2544"},{"taxonomy":"product_tag","embeddable":true,"href":"https:\/\/scantank.ee\/fi\/wp-json\/wp\/v2\/product_tag?post=2544"}],"curies":[{"name":"wp","href":"https:\/\/api.w.org\/{rel}","templated":true}]}}