{"id":2559,"date":"2019-08-09T09:51:51","date_gmt":"2019-10-14T08:35:54","guid":{"rendered":"https:\/\/scantank.ee\/toode\/birco-sir-100\/"},"modified":"2022-08-03T10:52:50","modified_gmt":"2022-08-03T10:52:50","slug":"birco-sir-100-2","status":"publish","type":"product","link":"https:\/\/scantank.ee\/fi\/toode\/birco-sir-100-2\/","title":{"rendered":"Birco Sir 100\/200\/300&#8230;1000 (A15\u2013F900)"},"content":{"rendered":"<h2><strong>BIRCO Sir 100\/200\/300 | Vakaus ja erityisen suuret kuormat\u00a0<\/strong><\/h2>\n<p id=\"tw-target-text\" class=\"tw-data-text tw-text-large tw-ta\" dir=\"ltr\" data-placeholder=\"T\u00f5lge\"><span lang=\"et\" tabindex=\"0\">BIRCO Sir -sarjan linjakuivatuskouruissa on laajin valikoima, 7 eri sis\u00e4leveytt\u00e4 (100\u20131000 mm), laaja valikoima ritil\u00f6it\u00e4 ja jopa 2 metrin pituus. Sir-sarjan linjakuivatuskouruilla ei siis k\u00e4yt\u00e4nn\u00f6ss\u00e4 ole rajoja.<\/span><\/p>\n<p><strong>BIRCOsir-linjakuivatuskourun faktat:<\/strong> + Sis\u00e4leveydelt\u00e4\u00e4n 100\u20131000 mm:n betonikouru, saatavilla sek\u00e4 sis\u00e4kallistumalla ett\u00e4 ilman kallistumaa + Matalat linjakuivatuskourut 100\u2013300 mm:n sis\u00e4leveydell\u00e4 + Kourunsis\u00e4inen ankkurointij\u00e4rjestelm\u00e4 + Kuormaluokka: A15\u2013F900 + Tuotteen pituudet: 0,5  1,0 ja 2,0 metri\u00e4 + Poistoelementit erityisesti sis\u00e4leveydell\u00e4 100\u2013400 mm, erinomaisilla poisto-ominaisuuksilla + Eritt\u00e4in laaja p\u00e4\u00e4llysritil\u00f6iden valikoima <strong>BIRCOsirin t\u00e4rkeimm\u00e4t k\u00e4ytt\u00f6kohteet:<\/strong> + Kaupunkirakentaminen, teollisuus, lentokent\u00e4t ja satamat + Vilkkaasti liikenn\u00f6idyt alueet + Kuorma-autojen ja raskaan kaluston k\u00e4yt\u00f6ss\u00e4 olevat pys\u00e4k\u00f6intialueet (marketit, rahtiyritykset jne.) + Kiinteist\u00f6t, joilla on erityisi\u00e4 arkkitehtonisia vaatimuksia, perustuen laajaan ritil\u00e4valikoimaan<\/p>\n<pre id=\"tw-target-text\" class=\"tw-data-text tw-text-large tw-ta\" dir=\"ltr\" data-placeholder=\"T\u00f5lge\"><\/pre>\n<p>Sir-sarjan kouruja voi yhdist\u00e4\u00e4 erilaisiin p\u00e4\u00e4llysritil\u00f6ihin, poistoliit\u00e4nt\u00f6ihin ja kallistumiin. L\u00f6yd\u00e4t koko Birco Sir -sarjan tuotevalikoiman avaamalla halutun kourun tuoteselosteen. Tuoteseloste: <a href=\"https:\/\/scantank.ee\/wp-content\/uploads\/2019\/08\/BIRCO-Sir-100-Tooteleht.pdf\">BIRCO Sir 100 \u2013 Tuoteseloste ENG<\/a> Asennusohjeet:<a href=\"https:\/\/scantank.ee\/wp-content\/uploads\/2019\/08\/Birco-SIR-I-T\u00fc\u00fcbi-paigaldusjuhend-kuni-D400-1.pdf\">\u00a0<\/a><a href=\"https:\/\/scantank.ee\/wp-content\/uploads\/2019\/08\/Birco-I-tu\u0308u\u0308p-paigaldusjuhend-EE.pdf\">Birco I-tyypin asennusohje enint\u00e4\u00e4n D400 EE; <\/a><a href=\"https:\/\/scantank.ee\/wp-content\/uploads\/2019\/08\/BIRCO-Sir-Paigaldusjuhend-M-t\u00fc\u00fcp-1.pdf\">BIRCO Sir -asennusohje A15\u2013F900 ENG<\/a> Vaatimustenmukaisuusvakuutus (DoP):\u00a0<a href=\"https:\/\/scantank.ee\/wp-content\/uploads\/2019\/08\/DoP-020_BIRCOsir_160725.pdf\">DoP- BIRCOsir ENG<\/a> <em>Jos haluat lis\u00e4tietoa, ota meihin yhteytt\u00e4.<\/em><\/p>\n","protected":false},"excerpt":{"rendered":"<p>BIRCO Sir 100\/200\/300 | Vakaus ja erityisen suuret kuormat\u00a0 BIRCO Sir -sarjan linjakuivatuskouruissa on laajin valikoima, 7 eri sis\u00e4leveytt\u00e4 (100\u20131000 mm), laaja valikoima ritil\u00f6it\u00e4 ja jopa 2 metrin pituus. Sir-sarjan linjakuivatuskouruilla ei siis k\u00e4yt\u00e4nn\u00f6ss\u00e4 ole rajoja. BIRCOsir-linjakuivatuskourun faktat: + Sis\u00e4leveydelt\u00e4\u00e4n 100\u20131000 mm:n betonikouru, saatavilla sek\u00e4 sis\u00e4kallistumalla ett\u00e4 ilman kallistumaa + Matalat linjakuivatuskourut 100\u2013300 mm:n sis\u00e4leveydell\u00e4 [&hellip;]<\/p>\n","protected":false},"featured_media":2575,"template":"","meta":{"_acf_changed":false,"inline_featured_image":false,"_exactmetrics_skip_tracking":false,"_exactmetrics_sitenote_active":false,"_exactmetrics_sitenote_note":"","_exactmetrics_sitenote_category":0,"_monsterinsights_skip_tracking":false,"_monsterinsights_sitenote_active":false,"_monsterinsights_sitenote_note":"","_monsterinsights_sitenote_category":0},"product_cat":[163],"product_tag":[],"class_list":{"0":"post-2559","1":"product","2":"type-product","3":"status-publish","4":"has-post-thumbnail","6":"product_cat-birco-light-e600-fi","8":"first","9":"instock","10":"shipping-taxable","11":"product-type-simple"},"acf":[],"yoast_head":"<!-- This site is optimized with the Yoast SEO plugin v23.1 - https:\/\/yoast.com\/wordpress\/plugins\/seo\/ -->\n<title>Birco Sir 100\/200\/300...1000 (A15\u2013F900) kourukanava | Laaja valikoima vahvoja betonista valmistettuja linjakuivatuskouruja<\/title>\n<meta name=\"description\" content=\"Vahva betonista valmistettu Birco Sir 100 -linjakuivatuskouru. K\u00e4ytet\u00e4\u00e4n muun muassa teollisuudessa ja lentokentill\u00e4. Toimitus ja asennus! Ota yhteytt\u00e4! Puh. 5845 1580, info@scantank.ee\" \/>\n<meta name=\"robots\" content=\"index, follow, max-snippet:-1, max-image-preview:large, max-video-preview:-1\" \/>\n<link rel=\"canonical\" href=\"https:\/\/scantank.ee\/fi\/toode\/birco-sir-100-2\/\" \/>\n<meta property=\"og:locale\" content=\"fi_FI\" \/>\n<meta property=\"og:type\" content=\"article\" \/>\n<meta property=\"og:title\" content=\"Birco Sir 100\/200\/300...1000 (A15\u2013F900) kourukanava | Laaja valikoima vahvoja betonista valmistettuja linjakuivatuskouruja\" \/>\n<meta property=\"og:description\" content=\"Vahva betonista valmistettu Birco Sir 100 -linjakuivatuskouru. K\u00e4ytet\u00e4\u00e4n muun muassa teollisuudessa ja lentokentill\u00e4. Toimitus ja asennus! Ota yhteytt\u00e4! Puh. 5845 1580, info@scantank.ee\" \/>\n<meta property=\"og:url\" content=\"https:\/\/scantank.ee\/fi\/toode\/birco-sir-100-2\/\" \/>\n<meta property=\"og:site_name\" content=\"Scantank\" \/>\n<meta property=\"article:publisher\" content=\"http:\/\/www.facebook.com\/scantank\" \/>\n<meta property=\"article:modified_time\" content=\"2022-08-03T10:52:50+00:00\" \/>\n<meta property=\"og:image\" content=\"https:\/\/scantank.ee\/wp-content\/uploads\/2019\/09\/BIRCOsir-NW200-AS-TYPE-I.png\" \/>\n\t<meta property=\"og:image:width\" content=\"1403\" \/>\n\t<meta property=\"og:image:height\" content=\"992\" \/>\n\t<meta property=\"og:image:type\" content=\"image\/png\" \/>\n<meta name=\"twitter:card\" content=\"summary_large_image\" \/>\n<meta name=\"twitter:label1\" content=\"Arvioitu lukuaika\" \/>\n\t<meta name=\"twitter:data1\" content=\"1 minuutti\" \/>\n<script type=\"application\/ld+json\" class=\"yoast-schema-graph\">{\"@context\":\"https:\/\/schema.org\",\"@graph\":[{\"@type\":\"WebPage\",\"@id\":\"https:\/\/scantank.ee\/fi\/toode\/birco-sir-100-2\/\",\"url\":\"https:\/\/scantank.ee\/fi\/toode\/birco-sir-100-2\/\",\"name\":\"Birco Sir 100\/200\/300...1000 (A15\u2013F900) kourukanava | Laaja valikoima vahvoja betonista valmistettuja linjakuivatuskouruja\",\"isPartOf\":{\"@id\":\"https:\/\/scantank.ee\/fi\/#website\"},\"primaryImageOfPage\":{\"@id\":\"https:\/\/scantank.ee\/fi\/toode\/birco-sir-100-2\/#primaryimage\"},\"image\":{\"@id\":\"https:\/\/scantank.ee\/fi\/toode\/birco-sir-100-2\/#primaryimage\"},\"thumbnailUrl\":\"https:\/\/scantank.ee\/wp-content\/uploads\/2019\/09\/BIRCOsir-NW200-AS-TYPE-I.png\",\"datePublished\":\"2019-10-14T08:35:54+00:00\",\"dateModified\":\"2022-08-03T10:52:50+00:00\",\"description\":\"Vahva betonista valmistettu Birco Sir 100 -linjakuivatuskouru. K\u00e4ytet\u00e4\u00e4n muun muassa teollisuudessa ja lentokentill\u00e4. Toimitus ja asennus! Ota yhteytt\u00e4! Puh. 5845 1580, info@scantank.ee\",\"breadcrumb\":{\"@id\":\"https:\/\/scantank.ee\/fi\/toode\/birco-sir-100-2\/#breadcrumb\"},\"inLanguage\":\"fi\",\"potentialAction\":[{\"@type\":\"ReadAction\",\"target\":[\"https:\/\/scantank.ee\/fi\/toode\/birco-sir-100-2\/\"]}]},{\"@type\":\"ImageObject\",\"inLanguage\":\"fi\",\"@id\":\"https:\/\/scantank.ee\/fi\/toode\/birco-sir-100-2\/#primaryimage\",\"url\":\"https:\/\/scantank.ee\/wp-content\/uploads\/2019\/09\/BIRCOsir-NW200-AS-TYPE-I.png\",\"contentUrl\":\"https:\/\/scantank.ee\/wp-content\/uploads\/2019\/09\/BIRCOsir-NW200-AS-TYPE-I.png\",\"width\":1403,\"height\":992},{\"@type\":\"BreadcrumbList\",\"@id\":\"https:\/\/scantank.ee\/fi\/toode\/birco-sir-100-2\/#breadcrumb\",\"itemListElement\":[{\"@type\":\"ListItem\",\"position\":1,\"name\":\"Home\",\"item\":\"https:\/\/www.scantank.ee\/fi\/\"},{\"@type\":\"ListItem\",\"position\":2,\"name\":\"Tuoteluettelo\",\"item\":\"https:\/\/www.scantank.ee\/fi\/tuoteluettelo\/\"},{\"@type\":\"ListItem\",\"position\":3,\"name\":\"Birco Sir 100\/200\/300&#8230;1000 (A15\u2013F900)\"}]},{\"@type\":\"WebSite\",\"@id\":\"https:\/\/scantank.ee\/fi\/#website\",\"url\":\"https:\/\/scantank.ee\/fi\/\",\"name\":\"Scantank\",\"description\":\"\",\"publisher\":{\"@id\":\"https:\/\/scantank.ee\/fi\/#organization\"},\"potentialAction\":[{\"@type\":\"SearchAction\",\"target\":{\"@type\":\"EntryPoint\",\"urlTemplate\":\"https:\/\/scantank.ee\/fi\/?s={search_term_string}\"},\"query-input\":\"required name=search_term_string\"}],\"inLanguage\":\"fi\"},{\"@type\":\"Organization\",\"@id\":\"https:\/\/scantank.ee\/fi\/#organization\",\"name\":\"Scantank O\u00dc\",\"url\":\"https:\/\/scantank.ee\/fi\/\",\"logo\":{\"@type\":\"ImageObject\",\"inLanguage\":\"fi\",\"@id\":\"https:\/\/scantank.ee\/fi\/#\/schema\/logo\/image\/\",\"url\":\"https:\/\/scantank.ee\/wp-content\/uploads\/2019\/08\/scantank-new.png\",\"contentUrl\":\"https:\/\/scantank.ee\/wp-content\/uploads\/2019\/08\/scantank-new.png\",\"width\":1041,\"height\":221,\"caption\":\"Scantank O\u00dc\"},\"image\":{\"@id\":\"https:\/\/scantank.ee\/fi\/#\/schema\/logo\/image\/\"},\"sameAs\":[\"http:\/\/www.facebook.com\/scantank\"]}]}<\/script>\n<!-- \/ Yoast SEO plugin. -->","yoast_head_json":{"title":"Birco Sir 100\/200\/300...1000 (A15\u2013F900) kourukanava | Laaja valikoima vahvoja betonista valmistettuja linjakuivatuskouruja","description":"Vahva betonista valmistettu Birco Sir 100 -linjakuivatuskouru. K\u00e4ytet\u00e4\u00e4n muun muassa teollisuudessa ja lentokentill\u00e4. Toimitus ja asennus! Ota yhteytt\u00e4! Puh. 5845 1580, info@scantank.ee","robots":{"index":"index","follow":"follow","max-snippet":"max-snippet:-1","max-image-preview":"max-image-preview:large","max-video-preview":"max-video-preview:-1"},"canonical":"https:\/\/scantank.ee\/fi\/toode\/birco-sir-100-2\/","og_locale":"fi_FI","og_type":"article","og_title":"Birco Sir 100\/200\/300...1000 (A15\u2013F900) kourukanava | Laaja valikoima vahvoja betonista valmistettuja linjakuivatuskouruja","og_description":"Vahva betonista valmistettu Birco Sir 100 -linjakuivatuskouru. K\u00e4ytet\u00e4\u00e4n muun muassa teollisuudessa ja lentokentill\u00e4. Toimitus ja asennus! Ota yhteytt\u00e4! Puh. 5845 1580, info@scantank.ee","og_url":"https:\/\/scantank.ee\/fi\/toode\/birco-sir-100-2\/","og_site_name":"Scantank","article_publisher":"http:\/\/www.facebook.com\/scantank","article_modified_time":"2022-08-03T10:52:50+00:00","og_image":[{"width":1403,"height":992,"url":"https:\/\/scantank.ee\/wp-content\/uploads\/2019\/09\/BIRCOsir-NW200-AS-TYPE-I.png","type":"image\/png"}],"twitter_card":"summary_large_image","twitter_misc":{"Arvioitu lukuaika":"1 minuutti"},"schema":{"@context":"https:\/\/schema.org","@graph":[{"@type":"WebPage","@id":"https:\/\/scantank.ee\/fi\/toode\/birco-sir-100-2\/","url":"https:\/\/scantank.ee\/fi\/toode\/birco-sir-100-2\/","name":"Birco Sir 100\/200\/300...1000 (A15\u2013F900) kourukanava | Laaja valikoima vahvoja betonista valmistettuja linjakuivatuskouruja","isPartOf":{"@id":"https:\/\/scantank.ee\/fi\/#website"},"primaryImageOfPage":{"@id":"https:\/\/scantank.ee\/fi\/toode\/birco-sir-100-2\/#primaryimage"},"image":{"@id":"https:\/\/scantank.ee\/fi\/toode\/birco-sir-100-2\/#primaryimage"},"thumbnailUrl":"https:\/\/scantank.ee\/wp-content\/uploads\/2019\/09\/BIRCOsir-NW200-AS-TYPE-I.png","datePublished":"2019-10-14T08:35:54+00:00","dateModified":"2022-08-03T10:52:50+00:00","description":"Vahva betonista valmistettu Birco Sir 100 -linjakuivatuskouru. K\u00e4ytet\u00e4\u00e4n muun muassa teollisuudessa ja lentokentill\u00e4. Toimitus ja asennus! Ota yhteytt\u00e4! Puh. 5845 1580, info@scantank.ee","breadcrumb":{"@id":"https:\/\/scantank.ee\/fi\/toode\/birco-sir-100-2\/#breadcrumb"},"inLanguage":"fi","potentialAction":[{"@type":"ReadAction","target":["https:\/\/scantank.ee\/fi\/toode\/birco-sir-100-2\/"]}]},{"@type":"ImageObject","inLanguage":"fi","@id":"https:\/\/scantank.ee\/fi\/toode\/birco-sir-100-2\/#primaryimage","url":"https:\/\/scantank.ee\/wp-content\/uploads\/2019\/09\/BIRCOsir-NW200-AS-TYPE-I.png","contentUrl":"https:\/\/scantank.ee\/wp-content\/uploads\/2019\/09\/BIRCOsir-NW200-AS-TYPE-I.png","width":1403,"height":992},{"@type":"BreadcrumbList","@id":"https:\/\/scantank.ee\/fi\/toode\/birco-sir-100-2\/#breadcrumb","itemListElement":[{"@type":"ListItem","position":1,"name":"Home","item":"https:\/\/www.scantank.ee\/fi\/"},{"@type":"ListItem","position":2,"name":"Tuoteluettelo","item":"https:\/\/www.scantank.ee\/fi\/tuoteluettelo\/"},{"@type":"ListItem","position":3,"name":"Birco Sir 100\/200\/300&#8230;1000 (A15\u2013F900)"}]},{"@type":"WebSite","@id":"https:\/\/scantank.ee\/fi\/#website","url":"https:\/\/scantank.ee\/fi\/","name":"Scantank","description":"","publisher":{"@id":"https:\/\/scantank.ee\/fi\/#organization"},"potentialAction":[{"@type":"SearchAction","target":{"@type":"EntryPoint","urlTemplate":"https:\/\/scantank.ee\/fi\/?s={search_term_string}"},"query-input":"required name=search_term_string"}],"inLanguage":"fi"},{"@type":"Organization","@id":"https:\/\/scantank.ee\/fi\/#organization","name":"Scantank O\u00dc","url":"https:\/\/scantank.ee\/fi\/","logo":{"@type":"ImageObject","inLanguage":"fi","@id":"https:\/\/scantank.ee\/fi\/#\/schema\/logo\/image\/","url":"https:\/\/scantank.ee\/wp-content\/uploads\/2019\/08\/scantank-new.png","contentUrl":"https:\/\/scantank.ee\/wp-content\/uploads\/2019\/08\/scantank-new.png","width":1041,"height":221,"caption":"Scantank O\u00dc"},"image":{"@id":"https:\/\/scantank.ee\/fi\/#\/schema\/logo\/image\/"},"sameAs":["http:\/\/www.facebook.com\/scantank"]}]}},"_links":{"self":[{"href":"https:\/\/scantank.ee\/fi\/wp-json\/wp\/v2\/product\/2559"}],"collection":[{"href":"https:\/\/scantank.ee\/fi\/wp-json\/wp\/v2\/product"}],"about":[{"href":"https:\/\/scantank.ee\/fi\/wp-json\/wp\/v2\/types\/product"}],"wp:featuredmedia":[{"embeddable":true,"href":"https:\/\/scantank.ee\/fi\/wp-json\/wp\/v2\/media\/2575"}],"wp:attachment":[{"href":"https:\/\/scantank.ee\/fi\/wp-json\/wp\/v2\/media?parent=2559"}],"wp:term":[{"taxonomy":"product_cat","embeddable":true,"href":"https:\/\/scantank.ee\/fi\/wp-json\/wp\/v2\/product_cat?post=2559"},{"taxonomy":"product_tag","embeddable":true,"href":"https:\/\/scantank.ee\/fi\/wp-json\/wp\/v2\/product_tag?post=2559"}],"curies":[{"name":"wp","href":"https:\/\/api.w.org\/{rel}","templated":true}]}}