{"id":4789,"date":"2020-01-01T10:58:34","date_gmt":"2020-01-01T10:58:34","guid":{"rendered":"https:\/\/scantank.ee\/toode\/kestavat-technodrain-hd-pe-linjakuivatuskourut\/"},"modified":"2022-08-03T10:37:11","modified_gmt":"2022-08-03T10:37:11","slug":"kestavat-technodrain-hd-pe-linjakuivatuskourut","status":"publish","type":"product","link":"https:\/\/scantank.ee\/fi\/toode\/kestavat-technodrain-hd-pe-linjakuivatuskourut\/","title":{"rendered":"Kest\u00e4v\u00e4t TECHNODRAIN\u00ae-HD-PE -linjakuivatuskourut"},"content":{"rendered":"<h2><span lang=\"et\" tabindex=\"0\">Technodrain\u00ae-HD-PE -linjakuivatuskourut<\/span><\/h2>\n<h3><strong>TECHNODRAIN\u00ae-HD-PE -linjakuivatuskourut<\/strong><\/h3>\n<p id=\"tw-target-text\" class=\"tw-data-text tw-text-large tw-ta\" dir=\"ltr\" data-placeholder=\"T\u00f5lge\"><span lang=\"et\" tabindex=\"0\"> Technodrain\u00ae-HD-PE -linjakuivatuskourut on tarkoitettu sadeveden ohjaamiseen kaikissa rakennusymp\u00e4rist\u00f6iss\u00e4.\u00a0Kevytt\u00e4 ja vahvaa linjakuivatuskourua on helppo k\u00e4ytt\u00e4\u00e4 viem\u00e4ripinnan suunnittelussa.<\/span><\/p>\n<p id=\"tw-target-text\" class=\"tw-data-text tw-text-large tw-ta\" dir=\"ltr\" data-placeholder=\"T\u00f5lge\"><span lang=\"et\" tabindex=\"0\">Vahvasta polyeteenist\u00e4 valmistetut Technodrain\u00ae-HD-PE -linjakuivatuskourut kattavat Euroopan standardin EN 1433 mukaan kaikki kuormitusluokat (A15\u2013F900), p\u00e4\u00e4llysritil\u00f6iden vaihtoehtoina valurauta, galvanisoitu ter\u00e4s ja ruostumaton ter\u00e4s.<\/span><\/p>\n<p dir=\"ltr\" data-placeholder=\"T\u00f5lge\">Technodrain\u00ae-j\u00e4rjestelm\u00e4 on saatavana 100 mm:n, 150 mm:n, 200 mm:n ja 300 mm:n sis\u00e4leveydell\u00e4.<\/p>\n<p dir=\"ltr\" data-placeholder=\"T\u00f5lge\">Kevyiden kourujen etu: <span lang=\"et\" tabindex=\"0\">esim. polyeteenist\u00e4 valmistetun EXEL 200HV:n hydraulinen teho on 42,61 l\/s, mik\u00e4 sopii erinomaisesti k\u00e4ytett\u00e4v\u00e4ksi ajoteill\u00e4 ja pys\u00e4k\u00f6intialueilla. Yhdess\u00e4 valurautaisen D400-ritil\u00e4n kanssa se painaa 26,1 kg. Koon ja painon suhde maksimoi s\u00e4\u00e4st\u00f6n kuljetus- ja asennuskustannuksissa.<\/span><\/p>\n<p dir=\"ltr\" data-placeholder=\"T\u00f5lge\">Teknologisesti kehittynyt Technodrain\u00ae kest\u00e4\u00e4 l\u00e4mp\u00f6tilan vaihtelua -60 \u00b0 C&#8230; + 100 \u00b0C. Se kest\u00e4\u00e4 my\u00f6s erilaisia happoja, suoloja ja hiilivetyj\u00e4, joten sit\u00e4 voidaan k\u00e4ytt\u00e4\u00e4 hankalissakin ymp\u00e4rist\u00f6iss\u00e4, kuten tehtaissa, huolto-asemilla ja pinnoilla, joilla k\u00e4ytet\u00e4\u00e4n j\u00e4\u00e4tymisenvastaisia suoloja.<\/p>\n<p id=\"tw-target-text\" class=\"tw-data-text tw-text-large tw-ta\" dir=\"ltr\" data-placeholder=\"T\u00f5lge\"><span lang=\"et\" tabindex=\"0\">Technodrain\u00ae-linjakuivatuskouruilla on my\u00f6s monia muita etuja. Niiden vahva rakenne s\u00e4ilytt\u00e4\u00e4 pitk\u00e4n k\u00e4ytt\u00f6ik\u00e4ns\u00e4. Asennusta helpottavat kieli- ja uraliitokset, jotka mahdollistavat usean kanavan yhdist\u00e4misen valmiiksi asennettuun ritil\u00e4\u00e4n. Esimuokatut sivu- ja pystysuuntaiset kanavien poistoaukot tarjoavat nopean ja helpon liitoksen my\u00f6s poistoputkille.<\/span><\/p>\n<p>Projektin suunnittelua tukevat lis\u00e4ksi integroidut tie- ja poikkileikkausliitokset, joiden avulla viem\u00e4riputkea voidaan muokata. N\u00e4in varmistetaan koko j\u00e4rjestelm\u00e4n tarkkuus ja kannattavuus. T\u00e4rke\u00e4 lis\u00e4varuste on Technodrain\u00ae-lattiakaivo. Sen voi asentaa erilliseksi terminaaliksi tai kahden yhtyv\u00e4n linjan keskeiseksi elementiksi. Lattiakaivoon kuuluu vapaaehtoinen lappo, joka on helppo poistaa puhdistamista varten, sek\u00e4 ritil\u00e4 lehtien ja roskien suodattamiseen. Lattiakaivon avulla voit nostaa kaikkien kanavien ulosvirtauksen halkaisijan arvoon \u00d8200. L\u00f6yd\u00e4t koko Technodrain\u00ae-sarjan tuotevalikoiman avaamalla kuvaston. Kuvasto: <a href=\"https:\/\/scantank.ee\/wp-content\/uploads\/2020\/01\/Brochure-Technodrain.pdf\">Brochure Technodrain<\/a> <em>Laadimme Technodrain\u00ae-tuotevalikoimalle hintatarjouksia projektipohjaisesti. Jos haluat lis\u00e4tietoa, ota meihin yhteytt\u00e4.<\/em> https:\/\/youtu.be\/4p3yZh9s7ig<\/p>\n","protected":false},"excerpt":{"rendered":"<p>Technodrain\u00ae-HD-PE -linjakuivatuskourut TECHNODRAIN\u00ae-HD-PE -linjakuivatuskourut Technodrain\u00ae-HD-PE -linjakuivatuskourut on tarkoitettu sadeveden ohjaamiseen kaikissa rakennusymp\u00e4rist\u00f6iss\u00e4.\u00a0Kevytt\u00e4 ja vahvaa linjakuivatuskourua on helppo k\u00e4ytt\u00e4\u00e4 viem\u00e4ripinnan suunnittelussa. Vahvasta polyeteenist\u00e4 valmistetut Technodrain\u00ae-HD-PE -linjakuivatuskourut kattavat Euroopan standardin EN 1433 mukaan kaikki kuormitusluokat (A15\u2013F900), p\u00e4\u00e4llysritil\u00f6iden vaihtoehtoina valurauta, galvanisoitu ter\u00e4s ja ruostumaton ter\u00e4s. Technodrain\u00ae-j\u00e4rjestelm\u00e4 on saatavana 100 mm:n, 150 mm:n, 200 mm:n ja 300 mm:n sis\u00e4leveydell\u00e4. [&hellip;]<\/p>\n","protected":false},"featured_media":3683,"template":"","meta":{"_acf_changed":false,"inline_featured_image":false,"_exactmetrics_skip_tracking":false,"_exactmetrics_sitenote_active":false,"_exactmetrics_sitenote_note":"","_exactmetrics_sitenote_category":0,"_monsterinsights_skip_tracking":false,"_monsterinsights_sitenote_active":false,"_monsterinsights_sitenote_note":"","_monsterinsights_sitenote_category":0},"product_cat":[252,165],"product_tag":[],"class_list":{"0":"post-4789","1":"product","2":"type-product","3":"status-publish","4":"has-post-thumbnail","6":"product_cat-technodrain-hd-pe-f900-fi","7":"product_cat-linjakuivatuskourut","9":"first","10":"instock","11":"shipping-taxable","12":"product-type-simple"},"acf":[],"yoast_head":"<!-- This site is optimized with the Yoast SEO plugin v23.1 - https:\/\/yoast.com\/wordpress\/plugins\/seo\/ -->\n<title>Technodrain\u00ae-HD-PE -linjakuivatuskourut sadeveden ker\u00e4\u00e4miseen<\/title>\n<meta name=\"description\" content=\"Technodrain\u00ae-HD-PE -linjakuivatuskourut soveltuvat sadeveden ker\u00e4\u00e4miseen ulkona ja hankalissa ymp\u00e4rist\u00f6iss\u00e4 kuten tehtailla ja huoltoasemilla.\" \/>\n<meta name=\"robots\" content=\"index, follow, max-snippet:-1, max-image-preview:large, max-video-preview:-1\" \/>\n<link rel=\"canonical\" href=\"https:\/\/scantank.ee\/fi\/toode\/kestavat-technodrain-hd-pe-linjakuivatuskourut\/\" \/>\n<meta property=\"og:locale\" content=\"fi_FI\" \/>\n<meta property=\"og:type\" content=\"article\" \/>\n<meta property=\"og:title\" content=\"Technodrain\u00ae-HD-PE -linjakuivatuskourut sadeveden ker\u00e4\u00e4miseen\" \/>\n<meta property=\"og:description\" content=\"Technodrain\u00ae-HD-PE -linjakuivatuskourut soveltuvat sadeveden ker\u00e4\u00e4miseen ulkona ja hankalissa ymp\u00e4rist\u00f6iss\u00e4 kuten tehtailla ja huoltoasemilla.\" \/>\n<meta property=\"og:url\" content=\"https:\/\/scantank.ee\/fi\/toode\/kestavat-technodrain-hd-pe-linjakuivatuskourut\/\" \/>\n<meta property=\"og:site_name\" content=\"Scantank\" \/>\n<meta property=\"article:publisher\" content=\"http:\/\/www.facebook.com\/scantank\" \/>\n<meta property=\"article:modified_time\" content=\"2022-08-03T10:37:11+00:00\" \/>\n<meta property=\"og:image\" content=\"https:\/\/scantank.ee\/wp-content\/uploads\/2020\/01\/EXEL-200HV-D400-scaled.jpg\" \/>\n\t<meta property=\"og:image:width\" content=\"2560\" \/>\n\t<meta property=\"og:image:height\" content=\"1920\" \/>\n\t<meta property=\"og:image:type\" content=\"image\/jpeg\" \/>\n<meta name=\"twitter:card\" content=\"summary_large_image\" \/>\n<meta name=\"twitter:label1\" content=\"Arvioitu lukuaika\" \/>\n\t<meta name=\"twitter:data1\" content=\"2 minuuttia\" \/>\n<script type=\"application\/ld+json\" class=\"yoast-schema-graph\">{\"@context\":\"https:\/\/schema.org\",\"@graph\":[{\"@type\":\"WebPage\",\"@id\":\"https:\/\/scantank.ee\/fi\/toode\/kestavat-technodrain-hd-pe-linjakuivatuskourut\/\",\"url\":\"https:\/\/scantank.ee\/fi\/toode\/kestavat-technodrain-hd-pe-linjakuivatuskourut\/\",\"name\":\"Technodrain\u00ae-HD-PE -linjakuivatuskourut sadeveden ker\u00e4\u00e4miseen\",\"isPartOf\":{\"@id\":\"https:\/\/scantank.ee\/fi\/#website\"},\"primaryImageOfPage\":{\"@id\":\"https:\/\/scantank.ee\/fi\/toode\/kestavat-technodrain-hd-pe-linjakuivatuskourut\/#primaryimage\"},\"image\":{\"@id\":\"https:\/\/scantank.ee\/fi\/toode\/kestavat-technodrain-hd-pe-linjakuivatuskourut\/#primaryimage\"},\"thumbnailUrl\":\"https:\/\/scantank.ee\/wp-content\/uploads\/2020\/01\/EXEL-200HV-D400-scaled.jpg\",\"datePublished\":\"2020-01-01T10:58:34+00:00\",\"dateModified\":\"2022-08-03T10:37:11+00:00\",\"description\":\"Technodrain\u00ae-HD-PE -linjakuivatuskourut soveltuvat sadeveden ker\u00e4\u00e4miseen ulkona ja hankalissa ymp\u00e4rist\u00f6iss\u00e4 kuten tehtailla ja huoltoasemilla.\",\"breadcrumb\":{\"@id\":\"https:\/\/scantank.ee\/fi\/toode\/kestavat-technodrain-hd-pe-linjakuivatuskourut\/#breadcrumb\"},\"inLanguage\":\"fi\",\"potentialAction\":[{\"@type\":\"ReadAction\",\"target\":[\"https:\/\/scantank.ee\/fi\/toode\/kestavat-technodrain-hd-pe-linjakuivatuskourut\/\"]}]},{\"@type\":\"ImageObject\",\"inLanguage\":\"fi\",\"@id\":\"https:\/\/scantank.ee\/fi\/toode\/kestavat-technodrain-hd-pe-linjakuivatuskourut\/#primaryimage\",\"url\":\"https:\/\/scantank.ee\/wp-content\/uploads\/2020\/01\/EXEL-200HV-D400-scaled.jpg\",\"contentUrl\":\"https:\/\/scantank.ee\/wp-content\/uploads\/2020\/01\/EXEL-200HV-D400-scaled.jpg\",\"width\":2560,\"height\":1920},{\"@type\":\"BreadcrumbList\",\"@id\":\"https:\/\/scantank.ee\/fi\/toode\/kestavat-technodrain-hd-pe-linjakuivatuskourut\/#breadcrumb\",\"itemListElement\":[{\"@type\":\"ListItem\",\"position\":1,\"name\":\"Home\",\"item\":\"https:\/\/scantank.ee\/fi\/\"},{\"@type\":\"ListItem\",\"position\":2,\"name\":\"Tuoteluettelo\",\"item\":\"https:\/\/scantank.ee\/fi\/tuoteluettelo\/\"},{\"@type\":\"ListItem\",\"position\":3,\"name\":\"Kest\u00e4v\u00e4t TECHNODRAIN\u00ae-HD-PE -linjakuivatuskourut\"}]},{\"@type\":\"WebSite\",\"@id\":\"https:\/\/scantank.ee\/fi\/#website\",\"url\":\"https:\/\/scantank.ee\/fi\/\",\"name\":\"Scantank\",\"description\":\"\",\"publisher\":{\"@id\":\"https:\/\/scantank.ee\/fi\/#organization\"},\"potentialAction\":[{\"@type\":\"SearchAction\",\"target\":{\"@type\":\"EntryPoint\",\"urlTemplate\":\"https:\/\/scantank.ee\/fi\/?s={search_term_string}\"},\"query-input\":\"required name=search_term_string\"}],\"inLanguage\":\"fi\"},{\"@type\":\"Organization\",\"@id\":\"https:\/\/scantank.ee\/fi\/#organization\",\"name\":\"Scantank O\u00dc\",\"url\":\"https:\/\/scantank.ee\/fi\/\",\"logo\":{\"@type\":\"ImageObject\",\"inLanguage\":\"fi\",\"@id\":\"https:\/\/scantank.ee\/fi\/#\/schema\/logo\/image\/\",\"url\":\"https:\/\/scantank.ee\/wp-content\/uploads\/2019\/08\/scantank-new.png\",\"contentUrl\":\"https:\/\/scantank.ee\/wp-content\/uploads\/2019\/08\/scantank-new.png\",\"width\":1041,\"height\":221,\"caption\":\"Scantank O\u00dc\"},\"image\":{\"@id\":\"https:\/\/scantank.ee\/fi\/#\/schema\/logo\/image\/\"},\"sameAs\":[\"http:\/\/www.facebook.com\/scantank\"]}]}<\/script>\n<!-- \/ Yoast SEO plugin. -->","yoast_head_json":{"title":"Technodrain\u00ae-HD-PE -linjakuivatuskourut sadeveden ker\u00e4\u00e4miseen","description":"Technodrain\u00ae-HD-PE -linjakuivatuskourut soveltuvat sadeveden ker\u00e4\u00e4miseen ulkona ja hankalissa ymp\u00e4rist\u00f6iss\u00e4 kuten tehtailla ja huoltoasemilla.","robots":{"index":"index","follow":"follow","max-snippet":"max-snippet:-1","max-image-preview":"max-image-preview:large","max-video-preview":"max-video-preview:-1"},"canonical":"https:\/\/scantank.ee\/fi\/toode\/kestavat-technodrain-hd-pe-linjakuivatuskourut\/","og_locale":"fi_FI","og_type":"article","og_title":"Technodrain\u00ae-HD-PE -linjakuivatuskourut sadeveden ker\u00e4\u00e4miseen","og_description":"Technodrain\u00ae-HD-PE -linjakuivatuskourut soveltuvat sadeveden ker\u00e4\u00e4miseen ulkona ja hankalissa ymp\u00e4rist\u00f6iss\u00e4 kuten tehtailla ja huoltoasemilla.","og_url":"https:\/\/scantank.ee\/fi\/toode\/kestavat-technodrain-hd-pe-linjakuivatuskourut\/","og_site_name":"Scantank","article_publisher":"http:\/\/www.facebook.com\/scantank","article_modified_time":"2022-08-03T10:37:11+00:00","og_image":[{"width":2560,"height":1920,"url":"https:\/\/scantank.ee\/wp-content\/uploads\/2020\/01\/EXEL-200HV-D400-scaled.jpg","type":"image\/jpeg"}],"twitter_card":"summary_large_image","twitter_misc":{"Arvioitu lukuaika":"2 minuuttia"},"schema":{"@context":"https:\/\/schema.org","@graph":[{"@type":"WebPage","@id":"https:\/\/scantank.ee\/fi\/toode\/kestavat-technodrain-hd-pe-linjakuivatuskourut\/","url":"https:\/\/scantank.ee\/fi\/toode\/kestavat-technodrain-hd-pe-linjakuivatuskourut\/","name":"Technodrain\u00ae-HD-PE -linjakuivatuskourut sadeveden ker\u00e4\u00e4miseen","isPartOf":{"@id":"https:\/\/scantank.ee\/fi\/#website"},"primaryImageOfPage":{"@id":"https:\/\/scantank.ee\/fi\/toode\/kestavat-technodrain-hd-pe-linjakuivatuskourut\/#primaryimage"},"image":{"@id":"https:\/\/scantank.ee\/fi\/toode\/kestavat-technodrain-hd-pe-linjakuivatuskourut\/#primaryimage"},"thumbnailUrl":"https:\/\/scantank.ee\/wp-content\/uploads\/2020\/01\/EXEL-200HV-D400-scaled.jpg","datePublished":"2020-01-01T10:58:34+00:00","dateModified":"2022-08-03T10:37:11+00:00","description":"Technodrain\u00ae-HD-PE -linjakuivatuskourut soveltuvat sadeveden ker\u00e4\u00e4miseen ulkona ja hankalissa ymp\u00e4rist\u00f6iss\u00e4 kuten tehtailla ja huoltoasemilla.","breadcrumb":{"@id":"https:\/\/scantank.ee\/fi\/toode\/kestavat-technodrain-hd-pe-linjakuivatuskourut\/#breadcrumb"},"inLanguage":"fi","potentialAction":[{"@type":"ReadAction","target":["https:\/\/scantank.ee\/fi\/toode\/kestavat-technodrain-hd-pe-linjakuivatuskourut\/"]}]},{"@type":"ImageObject","inLanguage":"fi","@id":"https:\/\/scantank.ee\/fi\/toode\/kestavat-technodrain-hd-pe-linjakuivatuskourut\/#primaryimage","url":"https:\/\/scantank.ee\/wp-content\/uploads\/2020\/01\/EXEL-200HV-D400-scaled.jpg","contentUrl":"https:\/\/scantank.ee\/wp-content\/uploads\/2020\/01\/EXEL-200HV-D400-scaled.jpg","width":2560,"height":1920},{"@type":"BreadcrumbList","@id":"https:\/\/scantank.ee\/fi\/toode\/kestavat-technodrain-hd-pe-linjakuivatuskourut\/#breadcrumb","itemListElement":[{"@type":"ListItem","position":1,"name":"Home","item":"https:\/\/scantank.ee\/fi\/"},{"@type":"ListItem","position":2,"name":"Tuoteluettelo","item":"https:\/\/scantank.ee\/fi\/tuoteluettelo\/"},{"@type":"ListItem","position":3,"name":"Kest\u00e4v\u00e4t TECHNODRAIN\u00ae-HD-PE -linjakuivatuskourut"}]},{"@type":"WebSite","@id":"https:\/\/scantank.ee\/fi\/#website","url":"https:\/\/scantank.ee\/fi\/","name":"Scantank","description":"","publisher":{"@id":"https:\/\/scantank.ee\/fi\/#organization"},"potentialAction":[{"@type":"SearchAction","target":{"@type":"EntryPoint","urlTemplate":"https:\/\/scantank.ee\/fi\/?s={search_term_string}"},"query-input":"required name=search_term_string"}],"inLanguage":"fi"},{"@type":"Organization","@id":"https:\/\/scantank.ee\/fi\/#organization","name":"Scantank O\u00dc","url":"https:\/\/scantank.ee\/fi\/","logo":{"@type":"ImageObject","inLanguage":"fi","@id":"https:\/\/scantank.ee\/fi\/#\/schema\/logo\/image\/","url":"https:\/\/scantank.ee\/wp-content\/uploads\/2019\/08\/scantank-new.png","contentUrl":"https:\/\/scantank.ee\/wp-content\/uploads\/2019\/08\/scantank-new.png","width":1041,"height":221,"caption":"Scantank O\u00dc"},"image":{"@id":"https:\/\/scantank.ee\/fi\/#\/schema\/logo\/image\/"},"sameAs":["http:\/\/www.facebook.com\/scantank"]}]}},"_links":{"self":[{"href":"https:\/\/scantank.ee\/fi\/wp-json\/wp\/v2\/product\/4789"}],"collection":[{"href":"https:\/\/scantank.ee\/fi\/wp-json\/wp\/v2\/product"}],"about":[{"href":"https:\/\/scantank.ee\/fi\/wp-json\/wp\/v2\/types\/product"}],"wp:featuredmedia":[{"embeddable":true,"href":"https:\/\/scantank.ee\/fi\/wp-json\/wp\/v2\/media\/3683"}],"wp:attachment":[{"href":"https:\/\/scantank.ee\/fi\/wp-json\/wp\/v2\/media?parent=4789"}],"wp:term":[{"taxonomy":"product_cat","embeddable":true,"href":"https:\/\/scantank.ee\/fi\/wp-json\/wp\/v2\/product_cat?post=4789"},{"taxonomy":"product_tag","embeddable":true,"href":"https:\/\/scantank.ee\/fi\/wp-json\/wp\/v2\/product_tag?post=4789"}],"curies":[{"name":"wp","href":"https:\/\/api.w.org\/{rel}","templated":true}]}}