{"id":7237,"date":"2019-08-09T09:51:01","date_gmt":"2022-08-03T10:35:17","guid":{"rendered":"https:\/\/scantank.ee\/toode\/sailio-2-80-m2\/"},"modified":"2022-08-03T10:35:17","modified_gmt":"2022-08-03T10:35:17","slug":"2-m3-sailio","status":"publish","type":"product","link":"https:\/\/scantank.ee\/fi\/toode\/2-m3-sailio\/","title":{"rendered":"S\u00e4ili\u00f6 2\u201380 m2"},"content":{"rendered":"<h2>S\u00e4ili\u00f6 2\u201380 m3 (j\u00e4te-, ker\u00e4ys-, tasaus-, sade- ja palovesis\u00e4ili\u00f6t).<\/h2>\n<p>Lujitemuovista valmistettuja 2\u201380 m3:n s\u00e4ili\u00f6it\u00e4 k\u00e4ytet\u00e4\u00e4n p\u00e4\u00e4asiassa j\u00e4te-, sade- tai paloveden ker\u00e4\u00e4miseen.\u00a0 Lujitemuovin k\u00e4ytt\u00f6ik\u00e4 on hyvin pitk\u00e4, ja se on suhteellisen kevyest\u00e4 painostaan huolimatta eritt\u00e4in luja materiaali. Lasikuitumuovis\u00e4ili\u00f6t valmistetaan k\u00e4\u00e4mitysmenetelm\u00e4ll\u00e4, ja ne ovat eritt\u00e4in lujia ja palonkest\u00e4vi\u00e4.<\/p>\n<ul>\n<li>Ker\u00e4yss\u00e4ili\u00f6 2000\u201380000 litraa<\/li>\n<li>Tuotteen mukana toimitetaan sertifikaatti, vaatimustenmukaisuusvakuutus sek\u00e4 asennus- ja huolto-ohjeet.<\/li>\n<li>S\u00e4ili\u00f6 on varustettu tulo- ja poistoputkilla, ja toimitukseen kuuluu muovikansi<\/li>\n<li>S\u00e4ili\u00f6\u00f6n voidaan tilata erikseen ylit\u00e4yttymisen h\u00e4lytyslaite ja tarvittaessa valurautaluukku.<\/li>\n<li>Tuotteella on 10 vuoden takuu<\/li>\n<\/ul>\n<p><em>Piirrokset:<\/em> <a href=\"https:\/\/scantank.ee\/wp-content\/uploads\/2019\/08\/Reoveemahuti-2m3.pdf\">J\u00e4tevesis\u00e4ili\u00f6-2 m3<\/a> <a href=\"https:\/\/scantank.ee\/wp-content\/uploads\/2019\/08\/Reoveemahuti-3m3.pdf\">J\u00e4tevesis\u00e4ili\u00f6-3 m3<\/a> <a href=\"https:\/\/scantank.ee\/wp-content\/uploads\/2019\/08\/Reoveemahuti-4m3.pdf\">J\u00e4tevesis\u00e4ili\u00f6-4 m3<\/a> <a href=\"https:\/\/scantank.ee\/wp-content\/uploads\/2019\/08\/Reoveemahuti-5m3.pdf\">J\u00e4tevesis\u00e4ili\u00f6-5 m3<\/a> <a href=\"https:\/\/scantank.ee\/wp-content\/uploads\/2019\/08\/Reoveemahuti-6m3.pdf\">J\u00e4tevesis\u00e4ili\u00f6-6 m3<\/a> <a href=\"https:\/\/scantank.ee\/wp-content\/uploads\/2019\/08\/Reoveemahuti-7m3.pdf\">J\u00e4tevesis\u00e4ili\u00f6-7 m3<\/a> <a href=\"https:\/\/scantank.ee\/wp-content\/uploads\/2019\/08\/Reoveemahuti-8m3.pdf\">J\u00e4tevesis\u00e4ili\u00f6-8 m3<\/a> <a href=\"https:\/\/scantank.ee\/wp-content\/uploads\/2019\/08\/Reoveemahuti-9m3.pdf\">J\u00e4tevesis\u00e4ili\u00f6-9 m3<\/a> <a href=\"https:\/\/scantank.ee\/wp-content\/uploads\/2019\/08\/Reoveemahuti-10m3.pdf\">J\u00e4tevesis\u00e4ili\u00f6-10 m3<\/a> <a href=\"https:\/\/scantank.ee\/wp-content\/uploads\/2019\/08\/Reoveemahuti-12m3.pdf\">J\u00e4tevesis\u00e4ili\u00f6-12 m3<\/a> <a href=\"https:\/\/scantank.ee\/wp-content\/uploads\/2019\/08\/Reoveemahuti-15m3.pdf\">J\u00e4tevesis\u00e4ili\u00f6-15 m3<\/a> <a href=\"https:\/\/scantank.ee\/wp-content\/uploads\/2019\/08\/Reoveemahuti-20m3.pdf\">J\u00e4tevesis\u00e4ili\u00f6-20 m3<\/a> <em>S\u00e4ili\u00f6iden asennusohje:<\/em> <a href=\"https:\/\/scantank.ee\/wp-content\/uploads\/2019\/08\/Scantank-O\u00dc-mahuti-paigaldus-hooldusjuhend.pdf\">Scantank O\u00dc:n s\u00e4ili\u00f6n asennus- ja huolto-ohjeet<\/a><\/p>\n<p>\u00a0<\/p>\n<p>\u00a0<\/p>\n","protected":false},"excerpt":{"rendered":"<p>S\u00e4ili\u00f6 2\u201380 m3 (j\u00e4te-, ker\u00e4ys-, tasaus-, sade- ja palovesis\u00e4ili\u00f6t). Lujitemuovista valmistettuja 2\u201380 m3:n s\u00e4ili\u00f6it\u00e4 k\u00e4ytet\u00e4\u00e4n p\u00e4\u00e4asiassa j\u00e4te-, sade- tai paloveden ker\u00e4\u00e4miseen.\u00a0 Lujitemuovin k\u00e4ytt\u00f6ik\u00e4 on hyvin pitk\u00e4, ja se on suhteellisen kevyest\u00e4 painostaan huolimatta eritt\u00e4in luja materiaali. Lasikuitumuovis\u00e4ili\u00f6t valmistetaan k\u00e4\u00e4mitysmenetelm\u00e4ll\u00e4, ja ne ovat eritt\u00e4in lujia ja palonkest\u00e4vi\u00e4. Ker\u00e4yss\u00e4ili\u00f6 2000\u201380000 litraa Tuotteen mukana toimitetaan sertifikaatti, vaatimustenmukaisuusvakuutus sek\u00e4 [&hellip;]<\/p>\n","protected":false},"featured_media":2264,"template":"","meta":{"_acf_changed":false,"inline_featured_image":false,"_exactmetrics_skip_tracking":false,"_exactmetrics_sitenote_active":false,"_exactmetrics_sitenote_note":"","_exactmetrics_sitenote_category":0,"_monsterinsights_skip_tracking":false,"_monsterinsights_sitenote_active":false,"_monsterinsights_sitenote_note":"","_monsterinsights_sitenote_category":0},"product_cat":[147],"product_tag":[],"class_list":{"0":"post-7237","1":"product","2":"type-product","3":"status-publish","4":"has-post-thumbnail","6":"product_cat-vesisailiot","8":"first","9":"instock","10":"shipping-taxable","11":"product-type-simple"},"acf":[],"yoast_head":"<!-- This site is optimized with the Yoast SEO plugin v23.1 - https:\/\/yoast.com\/wordpress\/plugins\/seo\/ -->\n<title>S\u00e4ili\u00f6 2\u201380 m2 |% Laaja valikoima kest\u00e4v\u00e4st\u00e4 lujitemuovista valmistettuja s\u00e4ili\u00f6it\u00e4<\/title>\n<meta name=\"description\" content=\"2 m3 s\u00e4ili\u00f6 soveltuu j\u00e4te-, sade- ja palovedelle. Takuu 10 vuotta! Toimitus ja asennus! Ota yhteytt\u00e4! Puh. 5845 1580, info@scantank.ee\" \/>\n<meta name=\"robots\" content=\"index, follow, max-snippet:-1, max-image-preview:large, max-video-preview:-1\" \/>\n<link rel=\"canonical\" href=\"https:\/\/scantank.ee\/fi\/toode\/2-m3-sailio\/\" \/>\n<meta property=\"og:locale\" content=\"fi_FI\" \/>\n<meta property=\"og:type\" content=\"article\" \/>\n<meta property=\"og:title\" content=\"S\u00e4ili\u00f6 2\u201380 m2 |% Laaja valikoima kest\u00e4v\u00e4st\u00e4 lujitemuovista valmistettuja s\u00e4ili\u00f6it\u00e4\" \/>\n<meta property=\"og:description\" content=\"2 m3 s\u00e4ili\u00f6 soveltuu j\u00e4te-, sade- ja palovedelle. Takuu 10 vuotta! Toimitus ja asennus! Ota yhteytt\u00e4! Puh. 5845 1580, info@scantank.ee\" \/>\n<meta property=\"og:url\" content=\"https:\/\/scantank.ee\/fi\/toode\/2-m3-sailio\/\" \/>\n<meta property=\"og:site_name\" content=\"Scantank\" \/>\n<meta property=\"article:publisher\" content=\"http:\/\/www.facebook.com\/scantank\" \/>\n<meta property=\"og:image\" content=\"https:\/\/www.scantank.ee\/wp-content\/uploads\/2019\/08\/Mahuti1.jpg\" \/>\n\t<meta property=\"og:image:width\" content=\"800\" \/>\n\t<meta property=\"og:image:height\" content=\"800\" \/>\n\t<meta property=\"og:image:type\" content=\"image\/jpeg\" \/>\n<meta name=\"twitter:card\" content=\"summary_large_image\" \/>\n<meta name=\"twitter:label1\" content=\"Arvioitu lukuaika\" \/>\n\t<meta name=\"twitter:data1\" content=\"1 minuutti\" \/>\n<script type=\"application\/ld+json\" class=\"yoast-schema-graph\">{\"@context\":\"https:\/\/schema.org\",\"@graph\":[{\"@type\":\"WebPage\",\"@id\":\"https:\/\/scantank.ee\/fi\/toode\/2-m3-sailio\/\",\"url\":\"https:\/\/scantank.ee\/fi\/toode\/2-m3-sailio\/\",\"name\":\"S\u00e4ili\u00f6 2\u201380 m2 |% Laaja valikoima kest\u00e4v\u00e4st\u00e4 lujitemuovista valmistettuja s\u00e4ili\u00f6it\u00e4\",\"isPartOf\":{\"@id\":\"https:\/\/scantank.ee\/fi\/#website\"},\"primaryImageOfPage\":{\"@id\":\"https:\/\/scantank.ee\/fi\/toode\/2-m3-sailio\/#primaryimage\"},\"image\":{\"@id\":\"https:\/\/scantank.ee\/fi\/toode\/2-m3-sailio\/#primaryimage\"},\"thumbnailUrl\":\"https:\/\/www.scantank.ee\/wp-content\/uploads\/2019\/08\/Mahuti1.jpg\",\"datePublished\":\"2022-08-03T10:35:17+00:00\",\"dateModified\":\"2022-08-03T10:35:17+00:00\",\"description\":\"2 m3 s\u00e4ili\u00f6 soveltuu j\u00e4te-, sade- ja palovedelle. Takuu 10 vuotta! Toimitus ja asennus! Ota yhteytt\u00e4! Puh. 5845 1580, info@scantank.ee\",\"breadcrumb\":{\"@id\":\"https:\/\/scantank.ee\/fi\/toode\/2-m3-sailio\/#breadcrumb\"},\"inLanguage\":\"fi\",\"potentialAction\":[{\"@type\":\"ReadAction\",\"target\":[\"https:\/\/scantank.ee\/fi\/toode\/2-m3-sailio\/\"]}]},{\"@type\":\"ImageObject\",\"inLanguage\":\"fi\",\"@id\":\"https:\/\/scantank.ee\/fi\/toode\/2-m3-sailio\/#primaryimage\",\"url\":\"https:\/\/www.scantank.ee\/wp-content\/uploads\/2019\/08\/Mahuti1.jpg\",\"contentUrl\":\"https:\/\/www.scantank.ee\/wp-content\/uploads\/2019\/08\/Mahuti1.jpg\",\"width\":800,\"height\":800,\"caption\":\"s\u00e4ili\u00f6\"},{\"@type\":\"BreadcrumbList\",\"@id\":\"https:\/\/scantank.ee\/fi\/toode\/2-m3-sailio\/#breadcrumb\",\"itemListElement\":[{\"@type\":\"ListItem\",\"position\":1,\"name\":\"Home\",\"item\":\"https:\/\/scantank.ee\/fi\/\"},{\"@type\":\"ListItem\",\"position\":2,\"name\":\"Tuoteluettelo\",\"item\":\"https:\/\/scantank.ee\/fi\/tuoteluettelo\/\"},{\"@type\":\"ListItem\",\"position\":3,\"name\":\"S\u00e4ili\u00f6 2\u201380 m2\"}]},{\"@type\":\"WebSite\",\"@id\":\"https:\/\/scantank.ee\/fi\/#website\",\"url\":\"https:\/\/scantank.ee\/fi\/\",\"name\":\"Scantank\",\"description\":\"\",\"publisher\":{\"@id\":\"https:\/\/scantank.ee\/fi\/#organization\"},\"potentialAction\":[{\"@type\":\"SearchAction\",\"target\":{\"@type\":\"EntryPoint\",\"urlTemplate\":\"https:\/\/scantank.ee\/fi\/?s={search_term_string}\"},\"query-input\":\"required name=search_term_string\"}],\"inLanguage\":\"fi\"},{\"@type\":\"Organization\",\"@id\":\"https:\/\/scantank.ee\/fi\/#organization\",\"name\":\"Scantank O\u00dc\",\"url\":\"https:\/\/scantank.ee\/fi\/\",\"logo\":{\"@type\":\"ImageObject\",\"inLanguage\":\"fi\",\"@id\":\"https:\/\/scantank.ee\/fi\/#\/schema\/logo\/image\/\",\"url\":\"https:\/\/scantank.ee\/wp-content\/uploads\/2019\/08\/scantank-new.png\",\"contentUrl\":\"https:\/\/scantank.ee\/wp-content\/uploads\/2019\/08\/scantank-new.png\",\"width\":1041,\"height\":221,\"caption\":\"Scantank O\u00dc\"},\"image\":{\"@id\":\"https:\/\/scantank.ee\/fi\/#\/schema\/logo\/image\/\"},\"sameAs\":[\"http:\/\/www.facebook.com\/scantank\"]}]}<\/script>\n<!-- \/ Yoast SEO plugin. -->","yoast_head_json":{"title":"S\u00e4ili\u00f6 2\u201380 m2 |% Laaja valikoima kest\u00e4v\u00e4st\u00e4 lujitemuovista valmistettuja s\u00e4ili\u00f6it\u00e4","description":"2 m3 s\u00e4ili\u00f6 soveltuu j\u00e4te-, sade- ja palovedelle. Takuu 10 vuotta! Toimitus ja asennus! Ota yhteytt\u00e4! Puh. 5845 1580, info@scantank.ee","robots":{"index":"index","follow":"follow","max-snippet":"max-snippet:-1","max-image-preview":"max-image-preview:large","max-video-preview":"max-video-preview:-1"},"canonical":"https:\/\/scantank.ee\/fi\/toode\/2-m3-sailio\/","og_locale":"fi_FI","og_type":"article","og_title":"S\u00e4ili\u00f6 2\u201380 m2 |% Laaja valikoima kest\u00e4v\u00e4st\u00e4 lujitemuovista valmistettuja s\u00e4ili\u00f6it\u00e4","og_description":"2 m3 s\u00e4ili\u00f6 soveltuu j\u00e4te-, sade- ja palovedelle. Takuu 10 vuotta! Toimitus ja asennus! Ota yhteytt\u00e4! Puh. 5845 1580, info@scantank.ee","og_url":"https:\/\/scantank.ee\/fi\/toode\/2-m3-sailio\/","og_site_name":"Scantank","article_publisher":"http:\/\/www.facebook.com\/scantank","og_image":[{"width":800,"height":800,"url":"https:\/\/www.scantank.ee\/wp-content\/uploads\/2019\/08\/Mahuti1.jpg","type":"image\/jpeg"}],"twitter_card":"summary_large_image","twitter_misc":{"Arvioitu lukuaika":"1 minuutti"},"schema":{"@context":"https:\/\/schema.org","@graph":[{"@type":"WebPage","@id":"https:\/\/scantank.ee\/fi\/toode\/2-m3-sailio\/","url":"https:\/\/scantank.ee\/fi\/toode\/2-m3-sailio\/","name":"S\u00e4ili\u00f6 2\u201380 m2 |% Laaja valikoima kest\u00e4v\u00e4st\u00e4 lujitemuovista valmistettuja s\u00e4ili\u00f6it\u00e4","isPartOf":{"@id":"https:\/\/scantank.ee\/fi\/#website"},"primaryImageOfPage":{"@id":"https:\/\/scantank.ee\/fi\/toode\/2-m3-sailio\/#primaryimage"},"image":{"@id":"https:\/\/scantank.ee\/fi\/toode\/2-m3-sailio\/#primaryimage"},"thumbnailUrl":"https:\/\/www.scantank.ee\/wp-content\/uploads\/2019\/08\/Mahuti1.jpg","datePublished":"2022-08-03T10:35:17+00:00","dateModified":"2022-08-03T10:35:17+00:00","description":"2 m3 s\u00e4ili\u00f6 soveltuu j\u00e4te-, sade- ja palovedelle. Takuu 10 vuotta! Toimitus ja asennus! Ota yhteytt\u00e4! Puh. 5845 1580, info@scantank.ee","breadcrumb":{"@id":"https:\/\/scantank.ee\/fi\/toode\/2-m3-sailio\/#breadcrumb"},"inLanguage":"fi","potentialAction":[{"@type":"ReadAction","target":["https:\/\/scantank.ee\/fi\/toode\/2-m3-sailio\/"]}]},{"@type":"ImageObject","inLanguage":"fi","@id":"https:\/\/scantank.ee\/fi\/toode\/2-m3-sailio\/#primaryimage","url":"https:\/\/www.scantank.ee\/wp-content\/uploads\/2019\/08\/Mahuti1.jpg","contentUrl":"https:\/\/www.scantank.ee\/wp-content\/uploads\/2019\/08\/Mahuti1.jpg","width":800,"height":800,"caption":"s\u00e4ili\u00f6"},{"@type":"BreadcrumbList","@id":"https:\/\/scantank.ee\/fi\/toode\/2-m3-sailio\/#breadcrumb","itemListElement":[{"@type":"ListItem","position":1,"name":"Home","item":"https:\/\/scantank.ee\/fi\/"},{"@type":"ListItem","position":2,"name":"Tuoteluettelo","item":"https:\/\/scantank.ee\/fi\/tuoteluettelo\/"},{"@type":"ListItem","position":3,"name":"S\u00e4ili\u00f6 2\u201380 m2"}]},{"@type":"WebSite","@id":"https:\/\/scantank.ee\/fi\/#website","url":"https:\/\/scantank.ee\/fi\/","name":"Scantank","description":"","publisher":{"@id":"https:\/\/scantank.ee\/fi\/#organization"},"potentialAction":[{"@type":"SearchAction","target":{"@type":"EntryPoint","urlTemplate":"https:\/\/scantank.ee\/fi\/?s={search_term_string}"},"query-input":"required name=search_term_string"}],"inLanguage":"fi"},{"@type":"Organization","@id":"https:\/\/scantank.ee\/fi\/#organization","name":"Scantank O\u00dc","url":"https:\/\/scantank.ee\/fi\/","logo":{"@type":"ImageObject","inLanguage":"fi","@id":"https:\/\/scantank.ee\/fi\/#\/schema\/logo\/image\/","url":"https:\/\/scantank.ee\/wp-content\/uploads\/2019\/08\/scantank-new.png","contentUrl":"https:\/\/scantank.ee\/wp-content\/uploads\/2019\/08\/scantank-new.png","width":1041,"height":221,"caption":"Scantank O\u00dc"},"image":{"@id":"https:\/\/scantank.ee\/fi\/#\/schema\/logo\/image\/"},"sameAs":["http:\/\/www.facebook.com\/scantank"]}]}},"_links":{"self":[{"href":"https:\/\/scantank.ee\/fi\/wp-json\/wp\/v2\/product\/7237"}],"collection":[{"href":"https:\/\/scantank.ee\/fi\/wp-json\/wp\/v2\/product"}],"about":[{"href":"https:\/\/scantank.ee\/fi\/wp-json\/wp\/v2\/types\/product"}],"wp:featuredmedia":[{"embeddable":true,"href":"https:\/\/scantank.ee\/fi\/wp-json\/wp\/v2\/media\/2264"}],"wp:attachment":[{"href":"https:\/\/scantank.ee\/fi\/wp-json\/wp\/v2\/media?parent=7237"}],"wp:term":[{"taxonomy":"product_cat","embeddable":true,"href":"https:\/\/scantank.ee\/fi\/wp-json\/wp\/v2\/product_cat?post=7237"},{"taxonomy":"product_tag","embeddable":true,"href":"https:\/\/scantank.ee\/fi\/wp-json\/wp\/v2\/product_tag?post=7237"}],"curies":[{"name":"wp","href":"https:\/\/api.w.org\/{rel}","templated":true}]}}