{"id":7238,"date":"2022-04-10T10:07:20","date_gmt":"2022-08-03T10:36:34","guid":{"rendered":"https:\/\/scantank.ee\/toode\/mea-sv1000-100-kourut-a15-e600\/"},"modified":"2022-08-03T10:36:34","modified_gmt":"2022-08-03T10:36:34","slug":"mea-sv1000-kourut-a15-e600","status":"publish","type":"product","link":"https:\/\/scantank.ee\/fi\/toode\/mea-sv1000-kourut-a15-e600\/","title":{"rendered":"Mea SV1000 \/100\/ -kourut (A15- E600)"},"content":{"rendered":"<p><strong>Meadrain SV1000<\/strong> -kourut ovat polymeeribetonista valmistettuja kouruja, joissa on galvanoidusta ter\u00e4ksest\u00e4 valmistettu vahvistusreuna. Ne voidaan asentaa vilkkaasti liikenn\u00f6idyille alueille, kuten kaduille, teollisuusrakennuksiin ja lastausalueille. Meadrain SV1000 -kourujen painoluokka on D400Kn. SV1000-kourujen sis\u00e4halkaisija on 100 mm. Valikoimassa on kouruelementtej\u00e4 porras- ja sis\u00e4kaltevuudella sek\u00e4 ilman kaltevuutta. Kourujen avulla voidaan muodostaa L:n, T:n ja U:n muotoisia kourulinjoja. Meagard Self -kourut valmistetaan ja sertifioidaan EN1433-normin mukaisesti, ja niiss\u00e4 on CE-merkint\u00e4. Kuvasto: <a href=\"https:\/\/scantank.ee\/wp-content\/uploads\/2022\/04\/MEA_DRAIN_SUPREME_Z_1000_Z_2000_SV1000.pdf\">MEA_DRAIN_SUPREME_Z_1000_Z_2000_SV1000<\/a> Sertifikaatti: <a href=\"https:\/\/scantank.ee\/wp-content\/uploads\/2022\/04\/Toimivusdekl-Z-ja-V-Rennid-estdocx.pdf\">Suoritustasoilm-Z-ja-V-kourut-estdocx<\/a> Asennusohje: <a href=\"https:\/\/scantank.ee\/wp-content\/uploads\/2022\/04\/Meadrain-rennide-paigaldusjuhend-A15-F900.pdf\">Meadrain-kourujen-asennusohje-A15-F900<\/a><\/p>\n","protected":false},"excerpt":{"rendered":"<p>Meadrain SV1000 -kourut ovat polymeeribetonista valmistettuja kouruja, joissa on galvanoidusta ter\u00e4ksest\u00e4 valmistettu vahvistusreuna. Ne voidaan asentaa vilkkaasti liikenn\u00f6idyille alueille, kuten kaduille, teollisuusrakennuksiin ja lastausalueille. Meadrain SV1000 -kourujen painoluokka on D400Kn. SV1000-kourujen sis\u00e4halkaisija on 100 mm. Valikoimassa on kouruelementtej\u00e4 porras- ja sis\u00e4kaltevuudella sek\u00e4 ilman kaltevuutta. Kourujen avulla voidaan muodostaa L:n, T:n ja U:n muotoisia kourulinjoja. Meagard [&hellip;]<\/p>\n","protected":false},"featured_media":7125,"template":"","meta":{"_acf_changed":false,"inline_featured_image":false,"_exactmetrics_skip_tracking":false,"_exactmetrics_sitenote_active":false,"_exactmetrics_sitenote_note":"","_exactmetrics_sitenote_category":0,"_monsterinsights_skip_tracking":false,"_monsterinsights_sitenote_active":false,"_monsterinsights_sitenote_note":"","_monsterinsights_sitenote_category":0},"product_cat":[270],"product_tag":[],"class_list":{"0":"post-7238","1":"product","2":"type-product","3":"status-publish","4":"has-post-thumbnail","6":"product_cat-mea-polymeeribetonikourut","8":"first","9":"instock","10":"shipping-taxable","11":"product-type-simple"},"acf":[],"yoast_head":"<!-- This site is optimized with the Yoast SEO plugin v23.1 - https:\/\/yoast.com\/wordpress\/plugins\/seo\/ -->\n<title>Mea SV1000 \/100\/ -kourut (A15- E600) | Scantank<\/title>\n<meta name=\"robots\" content=\"index, follow, max-snippet:-1, max-image-preview:large, max-video-preview:-1\" \/>\n<link rel=\"canonical\" href=\"https:\/\/scantank.ee\/fi\/toode\/mea-sv1000-kourut-a15-e600\/\" \/>\n<meta property=\"og:locale\" content=\"fi_FI\" \/>\n<meta property=\"og:type\" content=\"article\" \/>\n<meta property=\"og:title\" content=\"Mea SV1000 \/100\/ -kourut (A15- E600) | Scantank\" \/>\n<meta property=\"og:description\" content=\"Meadrain SV1000 -kourut ovat polymeeribetonista valmistettuja kouruja, joissa on galvanoidusta ter\u00e4ksest\u00e4 valmistettu vahvistusreuna. Ne voidaan asentaa vilkkaasti liikenn\u00f6idyille alueille, kuten kaduille, teollisuusrakennuksiin ja lastausalueille. Meadrain SV1000 -kourujen painoluokka on D400Kn. SV1000-kourujen sis\u00e4halkaisija on 100 mm. Valikoimassa on kouruelementtej\u00e4 porras- ja sis\u00e4kaltevuudella sek\u00e4 ilman kaltevuutta. Kourujen avulla voidaan muodostaa L:n, T:n ja U:n muotoisia kourulinjoja. Meagard [&hellip;]\" \/>\n<meta property=\"og:url\" content=\"https:\/\/scantank.ee\/fi\/toode\/mea-sv1000-kourut-a15-e600\/\" \/>\n<meta property=\"og:site_name\" content=\"Scantank\" \/>\n<meta property=\"article:publisher\" content=\"http:\/\/www.facebook.com\/scantank\" \/>\n<meta property=\"og:image\" content=\"https:\/\/scantank.ee\/wp-content\/uploads\/2022\/04\/meadrain-SV-MEA-channels.jpg\" \/>\n\t<meta property=\"og:image:width\" content=\"1878\" \/>\n\t<meta property=\"og:image:height\" content=\"1454\" \/>\n\t<meta property=\"og:image:type\" content=\"image\/jpeg\" \/>\n<meta name=\"twitter:card\" content=\"summary_large_image\" \/>\n<script type=\"application\/ld+json\" class=\"yoast-schema-graph\">{\"@context\":\"https:\/\/schema.org\",\"@graph\":[{\"@type\":\"WebPage\",\"@id\":\"https:\/\/scantank.ee\/fi\/toode\/mea-sv1000-kourut-a15-e600\/\",\"url\":\"https:\/\/scantank.ee\/fi\/toode\/mea-sv1000-kourut-a15-e600\/\",\"name\":\"Mea SV1000 \/100\/ -kourut (A15- E600) | Scantank\",\"isPartOf\":{\"@id\":\"https:\/\/scantank.ee\/fi\/#website\"},\"primaryImageOfPage\":{\"@id\":\"https:\/\/scantank.ee\/fi\/toode\/mea-sv1000-kourut-a15-e600\/#primaryimage\"},\"image\":{\"@id\":\"https:\/\/scantank.ee\/fi\/toode\/mea-sv1000-kourut-a15-e600\/#primaryimage\"},\"thumbnailUrl\":\"https:\/\/scantank.ee\/wp-content\/uploads\/2022\/04\/meadrain-SV-MEA-channels.jpg\",\"datePublished\":\"2022-08-03T10:36:34+00:00\",\"dateModified\":\"2022-08-03T10:36:34+00:00\",\"breadcrumb\":{\"@id\":\"https:\/\/scantank.ee\/fi\/toode\/mea-sv1000-kourut-a15-e600\/#breadcrumb\"},\"inLanguage\":\"fi\",\"potentialAction\":[{\"@type\":\"ReadAction\",\"target\":[\"https:\/\/scantank.ee\/fi\/toode\/mea-sv1000-kourut-a15-e600\/\"]}]},{\"@type\":\"ImageObject\",\"inLanguage\":\"fi\",\"@id\":\"https:\/\/scantank.ee\/fi\/toode\/mea-sv1000-kourut-a15-e600\/#primaryimage\",\"url\":\"https:\/\/scantank.ee\/wp-content\/uploads\/2022\/04\/meadrain-SV-MEA-channels.jpg\",\"contentUrl\":\"https:\/\/scantank.ee\/wp-content\/uploads\/2022\/04\/meadrain-SV-MEA-channels.jpg\",\"width\":1878,\"height\":1454},{\"@type\":\"BreadcrumbList\",\"@id\":\"https:\/\/scantank.ee\/fi\/toode\/mea-sv1000-kourut-a15-e600\/#breadcrumb\",\"itemListElement\":[{\"@type\":\"ListItem\",\"position\":1,\"name\":\"Home\",\"item\":\"https:\/\/scantank.ee\/fi\/\"},{\"@type\":\"ListItem\",\"position\":2,\"name\":\"Tuoteluettelo\",\"item\":\"https:\/\/scantank.ee\/fi\/tuoteluettelo\/\"},{\"@type\":\"ListItem\",\"position\":3,\"name\":\"Mea SV1000 \/100\/ -kourut (A15- E600)\"}]},{\"@type\":\"WebSite\",\"@id\":\"https:\/\/scantank.ee\/fi\/#website\",\"url\":\"https:\/\/scantank.ee\/fi\/\",\"name\":\"Scantank\",\"description\":\"\",\"publisher\":{\"@id\":\"https:\/\/scantank.ee\/fi\/#organization\"},\"potentialAction\":[{\"@type\":\"SearchAction\",\"target\":{\"@type\":\"EntryPoint\",\"urlTemplate\":\"https:\/\/scantank.ee\/fi\/?s={search_term_string}\"},\"query-input\":\"required name=search_term_string\"}],\"inLanguage\":\"fi\"},{\"@type\":\"Organization\",\"@id\":\"https:\/\/scantank.ee\/fi\/#organization\",\"name\":\"Scantank O\u00dc\",\"url\":\"https:\/\/scantank.ee\/fi\/\",\"logo\":{\"@type\":\"ImageObject\",\"inLanguage\":\"fi\",\"@id\":\"https:\/\/scantank.ee\/fi\/#\/schema\/logo\/image\/\",\"url\":\"https:\/\/scantank.ee\/wp-content\/uploads\/2019\/08\/scantank-new.png\",\"contentUrl\":\"https:\/\/scantank.ee\/wp-content\/uploads\/2019\/08\/scantank-new.png\",\"width\":1041,\"height\":221,\"caption\":\"Scantank O\u00dc\"},\"image\":{\"@id\":\"https:\/\/scantank.ee\/fi\/#\/schema\/logo\/image\/\"},\"sameAs\":[\"http:\/\/www.facebook.com\/scantank\"]}]}<\/script>\n<!-- \/ Yoast SEO plugin. -->","yoast_head_json":{"title":"Mea SV1000 \/100\/ -kourut (A15- E600) | Scantank","robots":{"index":"index","follow":"follow","max-snippet":"max-snippet:-1","max-image-preview":"max-image-preview:large","max-video-preview":"max-video-preview:-1"},"canonical":"https:\/\/scantank.ee\/fi\/toode\/mea-sv1000-kourut-a15-e600\/","og_locale":"fi_FI","og_type":"article","og_title":"Mea SV1000 \/100\/ -kourut (A15- E600) | Scantank","og_description":"Meadrain SV1000 -kourut ovat polymeeribetonista valmistettuja kouruja, joissa on galvanoidusta ter\u00e4ksest\u00e4 valmistettu vahvistusreuna. Ne voidaan asentaa vilkkaasti liikenn\u00f6idyille alueille, kuten kaduille, teollisuusrakennuksiin ja lastausalueille. Meadrain SV1000 -kourujen painoluokka on D400Kn. SV1000-kourujen sis\u00e4halkaisija on 100 mm. Valikoimassa on kouruelementtej\u00e4 porras- ja sis\u00e4kaltevuudella sek\u00e4 ilman kaltevuutta. Kourujen avulla voidaan muodostaa L:n, T:n ja U:n muotoisia kourulinjoja. Meagard [&hellip;]","og_url":"https:\/\/scantank.ee\/fi\/toode\/mea-sv1000-kourut-a15-e600\/","og_site_name":"Scantank","article_publisher":"http:\/\/www.facebook.com\/scantank","og_image":[{"width":1878,"height":1454,"url":"https:\/\/scantank.ee\/wp-content\/uploads\/2022\/04\/meadrain-SV-MEA-channels.jpg","type":"image\/jpeg"}],"twitter_card":"summary_large_image","schema":{"@context":"https:\/\/schema.org","@graph":[{"@type":"WebPage","@id":"https:\/\/scantank.ee\/fi\/toode\/mea-sv1000-kourut-a15-e600\/","url":"https:\/\/scantank.ee\/fi\/toode\/mea-sv1000-kourut-a15-e600\/","name":"Mea SV1000 \/100\/ -kourut (A15- E600) | Scantank","isPartOf":{"@id":"https:\/\/scantank.ee\/fi\/#website"},"primaryImageOfPage":{"@id":"https:\/\/scantank.ee\/fi\/toode\/mea-sv1000-kourut-a15-e600\/#primaryimage"},"image":{"@id":"https:\/\/scantank.ee\/fi\/toode\/mea-sv1000-kourut-a15-e600\/#primaryimage"},"thumbnailUrl":"https:\/\/scantank.ee\/wp-content\/uploads\/2022\/04\/meadrain-SV-MEA-channels.jpg","datePublished":"2022-08-03T10:36:34+00:00","dateModified":"2022-08-03T10:36:34+00:00","breadcrumb":{"@id":"https:\/\/scantank.ee\/fi\/toode\/mea-sv1000-kourut-a15-e600\/#breadcrumb"},"inLanguage":"fi","potentialAction":[{"@type":"ReadAction","target":["https:\/\/scantank.ee\/fi\/toode\/mea-sv1000-kourut-a15-e600\/"]}]},{"@type":"ImageObject","inLanguage":"fi","@id":"https:\/\/scantank.ee\/fi\/toode\/mea-sv1000-kourut-a15-e600\/#primaryimage","url":"https:\/\/scantank.ee\/wp-content\/uploads\/2022\/04\/meadrain-SV-MEA-channels.jpg","contentUrl":"https:\/\/scantank.ee\/wp-content\/uploads\/2022\/04\/meadrain-SV-MEA-channels.jpg","width":1878,"height":1454},{"@type":"BreadcrumbList","@id":"https:\/\/scantank.ee\/fi\/toode\/mea-sv1000-kourut-a15-e600\/#breadcrumb","itemListElement":[{"@type":"ListItem","position":1,"name":"Home","item":"https:\/\/scantank.ee\/fi\/"},{"@type":"ListItem","position":2,"name":"Tuoteluettelo","item":"https:\/\/scantank.ee\/fi\/tuoteluettelo\/"},{"@type":"ListItem","position":3,"name":"Mea SV1000 \/100\/ -kourut (A15- E600)"}]},{"@type":"WebSite","@id":"https:\/\/scantank.ee\/fi\/#website","url":"https:\/\/scantank.ee\/fi\/","name":"Scantank","description":"","publisher":{"@id":"https:\/\/scantank.ee\/fi\/#organization"},"potentialAction":[{"@type":"SearchAction","target":{"@type":"EntryPoint","urlTemplate":"https:\/\/scantank.ee\/fi\/?s={search_term_string}"},"query-input":"required name=search_term_string"}],"inLanguage":"fi"},{"@type":"Organization","@id":"https:\/\/scantank.ee\/fi\/#organization","name":"Scantank O\u00dc","url":"https:\/\/scantank.ee\/fi\/","logo":{"@type":"ImageObject","inLanguage":"fi","@id":"https:\/\/scantank.ee\/fi\/#\/schema\/logo\/image\/","url":"https:\/\/scantank.ee\/wp-content\/uploads\/2019\/08\/scantank-new.png","contentUrl":"https:\/\/scantank.ee\/wp-content\/uploads\/2019\/08\/scantank-new.png","width":1041,"height":221,"caption":"Scantank O\u00dc"},"image":{"@id":"https:\/\/scantank.ee\/fi\/#\/schema\/logo\/image\/"},"sameAs":["http:\/\/www.facebook.com\/scantank"]}]}},"_links":{"self":[{"href":"https:\/\/scantank.ee\/fi\/wp-json\/wp\/v2\/product\/7238"}],"collection":[{"href":"https:\/\/scantank.ee\/fi\/wp-json\/wp\/v2\/product"}],"about":[{"href":"https:\/\/scantank.ee\/fi\/wp-json\/wp\/v2\/types\/product"}],"wp:featuredmedia":[{"embeddable":true,"href":"https:\/\/scantank.ee\/fi\/wp-json\/wp\/v2\/media\/7125"}],"wp:attachment":[{"href":"https:\/\/scantank.ee\/fi\/wp-json\/wp\/v2\/media?parent=7238"}],"wp:term":[{"taxonomy":"product_cat","embeddable":true,"href":"https:\/\/scantank.ee\/fi\/wp-json\/wp\/v2\/product_cat?post=7238"},{"taxonomy":"product_tag","embeddable":true,"href":"https:\/\/scantank.ee\/fi\/wp-json\/wp\/v2\/product_tag?post=7238"}],"curies":[{"name":"wp","href":"https:\/\/api.w.org\/{rel}","templated":true}]}}