{"id":7239,"date":"2022-04-10T10:26:38","date_gmt":"2022-08-03T10:36:35","guid":{"rendered":"https:\/\/scantank.ee\/toode\/mearin-plus-expert-100-150-200-300-c250-e600\/"},"modified":"2022-08-03T10:36:35","modified_gmt":"2022-08-03T10:36:35","slug":"mearin-plus-expert-100-150-200-300-c250-e600-2","status":"publish","type":"product","link":"https:\/\/scantank.ee\/fi\/toode\/mearin-plus-expert-100-150-200-300-c250-e600-2\/","title":{"rendered":"Mearin Plus\/Expert 100\/150\/200\/300 (C250-E600)"},"content":{"rendered":"<p><strong>Mearin-<\/strong> kourut on valmistettu lasikuituvahvisteisesta muovista (GRP), joka on kevytt\u00e4 ja kest\u00e4v\u00e4\u00e4. Vesikourut ovat kierr\u00e4tett\u00e4vi\u00e4, mik\u00e4 tekee niist\u00e4 ymp\u00e4rist\u00f6yst\u00e4v\u00e4llisen j\u00e4rjestelm\u00e4n. Mearin-kouru on eritt\u00e4in yleisk\u00e4ytt\u00f6inen, sill\u00e4 se sopii l\u00e4hes millaiseen ymp\u00e4rist\u00f6\u00f6n tahansa. Mearin Plus -kourut vastaavat enint\u00e4\u00e4n painoluokkaa D400 ja Mearin expert -kourut enint\u00e4\u00e4n E600-painoluokkaa. Mearin-kourut on valmistettu ja testattu EN1433:n mukaisesti. Kuvasto: <a href=\"https:\/\/scantank.ee\/wp-content\/uploads\/2022\/04\/Mearin-plus-bros\u00fc\u00fcr-eng.pdf\">Mearin-plus-esite-eng<\/a> Sertifikaatti: <a href=\"https:\/\/scantank.ee\/wp-content\/uploads\/2022\/04\/Toimivusdeklaratsioon-Mearin-plus-100-.pdf\">Suoritustasoilmoitus-Mearin-plus-100-<\/a> <a href=\"https:\/\/scantank.ee\/wp-content\/uploads\/2022\/04\/Toimivusdeklaratsioon-Mearin-plus-150-.pdf\">Suoritustasoilmoitus-Mearin-plus-150-<\/a> <a href=\"https:\/\/scantank.ee\/wp-content\/uploads\/2022\/04\/Toimivusdeklaratsioon-Mearin-plus-200-.pdf\">Suoritustasoilmoitus-Mearin-plus-200-<\/a> <a href=\"https:\/\/scantank.ee\/wp-content\/uploads\/2022\/04\/Toimivusdeklaratsioon-Mearin-plus-300-.pdf\">Suoritustasoilmoitus-Mearin-plus-300-<\/a> Asennusohje: <a href=\"https:\/\/scantank.ee\/wp-content\/uploads\/2022\/04\/Mea-Drain-paigaldusjuhend-A15-F900-.pdf\">Mea-Drain-asennusohje-A15-F900-<\/a> https:\/\/youtu.be\/V7XynjuLF5Q<\/p>\n","protected":false},"excerpt":{"rendered":"<p>Mearin- kourut on valmistettu lasikuituvahvisteisesta muovista (GRP), joka on kevytt\u00e4 ja kest\u00e4v\u00e4\u00e4. Vesikourut ovat kierr\u00e4tett\u00e4vi\u00e4, mik\u00e4 tekee niist\u00e4 ymp\u00e4rist\u00f6yst\u00e4v\u00e4llisen j\u00e4rjestelm\u00e4n. Mearin-kouru on eritt\u00e4in yleisk\u00e4ytt\u00f6inen, sill\u00e4 se sopii l\u00e4hes millaiseen ymp\u00e4rist\u00f6\u00f6n tahansa. Mearin Plus -kourut vastaavat enint\u00e4\u00e4n painoluokkaa D400 ja Mearin expert -kourut enint\u00e4\u00e4n E600-painoluokkaa. Mearin-kourut on valmistettu ja testattu EN1433:n mukaisesti. Kuvasto: Mearin-plus-esite-eng Sertifikaatti: Suoritustasoilmoitus-Mearin-plus-100- [&hellip;]<\/p>\n","protected":false},"featured_media":7158,"template":"","meta":{"_acf_changed":false,"inline_featured_image":false,"_exactmetrics_skip_tracking":false,"_exactmetrics_sitenote_active":false,"_exactmetrics_sitenote_note":"","_exactmetrics_sitenote_category":0,"_monsterinsights_skip_tracking":false,"_monsterinsights_sitenote_active":false,"_monsterinsights_sitenote_note":"","_monsterinsights_sitenote_category":0},"product_cat":[271],"product_tag":[],"class_list":{"0":"post-7239","1":"product","2":"type-product","3":"status-publish","4":"has-post-thumbnail","6":"product_cat-mea-lasikuitukomposiittikourut","8":"first","9":"instock","10":"shipping-taxable","11":"product-type-simple"},"acf":[],"yoast_head":"<!-- This site is optimized with the Yoast SEO plugin v23.1 - https:\/\/yoast.com\/wordpress\/plugins\/seo\/ -->\n<title>Mearin Plus\/Expert 100\/150\/200\/300 (C250-E600) | Scantank<\/title>\n<meta name=\"robots\" content=\"index, follow, max-snippet:-1, max-image-preview:large, max-video-preview:-1\" \/>\n<link rel=\"canonical\" href=\"https:\/\/scantank.ee\/fi\/toode\/mearin-plus-expert-100-150-200-300-c250-e600-2\/\" \/>\n<meta property=\"og:locale\" content=\"fi_FI\" \/>\n<meta property=\"og:type\" content=\"article\" \/>\n<meta property=\"og:title\" content=\"Mearin Plus\/Expert 100\/150\/200\/300 (C250-E600) | Scantank\" \/>\n<meta property=\"og:description\" content=\"Mearin- kourut on valmistettu lasikuituvahvisteisesta muovista (GRP), joka on kevytt\u00e4 ja kest\u00e4v\u00e4\u00e4. Vesikourut ovat kierr\u00e4tett\u00e4vi\u00e4, mik\u00e4 tekee niist\u00e4 ymp\u00e4rist\u00f6yst\u00e4v\u00e4llisen j\u00e4rjestelm\u00e4n. Mearin-kouru on eritt\u00e4in yleisk\u00e4ytt\u00f6inen, sill\u00e4 se sopii l\u00e4hes millaiseen ymp\u00e4rist\u00f6\u00f6n tahansa. Mearin Plus -kourut vastaavat enint\u00e4\u00e4n painoluokkaa D400 ja Mearin expert -kourut enint\u00e4\u00e4n E600-painoluokkaa. Mearin-kourut on valmistettu ja testattu EN1433:n mukaisesti. Kuvasto: Mearin-plus-esite-eng Sertifikaatti: Suoritustasoilmoitus-Mearin-plus-100- [&hellip;]\" \/>\n<meta property=\"og:url\" content=\"https:\/\/scantank.ee\/fi\/toode\/mearin-plus-expert-100-150-200-300-c250-e600-2\/\" \/>\n<meta property=\"og:site_name\" content=\"Scantank\" \/>\n<meta property=\"article:publisher\" content=\"http:\/\/www.facebook.com\/scantank\" \/>\n<meta property=\"og:image\" content=\"https:\/\/www.scantank.ee\/wp-content\/uploads\/2022\/04\/Bildmaterial_MEARIN_Plus_200.jpg\" \/>\n\t<meta property=\"og:image:width\" content=\"1474\" \/>\n\t<meta property=\"og:image:height\" content=\"1050\" \/>\n\t<meta property=\"og:image:type\" content=\"image\/jpeg\" \/>\n<meta name=\"twitter:card\" content=\"summary_large_image\" \/>\n<script type=\"application\/ld+json\" class=\"yoast-schema-graph\">{\"@context\":\"https:\/\/schema.org\",\"@graph\":[{\"@type\":\"WebPage\",\"@id\":\"https:\/\/scantank.ee\/fi\/toode\/mearin-plus-expert-100-150-200-300-c250-e600-2\/\",\"url\":\"https:\/\/scantank.ee\/fi\/toode\/mearin-plus-expert-100-150-200-300-c250-e600-2\/\",\"name\":\"Mearin Plus\/Expert 100\/150\/200\/300 (C250-E600) | Scantank\",\"isPartOf\":{\"@id\":\"https:\/\/scantank.ee\/fi\/#website\"},\"primaryImageOfPage\":{\"@id\":\"https:\/\/scantank.ee\/fi\/toode\/mearin-plus-expert-100-150-200-300-c250-e600-2\/#primaryimage\"},\"image\":{\"@id\":\"https:\/\/scantank.ee\/fi\/toode\/mearin-plus-expert-100-150-200-300-c250-e600-2\/#primaryimage\"},\"thumbnailUrl\":\"https:\/\/scantank.ee\/wp-content\/uploads\/2022\/04\/Bildmaterial_MEARIN_Plus_200.jpg\",\"datePublished\":\"2022-08-03T10:36:35+00:00\",\"dateModified\":\"2022-08-03T10:36:35+00:00\",\"breadcrumb\":{\"@id\":\"https:\/\/scantank.ee\/fi\/toode\/mearin-plus-expert-100-150-200-300-c250-e600-2\/#breadcrumb\"},\"inLanguage\":\"fi\",\"potentialAction\":[{\"@type\":\"ReadAction\",\"target\":[\"https:\/\/scantank.ee\/fi\/toode\/mearin-plus-expert-100-150-200-300-c250-e600-2\/\"]}]},{\"@type\":\"ImageObject\",\"inLanguage\":\"fi\",\"@id\":\"https:\/\/scantank.ee\/fi\/toode\/mearin-plus-expert-100-150-200-300-c250-e600-2\/#primaryimage\",\"url\":\"https:\/\/scantank.ee\/wp-content\/uploads\/2022\/04\/Bildmaterial_MEARIN_Plus_200.jpg\",\"contentUrl\":\"https:\/\/scantank.ee\/wp-content\/uploads\/2022\/04\/Bildmaterial_MEARIN_Plus_200.jpg\",\"width\":1474,\"height\":1050},{\"@type\":\"BreadcrumbList\",\"@id\":\"https:\/\/scantank.ee\/fi\/toode\/mearin-plus-expert-100-150-200-300-c250-e600-2\/#breadcrumb\",\"itemListElement\":[{\"@type\":\"ListItem\",\"position\":1,\"name\":\"Home\",\"item\":\"https:\/\/scantank.ee\/fi\/\"},{\"@type\":\"ListItem\",\"position\":2,\"name\":\"Tuoteluettelo\",\"item\":\"https:\/\/scantank.ee\/fi\/tuoteluettelo\/\"},{\"@type\":\"ListItem\",\"position\":3,\"name\":\"Mearin Plus\/Expert 100\/150\/200\/300 (C250-E600)\"}]},{\"@type\":\"WebSite\",\"@id\":\"https:\/\/scantank.ee\/fi\/#website\",\"url\":\"https:\/\/scantank.ee\/fi\/\",\"name\":\"Scantank\",\"description\":\"\",\"publisher\":{\"@id\":\"https:\/\/scantank.ee\/fi\/#organization\"},\"potentialAction\":[{\"@type\":\"SearchAction\",\"target\":{\"@type\":\"EntryPoint\",\"urlTemplate\":\"https:\/\/scantank.ee\/fi\/?s={search_term_string}\"},\"query-input\":\"required name=search_term_string\"}],\"inLanguage\":\"fi\"},{\"@type\":\"Organization\",\"@id\":\"https:\/\/scantank.ee\/fi\/#organization\",\"name\":\"Scantank O\u00dc\",\"url\":\"https:\/\/scantank.ee\/fi\/\",\"logo\":{\"@type\":\"ImageObject\",\"inLanguage\":\"fi\",\"@id\":\"https:\/\/scantank.ee\/fi\/#\/schema\/logo\/image\/\",\"url\":\"https:\/\/scantank.ee\/wp-content\/uploads\/2019\/08\/scantank-new.png\",\"contentUrl\":\"https:\/\/scantank.ee\/wp-content\/uploads\/2019\/08\/scantank-new.png\",\"width\":1041,\"height\":221,\"caption\":\"Scantank O\u00dc\"},\"image\":{\"@id\":\"https:\/\/scantank.ee\/fi\/#\/schema\/logo\/image\/\"},\"sameAs\":[\"http:\/\/www.facebook.com\/scantank\"]}]}<\/script>\n<!-- \/ Yoast SEO plugin. -->","yoast_head_json":{"title":"Mearin Plus\/Expert 100\/150\/200\/300 (C250-E600) | Scantank","robots":{"index":"index","follow":"follow","max-snippet":"max-snippet:-1","max-image-preview":"max-image-preview:large","max-video-preview":"max-video-preview:-1"},"canonical":"https:\/\/scantank.ee\/fi\/toode\/mearin-plus-expert-100-150-200-300-c250-e600-2\/","og_locale":"fi_FI","og_type":"article","og_title":"Mearin Plus\/Expert 100\/150\/200\/300 (C250-E600) | Scantank","og_description":"Mearin- kourut on valmistettu lasikuituvahvisteisesta muovista (GRP), joka on kevytt\u00e4 ja kest\u00e4v\u00e4\u00e4. Vesikourut ovat kierr\u00e4tett\u00e4vi\u00e4, mik\u00e4 tekee niist\u00e4 ymp\u00e4rist\u00f6yst\u00e4v\u00e4llisen j\u00e4rjestelm\u00e4n. Mearin-kouru on eritt\u00e4in yleisk\u00e4ytt\u00f6inen, sill\u00e4 se sopii l\u00e4hes millaiseen ymp\u00e4rist\u00f6\u00f6n tahansa. Mearin Plus -kourut vastaavat enint\u00e4\u00e4n painoluokkaa D400 ja Mearin expert -kourut enint\u00e4\u00e4n E600-painoluokkaa. Mearin-kourut on valmistettu ja testattu EN1433:n mukaisesti. Kuvasto: Mearin-plus-esite-eng Sertifikaatti: Suoritustasoilmoitus-Mearin-plus-100- [&hellip;]","og_url":"https:\/\/scantank.ee\/fi\/toode\/mearin-plus-expert-100-150-200-300-c250-e600-2\/","og_site_name":"Scantank","article_publisher":"http:\/\/www.facebook.com\/scantank","og_image":[{"width":1474,"height":1050,"url":"https:\/\/www.scantank.ee\/wp-content\/uploads\/2022\/04\/Bildmaterial_MEARIN_Plus_200.jpg","type":"image\/jpeg"}],"twitter_card":"summary_large_image","schema":{"@context":"https:\/\/schema.org","@graph":[{"@type":"WebPage","@id":"https:\/\/scantank.ee\/fi\/toode\/mearin-plus-expert-100-150-200-300-c250-e600-2\/","url":"https:\/\/scantank.ee\/fi\/toode\/mearin-plus-expert-100-150-200-300-c250-e600-2\/","name":"Mearin Plus\/Expert 100\/150\/200\/300 (C250-E600) | Scantank","isPartOf":{"@id":"https:\/\/scantank.ee\/fi\/#website"},"primaryImageOfPage":{"@id":"https:\/\/scantank.ee\/fi\/toode\/mearin-plus-expert-100-150-200-300-c250-e600-2\/#primaryimage"},"image":{"@id":"https:\/\/scantank.ee\/fi\/toode\/mearin-plus-expert-100-150-200-300-c250-e600-2\/#primaryimage"},"thumbnailUrl":"https:\/\/scantank.ee\/wp-content\/uploads\/2022\/04\/Bildmaterial_MEARIN_Plus_200.jpg","datePublished":"2022-08-03T10:36:35+00:00","dateModified":"2022-08-03T10:36:35+00:00","breadcrumb":{"@id":"https:\/\/scantank.ee\/fi\/toode\/mearin-plus-expert-100-150-200-300-c250-e600-2\/#breadcrumb"},"inLanguage":"fi","potentialAction":[{"@type":"ReadAction","target":["https:\/\/scantank.ee\/fi\/toode\/mearin-plus-expert-100-150-200-300-c250-e600-2\/"]}]},{"@type":"ImageObject","inLanguage":"fi","@id":"https:\/\/scantank.ee\/fi\/toode\/mearin-plus-expert-100-150-200-300-c250-e600-2\/#primaryimage","url":"https:\/\/scantank.ee\/wp-content\/uploads\/2022\/04\/Bildmaterial_MEARIN_Plus_200.jpg","contentUrl":"https:\/\/scantank.ee\/wp-content\/uploads\/2022\/04\/Bildmaterial_MEARIN_Plus_200.jpg","width":1474,"height":1050},{"@type":"BreadcrumbList","@id":"https:\/\/scantank.ee\/fi\/toode\/mearin-plus-expert-100-150-200-300-c250-e600-2\/#breadcrumb","itemListElement":[{"@type":"ListItem","position":1,"name":"Home","item":"https:\/\/scantank.ee\/fi\/"},{"@type":"ListItem","position":2,"name":"Tuoteluettelo","item":"https:\/\/scantank.ee\/fi\/tuoteluettelo\/"},{"@type":"ListItem","position":3,"name":"Mearin Plus\/Expert 100\/150\/200\/300 (C250-E600)"}]},{"@type":"WebSite","@id":"https:\/\/scantank.ee\/fi\/#website","url":"https:\/\/scantank.ee\/fi\/","name":"Scantank","description":"","publisher":{"@id":"https:\/\/scantank.ee\/fi\/#organization"},"potentialAction":[{"@type":"SearchAction","target":{"@type":"EntryPoint","urlTemplate":"https:\/\/scantank.ee\/fi\/?s={search_term_string}"},"query-input":"required name=search_term_string"}],"inLanguage":"fi"},{"@type":"Organization","@id":"https:\/\/scantank.ee\/fi\/#organization","name":"Scantank O\u00dc","url":"https:\/\/scantank.ee\/fi\/","logo":{"@type":"ImageObject","inLanguage":"fi","@id":"https:\/\/scantank.ee\/fi\/#\/schema\/logo\/image\/","url":"https:\/\/scantank.ee\/wp-content\/uploads\/2019\/08\/scantank-new.png","contentUrl":"https:\/\/scantank.ee\/wp-content\/uploads\/2019\/08\/scantank-new.png","width":1041,"height":221,"caption":"Scantank O\u00dc"},"image":{"@id":"https:\/\/scantank.ee\/fi\/#\/schema\/logo\/image\/"},"sameAs":["http:\/\/www.facebook.com\/scantank"]}]}},"_links":{"self":[{"href":"https:\/\/scantank.ee\/fi\/wp-json\/wp\/v2\/product\/7239"}],"collection":[{"href":"https:\/\/scantank.ee\/fi\/wp-json\/wp\/v2\/product"}],"about":[{"href":"https:\/\/scantank.ee\/fi\/wp-json\/wp\/v2\/types\/product"}],"wp:featuredmedia":[{"embeddable":true,"href":"https:\/\/scantank.ee\/fi\/wp-json\/wp\/v2\/media\/7158"}],"wp:attachment":[{"href":"https:\/\/scantank.ee\/fi\/wp-json\/wp\/v2\/media?parent=7239"}],"wp:term":[{"taxonomy":"product_cat","embeddable":true,"href":"https:\/\/scantank.ee\/fi\/wp-json\/wp\/v2\/product_cat?post=7239"},{"taxonomy":"product_tag","embeddable":true,"href":"https:\/\/scantank.ee\/fi\/wp-json\/wp\/v2\/product_tag?post=7239"}],"curies":[{"name":"wp","href":"https:\/\/api.w.org\/{rel}","templated":true}]}}