{"id":7240,"date":"2022-04-10T13:00:38","date_gmt":"2022-08-03T10:36:35","guid":{"rendered":"https:\/\/scantank.ee\/toode\/meafluid-100-150-a15-c250\/"},"modified":"2022-08-03T10:36:35","modified_gmt":"2022-08-03T10:36:35","slug":"meafluid-100-150-a15-c250-2","status":"publish","type":"product","link":"https:\/\/scantank.ee\/fi\/toode\/meafluid-100-150-a15-c250-2\/","title":{"rendered":"Meafluid 100\/150 (A15-C250)"},"content":{"rendered":"<p><strong>Meafluid<\/strong> 100 -lasikuitukomposiittikourut enint\u00e4\u00e4n painoluokalla C250 Kourun leveys 100 mm, korkeus 127 mm. Kourun leveys 150 mm, korkeus: 186 mm Ritil\u00e4t: sinkitty ter\u00e4s, ruostumaton ter\u00e4s, komposiittiritil\u00e4 ja valurautaritil\u00e4t Tuoteseloste: <a href=\"https:\/\/scantank.ee\/wp-content\/uploads\/2022\/04\/Meafluid-100-tooteleht.pdf\">Meafluid-100-tuoteseloste<\/a> Luettelo: <a href=\"https:\/\/scantank.ee\/wp-content\/uploads\/2022\/04\/Meafluid-bro\u0161\u00fc\u00fcr-eng.pdf\">Meafluid-brochure-eng<\/a> Sertifikaatti: <a href=\"https:\/\/scantank.ee\/wp-content\/uploads\/2022\/04\/Toimivusdeklaratsioon-Meafluid-100.pdf\">Suoritustasoilmoitus-Meafluid-100<\/a> Asennusohje: <a href=\"https:\/\/scantank.ee\/wp-content\/uploads\/2022\/04\/Meafluid-paigaldusjuhend.pdf\">Meafluid-asennusohje<\/a><\/p>\n","protected":false},"excerpt":{"rendered":"<p>Meafluid 100 -lasikuitukomposiittikourut enint\u00e4\u00e4n painoluokalla C250 Kourun leveys 100 mm, korkeus 127 mm. Kourun leveys 150 mm, korkeus: 186 mm Ritil\u00e4t: sinkitty ter\u00e4s, ruostumaton ter\u00e4s, komposiittiritil\u00e4 ja valurautaritil\u00e4t Tuoteseloste: Meafluid-100-tuoteseloste Luettelo: Meafluid-brochure-eng Sertifikaatti: Suoritustasoilmoitus-Meafluid-100 Asennusohje: Meafluid-asennusohje<\/p>\n","protected":false},"featured_media":7164,"template":"","meta":{"_acf_changed":false,"inline_featured_image":false,"_exactmetrics_skip_tracking":false,"_exactmetrics_sitenote_active":false,"_exactmetrics_sitenote_note":"","_exactmetrics_sitenote_category":0,"_monsterinsights_skip_tracking":false,"_monsterinsights_sitenote_active":false,"_monsterinsights_sitenote_note":"","_monsterinsights_sitenote_category":0},"product_cat":[271],"product_tag":[],"class_list":{"0":"post-7240","1":"product","2":"type-product","3":"status-publish","4":"has-post-thumbnail","6":"product_cat-mea-lasikuitukomposiittikourut","8":"first","9":"instock","10":"shipping-taxable","11":"product-type-simple"},"acf":[],"yoast_head":"<!-- This site is optimized with the Yoast SEO plugin v23.1 - https:\/\/yoast.com\/wordpress\/plugins\/seo\/ -->\n<title>Meafluid 100\/150 (A15-C250) | Scantank<\/title>\n<meta name=\"robots\" content=\"index, follow, max-snippet:-1, max-image-preview:large, max-video-preview:-1\" \/>\n<link rel=\"canonical\" href=\"https:\/\/scantank.ee\/fi\/toode\/meafluid-100-150-a15-c250-2\/\" \/>\n<meta property=\"og:locale\" content=\"fi_FI\" \/>\n<meta property=\"og:type\" content=\"article\" \/>\n<meta property=\"og:title\" content=\"Meafluid 100\/150 (A15-C250) | Scantank\" \/>\n<meta property=\"og:description\" content=\"Meafluid 100 -lasikuitukomposiittikourut enint\u00e4\u00e4n painoluokalla C250 Kourun leveys 100 mm, korkeus 127 mm. Kourun leveys 150 mm, korkeus: 186 mm Ritil\u00e4t: sinkitty ter\u00e4s, ruostumaton ter\u00e4s, komposiittiritil\u00e4 ja valurautaritil\u00e4t Tuoteseloste: Meafluid-100-tuoteseloste Luettelo: Meafluid-brochure-eng Sertifikaatti: Suoritustasoilmoitus-Meafluid-100 Asennusohje: Meafluid-asennusohje\" \/>\n<meta property=\"og:url\" content=\"https:\/\/scantank.ee\/fi\/toode\/meafluid-100-150-a15-c250-2\/\" \/>\n<meta property=\"og:site_name\" content=\"Scantank\" \/>\n<meta property=\"article:publisher\" content=\"http:\/\/www.facebook.com\/scantank\" \/>\n<meta property=\"og:image\" content=\"https:\/\/www.scantank.ee\/wp-content\/uploads\/2022\/04\/MEAFLUID-100-mit-Gussrost-scaled.jpg\" \/>\n\t<meta property=\"og:image:width\" content=\"2560\" \/>\n\t<meta property=\"og:image:height\" content=\"1608\" \/>\n\t<meta property=\"og:image:type\" content=\"image\/jpeg\" \/>\n<meta name=\"twitter:card\" content=\"summary_large_image\" \/>\n<script type=\"application\/ld+json\" class=\"yoast-schema-graph\">{\"@context\":\"https:\/\/schema.org\",\"@graph\":[{\"@type\":\"WebPage\",\"@id\":\"https:\/\/scantank.ee\/fi\/toode\/meafluid-100-150-a15-c250-2\/\",\"url\":\"https:\/\/scantank.ee\/fi\/toode\/meafluid-100-150-a15-c250-2\/\",\"name\":\"Meafluid 100\/150 (A15-C250) | Scantank\",\"isPartOf\":{\"@id\":\"https:\/\/www.scantank.ee\/fi\/#website\"},\"primaryImageOfPage\":{\"@id\":\"https:\/\/scantank.ee\/fi\/toode\/meafluid-100-150-a15-c250-2\/#primaryimage\"},\"image\":{\"@id\":\"https:\/\/scantank.ee\/fi\/toode\/meafluid-100-150-a15-c250-2\/#primaryimage\"},\"thumbnailUrl\":\"https:\/\/scantank.ee\/wp-content\/uploads\/2022\/04\/MEAFLUID-100-mit-Gussrost-scaled.jpg\",\"datePublished\":\"2022-08-03T10:36:35+00:00\",\"dateModified\":\"2022-08-03T10:36:35+00:00\",\"breadcrumb\":{\"@id\":\"https:\/\/scantank.ee\/fi\/toode\/meafluid-100-150-a15-c250-2\/#breadcrumb\"},\"inLanguage\":\"fi\",\"potentialAction\":[{\"@type\":\"ReadAction\",\"target\":[\"https:\/\/scantank.ee\/fi\/toode\/meafluid-100-150-a15-c250-2\/\"]}]},{\"@type\":\"ImageObject\",\"inLanguage\":\"fi\",\"@id\":\"https:\/\/scantank.ee\/fi\/toode\/meafluid-100-150-a15-c250-2\/#primaryimage\",\"url\":\"https:\/\/scantank.ee\/wp-content\/uploads\/2022\/04\/MEAFLUID-100-mit-Gussrost-scaled.jpg\",\"contentUrl\":\"https:\/\/scantank.ee\/wp-content\/uploads\/2022\/04\/MEAFLUID-100-mit-Gussrost-scaled.jpg\",\"width\":2560,\"height\":1608},{\"@type\":\"BreadcrumbList\",\"@id\":\"https:\/\/scantank.ee\/fi\/toode\/meafluid-100-150-a15-c250-2\/#breadcrumb\",\"itemListElement\":[{\"@type\":\"ListItem\",\"position\":1,\"name\":\"Home\",\"item\":\"https:\/\/www.scantank.ee\/fi\/\"},{\"@type\":\"ListItem\",\"position\":2,\"name\":\"Tuoteluettelo\",\"item\":\"https:\/\/www.scantank.ee\/fi\/tuoteluettelo\/\"},{\"@type\":\"ListItem\",\"position\":3,\"name\":\"Meafluid 100\/150 (A15-C250)\"}]},{\"@type\":\"WebSite\",\"@id\":\"https:\/\/www.scantank.ee\/fi\/#website\",\"url\":\"https:\/\/www.scantank.ee\/fi\/\",\"name\":\"Scantank\",\"description\":\"\",\"publisher\":{\"@id\":\"https:\/\/www.scantank.ee\/fi\/#organization\"},\"potentialAction\":[{\"@type\":\"SearchAction\",\"target\":{\"@type\":\"EntryPoint\",\"urlTemplate\":\"https:\/\/www.scantank.ee\/fi\/?s={search_term_string}\"},\"query-input\":\"required name=search_term_string\"}],\"inLanguage\":\"fi\"},{\"@type\":\"Organization\",\"@id\":\"https:\/\/www.scantank.ee\/fi\/#organization\",\"name\":\"Scantank O\u00dc\",\"url\":\"https:\/\/www.scantank.ee\/fi\/\",\"logo\":{\"@type\":\"ImageObject\",\"inLanguage\":\"fi\",\"@id\":\"https:\/\/www.scantank.ee\/fi\/#\/schema\/logo\/image\/\",\"url\":\"https:\/\/scantank.ee\/wp-content\/uploads\/2019\/08\/scantank-new.png\",\"contentUrl\":\"https:\/\/scantank.ee\/wp-content\/uploads\/2019\/08\/scantank-new.png\",\"width\":1041,\"height\":221,\"caption\":\"Scantank O\u00dc\"},\"image\":{\"@id\":\"https:\/\/www.scantank.ee\/fi\/#\/schema\/logo\/image\/\"},\"sameAs\":[\"http:\/\/www.facebook.com\/scantank\"]}]}<\/script>\n<!-- \/ Yoast SEO plugin. -->","yoast_head_json":{"title":"Meafluid 100\/150 (A15-C250) | Scantank","robots":{"index":"index","follow":"follow","max-snippet":"max-snippet:-1","max-image-preview":"max-image-preview:large","max-video-preview":"max-video-preview:-1"},"canonical":"https:\/\/scantank.ee\/fi\/toode\/meafluid-100-150-a15-c250-2\/","og_locale":"fi_FI","og_type":"article","og_title":"Meafluid 100\/150 (A15-C250) | Scantank","og_description":"Meafluid 100 -lasikuitukomposiittikourut enint\u00e4\u00e4n painoluokalla C250 Kourun leveys 100 mm, korkeus 127 mm. Kourun leveys 150 mm, korkeus: 186 mm Ritil\u00e4t: sinkitty ter\u00e4s, ruostumaton ter\u00e4s, komposiittiritil\u00e4 ja valurautaritil\u00e4t Tuoteseloste: Meafluid-100-tuoteseloste Luettelo: Meafluid-brochure-eng Sertifikaatti: Suoritustasoilmoitus-Meafluid-100 Asennusohje: Meafluid-asennusohje","og_url":"https:\/\/scantank.ee\/fi\/toode\/meafluid-100-150-a15-c250-2\/","og_site_name":"Scantank","article_publisher":"http:\/\/www.facebook.com\/scantank","og_image":[{"width":2560,"height":1608,"url":"https:\/\/www.scantank.ee\/wp-content\/uploads\/2022\/04\/MEAFLUID-100-mit-Gussrost-scaled.jpg","type":"image\/jpeg"}],"twitter_card":"summary_large_image","schema":{"@context":"https:\/\/schema.org","@graph":[{"@type":"WebPage","@id":"https:\/\/scantank.ee\/fi\/toode\/meafluid-100-150-a15-c250-2\/","url":"https:\/\/scantank.ee\/fi\/toode\/meafluid-100-150-a15-c250-2\/","name":"Meafluid 100\/150 (A15-C250) | Scantank","isPartOf":{"@id":"https:\/\/www.scantank.ee\/fi\/#website"},"primaryImageOfPage":{"@id":"https:\/\/scantank.ee\/fi\/toode\/meafluid-100-150-a15-c250-2\/#primaryimage"},"image":{"@id":"https:\/\/scantank.ee\/fi\/toode\/meafluid-100-150-a15-c250-2\/#primaryimage"},"thumbnailUrl":"https:\/\/scantank.ee\/wp-content\/uploads\/2022\/04\/MEAFLUID-100-mit-Gussrost-scaled.jpg","datePublished":"2022-08-03T10:36:35+00:00","dateModified":"2022-08-03T10:36:35+00:00","breadcrumb":{"@id":"https:\/\/scantank.ee\/fi\/toode\/meafluid-100-150-a15-c250-2\/#breadcrumb"},"inLanguage":"fi","potentialAction":[{"@type":"ReadAction","target":["https:\/\/scantank.ee\/fi\/toode\/meafluid-100-150-a15-c250-2\/"]}]},{"@type":"ImageObject","inLanguage":"fi","@id":"https:\/\/scantank.ee\/fi\/toode\/meafluid-100-150-a15-c250-2\/#primaryimage","url":"https:\/\/scantank.ee\/wp-content\/uploads\/2022\/04\/MEAFLUID-100-mit-Gussrost-scaled.jpg","contentUrl":"https:\/\/scantank.ee\/wp-content\/uploads\/2022\/04\/MEAFLUID-100-mit-Gussrost-scaled.jpg","width":2560,"height":1608},{"@type":"BreadcrumbList","@id":"https:\/\/scantank.ee\/fi\/toode\/meafluid-100-150-a15-c250-2\/#breadcrumb","itemListElement":[{"@type":"ListItem","position":1,"name":"Home","item":"https:\/\/www.scantank.ee\/fi\/"},{"@type":"ListItem","position":2,"name":"Tuoteluettelo","item":"https:\/\/www.scantank.ee\/fi\/tuoteluettelo\/"},{"@type":"ListItem","position":3,"name":"Meafluid 100\/150 (A15-C250)"}]},{"@type":"WebSite","@id":"https:\/\/www.scantank.ee\/fi\/#website","url":"https:\/\/www.scantank.ee\/fi\/","name":"Scantank","description":"","publisher":{"@id":"https:\/\/www.scantank.ee\/fi\/#organization"},"potentialAction":[{"@type":"SearchAction","target":{"@type":"EntryPoint","urlTemplate":"https:\/\/www.scantank.ee\/fi\/?s={search_term_string}"},"query-input":"required name=search_term_string"}],"inLanguage":"fi"},{"@type":"Organization","@id":"https:\/\/www.scantank.ee\/fi\/#organization","name":"Scantank O\u00dc","url":"https:\/\/www.scantank.ee\/fi\/","logo":{"@type":"ImageObject","inLanguage":"fi","@id":"https:\/\/www.scantank.ee\/fi\/#\/schema\/logo\/image\/","url":"https:\/\/scantank.ee\/wp-content\/uploads\/2019\/08\/scantank-new.png","contentUrl":"https:\/\/scantank.ee\/wp-content\/uploads\/2019\/08\/scantank-new.png","width":1041,"height":221,"caption":"Scantank O\u00dc"},"image":{"@id":"https:\/\/www.scantank.ee\/fi\/#\/schema\/logo\/image\/"},"sameAs":["http:\/\/www.facebook.com\/scantank"]}]}},"_links":{"self":[{"href":"https:\/\/scantank.ee\/fi\/wp-json\/wp\/v2\/product\/7240"}],"collection":[{"href":"https:\/\/scantank.ee\/fi\/wp-json\/wp\/v2\/product"}],"about":[{"href":"https:\/\/scantank.ee\/fi\/wp-json\/wp\/v2\/types\/product"}],"wp:featuredmedia":[{"embeddable":true,"href":"https:\/\/scantank.ee\/fi\/wp-json\/wp\/v2\/media\/7164"}],"wp:attachment":[{"href":"https:\/\/scantank.ee\/fi\/wp-json\/wp\/v2\/media?parent=7240"}],"wp:term":[{"taxonomy":"product_cat","embeddable":true,"href":"https:\/\/scantank.ee\/fi\/wp-json\/wp\/v2\/product_cat?post=7240"},{"taxonomy":"product_tag","embeddable":true,"href":"https:\/\/scantank.ee\/fi\/wp-json\/wp\/v2\/product_tag?post=7240"}],"curies":[{"name":"wp","href":"https:\/\/api.w.org\/{rel}","templated":true}]}}