{"id":7242,"date":"2022-04-03T12:14:10","date_gmt":"2022-08-03T10:36:46","guid":{"rendered":"https:\/\/scantank.ee\/toode\/ruostumattomasta-teraksesta-valmistetut-blucher-lattiakaivot-ja-vesikourut\/"},"modified":"2022-08-03T10:36:46","modified_gmt":"2022-08-03T10:36:46","slug":"ruostumattomasta-teraksesta-valmistetut-blucher-lattiakaivot-ja-vesikourut","status":"publish","type":"product","link":"https:\/\/scantank.ee\/fi\/toode\/ruostumattomasta-teraksesta-valmistetut-blucher-lattiakaivot-ja-vesikourut\/","title":{"rendered":"Ruostumattomasta ter\u00e4ksest\u00e4 valmistetut BL\u00dcCHER-lattiakaivot ja vesikourut"},"content":{"rendered":"<p>Bl\u00fccherin teollisuuslattiakaivot valmistetaan elintarviketeollisuuden vaatimusten ja olosuhteiden mukaan. Lattiakaivot on valmistettu korkealaatuisesta ruostumattomasta ter\u00e4ksest\u00e4 AISI304 sek\u00e4 haponkest\u00e4v\u00e4st\u00e4 ruostumattomasta ter\u00e4ksest\u00e4 AISI316, mik\u00e4 antaa viem\u00e4rikaivoille pitk\u00e4n k\u00e4ytt\u00f6i\u00e4n. Bl\u00fccherin laajaan tuotevalikoimaan lukeutuvat muun muassa erikokoiset lattiakaivot ja kourut, joita on saatavilla useille lattiatyypeille (esim. betoni-, laatta-, epoksi- ja vinyylilattiat) sek\u00e4 neli\u00f6m\u00e4isell\u00e4 ett\u00e4 py\u00f6re\u00e4ll\u00e4 yl\u00e4osalla. Valikoimassa on sek\u00e4 vakiokorkuisia ett\u00e4 teleskooppilattiakaivoja, joihin voidaan tehd\u00e4 kosteuseristys. Bl\u00fccherin lattiakaivot on testattu ja valmistettu standardin EN1253 mukaisesti. www.blucher.com Lattiakaivojen ja keitti\u00f6altaiden hinnasto: <a href=\"https:\/\/scantank.ee\/wp-content\/uploads\/2022\/04\/Bl\u00fccher-trappide-ning-k\u00f6\u00f6givannide-hinnakiri-alates-1102021.pdf\">Bl\u00fccher-lattiakaivojen-ja-keitti\u00f6altaiden-hinnasto-alkaen-1102021<\/a> Sertifikaatti: <a href=\"https:\/\/scantank.ee\/wp-content\/uploads\/2022\/04\/Vastavustunnistus-trapid-rennid-1.pdf\">Vaatimustenmukaisuustodistus-lattiakaivot-kourut<\/a> Asennusohje: <a href=\"https:\/\/scantank.ee\/wp-content\/uploads\/2022\/04\/Bl\u00fccher-trappide-paigaldamine-1.pdf\">Bl\u00fccher-lattiakaivojen-asennus<\/a> https:\/\/youtu.be\/Vw-Ul5j6fmg<\/p>\n","protected":false},"excerpt":{"rendered":"<p>Bl\u00fccherin teollisuuslattiakaivot valmistetaan elintarviketeollisuuden vaatimusten ja olosuhteiden mukaan. Lattiakaivot on valmistettu korkealaatuisesta ruostumattomasta ter\u00e4ksest\u00e4 AISI304 sek\u00e4 haponkest\u00e4v\u00e4st\u00e4 ruostumattomasta ter\u00e4ksest\u00e4 AISI316, mik\u00e4 antaa viem\u00e4rikaivoille pitk\u00e4n k\u00e4ytt\u00f6i\u00e4n. Bl\u00fccherin laajaan tuotevalikoimaan lukeutuvat muun muassa erikokoiset lattiakaivot ja kourut, joita on saatavilla useille lattiatyypeille (esim. betoni-, laatta-, epoksi- ja vinyylilattiat) sek\u00e4 neli\u00f6m\u00e4isell\u00e4 ett\u00e4 py\u00f6re\u00e4ll\u00e4 yl\u00e4osalla. Valikoimassa on sek\u00e4 vakiokorkuisia [&hellip;]<\/p>\n","protected":false},"featured_media":6637,"template":"","meta":{"_acf_changed":false,"inline_featured_image":false,"_exactmetrics_skip_tracking":false,"_exactmetrics_sitenote_active":false,"_exactmetrics_sitenote_note":"","_exactmetrics_sitenote_category":0,"_monsterinsights_skip_tracking":false,"_monsterinsights_sitenote_active":false,"_monsterinsights_sitenote_note":"","_monsterinsights_sitenote_category":0},"product_cat":[273],"product_tag":[],"class_list":{"0":"post-7242","1":"product","2":"type-product","3":"status-publish","4":"has-post-thumbnail","6":"product_cat-teolliset-lattiakaivot-vesikourut-ja-putkijarjestelmat","8":"first","9":"instock","10":"shipping-taxable","11":"product-type-simple"},"acf":[],"yoast_head":"<!-- This site is optimized with the Yoast SEO plugin v23.1 - https:\/\/yoast.com\/wordpress\/plugins\/seo\/ -->\n<title>Ruostumattomasta ter\u00e4ksest\u00e4 valmistetut BL\u00dcCHER-lattiakaivot ja vesikourut | Scantank<\/title>\n<meta name=\"robots\" content=\"index, follow, max-snippet:-1, max-image-preview:large, max-video-preview:-1\" \/>\n<link rel=\"canonical\" href=\"https:\/\/scantank.ee\/fi\/toode\/ruostumattomasta-teraksesta-valmistetut-blucher-lattiakaivot-ja-vesikourut\/\" \/>\n<meta property=\"og:locale\" content=\"fi_FI\" \/>\n<meta property=\"og:type\" content=\"article\" \/>\n<meta property=\"og:title\" content=\"Ruostumattomasta ter\u00e4ksest\u00e4 valmistetut BL\u00dcCHER-lattiakaivot ja vesikourut | Scantank\" \/>\n<meta property=\"og:description\" content=\"Bl\u00fccherin teollisuuslattiakaivot valmistetaan elintarviketeollisuuden vaatimusten ja olosuhteiden mukaan. Lattiakaivot on valmistettu korkealaatuisesta ruostumattomasta ter\u00e4ksest\u00e4 AISI304 sek\u00e4 haponkest\u00e4v\u00e4st\u00e4 ruostumattomasta ter\u00e4ksest\u00e4 AISI316, mik\u00e4 antaa viem\u00e4rikaivoille pitk\u00e4n k\u00e4ytt\u00f6i\u00e4n. Bl\u00fccherin laajaan tuotevalikoimaan lukeutuvat muun muassa erikokoiset lattiakaivot ja kourut, joita on saatavilla useille lattiatyypeille (esim. betoni-, laatta-, epoksi- ja vinyylilattiat) sek\u00e4 neli\u00f6m\u00e4isell\u00e4 ett\u00e4 py\u00f6re\u00e4ll\u00e4 yl\u00e4osalla. Valikoimassa on sek\u00e4 vakiokorkuisia [&hellip;]\" \/>\n<meta property=\"og:url\" content=\"https:\/\/scantank.ee\/fi\/toode\/ruostumattomasta-teraksesta-valmistetut-blucher-lattiakaivot-ja-vesikourut\/\" \/>\n<meta property=\"og:site_name\" content=\"Scantank\" \/>\n<meta property=\"article:publisher\" content=\"http:\/\/www.facebook.com\/scantank\" \/>\n<meta property=\"og:image\" content=\"https:\/\/www.scantank.ee\/wp-content\/uploads\/2022\/04\/Bl\u00fccher-trapp-AISI.jpg\" \/>\n\t<meta property=\"og:image:width\" content=\"654\" \/>\n\t<meta property=\"og:image:height\" content=\"798\" \/>\n\t<meta property=\"og:image:type\" content=\"image\/jpeg\" \/>\n<meta name=\"twitter:card\" content=\"summary_large_image\" \/>\n<meta name=\"twitter:label1\" content=\"Arvioitu lukuaika\" \/>\n\t<meta name=\"twitter:data1\" content=\"1 minuutti\" \/>\n<script type=\"application\/ld+json\" class=\"yoast-schema-graph\">{\"@context\":\"https:\/\/schema.org\",\"@graph\":[{\"@type\":\"WebPage\",\"@id\":\"https:\/\/scantank.ee\/fi\/toode\/ruostumattomasta-teraksesta-valmistetut-blucher-lattiakaivot-ja-vesikourut\/\",\"url\":\"https:\/\/scantank.ee\/fi\/toode\/ruostumattomasta-teraksesta-valmistetut-blucher-lattiakaivot-ja-vesikourut\/\",\"name\":\"Ruostumattomasta ter\u00e4ksest\u00e4 valmistetut BL\u00dcCHER-lattiakaivot ja vesikourut | Scantank\",\"isPartOf\":{\"@id\":\"https:\/\/scantank.ee\/fi\/#website\"},\"primaryImageOfPage\":{\"@id\":\"https:\/\/scantank.ee\/fi\/toode\/ruostumattomasta-teraksesta-valmistetut-blucher-lattiakaivot-ja-vesikourut\/#primaryimage\"},\"image\":{\"@id\":\"https:\/\/scantank.ee\/fi\/toode\/ruostumattomasta-teraksesta-valmistetut-blucher-lattiakaivot-ja-vesikourut\/#primaryimage\"},\"thumbnailUrl\":\"https:\/\/scantank.ee\/wp-content\/uploads\/2022\/04\/Bl\u00fccher-trapp-AISI.jpg\",\"datePublished\":\"2022-08-03T10:36:46+00:00\",\"dateModified\":\"2022-08-03T10:36:46+00:00\",\"breadcrumb\":{\"@id\":\"https:\/\/scantank.ee\/fi\/toode\/ruostumattomasta-teraksesta-valmistetut-blucher-lattiakaivot-ja-vesikourut\/#breadcrumb\"},\"inLanguage\":\"fi\",\"potentialAction\":[{\"@type\":\"ReadAction\",\"target\":[\"https:\/\/scantank.ee\/fi\/toode\/ruostumattomasta-teraksesta-valmistetut-blucher-lattiakaivot-ja-vesikourut\/\"]}]},{\"@type\":\"ImageObject\",\"inLanguage\":\"fi\",\"@id\":\"https:\/\/scantank.ee\/fi\/toode\/ruostumattomasta-teraksesta-valmistetut-blucher-lattiakaivot-ja-vesikourut\/#primaryimage\",\"url\":\"https:\/\/scantank.ee\/wp-content\/uploads\/2022\/04\/Bl\u00fccher-trapp-AISI.jpg\",\"contentUrl\":\"https:\/\/scantank.ee\/wp-content\/uploads\/2022\/04\/Bl\u00fccher-trapp-AISI.jpg\",\"width\":654,\"height\":798},{\"@type\":\"BreadcrumbList\",\"@id\":\"https:\/\/scantank.ee\/fi\/toode\/ruostumattomasta-teraksesta-valmistetut-blucher-lattiakaivot-ja-vesikourut\/#breadcrumb\",\"itemListElement\":[{\"@type\":\"ListItem\",\"position\":1,\"name\":\"Home\",\"item\":\"https:\/\/scantank.ee\/fi\/\"},{\"@type\":\"ListItem\",\"position\":2,\"name\":\"Tuoteluettelo\",\"item\":\"https:\/\/scantank.ee\/fi\/tuoteluettelo\/\"},{\"@type\":\"ListItem\",\"position\":3,\"name\":\"Ruostumattomasta ter\u00e4ksest\u00e4 valmistetut BL\u00dcCHER-lattiakaivot ja vesikourut\"}]},{\"@type\":\"WebSite\",\"@id\":\"https:\/\/scantank.ee\/fi\/#website\",\"url\":\"https:\/\/scantank.ee\/fi\/\",\"name\":\"Scantank\",\"description\":\"\",\"publisher\":{\"@id\":\"https:\/\/scantank.ee\/fi\/#organization\"},\"potentialAction\":[{\"@type\":\"SearchAction\",\"target\":{\"@type\":\"EntryPoint\",\"urlTemplate\":\"https:\/\/scantank.ee\/fi\/?s={search_term_string}\"},\"query-input\":\"required name=search_term_string\"}],\"inLanguage\":\"fi\"},{\"@type\":\"Organization\",\"@id\":\"https:\/\/scantank.ee\/fi\/#organization\",\"name\":\"Scantank O\u00dc\",\"url\":\"https:\/\/scantank.ee\/fi\/\",\"logo\":{\"@type\":\"ImageObject\",\"inLanguage\":\"fi\",\"@id\":\"https:\/\/scantank.ee\/fi\/#\/schema\/logo\/image\/\",\"url\":\"https:\/\/scantank.ee\/wp-content\/uploads\/2019\/08\/scantank-new.png\",\"contentUrl\":\"https:\/\/scantank.ee\/wp-content\/uploads\/2019\/08\/scantank-new.png\",\"width\":1041,\"height\":221,\"caption\":\"Scantank O\u00dc\"},\"image\":{\"@id\":\"https:\/\/scantank.ee\/fi\/#\/schema\/logo\/image\/\"},\"sameAs\":[\"http:\/\/www.facebook.com\/scantank\"]}]}<\/script>\n<!-- \/ Yoast SEO plugin. -->","yoast_head_json":{"title":"Ruostumattomasta ter\u00e4ksest\u00e4 valmistetut BL\u00dcCHER-lattiakaivot ja vesikourut | Scantank","robots":{"index":"index","follow":"follow","max-snippet":"max-snippet:-1","max-image-preview":"max-image-preview:large","max-video-preview":"max-video-preview:-1"},"canonical":"https:\/\/scantank.ee\/fi\/toode\/ruostumattomasta-teraksesta-valmistetut-blucher-lattiakaivot-ja-vesikourut\/","og_locale":"fi_FI","og_type":"article","og_title":"Ruostumattomasta ter\u00e4ksest\u00e4 valmistetut BL\u00dcCHER-lattiakaivot ja vesikourut | Scantank","og_description":"Bl\u00fccherin teollisuuslattiakaivot valmistetaan elintarviketeollisuuden vaatimusten ja olosuhteiden mukaan. Lattiakaivot on valmistettu korkealaatuisesta ruostumattomasta ter\u00e4ksest\u00e4 AISI304 sek\u00e4 haponkest\u00e4v\u00e4st\u00e4 ruostumattomasta ter\u00e4ksest\u00e4 AISI316, mik\u00e4 antaa viem\u00e4rikaivoille pitk\u00e4n k\u00e4ytt\u00f6i\u00e4n. Bl\u00fccherin laajaan tuotevalikoimaan lukeutuvat muun muassa erikokoiset lattiakaivot ja kourut, joita on saatavilla useille lattiatyypeille (esim. betoni-, laatta-, epoksi- ja vinyylilattiat) sek\u00e4 neli\u00f6m\u00e4isell\u00e4 ett\u00e4 py\u00f6re\u00e4ll\u00e4 yl\u00e4osalla. Valikoimassa on sek\u00e4 vakiokorkuisia [&hellip;]","og_url":"https:\/\/scantank.ee\/fi\/toode\/ruostumattomasta-teraksesta-valmistetut-blucher-lattiakaivot-ja-vesikourut\/","og_site_name":"Scantank","article_publisher":"http:\/\/www.facebook.com\/scantank","og_image":[{"width":654,"height":798,"url":"https:\/\/www.scantank.ee\/wp-content\/uploads\/2022\/04\/Bl\u00fccher-trapp-AISI.jpg","type":"image\/jpeg"}],"twitter_card":"summary_large_image","twitter_misc":{"Arvioitu lukuaika":"1 minuutti"},"schema":{"@context":"https:\/\/schema.org","@graph":[{"@type":"WebPage","@id":"https:\/\/scantank.ee\/fi\/toode\/ruostumattomasta-teraksesta-valmistetut-blucher-lattiakaivot-ja-vesikourut\/","url":"https:\/\/scantank.ee\/fi\/toode\/ruostumattomasta-teraksesta-valmistetut-blucher-lattiakaivot-ja-vesikourut\/","name":"Ruostumattomasta ter\u00e4ksest\u00e4 valmistetut BL\u00dcCHER-lattiakaivot ja vesikourut | Scantank","isPartOf":{"@id":"https:\/\/scantank.ee\/fi\/#website"},"primaryImageOfPage":{"@id":"https:\/\/scantank.ee\/fi\/toode\/ruostumattomasta-teraksesta-valmistetut-blucher-lattiakaivot-ja-vesikourut\/#primaryimage"},"image":{"@id":"https:\/\/scantank.ee\/fi\/toode\/ruostumattomasta-teraksesta-valmistetut-blucher-lattiakaivot-ja-vesikourut\/#primaryimage"},"thumbnailUrl":"https:\/\/scantank.ee\/wp-content\/uploads\/2022\/04\/Bl\u00fccher-trapp-AISI.jpg","datePublished":"2022-08-03T10:36:46+00:00","dateModified":"2022-08-03T10:36:46+00:00","breadcrumb":{"@id":"https:\/\/scantank.ee\/fi\/toode\/ruostumattomasta-teraksesta-valmistetut-blucher-lattiakaivot-ja-vesikourut\/#breadcrumb"},"inLanguage":"fi","potentialAction":[{"@type":"ReadAction","target":["https:\/\/scantank.ee\/fi\/toode\/ruostumattomasta-teraksesta-valmistetut-blucher-lattiakaivot-ja-vesikourut\/"]}]},{"@type":"ImageObject","inLanguage":"fi","@id":"https:\/\/scantank.ee\/fi\/toode\/ruostumattomasta-teraksesta-valmistetut-blucher-lattiakaivot-ja-vesikourut\/#primaryimage","url":"https:\/\/scantank.ee\/wp-content\/uploads\/2022\/04\/Bl\u00fccher-trapp-AISI.jpg","contentUrl":"https:\/\/scantank.ee\/wp-content\/uploads\/2022\/04\/Bl\u00fccher-trapp-AISI.jpg","width":654,"height":798},{"@type":"BreadcrumbList","@id":"https:\/\/scantank.ee\/fi\/toode\/ruostumattomasta-teraksesta-valmistetut-blucher-lattiakaivot-ja-vesikourut\/#breadcrumb","itemListElement":[{"@type":"ListItem","position":1,"name":"Home","item":"https:\/\/scantank.ee\/fi\/"},{"@type":"ListItem","position":2,"name":"Tuoteluettelo","item":"https:\/\/scantank.ee\/fi\/tuoteluettelo\/"},{"@type":"ListItem","position":3,"name":"Ruostumattomasta ter\u00e4ksest\u00e4 valmistetut BL\u00dcCHER-lattiakaivot ja vesikourut"}]},{"@type":"WebSite","@id":"https:\/\/scantank.ee\/fi\/#website","url":"https:\/\/scantank.ee\/fi\/","name":"Scantank","description":"","publisher":{"@id":"https:\/\/scantank.ee\/fi\/#organization"},"potentialAction":[{"@type":"SearchAction","target":{"@type":"EntryPoint","urlTemplate":"https:\/\/scantank.ee\/fi\/?s={search_term_string}"},"query-input":"required name=search_term_string"}],"inLanguage":"fi"},{"@type":"Organization","@id":"https:\/\/scantank.ee\/fi\/#organization","name":"Scantank O\u00dc","url":"https:\/\/scantank.ee\/fi\/","logo":{"@type":"ImageObject","inLanguage":"fi","@id":"https:\/\/scantank.ee\/fi\/#\/schema\/logo\/image\/","url":"https:\/\/scantank.ee\/wp-content\/uploads\/2019\/08\/scantank-new.png","contentUrl":"https:\/\/scantank.ee\/wp-content\/uploads\/2019\/08\/scantank-new.png","width":1041,"height":221,"caption":"Scantank O\u00dc"},"image":{"@id":"https:\/\/scantank.ee\/fi\/#\/schema\/logo\/image\/"},"sameAs":["http:\/\/www.facebook.com\/scantank"]}]}},"_links":{"self":[{"href":"https:\/\/scantank.ee\/fi\/wp-json\/wp\/v2\/product\/7242"}],"collection":[{"href":"https:\/\/scantank.ee\/fi\/wp-json\/wp\/v2\/product"}],"about":[{"href":"https:\/\/scantank.ee\/fi\/wp-json\/wp\/v2\/types\/product"}],"wp:featuredmedia":[{"embeddable":true,"href":"https:\/\/scantank.ee\/fi\/wp-json\/wp\/v2\/media\/6637"}],"wp:attachment":[{"href":"https:\/\/scantank.ee\/fi\/wp-json\/wp\/v2\/media?parent=7242"}],"wp:term":[{"taxonomy":"product_cat","embeddable":true,"href":"https:\/\/scantank.ee\/fi\/wp-json\/wp\/v2\/product_cat?post=7242"},{"taxonomy":"product_tag","embeddable":true,"href":"https:\/\/scantank.ee\/fi\/wp-json\/wp\/v2\/product_tag?post=7242"}],"curies":[{"name":"wp","href":"https:\/\/api.w.org\/{rel}","templated":true}]}}