{"id":7243,"date":"2022-04-03T12:33:36","date_gmt":"2022-08-03T10:36:47","guid":{"rendered":"https:\/\/scantank.ee\/toode\/ruostumattomasta-teraksesta-valmistetut-att-lattiakaivot\/"},"modified":"2022-08-03T10:36:47","modified_gmt":"2022-08-03T10:36:47","slug":"ruostumattomasta-teraksesta-valmistetut-att-lattiakaivot","status":"publish","type":"product","link":"https:\/\/scantank.ee\/fi\/toode\/ruostumattomasta-teraksesta-valmistetut-att-lattiakaivot\/","title":{"rendered":"Ruostumattomasta ter\u00e4ksest\u00e4 valmistetut ATT-lattiakaivot"},"content":{"rendered":"<p>ATT:n teollisuuslattiakaivot valmistetaan elintarviketeollisuuden vaatimusten ja olosuhteiden mukaan. Lattiakaivot on valmistettu korkealaatuisesta 2 mm ruostumattomasta ter\u00e4ksest\u00e4 AISI304 sek\u00e4 haponkest\u00e4v\u00e4st\u00e4 ruostumattomasta ter\u00e4ksest\u00e4 AISI316, mik\u00e4 takaa viem\u00e4rikaivojen pitk\u00e4n k\u00e4ytt\u00f6i\u00e4n. ATT:n laajaan tuotevalikoimaan lukeutuvat muun muassa erikokoiset lattiakaivot, joita on saatavilla useille lattiatyypeille (esim. betoni-, laatta-, epoksi- ja vinyylilattiat) sek\u00e4 neli\u00f6m\u00e4isell\u00e4 ett\u00e4 py\u00f6re\u00e4ll\u00e4 yl\u00e4osalla. Valikoimassa on sek\u00e4 vakiokorkuisia ett\u00e4 teleskooppilattiakaivoja, joihin voidaan tehd\u00e4 kosteuseristys. ATT-lattiakaivot on testattu ja valmistettu EN1253-standardin mukaisesti. Lattiakaivojen yl\u00e4osan mitat: 150, 200, 250, 300, 400 mm Sek\u00e4 vaaka- ett\u00e4 pystysuorat viem\u00e4rit: 50 mm, 75 mm, 110 mm, 160 mm, 200 mm Ritil\u00e4valikoimassa on liukumaton verkkoritil\u00e4 ja rei&#8217;itetty ritil\u00e4, jotka vastaavat painoluokkaa L15 eli 1,5 t ja lujat ladder- ja plate-ritil\u00e4t, jotka vastaavat painoluokkaa M125 eli 12,5 t EN1253-standardin mukaisesti. ATT-teollisuuslattiakaivojen virtausm\u00e4\u00e4r\u00e4t Malli DN (mm) W (mm) H (mm) H1 (mm) D (mm) l\/s W200 75 200\u00d7200 235 160 157 1,8 W200 110 200\u00d7200 205 90 157 2,2 W250 110 250\u00d7250 245 90 195 3,0 W300 160 300\u00d7300 245 90 255 9,0 W400 200 400\u00d7400 355 90 350 12,0 Minilattiakaivojen virtausm\u00e4\u00e4r\u00e4t Malli DN (mm) W (mm) H (mm) H1 (mm) D (mm) l\/s Wm150 50\/110 150\u00d7150 150 60 110 0,5 Wm200 50\/110 200\u00d7200 150 60 110 0,5 Tuoteseloste: <a href=\"https:\/\/scantank.ee\/wp-content\/uploads\/2022\/04\/ATT-t\u00f6\u00f6stuslikud-trapid.pdf\">Teolliset-ATT-lattiakaivot<\/a> Hinnasto: <a href=\"https:\/\/scantank.ee\/wp-content\/uploads\/2022\/04\/ATT-T\u00f6\u00f6stuslikud-trapid-ja-luugid-2021.pdf\">Teolliset-ATT-lattiakaivot-ja-luukut-2021<\/a> Sertifikaatti: <a href=\"https:\/\/scantank.ee\/wp-content\/uploads\/2022\/04\/ATT-trappide-vastavus.pdf\">ATT-lattiakaivojen-vastaavuus<\/a> piirustukset: <a href=\"https:\/\/scantank.ee\/wp-content\/uploads\/2022\/04\/Joonis-200x200-vert110-trapp-.pdf\">Piirros-200&#215;200-vert110-lattiakaivo-<\/a> <a href=\"https:\/\/scantank.ee\/wp-content\/uploads\/2022\/04\/300x300-75vert-trapi-joonis.pdf\">300&#215;300-75vert-lattiakaivon-piirros<\/a> Asennusohje: <a href=\"https:\/\/scantank.ee\/wp-content\/uploads\/2022\/04\/ATT-trappide-paigaldamine.pdf\">ATT-lattiakaivojen-asennus<\/a> https:\/\/youtu.be\/Qt-tJur0faY<\/p>\n","protected":false},"excerpt":{"rendered":"<p>ATT:n teollisuuslattiakaivot valmistetaan elintarviketeollisuuden vaatimusten ja olosuhteiden mukaan. Lattiakaivot on valmistettu korkealaatuisesta 2 mm ruostumattomasta ter\u00e4ksest\u00e4 AISI304 sek\u00e4 haponkest\u00e4v\u00e4st\u00e4 ruostumattomasta ter\u00e4ksest\u00e4 AISI316, mik\u00e4 takaa viem\u00e4rikaivojen pitk\u00e4n k\u00e4ytt\u00f6i\u00e4n. ATT:n laajaan tuotevalikoimaan lukeutuvat muun muassa erikokoiset lattiakaivot, joita on saatavilla useille lattiatyypeille (esim. betoni-, laatta-, epoksi- ja vinyylilattiat) sek\u00e4 neli\u00f6m\u00e4isell\u00e4 ett\u00e4 py\u00f6re\u00e4ll\u00e4 yl\u00e4osalla. Valikoimassa on sek\u00e4 vakiokorkuisia [&hellip;]<\/p>\n","protected":false},"featured_media":6748,"template":"","meta":{"_acf_changed":false,"inline_featured_image":false,"_exactmetrics_skip_tracking":false,"_exactmetrics_sitenote_active":false,"_exactmetrics_sitenote_note":"","_exactmetrics_sitenote_category":0,"_monsterinsights_skip_tracking":false,"_monsterinsights_sitenote_active":false,"_monsterinsights_sitenote_note":"","_monsterinsights_sitenote_category":0},"product_cat":[273],"product_tag":[],"class_list":{"0":"post-7243","1":"product","2":"type-product","3":"status-publish","4":"has-post-thumbnail","6":"product_cat-teolliset-lattiakaivot-vesikourut-ja-putkijarjestelmat","8":"first","9":"instock","10":"shipping-taxable","11":"product-type-simple"},"acf":[],"yoast_head":"<!-- This site is optimized with the Yoast SEO plugin v23.1 - https:\/\/yoast.com\/wordpress\/plugins\/seo\/ -->\n<title>Ruostumattomasta ter\u00e4ksest\u00e4 valmistetut ATT-lattiakaivot | Scantank<\/title>\n<meta name=\"robots\" content=\"index, follow, max-snippet:-1, max-image-preview:large, max-video-preview:-1\" \/>\n<link rel=\"canonical\" href=\"https:\/\/scantank.ee\/fi\/toode\/ruostumattomasta-teraksesta-valmistetut-att-lattiakaivot\/\" \/>\n<meta property=\"og:locale\" content=\"fi_FI\" \/>\n<meta property=\"og:type\" content=\"article\" \/>\n<meta property=\"og:title\" content=\"Ruostumattomasta ter\u00e4ksest\u00e4 valmistetut ATT-lattiakaivot | Scantank\" \/>\n<meta property=\"og:description\" content=\"ATT:n teollisuuslattiakaivot valmistetaan elintarviketeollisuuden vaatimusten ja olosuhteiden mukaan. Lattiakaivot on valmistettu korkealaatuisesta 2 mm ruostumattomasta ter\u00e4ksest\u00e4 AISI304 sek\u00e4 haponkest\u00e4v\u00e4st\u00e4 ruostumattomasta ter\u00e4ksest\u00e4 AISI316, mik\u00e4 takaa viem\u00e4rikaivojen pitk\u00e4n k\u00e4ytt\u00f6i\u00e4n. ATT:n laajaan tuotevalikoimaan lukeutuvat muun muassa erikokoiset lattiakaivot, joita on saatavilla useille lattiatyypeille (esim. betoni-, laatta-, epoksi- ja vinyylilattiat) sek\u00e4 neli\u00f6m\u00e4isell\u00e4 ett\u00e4 py\u00f6re\u00e4ll\u00e4 yl\u00e4osalla. Valikoimassa on sek\u00e4 vakiokorkuisia [&hellip;]\" \/>\n<meta property=\"og:url\" content=\"https:\/\/scantank.ee\/fi\/toode\/ruostumattomasta-teraksesta-valmistetut-att-lattiakaivot\/\" \/>\n<meta property=\"og:site_name\" content=\"Scantank\" \/>\n<meta property=\"article:publisher\" content=\"http:\/\/www.facebook.com\/scantank\" \/>\n<meta property=\"og:image\" content=\"https:\/\/www.scantank.ee\/wp-content\/uploads\/2022\/04\/roostevaba-trapid-ATT-inox-drain.jpg\" \/>\n\t<meta property=\"og:image:width\" content=\"599\" \/>\n\t<meta property=\"og:image:height\" content=\"494\" \/>\n\t<meta property=\"og:image:type\" content=\"image\/jpeg\" \/>\n<meta name=\"twitter:card\" content=\"summary_large_image\" \/>\n<meta name=\"twitter:label1\" content=\"Arvioitu lukuaika\" \/>\n\t<meta name=\"twitter:data1\" content=\"1 minuutti\" \/>\n<script type=\"application\/ld+json\" class=\"yoast-schema-graph\">{\"@context\":\"https:\/\/schema.org\",\"@graph\":[{\"@type\":\"WebPage\",\"@id\":\"https:\/\/scantank.ee\/fi\/toode\/ruostumattomasta-teraksesta-valmistetut-att-lattiakaivot\/\",\"url\":\"https:\/\/scantank.ee\/fi\/toode\/ruostumattomasta-teraksesta-valmistetut-att-lattiakaivot\/\",\"name\":\"Ruostumattomasta ter\u00e4ksest\u00e4 valmistetut ATT-lattiakaivot | Scantank\",\"isPartOf\":{\"@id\":\"https:\/\/scantank.ee\/fi\/#website\"},\"primaryImageOfPage\":{\"@id\":\"https:\/\/scantank.ee\/fi\/toode\/ruostumattomasta-teraksesta-valmistetut-att-lattiakaivot\/#primaryimage\"},\"image\":{\"@id\":\"https:\/\/scantank.ee\/fi\/toode\/ruostumattomasta-teraksesta-valmistetut-att-lattiakaivot\/#primaryimage\"},\"thumbnailUrl\":\"https:\/\/scantank.ee\/wp-content\/uploads\/2022\/04\/roostevaba-trapid-ATT-inox-drain.jpg\",\"datePublished\":\"2022-08-03T10:36:47+00:00\",\"dateModified\":\"2022-08-03T10:36:47+00:00\",\"breadcrumb\":{\"@id\":\"https:\/\/scantank.ee\/fi\/toode\/ruostumattomasta-teraksesta-valmistetut-att-lattiakaivot\/#breadcrumb\"},\"inLanguage\":\"fi\",\"potentialAction\":[{\"@type\":\"ReadAction\",\"target\":[\"https:\/\/scantank.ee\/fi\/toode\/ruostumattomasta-teraksesta-valmistetut-att-lattiakaivot\/\"]}]},{\"@type\":\"ImageObject\",\"inLanguage\":\"fi\",\"@id\":\"https:\/\/scantank.ee\/fi\/toode\/ruostumattomasta-teraksesta-valmistetut-att-lattiakaivot\/#primaryimage\",\"url\":\"https:\/\/scantank.ee\/wp-content\/uploads\/2022\/04\/roostevaba-trapid-ATT-inox-drain.jpg\",\"contentUrl\":\"https:\/\/scantank.ee\/wp-content\/uploads\/2022\/04\/roostevaba-trapid-ATT-inox-drain.jpg\",\"width\":599,\"height\":494},{\"@type\":\"BreadcrumbList\",\"@id\":\"https:\/\/scantank.ee\/fi\/toode\/ruostumattomasta-teraksesta-valmistetut-att-lattiakaivot\/#breadcrumb\",\"itemListElement\":[{\"@type\":\"ListItem\",\"position\":1,\"name\":\"Home\",\"item\":\"https:\/\/scantank.ee\/fi\/\"},{\"@type\":\"ListItem\",\"position\":2,\"name\":\"Tuoteluettelo\",\"item\":\"https:\/\/scantank.ee\/fi\/tuoteluettelo\/\"},{\"@type\":\"ListItem\",\"position\":3,\"name\":\"Ruostumattomasta ter\u00e4ksest\u00e4 valmistetut ATT-lattiakaivot\"}]},{\"@type\":\"WebSite\",\"@id\":\"https:\/\/scantank.ee\/fi\/#website\",\"url\":\"https:\/\/scantank.ee\/fi\/\",\"name\":\"Scantank\",\"description\":\"\",\"publisher\":{\"@id\":\"https:\/\/scantank.ee\/fi\/#organization\"},\"potentialAction\":[{\"@type\":\"SearchAction\",\"target\":{\"@type\":\"EntryPoint\",\"urlTemplate\":\"https:\/\/scantank.ee\/fi\/?s={search_term_string}\"},\"query-input\":\"required name=search_term_string\"}],\"inLanguage\":\"fi\"},{\"@type\":\"Organization\",\"@id\":\"https:\/\/scantank.ee\/fi\/#organization\",\"name\":\"Scantank O\u00dc\",\"url\":\"https:\/\/scantank.ee\/fi\/\",\"logo\":{\"@type\":\"ImageObject\",\"inLanguage\":\"fi\",\"@id\":\"https:\/\/scantank.ee\/fi\/#\/schema\/logo\/image\/\",\"url\":\"https:\/\/scantank.ee\/wp-content\/uploads\/2019\/08\/scantank-new.png\",\"contentUrl\":\"https:\/\/scantank.ee\/wp-content\/uploads\/2019\/08\/scantank-new.png\",\"width\":1041,\"height\":221,\"caption\":\"Scantank O\u00dc\"},\"image\":{\"@id\":\"https:\/\/scantank.ee\/fi\/#\/schema\/logo\/image\/\"},\"sameAs\":[\"http:\/\/www.facebook.com\/scantank\"]}]}<\/script>\n<!-- \/ Yoast SEO plugin. -->","yoast_head_json":{"title":"Ruostumattomasta ter\u00e4ksest\u00e4 valmistetut ATT-lattiakaivot | Scantank","robots":{"index":"index","follow":"follow","max-snippet":"max-snippet:-1","max-image-preview":"max-image-preview:large","max-video-preview":"max-video-preview:-1"},"canonical":"https:\/\/scantank.ee\/fi\/toode\/ruostumattomasta-teraksesta-valmistetut-att-lattiakaivot\/","og_locale":"fi_FI","og_type":"article","og_title":"Ruostumattomasta ter\u00e4ksest\u00e4 valmistetut ATT-lattiakaivot | Scantank","og_description":"ATT:n teollisuuslattiakaivot valmistetaan elintarviketeollisuuden vaatimusten ja olosuhteiden mukaan. Lattiakaivot on valmistettu korkealaatuisesta 2 mm ruostumattomasta ter\u00e4ksest\u00e4 AISI304 sek\u00e4 haponkest\u00e4v\u00e4st\u00e4 ruostumattomasta ter\u00e4ksest\u00e4 AISI316, mik\u00e4 takaa viem\u00e4rikaivojen pitk\u00e4n k\u00e4ytt\u00f6i\u00e4n. ATT:n laajaan tuotevalikoimaan lukeutuvat muun muassa erikokoiset lattiakaivot, joita on saatavilla useille lattiatyypeille (esim. betoni-, laatta-, epoksi- ja vinyylilattiat) sek\u00e4 neli\u00f6m\u00e4isell\u00e4 ett\u00e4 py\u00f6re\u00e4ll\u00e4 yl\u00e4osalla. Valikoimassa on sek\u00e4 vakiokorkuisia [&hellip;]","og_url":"https:\/\/scantank.ee\/fi\/toode\/ruostumattomasta-teraksesta-valmistetut-att-lattiakaivot\/","og_site_name":"Scantank","article_publisher":"http:\/\/www.facebook.com\/scantank","og_image":[{"width":599,"height":494,"url":"https:\/\/www.scantank.ee\/wp-content\/uploads\/2022\/04\/roostevaba-trapid-ATT-inox-drain.jpg","type":"image\/jpeg"}],"twitter_card":"summary_large_image","twitter_misc":{"Arvioitu lukuaika":"1 minuutti"},"schema":{"@context":"https:\/\/schema.org","@graph":[{"@type":"WebPage","@id":"https:\/\/scantank.ee\/fi\/toode\/ruostumattomasta-teraksesta-valmistetut-att-lattiakaivot\/","url":"https:\/\/scantank.ee\/fi\/toode\/ruostumattomasta-teraksesta-valmistetut-att-lattiakaivot\/","name":"Ruostumattomasta ter\u00e4ksest\u00e4 valmistetut ATT-lattiakaivot | Scantank","isPartOf":{"@id":"https:\/\/scantank.ee\/fi\/#website"},"primaryImageOfPage":{"@id":"https:\/\/scantank.ee\/fi\/toode\/ruostumattomasta-teraksesta-valmistetut-att-lattiakaivot\/#primaryimage"},"image":{"@id":"https:\/\/scantank.ee\/fi\/toode\/ruostumattomasta-teraksesta-valmistetut-att-lattiakaivot\/#primaryimage"},"thumbnailUrl":"https:\/\/scantank.ee\/wp-content\/uploads\/2022\/04\/roostevaba-trapid-ATT-inox-drain.jpg","datePublished":"2022-08-03T10:36:47+00:00","dateModified":"2022-08-03T10:36:47+00:00","breadcrumb":{"@id":"https:\/\/scantank.ee\/fi\/toode\/ruostumattomasta-teraksesta-valmistetut-att-lattiakaivot\/#breadcrumb"},"inLanguage":"fi","potentialAction":[{"@type":"ReadAction","target":["https:\/\/scantank.ee\/fi\/toode\/ruostumattomasta-teraksesta-valmistetut-att-lattiakaivot\/"]}]},{"@type":"ImageObject","inLanguage":"fi","@id":"https:\/\/scantank.ee\/fi\/toode\/ruostumattomasta-teraksesta-valmistetut-att-lattiakaivot\/#primaryimage","url":"https:\/\/scantank.ee\/wp-content\/uploads\/2022\/04\/roostevaba-trapid-ATT-inox-drain.jpg","contentUrl":"https:\/\/scantank.ee\/wp-content\/uploads\/2022\/04\/roostevaba-trapid-ATT-inox-drain.jpg","width":599,"height":494},{"@type":"BreadcrumbList","@id":"https:\/\/scantank.ee\/fi\/toode\/ruostumattomasta-teraksesta-valmistetut-att-lattiakaivot\/#breadcrumb","itemListElement":[{"@type":"ListItem","position":1,"name":"Home","item":"https:\/\/scantank.ee\/fi\/"},{"@type":"ListItem","position":2,"name":"Tuoteluettelo","item":"https:\/\/scantank.ee\/fi\/tuoteluettelo\/"},{"@type":"ListItem","position":3,"name":"Ruostumattomasta ter\u00e4ksest\u00e4 valmistetut ATT-lattiakaivot"}]},{"@type":"WebSite","@id":"https:\/\/scantank.ee\/fi\/#website","url":"https:\/\/scantank.ee\/fi\/","name":"Scantank","description":"","publisher":{"@id":"https:\/\/scantank.ee\/fi\/#organization"},"potentialAction":[{"@type":"SearchAction","target":{"@type":"EntryPoint","urlTemplate":"https:\/\/scantank.ee\/fi\/?s={search_term_string}"},"query-input":"required name=search_term_string"}],"inLanguage":"fi"},{"@type":"Organization","@id":"https:\/\/scantank.ee\/fi\/#organization","name":"Scantank O\u00dc","url":"https:\/\/scantank.ee\/fi\/","logo":{"@type":"ImageObject","inLanguage":"fi","@id":"https:\/\/scantank.ee\/fi\/#\/schema\/logo\/image\/","url":"https:\/\/scantank.ee\/wp-content\/uploads\/2019\/08\/scantank-new.png","contentUrl":"https:\/\/scantank.ee\/wp-content\/uploads\/2019\/08\/scantank-new.png","width":1041,"height":221,"caption":"Scantank O\u00dc"},"image":{"@id":"https:\/\/scantank.ee\/fi\/#\/schema\/logo\/image\/"},"sameAs":["http:\/\/www.facebook.com\/scantank"]}]}},"_links":{"self":[{"href":"https:\/\/scantank.ee\/fi\/wp-json\/wp\/v2\/product\/7243"}],"collection":[{"href":"https:\/\/scantank.ee\/fi\/wp-json\/wp\/v2\/product"}],"about":[{"href":"https:\/\/scantank.ee\/fi\/wp-json\/wp\/v2\/types\/product"}],"wp:featuredmedia":[{"embeddable":true,"href":"https:\/\/scantank.ee\/fi\/wp-json\/wp\/v2\/media\/6748"}],"wp:attachment":[{"href":"https:\/\/scantank.ee\/fi\/wp-json\/wp\/v2\/media?parent=7243"}],"wp:term":[{"taxonomy":"product_cat","embeddable":true,"href":"https:\/\/scantank.ee\/fi\/wp-json\/wp\/v2\/product_cat?post=7243"},{"taxonomy":"product_tag","embeddable":true,"href":"https:\/\/scantank.ee\/fi\/wp-json\/wp\/v2\/product_tag?post=7243"}],"curies":[{"name":"wp","href":"https:\/\/api.w.org\/{rel}","templated":true}]}}