{"id":7245,"date":"2022-04-03T15:41:28","date_gmt":"2022-08-03T10:36:48","guid":{"rendered":"https:\/\/scantank.ee\/toode\/ruostumattomasta-teraksesta-valmistetut-blucher-muhviputket\/"},"modified":"2022-08-03T10:36:48","modified_gmt":"2022-08-03T10:36:48","slug":"ruostumattomasta-teraksesta-valmistetut-blucher-muhviputket","status":"publish","type":"product","link":"https:\/\/scantank.ee\/fi\/toode\/ruostumattomasta-teraksesta-valmistetut-blucher-muhviputket\/","title":{"rendered":"Ruostumattomasta ter\u00e4ksest\u00e4 valmistetut BL\u00dcCHER-muhviputket"},"content":{"rendered":"<p>Ruostumattomasta ter\u00e4ksest\u00e4 valmistettu Bl\u00fccher EUROpipe -putkij\u00e4rjestelm\u00e4 on luotettava, kevyt ja kest\u00e4v\u00e4. Bl\u00fccherill\u00e4 on oman alansa suurin tuotevalikoima, ja se on tuonut markkinoille ruostumattomasta ter\u00e4ksest\u00e4 valmistetun muhviputken. J\u00e4rjestelm\u00e4 on suunniteltu, rakennettu ja testattu pinta-, j\u00e4te- ja sadeveden k\u00e4sittelyyn, ja siksi sit\u00e4 k\u00e4ytet\u00e4\u00e4n elintarviketeollisuudessa, tuotannossa ja kotitalouksissa. Koko Bl\u00fccher-putkij\u00e4rjestelm\u00e4 on kehitetty varmistamaan tuotteiden asennusmukavuus ja pitk\u00e4 k\u00e4ytt\u00f6ik\u00e4. www.blucher.com Luettelo: <a href=\"https:\/\/scantank.ee\/wp-content\/uploads\/2022\/04\/Bl\u00fccher-europipe.pdf\">Bl\u00fccher-europipe<\/a> Sertifikaatti: <a href=\"https:\/\/scantank.ee\/wp-content\/uploads\/2022\/04\/Bl\u00fccher-Torude-DOP.pdf\">Bl\u00fccher-Putkien-DOP<\/a> Asennusohje: <a href=\"https:\/\/scantank.ee\/wp-content\/uploads\/2022\/04\/UKEuroPipe-hooldusjuhend.eng_.pdf\">UKEuroPipe-huolto-ohje.eng_<\/a> <a href=\"https:\/\/scantank.ee\/wp-content\/uploads\/2022\/04\/EuroPipe-l\u00f5ikamine.pdf\">EuroPipe-leikkaus<\/a> https:\/\/youtu.be\/KVAorV7fxTA<\/p>\n","protected":false},"excerpt":{"rendered":"<p>Ruostumattomasta ter\u00e4ksest\u00e4 valmistettu Bl\u00fccher EUROpipe -putkij\u00e4rjestelm\u00e4 on luotettava, kevyt ja kest\u00e4v\u00e4. Bl\u00fccherill\u00e4 on oman alansa suurin tuotevalikoima, ja se on tuonut markkinoille ruostumattomasta ter\u00e4ksest\u00e4 valmistetun muhviputken. J\u00e4rjestelm\u00e4 on suunniteltu, rakennettu ja testattu pinta-, j\u00e4te- ja sadeveden k\u00e4sittelyyn, ja siksi sit\u00e4 k\u00e4ytet\u00e4\u00e4n elintarviketeollisuudessa, tuotannossa ja kotitalouksissa. Koko Bl\u00fccher-putkij\u00e4rjestelm\u00e4 on kehitetty varmistamaan tuotteiden asennusmukavuus ja pitk\u00e4 k\u00e4ytt\u00f6ik\u00e4. [&hellip;]<\/p>\n","protected":false},"featured_media":6845,"template":"","meta":{"_acf_changed":false,"inline_featured_image":false,"_exactmetrics_skip_tracking":false,"_exactmetrics_sitenote_active":false,"_exactmetrics_sitenote_note":"","_exactmetrics_sitenote_category":0,"_monsterinsights_skip_tracking":false,"_monsterinsights_sitenote_active":false,"_monsterinsights_sitenote_note":"","_monsterinsights_sitenote_category":0},"product_cat":[273],"product_tag":[],"class_list":{"0":"post-7245","1":"product","2":"type-product","3":"status-publish","4":"has-post-thumbnail","6":"product_cat-teolliset-lattiakaivot-vesikourut-ja-putkijarjestelmat","8":"first","9":"instock","10":"shipping-taxable","11":"product-type-simple"},"acf":[],"yoast_head":"<!-- This site is optimized with the Yoast SEO plugin v23.1 - https:\/\/yoast.com\/wordpress\/plugins\/seo\/ -->\n<title>Ruostumattomasta ter\u00e4ksest\u00e4 valmistetut BL\u00dcCHER-muhviputket | Scantank<\/title>\n<meta name=\"robots\" content=\"index, follow, max-snippet:-1, max-image-preview:large, max-video-preview:-1\" \/>\n<link rel=\"canonical\" href=\"https:\/\/scantank.ee\/fi\/toode\/ruostumattomasta-teraksesta-valmistetut-blucher-muhviputket\/\" \/>\n<meta property=\"og:locale\" content=\"fi_FI\" \/>\n<meta property=\"og:type\" content=\"article\" \/>\n<meta property=\"og:title\" content=\"Ruostumattomasta ter\u00e4ksest\u00e4 valmistetut BL\u00dcCHER-muhviputket | Scantank\" \/>\n<meta property=\"og:description\" content=\"Ruostumattomasta ter\u00e4ksest\u00e4 valmistettu Bl\u00fccher EUROpipe -putkij\u00e4rjestelm\u00e4 on luotettava, kevyt ja kest\u00e4v\u00e4. Bl\u00fccherill\u00e4 on oman alansa suurin tuotevalikoima, ja se on tuonut markkinoille ruostumattomasta ter\u00e4ksest\u00e4 valmistetun muhviputken. J\u00e4rjestelm\u00e4 on suunniteltu, rakennettu ja testattu pinta-, j\u00e4te- ja sadeveden k\u00e4sittelyyn, ja siksi sit\u00e4 k\u00e4ytet\u00e4\u00e4n elintarviketeollisuudessa, tuotannossa ja kotitalouksissa. Koko Bl\u00fccher-putkij\u00e4rjestelm\u00e4 on kehitetty varmistamaan tuotteiden asennusmukavuus ja pitk\u00e4 k\u00e4ytt\u00f6ik\u00e4. [&hellip;]\" \/>\n<meta property=\"og:url\" content=\"https:\/\/scantank.ee\/fi\/toode\/ruostumattomasta-teraksesta-valmistetut-blucher-muhviputket\/\" \/>\n<meta property=\"og:site_name\" content=\"Scantank\" \/>\n<meta property=\"article:publisher\" content=\"http:\/\/www.facebook.com\/scantank\" \/>\n<meta property=\"og:image\" content=\"https:\/\/www.scantank.ee\/wp-content\/uploads\/2022\/04\/toru2-bl\u00fccher.jpg\" \/>\n\t<meta property=\"og:image:width\" content=\"259\" \/>\n\t<meta property=\"og:image:height\" content=\"352\" \/>\n\t<meta property=\"og:image:type\" content=\"image\/jpeg\" \/>\n<meta name=\"twitter:card\" content=\"summary_large_image\" \/>\n<script type=\"application\/ld+json\" class=\"yoast-schema-graph\">{\"@context\":\"https:\/\/schema.org\",\"@graph\":[{\"@type\":\"WebPage\",\"@id\":\"https:\/\/scantank.ee\/fi\/toode\/ruostumattomasta-teraksesta-valmistetut-blucher-muhviputket\/\",\"url\":\"https:\/\/scantank.ee\/fi\/toode\/ruostumattomasta-teraksesta-valmistetut-blucher-muhviputket\/\",\"name\":\"Ruostumattomasta ter\u00e4ksest\u00e4 valmistetut BL\u00dcCHER-muhviputket | Scantank\",\"isPartOf\":{\"@id\":\"https:\/\/scantank.ee\/fi\/#website\"},\"primaryImageOfPage\":{\"@id\":\"https:\/\/scantank.ee\/fi\/toode\/ruostumattomasta-teraksesta-valmistetut-blucher-muhviputket\/#primaryimage\"},\"image\":{\"@id\":\"https:\/\/scantank.ee\/fi\/toode\/ruostumattomasta-teraksesta-valmistetut-blucher-muhviputket\/#primaryimage\"},\"thumbnailUrl\":\"https:\/\/www.scantank.ee\/wp-content\/uploads\/2022\/04\/toru2-bl\u00fccher.jpg\",\"datePublished\":\"2022-08-03T10:36:48+00:00\",\"dateModified\":\"2022-08-03T10:36:48+00:00\",\"breadcrumb\":{\"@id\":\"https:\/\/scantank.ee\/fi\/toode\/ruostumattomasta-teraksesta-valmistetut-blucher-muhviputket\/#breadcrumb\"},\"inLanguage\":\"fi\",\"potentialAction\":[{\"@type\":\"ReadAction\",\"target\":[\"https:\/\/scantank.ee\/fi\/toode\/ruostumattomasta-teraksesta-valmistetut-blucher-muhviputket\/\"]}]},{\"@type\":\"ImageObject\",\"inLanguage\":\"fi\",\"@id\":\"https:\/\/scantank.ee\/fi\/toode\/ruostumattomasta-teraksesta-valmistetut-blucher-muhviputket\/#primaryimage\",\"url\":\"https:\/\/www.scantank.ee\/wp-content\/uploads\/2022\/04\/toru2-bl\u00fccher.jpg\",\"contentUrl\":\"https:\/\/www.scantank.ee\/wp-content\/uploads\/2022\/04\/toru2-bl\u00fccher.jpg\",\"width\":259,\"height\":352},{\"@type\":\"BreadcrumbList\",\"@id\":\"https:\/\/scantank.ee\/fi\/toode\/ruostumattomasta-teraksesta-valmistetut-blucher-muhviputket\/#breadcrumb\",\"itemListElement\":[{\"@type\":\"ListItem\",\"position\":1,\"name\":\"Home\",\"item\":\"https:\/\/scantank.ee\/fi\/\"},{\"@type\":\"ListItem\",\"position\":2,\"name\":\"Tuoteluettelo\",\"item\":\"https:\/\/scantank.ee\/fi\/tuoteluettelo\/\"},{\"@type\":\"ListItem\",\"position\":3,\"name\":\"Ruostumattomasta ter\u00e4ksest\u00e4 valmistetut BL\u00dcCHER-muhviputket\"}]},{\"@type\":\"WebSite\",\"@id\":\"https:\/\/scantank.ee\/fi\/#website\",\"url\":\"https:\/\/scantank.ee\/fi\/\",\"name\":\"Scantank\",\"description\":\"\",\"publisher\":{\"@id\":\"https:\/\/scantank.ee\/fi\/#organization\"},\"potentialAction\":[{\"@type\":\"SearchAction\",\"target\":{\"@type\":\"EntryPoint\",\"urlTemplate\":\"https:\/\/scantank.ee\/fi\/?s={search_term_string}\"},\"query-input\":\"required name=search_term_string\"}],\"inLanguage\":\"fi\"},{\"@type\":\"Organization\",\"@id\":\"https:\/\/scantank.ee\/fi\/#organization\",\"name\":\"Scantank O\u00dc\",\"url\":\"https:\/\/scantank.ee\/fi\/\",\"logo\":{\"@type\":\"ImageObject\",\"inLanguage\":\"fi\",\"@id\":\"https:\/\/scantank.ee\/fi\/#\/schema\/logo\/image\/\",\"url\":\"https:\/\/scantank.ee\/wp-content\/uploads\/2019\/08\/scantank-new.png\",\"contentUrl\":\"https:\/\/scantank.ee\/wp-content\/uploads\/2019\/08\/scantank-new.png\",\"width\":1041,\"height\":221,\"caption\":\"Scantank O\u00dc\"},\"image\":{\"@id\":\"https:\/\/scantank.ee\/fi\/#\/schema\/logo\/image\/\"},\"sameAs\":[\"http:\/\/www.facebook.com\/scantank\"]}]}<\/script>\n<!-- \/ Yoast SEO plugin. -->","yoast_head_json":{"title":"Ruostumattomasta ter\u00e4ksest\u00e4 valmistetut BL\u00dcCHER-muhviputket | Scantank","robots":{"index":"index","follow":"follow","max-snippet":"max-snippet:-1","max-image-preview":"max-image-preview:large","max-video-preview":"max-video-preview:-1"},"canonical":"https:\/\/scantank.ee\/fi\/toode\/ruostumattomasta-teraksesta-valmistetut-blucher-muhviputket\/","og_locale":"fi_FI","og_type":"article","og_title":"Ruostumattomasta ter\u00e4ksest\u00e4 valmistetut BL\u00dcCHER-muhviputket | Scantank","og_description":"Ruostumattomasta ter\u00e4ksest\u00e4 valmistettu Bl\u00fccher EUROpipe -putkij\u00e4rjestelm\u00e4 on luotettava, kevyt ja kest\u00e4v\u00e4. Bl\u00fccherill\u00e4 on oman alansa suurin tuotevalikoima, ja se on tuonut markkinoille ruostumattomasta ter\u00e4ksest\u00e4 valmistetun muhviputken. J\u00e4rjestelm\u00e4 on suunniteltu, rakennettu ja testattu pinta-, j\u00e4te- ja sadeveden k\u00e4sittelyyn, ja siksi sit\u00e4 k\u00e4ytet\u00e4\u00e4n elintarviketeollisuudessa, tuotannossa ja kotitalouksissa. Koko Bl\u00fccher-putkij\u00e4rjestelm\u00e4 on kehitetty varmistamaan tuotteiden asennusmukavuus ja pitk\u00e4 k\u00e4ytt\u00f6ik\u00e4. [&hellip;]","og_url":"https:\/\/scantank.ee\/fi\/toode\/ruostumattomasta-teraksesta-valmistetut-blucher-muhviputket\/","og_site_name":"Scantank","article_publisher":"http:\/\/www.facebook.com\/scantank","og_image":[{"width":259,"height":352,"url":"https:\/\/www.scantank.ee\/wp-content\/uploads\/2022\/04\/toru2-bl\u00fccher.jpg","type":"image\/jpeg"}],"twitter_card":"summary_large_image","schema":{"@context":"https:\/\/schema.org","@graph":[{"@type":"WebPage","@id":"https:\/\/scantank.ee\/fi\/toode\/ruostumattomasta-teraksesta-valmistetut-blucher-muhviputket\/","url":"https:\/\/scantank.ee\/fi\/toode\/ruostumattomasta-teraksesta-valmistetut-blucher-muhviputket\/","name":"Ruostumattomasta ter\u00e4ksest\u00e4 valmistetut BL\u00dcCHER-muhviputket | Scantank","isPartOf":{"@id":"https:\/\/scantank.ee\/fi\/#website"},"primaryImageOfPage":{"@id":"https:\/\/scantank.ee\/fi\/toode\/ruostumattomasta-teraksesta-valmistetut-blucher-muhviputket\/#primaryimage"},"image":{"@id":"https:\/\/scantank.ee\/fi\/toode\/ruostumattomasta-teraksesta-valmistetut-blucher-muhviputket\/#primaryimage"},"thumbnailUrl":"https:\/\/www.scantank.ee\/wp-content\/uploads\/2022\/04\/toru2-bl\u00fccher.jpg","datePublished":"2022-08-03T10:36:48+00:00","dateModified":"2022-08-03T10:36:48+00:00","breadcrumb":{"@id":"https:\/\/scantank.ee\/fi\/toode\/ruostumattomasta-teraksesta-valmistetut-blucher-muhviputket\/#breadcrumb"},"inLanguage":"fi","potentialAction":[{"@type":"ReadAction","target":["https:\/\/scantank.ee\/fi\/toode\/ruostumattomasta-teraksesta-valmistetut-blucher-muhviputket\/"]}]},{"@type":"ImageObject","inLanguage":"fi","@id":"https:\/\/scantank.ee\/fi\/toode\/ruostumattomasta-teraksesta-valmistetut-blucher-muhviputket\/#primaryimage","url":"https:\/\/www.scantank.ee\/wp-content\/uploads\/2022\/04\/toru2-bl\u00fccher.jpg","contentUrl":"https:\/\/www.scantank.ee\/wp-content\/uploads\/2022\/04\/toru2-bl\u00fccher.jpg","width":259,"height":352},{"@type":"BreadcrumbList","@id":"https:\/\/scantank.ee\/fi\/toode\/ruostumattomasta-teraksesta-valmistetut-blucher-muhviputket\/#breadcrumb","itemListElement":[{"@type":"ListItem","position":1,"name":"Home","item":"https:\/\/scantank.ee\/fi\/"},{"@type":"ListItem","position":2,"name":"Tuoteluettelo","item":"https:\/\/scantank.ee\/fi\/tuoteluettelo\/"},{"@type":"ListItem","position":3,"name":"Ruostumattomasta ter\u00e4ksest\u00e4 valmistetut BL\u00dcCHER-muhviputket"}]},{"@type":"WebSite","@id":"https:\/\/scantank.ee\/fi\/#website","url":"https:\/\/scantank.ee\/fi\/","name":"Scantank","description":"","publisher":{"@id":"https:\/\/scantank.ee\/fi\/#organization"},"potentialAction":[{"@type":"SearchAction","target":{"@type":"EntryPoint","urlTemplate":"https:\/\/scantank.ee\/fi\/?s={search_term_string}"},"query-input":"required name=search_term_string"}],"inLanguage":"fi"},{"@type":"Organization","@id":"https:\/\/scantank.ee\/fi\/#organization","name":"Scantank O\u00dc","url":"https:\/\/scantank.ee\/fi\/","logo":{"@type":"ImageObject","inLanguage":"fi","@id":"https:\/\/scantank.ee\/fi\/#\/schema\/logo\/image\/","url":"https:\/\/scantank.ee\/wp-content\/uploads\/2019\/08\/scantank-new.png","contentUrl":"https:\/\/scantank.ee\/wp-content\/uploads\/2019\/08\/scantank-new.png","width":1041,"height":221,"caption":"Scantank O\u00dc"},"image":{"@id":"https:\/\/scantank.ee\/fi\/#\/schema\/logo\/image\/"},"sameAs":["http:\/\/www.facebook.com\/scantank"]}]}},"_links":{"self":[{"href":"https:\/\/scantank.ee\/fi\/wp-json\/wp\/v2\/product\/7245"}],"collection":[{"href":"https:\/\/scantank.ee\/fi\/wp-json\/wp\/v2\/product"}],"about":[{"href":"https:\/\/scantank.ee\/fi\/wp-json\/wp\/v2\/types\/product"}],"wp:featuredmedia":[{"embeddable":true,"href":"https:\/\/scantank.ee\/fi\/wp-json\/wp\/v2\/media\/6845"}],"wp:attachment":[{"href":"https:\/\/scantank.ee\/fi\/wp-json\/wp\/v2\/media?parent=7245"}],"wp:term":[{"taxonomy":"product_cat","embeddable":true,"href":"https:\/\/scantank.ee\/fi\/wp-json\/wp\/v2\/product_cat?post=7245"},{"taxonomy":"product_tag","embeddable":true,"href":"https:\/\/scantank.ee\/fi\/wp-json\/wp\/v2\/product_tag?post=7245"}],"curies":[{"name":"wp","href":"https:\/\/api.w.org\/{rel}","templated":true}]}}