{"id":7249,"date":"2022-04-04T17:24:28","date_gmt":"2022-08-03T10:36:49","guid":{"rendered":"https:\/\/scantank.ee\/toode\/blucher-puhdistusluukku\/"},"modified":"2022-08-03T10:36:49","modified_gmt":"2022-08-03T10:36:49","slug":"blucher-puhdistusluukku","status":"publish","type":"product","link":"https:\/\/scantank.ee\/fi\/toode\/blucher-puhdistusluukku\/","title":{"rendered":"BL\u00dcCHER-puhdistusluukku"},"content":{"rendered":"<p><strong>Bl\u00fccher-puhdistusluukut<\/strong> mahdollistavat p\u00e4\u00e4syn viem\u00e4riputkistoon, jotta se voidaan tarvittaessa puhdistaa tukoksen sattuessa. Ruostumattomasta ter\u00e4ksest\u00e4 valmistettu puhdistusluukku liitet\u00e4\u00e4n suoraan viem\u00e4riputken muhviin ja valetaan kiinni lattiaan. Kansi on irrotettava ja j\u00e4rjestelm\u00e4 on t\u00e4ysin hajunkest\u00e4v\u00e4. Bl\u00fccher-luukku kest\u00e4\u00e4 jopa 700 kg painon. Saatavana sek\u00e4 AISI304- ett\u00e4 AISI316-materiaalista valmistettuja luukkuja DN75- tai DN110-putkimuhveihin. Voimme valmistaa PVC-lattialle soveltuvia luukkuja mittatilausty\u00f6n\u00e4. Tuoteseloste: <a href=\"https:\/\/scantank.ee\/wp-content\/uploads\/2022\/04\/144.155.110-eestikeelne-tooteleht.pdf\">144.155.110-vironkielinen-tuoteseloste<\/a> <a href=\"https:\/\/scantank.ee\/wp-content\/uploads\/2022\/04\/bl\u00fccher-puhastusluuk.pdf\">bl\u00fccher-puhdistusluukku<\/a> Asennusohje: <a href=\"https:\/\/scantank.ee\/wp-content\/uploads\/2022\/04\/Bl\u00fccher-Puhastusluukide-paigaldamine.pdf\">Bl\u00fccher-puhdistusluukkujen-asennus<\/a><\/p>\n","protected":false},"excerpt":{"rendered":"<p>Bl\u00fccher-puhdistusluukut mahdollistavat p\u00e4\u00e4syn viem\u00e4riputkistoon, jotta se voidaan tarvittaessa puhdistaa tukoksen sattuessa. Ruostumattomasta ter\u00e4ksest\u00e4 valmistettu puhdistusluukku liitet\u00e4\u00e4n suoraan viem\u00e4riputken muhviin ja valetaan kiinni lattiaan. Kansi on irrotettava ja j\u00e4rjestelm\u00e4 on t\u00e4ysin hajunkest\u00e4v\u00e4. Bl\u00fccher-luukku kest\u00e4\u00e4 jopa 700 kg painon. Saatavana sek\u00e4 AISI304- ett\u00e4 AISI316-materiaalista valmistettuja luukkuja DN75- tai DN110-putkimuhveihin. Voimme valmistaa PVC-lattialle soveltuvia luukkuja mittatilausty\u00f6n\u00e4. Tuoteseloste: 144.155.110-vironkielinen-tuoteseloste [&hellip;]<\/p>\n","protected":false},"featured_media":7032,"template":"","meta":{"_acf_changed":false,"inline_featured_image":false,"_exactmetrics_skip_tracking":false,"_exactmetrics_sitenote_active":false,"_exactmetrics_sitenote_note":"","_exactmetrics_sitenote_category":0,"_monsterinsights_skip_tracking":false,"_monsterinsights_sitenote_active":false,"_monsterinsights_sitenote_note":"","_monsterinsights_sitenote_category":0},"product_cat":[273],"product_tag":[],"class_list":{"0":"post-7249","1":"product","2":"type-product","3":"status-publish","4":"has-post-thumbnail","6":"product_cat-teolliset-lattiakaivot-vesikourut-ja-putkijarjestelmat","8":"first","9":"instock","10":"shipping-taxable","11":"product-type-simple"},"acf":[],"yoast_head":"<!-- This site is optimized with the Yoast SEO plugin v23.1 - https:\/\/yoast.com\/wordpress\/plugins\/seo\/ -->\n<title>BL\u00dcCHER-puhdistusluukku | Scantank<\/title>\n<meta name=\"robots\" content=\"index, follow, max-snippet:-1, max-image-preview:large, max-video-preview:-1\" \/>\n<link rel=\"canonical\" href=\"https:\/\/scantank.ee\/fi\/toode\/blucher-puhdistusluukku\/\" \/>\n<meta property=\"og:locale\" content=\"fi_FI\" \/>\n<meta property=\"og:type\" content=\"article\" \/>\n<meta property=\"og:title\" content=\"BL\u00dcCHER-puhdistusluukku | Scantank\" \/>\n<meta property=\"og:description\" content=\"Bl\u00fccher-puhdistusluukut mahdollistavat p\u00e4\u00e4syn viem\u00e4riputkistoon, jotta se voidaan tarvittaessa puhdistaa tukoksen sattuessa. Ruostumattomasta ter\u00e4ksest\u00e4 valmistettu puhdistusluukku liitet\u00e4\u00e4n suoraan viem\u00e4riputken muhviin ja valetaan kiinni lattiaan. Kansi on irrotettava ja j\u00e4rjestelm\u00e4 on t\u00e4ysin hajunkest\u00e4v\u00e4. Bl\u00fccher-luukku kest\u00e4\u00e4 jopa 700 kg painon. Saatavana sek\u00e4 AISI304- ett\u00e4 AISI316-materiaalista valmistettuja luukkuja DN75- tai DN110-putkimuhveihin. Voimme valmistaa PVC-lattialle soveltuvia luukkuja mittatilausty\u00f6n\u00e4. Tuoteseloste: 144.155.110-vironkielinen-tuoteseloste [&hellip;]\" \/>\n<meta property=\"og:url\" content=\"https:\/\/scantank.ee\/fi\/toode\/blucher-puhdistusluukku\/\" \/>\n<meta property=\"og:site_name\" content=\"Scantank\" \/>\n<meta property=\"article:publisher\" content=\"http:\/\/www.facebook.com\/scantank\" \/>\n<meta property=\"og:image\" content=\"https:\/\/www.scantank.ee\/wp-content\/uploads\/2022\/04\/144.155.110-Bl\u00fccher-puhastusluuk.jpg\" \/>\n\t<meta property=\"og:image:width\" content=\"1366\" \/>\n\t<meta property=\"og:image:height\" content=\"1366\" \/>\n\t<meta property=\"og:image:type\" content=\"image\/jpeg\" \/>\n<meta name=\"twitter:card\" content=\"summary_large_image\" \/>\n<script type=\"application\/ld+json\" class=\"yoast-schema-graph\">{\"@context\":\"https:\/\/schema.org\",\"@graph\":[{\"@type\":\"WebPage\",\"@id\":\"https:\/\/scantank.ee\/fi\/toode\/blucher-puhdistusluukku\/\",\"url\":\"https:\/\/scantank.ee\/fi\/toode\/blucher-puhdistusluukku\/\",\"name\":\"BL\u00dcCHER-puhdistusluukku | Scantank\",\"isPartOf\":{\"@id\":\"https:\/\/scantank.ee\/fi\/#website\"},\"primaryImageOfPage\":{\"@id\":\"https:\/\/scantank.ee\/fi\/toode\/blucher-puhdistusluukku\/#primaryimage\"},\"image\":{\"@id\":\"https:\/\/scantank.ee\/fi\/toode\/blucher-puhdistusluukku\/#primaryimage\"},\"thumbnailUrl\":\"https:\/\/scantank.ee\/wp-content\/uploads\/2022\/04\/144.155.110-Bl\u00fccher-puhastusluuk.jpg\",\"datePublished\":\"2022-08-03T10:36:49+00:00\",\"dateModified\":\"2022-08-03T10:36:49+00:00\",\"breadcrumb\":{\"@id\":\"https:\/\/scantank.ee\/fi\/toode\/blucher-puhdistusluukku\/#breadcrumb\"},\"inLanguage\":\"fi\",\"potentialAction\":[{\"@type\":\"ReadAction\",\"target\":[\"https:\/\/scantank.ee\/fi\/toode\/blucher-puhdistusluukku\/\"]}]},{\"@type\":\"ImageObject\",\"inLanguage\":\"fi\",\"@id\":\"https:\/\/scantank.ee\/fi\/toode\/blucher-puhdistusluukku\/#primaryimage\",\"url\":\"https:\/\/scantank.ee\/wp-content\/uploads\/2022\/04\/144.155.110-Bl\u00fccher-puhastusluuk.jpg\",\"contentUrl\":\"https:\/\/scantank.ee\/wp-content\/uploads\/2022\/04\/144.155.110-Bl\u00fccher-puhastusluuk.jpg\",\"width\":1366,\"height\":1366},{\"@type\":\"BreadcrumbList\",\"@id\":\"https:\/\/scantank.ee\/fi\/toode\/blucher-puhdistusluukku\/#breadcrumb\",\"itemListElement\":[{\"@type\":\"ListItem\",\"position\":1,\"name\":\"Home\",\"item\":\"https:\/\/scantank.ee\/fi\/\"},{\"@type\":\"ListItem\",\"position\":2,\"name\":\"Tuoteluettelo\",\"item\":\"https:\/\/scantank.ee\/fi\/tuoteluettelo\/\"},{\"@type\":\"ListItem\",\"position\":3,\"name\":\"BL\u00dcCHER-puhdistusluukku\"}]},{\"@type\":\"WebSite\",\"@id\":\"https:\/\/scantank.ee\/fi\/#website\",\"url\":\"https:\/\/scantank.ee\/fi\/\",\"name\":\"Scantank\",\"description\":\"\",\"publisher\":{\"@id\":\"https:\/\/scantank.ee\/fi\/#organization\"},\"potentialAction\":[{\"@type\":\"SearchAction\",\"target\":{\"@type\":\"EntryPoint\",\"urlTemplate\":\"https:\/\/scantank.ee\/fi\/?s={search_term_string}\"},\"query-input\":\"required name=search_term_string\"}],\"inLanguage\":\"fi\"},{\"@type\":\"Organization\",\"@id\":\"https:\/\/scantank.ee\/fi\/#organization\",\"name\":\"Scantank O\u00dc\",\"url\":\"https:\/\/scantank.ee\/fi\/\",\"logo\":{\"@type\":\"ImageObject\",\"inLanguage\":\"fi\",\"@id\":\"https:\/\/scantank.ee\/fi\/#\/schema\/logo\/image\/\",\"url\":\"https:\/\/scantank.ee\/wp-content\/uploads\/2019\/08\/scantank-new.png\",\"contentUrl\":\"https:\/\/scantank.ee\/wp-content\/uploads\/2019\/08\/scantank-new.png\",\"width\":1041,\"height\":221,\"caption\":\"Scantank O\u00dc\"},\"image\":{\"@id\":\"https:\/\/scantank.ee\/fi\/#\/schema\/logo\/image\/\"},\"sameAs\":[\"http:\/\/www.facebook.com\/scantank\"]}]}<\/script>\n<!-- \/ Yoast SEO plugin. -->","yoast_head_json":{"title":"BL\u00dcCHER-puhdistusluukku | Scantank","robots":{"index":"index","follow":"follow","max-snippet":"max-snippet:-1","max-image-preview":"max-image-preview:large","max-video-preview":"max-video-preview:-1"},"canonical":"https:\/\/scantank.ee\/fi\/toode\/blucher-puhdistusluukku\/","og_locale":"fi_FI","og_type":"article","og_title":"BL\u00dcCHER-puhdistusluukku | Scantank","og_description":"Bl\u00fccher-puhdistusluukut mahdollistavat p\u00e4\u00e4syn viem\u00e4riputkistoon, jotta se voidaan tarvittaessa puhdistaa tukoksen sattuessa. Ruostumattomasta ter\u00e4ksest\u00e4 valmistettu puhdistusluukku liitet\u00e4\u00e4n suoraan viem\u00e4riputken muhviin ja valetaan kiinni lattiaan. Kansi on irrotettava ja j\u00e4rjestelm\u00e4 on t\u00e4ysin hajunkest\u00e4v\u00e4. Bl\u00fccher-luukku kest\u00e4\u00e4 jopa 700 kg painon. Saatavana sek\u00e4 AISI304- ett\u00e4 AISI316-materiaalista valmistettuja luukkuja DN75- tai DN110-putkimuhveihin. Voimme valmistaa PVC-lattialle soveltuvia luukkuja mittatilausty\u00f6n\u00e4. Tuoteseloste: 144.155.110-vironkielinen-tuoteseloste [&hellip;]","og_url":"https:\/\/scantank.ee\/fi\/toode\/blucher-puhdistusluukku\/","og_site_name":"Scantank","article_publisher":"http:\/\/www.facebook.com\/scantank","og_image":[{"width":1366,"height":1366,"url":"https:\/\/www.scantank.ee\/wp-content\/uploads\/2022\/04\/144.155.110-Bl\u00fccher-puhastusluuk.jpg","type":"image\/jpeg"}],"twitter_card":"summary_large_image","schema":{"@context":"https:\/\/schema.org","@graph":[{"@type":"WebPage","@id":"https:\/\/scantank.ee\/fi\/toode\/blucher-puhdistusluukku\/","url":"https:\/\/scantank.ee\/fi\/toode\/blucher-puhdistusluukku\/","name":"BL\u00dcCHER-puhdistusluukku | Scantank","isPartOf":{"@id":"https:\/\/scantank.ee\/fi\/#website"},"primaryImageOfPage":{"@id":"https:\/\/scantank.ee\/fi\/toode\/blucher-puhdistusluukku\/#primaryimage"},"image":{"@id":"https:\/\/scantank.ee\/fi\/toode\/blucher-puhdistusluukku\/#primaryimage"},"thumbnailUrl":"https:\/\/scantank.ee\/wp-content\/uploads\/2022\/04\/144.155.110-Bl\u00fccher-puhastusluuk.jpg","datePublished":"2022-08-03T10:36:49+00:00","dateModified":"2022-08-03T10:36:49+00:00","breadcrumb":{"@id":"https:\/\/scantank.ee\/fi\/toode\/blucher-puhdistusluukku\/#breadcrumb"},"inLanguage":"fi","potentialAction":[{"@type":"ReadAction","target":["https:\/\/scantank.ee\/fi\/toode\/blucher-puhdistusluukku\/"]}]},{"@type":"ImageObject","inLanguage":"fi","@id":"https:\/\/scantank.ee\/fi\/toode\/blucher-puhdistusluukku\/#primaryimage","url":"https:\/\/scantank.ee\/wp-content\/uploads\/2022\/04\/144.155.110-Bl\u00fccher-puhastusluuk.jpg","contentUrl":"https:\/\/scantank.ee\/wp-content\/uploads\/2022\/04\/144.155.110-Bl\u00fccher-puhastusluuk.jpg","width":1366,"height":1366},{"@type":"BreadcrumbList","@id":"https:\/\/scantank.ee\/fi\/toode\/blucher-puhdistusluukku\/#breadcrumb","itemListElement":[{"@type":"ListItem","position":1,"name":"Home","item":"https:\/\/scantank.ee\/fi\/"},{"@type":"ListItem","position":2,"name":"Tuoteluettelo","item":"https:\/\/scantank.ee\/fi\/tuoteluettelo\/"},{"@type":"ListItem","position":3,"name":"BL\u00dcCHER-puhdistusluukku"}]},{"@type":"WebSite","@id":"https:\/\/scantank.ee\/fi\/#website","url":"https:\/\/scantank.ee\/fi\/","name":"Scantank","description":"","publisher":{"@id":"https:\/\/scantank.ee\/fi\/#organization"},"potentialAction":[{"@type":"SearchAction","target":{"@type":"EntryPoint","urlTemplate":"https:\/\/scantank.ee\/fi\/?s={search_term_string}"},"query-input":"required name=search_term_string"}],"inLanguage":"fi"},{"@type":"Organization","@id":"https:\/\/scantank.ee\/fi\/#organization","name":"Scantank O\u00dc","url":"https:\/\/scantank.ee\/fi\/","logo":{"@type":"ImageObject","inLanguage":"fi","@id":"https:\/\/scantank.ee\/fi\/#\/schema\/logo\/image\/","url":"https:\/\/scantank.ee\/wp-content\/uploads\/2019\/08\/scantank-new.png","contentUrl":"https:\/\/scantank.ee\/wp-content\/uploads\/2019\/08\/scantank-new.png","width":1041,"height":221,"caption":"Scantank O\u00dc"},"image":{"@id":"https:\/\/scantank.ee\/fi\/#\/schema\/logo\/image\/"},"sameAs":["http:\/\/www.facebook.com\/scantank"]}]}},"_links":{"self":[{"href":"https:\/\/scantank.ee\/fi\/wp-json\/wp\/v2\/product\/7249"}],"collection":[{"href":"https:\/\/scantank.ee\/fi\/wp-json\/wp\/v2\/product"}],"about":[{"href":"https:\/\/scantank.ee\/fi\/wp-json\/wp\/v2\/types\/product"}],"wp:featuredmedia":[{"embeddable":true,"href":"https:\/\/scantank.ee\/fi\/wp-json\/wp\/v2\/media\/7032"}],"wp:attachment":[{"href":"https:\/\/scantank.ee\/fi\/wp-json\/wp\/v2\/media?parent=7249"}],"wp:term":[{"taxonomy":"product_cat","embeddable":true,"href":"https:\/\/scantank.ee\/fi\/wp-json\/wp\/v2\/product_cat?post=7249"},{"taxonomy":"product_tag","embeddable":true,"href":"https:\/\/scantank.ee\/fi\/wp-json\/wp\/v2\/product_tag?post=7249"}],"curies":[{"name":"wp","href":"https:\/\/api.w.org\/{rel}","templated":true}]}}