{"id":7251,"date":"2022-04-09T08:13:02","date_gmt":"2022-08-03T10:36:50","guid":{"rendered":"https:\/\/scantank.ee\/toode\/vesisailiot-maatalous-ja-rakennussektorille\/"},"modified":"2022-08-03T10:36:50","modified_gmt":"2022-08-03T10:36:50","slug":"vesisailiot-maatalous-ja-rakennussektorille","status":"publish","type":"product","link":"https:\/\/scantank.ee\/fi\/toode\/vesisailiot-maatalous-ja-rakennussektorille\/","title":{"rendered":"Vesis\u00e4ili\u00f6t (maatalous- ja rakennussektorille)"},"content":{"rendered":"<p><strong>Lujitemuovista valmistetut vesis\u00e4ili\u00f6t 2000 L &#8230; 80 000 L<\/strong> Vesis\u00e4ili\u00f6t ovat eritt\u00e4in kest\u00e4vi\u00e4 ja valmistettu lujasta lasikuitumuovista (GRP). Jokaista s\u00e4ili\u00f6t\u00e4 t\u00e4ydennet\u00e4\u00e4n yksil\u00f6llisin ratkaisuin. Asiakkaan toiveiden pohjalta laaditaan tuotepiirros, joka vahvistetaan asiakkaan kanssa ennen valmistusprosessia. L\u00e4hinn\u00e4 maataloudessa ja tienrakennuksessa k\u00e4ytett\u00e4v\u00e4t \u2013 kastelus\u00e4ili\u00f6t, el\u00e4imille tarkoitetun juomaveden kuljetuss\u00e4ili\u00f6t, myrkkysuihkes\u00e4ili\u00f6t jne. Vesis\u00e4ili\u00f6\u00f6n valmistetaan t\u00e4yspitk\u00e4t jalat tai vannepaikat. S\u00e4ili\u00f6t voidaan asentaa per\u00e4vaunuun, multilift-runkoon, kuorma-auton lavalle tai muulle vedett\u00e4v\u00e4lle alustalle. Vesis\u00e4ili\u00f6t maalataan UV-kest\u00e4v\u00e4ll\u00e4 maalilla (laaja v\u00e4rivalikoima; v\u00e4ri valikoituu asiakkaan toiveen mukaan) Vesis\u00e4ili\u00f6t valmistetaan vahvistetusta lasikuitumuovista (GRP) ja ne ovat lujia sek\u00e4 korroosionkest\u00e4vi\u00e4. Kaikki vesis\u00e4ili\u00f6t valmistetaan Virossa. <strong>Tuote sis\u00e4lt\u00e4\u00e4 seuraavat osat: <\/strong> * 600 mm huoltoluukku (pultattava) *P\u00e4\u00e4ll\u00e4 200 mm t\u00e4ytt\u00f6aukko kierrekorkilla * Nesteen tason ilmaisin * Tulo-\/poistoputki * UV-kest\u00e4v\u00e4 suojamaali * L\u00e4ikkymist\u00e4 ehk\u00e4isev\u00e4t v\u00e4lisein\u00e4t * 110 mm tuuletusputki * Nostokoukut* T\u00e4yspitk\u00e4t jalat\/vannepaikat<\/p>\n","protected":false},"excerpt":{"rendered":"<p>Lujitemuovista valmistetut vesis\u00e4ili\u00f6t 2000 L &#8230; 80 000 L Vesis\u00e4ili\u00f6t ovat eritt\u00e4in kest\u00e4vi\u00e4 ja valmistettu lujasta lasikuitumuovista (GRP). Jokaista s\u00e4ili\u00f6t\u00e4 t\u00e4ydennet\u00e4\u00e4n yksil\u00f6llisin ratkaisuin. Asiakkaan toiveiden pohjalta laaditaan tuotepiirros, joka vahvistetaan asiakkaan kanssa ennen valmistusprosessia. L\u00e4hinn\u00e4 maataloudessa ja tienrakennuksessa k\u00e4ytett\u00e4v\u00e4t \u2013 kastelus\u00e4ili\u00f6t, el\u00e4imille tarkoitetun juomaveden kuljetuss\u00e4ili\u00f6t, myrkkysuihkes\u00e4ili\u00f6t jne. Vesis\u00e4ili\u00f6\u00f6n valmistetaan t\u00e4yspitk\u00e4t jalat tai vannepaikat. S\u00e4ili\u00f6t voidaan [&hellip;]<\/p>\n","protected":false},"featured_media":7188,"template":"","meta":{"_acf_changed":false,"inline_featured_image":false,"_exactmetrics_skip_tracking":false,"_exactmetrics_sitenote_active":false,"_exactmetrics_sitenote_note":"","_exactmetrics_sitenote_category":0,"_monsterinsights_skip_tracking":false,"_monsterinsights_sitenote_active":false,"_monsterinsights_sitenote_note":"","_monsterinsights_sitenote_category":0},"product_cat":[168],"product_tag":[],"class_list":{"0":"post-7251","1":"product","2":"type-product","3":"status-publish","4":"has-post-thumbnail","6":"product_cat-lujitemuovista-valmistetut-tuotteet","8":"first","9":"instock","10":"shipping-taxable","11":"product-type-simple"},"acf":[],"yoast_head":"<!-- This site is optimized with the Yoast SEO plugin v23.1 - https:\/\/yoast.com\/wordpress\/plugins\/seo\/ -->\n<title>Vesis\u00e4ili\u00f6t (maatalous- ja rakennussektorille) | Scantank<\/title>\n<meta name=\"robots\" content=\"index, follow, max-snippet:-1, max-image-preview:large, max-video-preview:-1\" \/>\n<link rel=\"canonical\" href=\"https:\/\/scantank.ee\/fi\/toode\/vesisailiot-maatalous-ja-rakennussektorille\/\" \/>\n<meta property=\"og:locale\" content=\"fi_FI\" \/>\n<meta property=\"og:type\" content=\"article\" \/>\n<meta property=\"og:title\" content=\"Vesis\u00e4ili\u00f6t (maatalous- ja rakennussektorille) | Scantank\" \/>\n<meta property=\"og:description\" content=\"Lujitemuovista valmistetut vesis\u00e4ili\u00f6t 2000 L &#8230; 80 000 L Vesis\u00e4ili\u00f6t ovat eritt\u00e4in kest\u00e4vi\u00e4 ja valmistettu lujasta lasikuitumuovista (GRP). Jokaista s\u00e4ili\u00f6t\u00e4 t\u00e4ydennet\u00e4\u00e4n yksil\u00f6llisin ratkaisuin. Asiakkaan toiveiden pohjalta laaditaan tuotepiirros, joka vahvistetaan asiakkaan kanssa ennen valmistusprosessia. L\u00e4hinn\u00e4 maataloudessa ja tienrakennuksessa k\u00e4ytett\u00e4v\u00e4t \u2013 kastelus\u00e4ili\u00f6t, el\u00e4imille tarkoitetun juomaveden kuljetuss\u00e4ili\u00f6t, myrkkysuihkes\u00e4ili\u00f6t jne. Vesis\u00e4ili\u00f6\u00f6n valmistetaan t\u00e4yspitk\u00e4t jalat tai vannepaikat. S\u00e4ili\u00f6t voidaan [&hellip;]\" \/>\n<meta property=\"og:url\" content=\"https:\/\/scantank.ee\/fi\/toode\/vesisailiot-maatalous-ja-rakennussektorille\/\" \/>\n<meta property=\"og:site_name\" content=\"Scantank\" \/>\n<meta property=\"article:publisher\" content=\"http:\/\/www.facebook.com\/scantank\" \/>\n<meta property=\"og:image\" content=\"https:\/\/www.scantank.ee\/wp-content\/uploads\/2022\/04\/IMG_0220-1.png\" \/>\n\t<meta property=\"og:image:width\" content=\"577\" \/>\n\t<meta property=\"og:image:height\" content=\"433\" \/>\n\t<meta property=\"og:image:type\" content=\"image\/png\" \/>\n<meta name=\"twitter:card\" content=\"summary_large_image\" \/>\n<meta name=\"twitter:label1\" content=\"Arvioitu lukuaika\" \/>\n\t<meta name=\"twitter:data1\" content=\"1 minuutti\" \/>\n<script type=\"application\/ld+json\" class=\"yoast-schema-graph\">{\"@context\":\"https:\/\/schema.org\",\"@graph\":[{\"@type\":\"WebPage\",\"@id\":\"https:\/\/scantank.ee\/fi\/toode\/vesisailiot-maatalous-ja-rakennussektorille\/\",\"url\":\"https:\/\/scantank.ee\/fi\/toode\/vesisailiot-maatalous-ja-rakennussektorille\/\",\"name\":\"Vesis\u00e4ili\u00f6t (maatalous- ja rakennussektorille) | Scantank\",\"isPartOf\":{\"@id\":\"https:\/\/scantank.ee\/fi\/#website\"},\"primaryImageOfPage\":{\"@id\":\"https:\/\/scantank.ee\/fi\/toode\/vesisailiot-maatalous-ja-rakennussektorille\/#primaryimage\"},\"image\":{\"@id\":\"https:\/\/scantank.ee\/fi\/toode\/vesisailiot-maatalous-ja-rakennussektorille\/#primaryimage\"},\"thumbnailUrl\":\"https:\/\/scantank.ee\/wp-content\/uploads\/2022\/04\/IMG_0220-1.png\",\"datePublished\":\"2022-08-03T10:36:50+00:00\",\"dateModified\":\"2022-08-03T10:36:50+00:00\",\"breadcrumb\":{\"@id\":\"https:\/\/scantank.ee\/fi\/toode\/vesisailiot-maatalous-ja-rakennussektorille\/#breadcrumb\"},\"inLanguage\":\"fi\",\"potentialAction\":[{\"@type\":\"ReadAction\",\"target\":[\"https:\/\/scantank.ee\/fi\/toode\/vesisailiot-maatalous-ja-rakennussektorille\/\"]}]},{\"@type\":\"ImageObject\",\"inLanguage\":\"fi\",\"@id\":\"https:\/\/scantank.ee\/fi\/toode\/vesisailiot-maatalous-ja-rakennussektorille\/#primaryimage\",\"url\":\"https:\/\/scantank.ee\/wp-content\/uploads\/2022\/04\/IMG_0220-1.png\",\"contentUrl\":\"https:\/\/scantank.ee\/wp-content\/uploads\/2022\/04\/IMG_0220-1.png\",\"width\":577,\"height\":433},{\"@type\":\"BreadcrumbList\",\"@id\":\"https:\/\/scantank.ee\/fi\/toode\/vesisailiot-maatalous-ja-rakennussektorille\/#breadcrumb\",\"itemListElement\":[{\"@type\":\"ListItem\",\"position\":1,\"name\":\"Home\",\"item\":\"https:\/\/scantank.ee\/fi\/\"},{\"@type\":\"ListItem\",\"position\":2,\"name\":\"Tuoteluettelo\",\"item\":\"https:\/\/scantank.ee\/fi\/tuoteluettelo\/\"},{\"@type\":\"ListItem\",\"position\":3,\"name\":\"Vesis\u00e4ili\u00f6t (maatalous- ja rakennussektorille)\"}]},{\"@type\":\"WebSite\",\"@id\":\"https:\/\/scantank.ee\/fi\/#website\",\"url\":\"https:\/\/scantank.ee\/fi\/\",\"name\":\"Scantank\",\"description\":\"\",\"publisher\":{\"@id\":\"https:\/\/scantank.ee\/fi\/#organization\"},\"potentialAction\":[{\"@type\":\"SearchAction\",\"target\":{\"@type\":\"EntryPoint\",\"urlTemplate\":\"https:\/\/scantank.ee\/fi\/?s={search_term_string}\"},\"query-input\":\"required name=search_term_string\"}],\"inLanguage\":\"fi\"},{\"@type\":\"Organization\",\"@id\":\"https:\/\/scantank.ee\/fi\/#organization\",\"name\":\"Scantank O\u00dc\",\"url\":\"https:\/\/scantank.ee\/fi\/\",\"logo\":{\"@type\":\"ImageObject\",\"inLanguage\":\"fi\",\"@id\":\"https:\/\/scantank.ee\/fi\/#\/schema\/logo\/image\/\",\"url\":\"https:\/\/scantank.ee\/wp-content\/uploads\/2019\/08\/scantank-new.png\",\"contentUrl\":\"https:\/\/scantank.ee\/wp-content\/uploads\/2019\/08\/scantank-new.png\",\"width\":1041,\"height\":221,\"caption\":\"Scantank O\u00dc\"},\"image\":{\"@id\":\"https:\/\/scantank.ee\/fi\/#\/schema\/logo\/image\/\"},\"sameAs\":[\"http:\/\/www.facebook.com\/scantank\"]}]}<\/script>\n<!-- \/ Yoast SEO plugin. -->","yoast_head_json":{"title":"Vesis\u00e4ili\u00f6t (maatalous- ja rakennussektorille) | Scantank","robots":{"index":"index","follow":"follow","max-snippet":"max-snippet:-1","max-image-preview":"max-image-preview:large","max-video-preview":"max-video-preview:-1"},"canonical":"https:\/\/scantank.ee\/fi\/toode\/vesisailiot-maatalous-ja-rakennussektorille\/","og_locale":"fi_FI","og_type":"article","og_title":"Vesis\u00e4ili\u00f6t (maatalous- ja rakennussektorille) | Scantank","og_description":"Lujitemuovista valmistetut vesis\u00e4ili\u00f6t 2000 L &#8230; 80 000 L Vesis\u00e4ili\u00f6t ovat eritt\u00e4in kest\u00e4vi\u00e4 ja valmistettu lujasta lasikuitumuovista (GRP). Jokaista s\u00e4ili\u00f6t\u00e4 t\u00e4ydennet\u00e4\u00e4n yksil\u00f6llisin ratkaisuin. Asiakkaan toiveiden pohjalta laaditaan tuotepiirros, joka vahvistetaan asiakkaan kanssa ennen valmistusprosessia. L\u00e4hinn\u00e4 maataloudessa ja tienrakennuksessa k\u00e4ytett\u00e4v\u00e4t \u2013 kastelus\u00e4ili\u00f6t, el\u00e4imille tarkoitetun juomaveden kuljetuss\u00e4ili\u00f6t, myrkkysuihkes\u00e4ili\u00f6t jne. Vesis\u00e4ili\u00f6\u00f6n valmistetaan t\u00e4yspitk\u00e4t jalat tai vannepaikat. S\u00e4ili\u00f6t voidaan [&hellip;]","og_url":"https:\/\/scantank.ee\/fi\/toode\/vesisailiot-maatalous-ja-rakennussektorille\/","og_site_name":"Scantank","article_publisher":"http:\/\/www.facebook.com\/scantank","og_image":[{"width":577,"height":433,"url":"https:\/\/www.scantank.ee\/wp-content\/uploads\/2022\/04\/IMG_0220-1.png","type":"image\/png"}],"twitter_card":"summary_large_image","twitter_misc":{"Arvioitu lukuaika":"1 minuutti"},"schema":{"@context":"https:\/\/schema.org","@graph":[{"@type":"WebPage","@id":"https:\/\/scantank.ee\/fi\/toode\/vesisailiot-maatalous-ja-rakennussektorille\/","url":"https:\/\/scantank.ee\/fi\/toode\/vesisailiot-maatalous-ja-rakennussektorille\/","name":"Vesis\u00e4ili\u00f6t (maatalous- ja rakennussektorille) | Scantank","isPartOf":{"@id":"https:\/\/scantank.ee\/fi\/#website"},"primaryImageOfPage":{"@id":"https:\/\/scantank.ee\/fi\/toode\/vesisailiot-maatalous-ja-rakennussektorille\/#primaryimage"},"image":{"@id":"https:\/\/scantank.ee\/fi\/toode\/vesisailiot-maatalous-ja-rakennussektorille\/#primaryimage"},"thumbnailUrl":"https:\/\/scantank.ee\/wp-content\/uploads\/2022\/04\/IMG_0220-1.png","datePublished":"2022-08-03T10:36:50+00:00","dateModified":"2022-08-03T10:36:50+00:00","breadcrumb":{"@id":"https:\/\/scantank.ee\/fi\/toode\/vesisailiot-maatalous-ja-rakennussektorille\/#breadcrumb"},"inLanguage":"fi","potentialAction":[{"@type":"ReadAction","target":["https:\/\/scantank.ee\/fi\/toode\/vesisailiot-maatalous-ja-rakennussektorille\/"]}]},{"@type":"ImageObject","inLanguage":"fi","@id":"https:\/\/scantank.ee\/fi\/toode\/vesisailiot-maatalous-ja-rakennussektorille\/#primaryimage","url":"https:\/\/scantank.ee\/wp-content\/uploads\/2022\/04\/IMG_0220-1.png","contentUrl":"https:\/\/scantank.ee\/wp-content\/uploads\/2022\/04\/IMG_0220-1.png","width":577,"height":433},{"@type":"BreadcrumbList","@id":"https:\/\/scantank.ee\/fi\/toode\/vesisailiot-maatalous-ja-rakennussektorille\/#breadcrumb","itemListElement":[{"@type":"ListItem","position":1,"name":"Home","item":"https:\/\/scantank.ee\/fi\/"},{"@type":"ListItem","position":2,"name":"Tuoteluettelo","item":"https:\/\/scantank.ee\/fi\/tuoteluettelo\/"},{"@type":"ListItem","position":3,"name":"Vesis\u00e4ili\u00f6t (maatalous- ja rakennussektorille)"}]},{"@type":"WebSite","@id":"https:\/\/scantank.ee\/fi\/#website","url":"https:\/\/scantank.ee\/fi\/","name":"Scantank","description":"","publisher":{"@id":"https:\/\/scantank.ee\/fi\/#organization"},"potentialAction":[{"@type":"SearchAction","target":{"@type":"EntryPoint","urlTemplate":"https:\/\/scantank.ee\/fi\/?s={search_term_string}"},"query-input":"required name=search_term_string"}],"inLanguage":"fi"},{"@type":"Organization","@id":"https:\/\/scantank.ee\/fi\/#organization","name":"Scantank O\u00dc","url":"https:\/\/scantank.ee\/fi\/","logo":{"@type":"ImageObject","inLanguage":"fi","@id":"https:\/\/scantank.ee\/fi\/#\/schema\/logo\/image\/","url":"https:\/\/scantank.ee\/wp-content\/uploads\/2019\/08\/scantank-new.png","contentUrl":"https:\/\/scantank.ee\/wp-content\/uploads\/2019\/08\/scantank-new.png","width":1041,"height":221,"caption":"Scantank O\u00dc"},"image":{"@id":"https:\/\/scantank.ee\/fi\/#\/schema\/logo\/image\/"},"sameAs":["http:\/\/www.facebook.com\/scantank"]}]}},"_links":{"self":[{"href":"https:\/\/scantank.ee\/fi\/wp-json\/wp\/v2\/product\/7251"}],"collection":[{"href":"https:\/\/scantank.ee\/fi\/wp-json\/wp\/v2\/product"}],"about":[{"href":"https:\/\/scantank.ee\/fi\/wp-json\/wp\/v2\/types\/product"}],"wp:featuredmedia":[{"embeddable":true,"href":"https:\/\/scantank.ee\/fi\/wp-json\/wp\/v2\/media\/7188"}],"wp:attachment":[{"href":"https:\/\/scantank.ee\/fi\/wp-json\/wp\/v2\/media?parent=7251"}],"wp:term":[{"taxonomy":"product_cat","embeddable":true,"href":"https:\/\/scantank.ee\/fi\/wp-json\/wp\/v2\/product_cat?post=7251"},{"taxonomy":"product_tag","embeddable":true,"href":"https:\/\/scantank.ee\/fi\/wp-json\/wp\/v2\/product_tag?post=7251"}],"curies":[{"name":"wp","href":"https:\/\/api.w.org\/{rel}","templated":true}]}}