{"id":7254,"date":"2022-04-03T06:33:09","date_gmt":"2022-08-03T10:36:58","guid":{"rendered":"https:\/\/scantank.ee\/toode\/suihkukouru-easy-tyhjennys-basicdrain\/"},"modified":"2022-08-03T10:36:58","modified_gmt":"2022-08-03T10:36:58","slug":"dusirennid-easydrain-basicdrain-2","status":"publish","type":"product","link":"https:\/\/scantank.ee\/fi\/toode\/dusirennid-easydrain-basicdrain-2\/","title":{"rendered":"Suihkukouru EASY TYHJENNYS &#8221;BasicDrain&#8221;"},"content":{"rendered":"<p><strong>BasicDrain-suihkukourut<\/strong> Easydrain Basic Drain -suihkukourut sopivat erinomaisesti mihin tahansa kylpyhuoneeseen yleisen asennuksen ansiosta \u2013 jokainen tuote voidaan asentaa sein\u00e4\u00e4 vasten tai keskelle lattiaa. Esiasennetun kosteuseristyksen ansiosta EasyDrain-suihkukouruilla on 10 vuoden vuototakuu. Suihkukouru ja ritil\u00e4 ovat ruostumatonta ter\u00e4st\u00e4 AISI304 ja alempi pistekaivo on k\u00e4\u00e4nnett\u00e4viss\u00e4 itsepuhdistuvalla lapolla. Virtausm\u00e4\u00e4r\u00e4 DN50-putken kanssa on 0,6 l\/s, DN40-putkella 0,5 l\/s EN1253-standardin perusteella. Basic Drain -suihkukourut ovat korkealaatuisia, vuotovarmoja ja laadukkaasti muotoiltuja viem\u00e4reit\u00e4 kylpyhuoneessasi. <strong>Hinnasto<\/strong> <a href=\"https:\/\/scantank.ee\/wp-content\/uploads\/2022\/04\/Basic-Drain-du\u0161irennide-hinnakiri-2022.pdf\">Basic-Drain-suihkukourujen-hinnasto-2022<\/a> <strong>Sertifikaatti:<\/strong> <a href=\"https:\/\/scantank.ee\/wp-content\/uploads\/2022\/04\/Declaration-of-conformity-ESS__EN-1253_EN_2016.pdf\">Declaration-of-conformity-ESS__EN-1253_EN_2016<\/a> <strong>Asennusohje: <\/strong> <a href=\"https:\/\/scantank.ee\/wp-content\/uploads\/2022\/04\/Basic-Drain-du\u0161irennide-paigaldus-ja-hooldusjuhend.pdf\">Basic-Drain-suihkukourujen-asennus- ja huolto-ohje<\/a> https:\/\/youtu.be\/QolJIzX_n5M <\/p>\n","protected":false},"excerpt":{"rendered":"<p>BasicDrain-suihkukourut Easydrain Basic Drain -suihkukourut sopivat erinomaisesti mihin tahansa kylpyhuoneeseen yleisen asennuksen ansiosta \u2013 jokainen tuote voidaan asentaa sein\u00e4\u00e4 vasten tai keskelle lattiaa. Esiasennetun kosteuseristyksen ansiosta EasyDrain-suihkukouruilla on 10 vuoden vuototakuu. Suihkukouru ja ritil\u00e4 ovat ruostumatonta ter\u00e4st\u00e4 AISI304 ja alempi pistekaivo on k\u00e4\u00e4nnett\u00e4viss\u00e4 itsepuhdistuvalla lapolla. Virtausm\u00e4\u00e4r\u00e4 DN50-putken kanssa on 0,6 l\/s, DN40-putkella 0,5 l\/s EN1253-standardin [&hellip;]<\/p>\n","protected":false},"featured_media":6029,"template":"","meta":{"_acf_changed":false,"inline_featured_image":false,"_exactmetrics_skip_tracking":false,"_exactmetrics_sitenote_active":false,"_exactmetrics_sitenote_note":"","_exactmetrics_sitenote_category":0,"_monsterinsights_skip_tracking":false,"_monsterinsights_sitenote_active":false,"_monsterinsights_sitenote_note":"","_monsterinsights_sitenote_category":0},"product_cat":[259],"product_tag":[],"class_list":{"0":"post-7254","1":"product","2":"type-product","3":"status-publish","4":"has-post-thumbnail","6":"product_cat-dusirennid-fi","8":"first","9":"instock","10":"shipping-taxable","11":"product-type-simple"},"acf":[],"yoast_head":"<!-- This site is optimized with the Yoast SEO plugin v23.1 - https:\/\/yoast.com\/wordpress\/plugins\/seo\/ -->\n<title>Suihkukouru EASY TYHJENNYS &quot;BasicDrain&quot; | Scantank<\/title>\n<meta name=\"robots\" content=\"index, follow, max-snippet:-1, max-image-preview:large, max-video-preview:-1\" \/>\n<link rel=\"canonical\" href=\"https:\/\/scantank.ee\/fi\/toode\/dusirennid-easydrain-basicdrain-2\/\" \/>\n<meta property=\"og:locale\" content=\"fi_FI\" \/>\n<meta property=\"og:type\" content=\"article\" \/>\n<meta property=\"og:title\" content=\"Suihkukouru EASY TYHJENNYS &quot;BasicDrain&quot; | Scantank\" \/>\n<meta property=\"og:description\" content=\"BasicDrain-suihkukourut Easydrain Basic Drain -suihkukourut sopivat erinomaisesti mihin tahansa kylpyhuoneeseen yleisen asennuksen ansiosta \u2013 jokainen tuote voidaan asentaa sein\u00e4\u00e4 vasten tai keskelle lattiaa. Esiasennetun kosteuseristyksen ansiosta EasyDrain-suihkukouruilla on 10 vuoden vuototakuu. Suihkukouru ja ritil\u00e4 ovat ruostumatonta ter\u00e4st\u00e4 AISI304 ja alempi pistekaivo on k\u00e4\u00e4nnett\u00e4viss\u00e4 itsepuhdistuvalla lapolla. Virtausm\u00e4\u00e4r\u00e4 DN50-putken kanssa on 0,6 l\/s, DN40-putkella 0,5 l\/s EN1253-standardin [&hellip;]\" \/>\n<meta property=\"og:url\" content=\"https:\/\/scantank.ee\/fi\/toode\/dusirennid-easydrain-basicdrain-2\/\" \/>\n<meta property=\"og:site_name\" content=\"Scantank\" \/>\n<meta property=\"article:publisher\" content=\"http:\/\/www.facebook.com\/scantank\" \/>\n<meta property=\"og:image\" content=\"https:\/\/scantank.ee\/wp-content\/uploads\/2022\/04\/easy-drain-basic-linear-shower-drain-zero-brushed-stainless-steel-grate.jpg\" \/>\n\t<meta property=\"og:image:width\" content=\"591\" \/>\n\t<meta property=\"og:image:height\" content=\"591\" \/>\n\t<meta property=\"og:image:type\" content=\"image\/jpeg\" \/>\n<meta name=\"twitter:card\" content=\"summary_large_image\" \/>\n<script type=\"application\/ld+json\" class=\"yoast-schema-graph\">{\"@context\":\"https:\/\/schema.org\",\"@graph\":[{\"@type\":\"WebPage\",\"@id\":\"https:\/\/scantank.ee\/fi\/toode\/dusirennid-easydrain-basicdrain-2\/\",\"url\":\"https:\/\/scantank.ee\/fi\/toode\/dusirennid-easydrain-basicdrain-2\/\",\"name\":\"Suihkukouru EASY TYHJENNYS \\\"BasicDrain\\\" | Scantank\",\"isPartOf\":{\"@id\":\"https:\/\/scantank.ee\/fi\/#website\"},\"primaryImageOfPage\":{\"@id\":\"https:\/\/scantank.ee\/fi\/toode\/dusirennid-easydrain-basicdrain-2\/#primaryimage\"},\"image\":{\"@id\":\"https:\/\/scantank.ee\/fi\/toode\/dusirennid-easydrain-basicdrain-2\/#primaryimage\"},\"thumbnailUrl\":\"https:\/\/scantank.ee\/wp-content\/uploads\/2022\/04\/easy-drain-basic-linear-shower-drain-zero-brushed-stainless-steel-grate.jpg\",\"datePublished\":\"2022-08-03T10:36:58+00:00\",\"dateModified\":\"2022-08-03T10:36:58+00:00\",\"breadcrumb\":{\"@id\":\"https:\/\/scantank.ee\/fi\/toode\/dusirennid-easydrain-basicdrain-2\/#breadcrumb\"},\"inLanguage\":\"fi\",\"potentialAction\":[{\"@type\":\"ReadAction\",\"target\":[\"https:\/\/scantank.ee\/fi\/toode\/dusirennid-easydrain-basicdrain-2\/\"]}]},{\"@type\":\"ImageObject\",\"inLanguage\":\"fi\",\"@id\":\"https:\/\/scantank.ee\/fi\/toode\/dusirennid-easydrain-basicdrain-2\/#primaryimage\",\"url\":\"https:\/\/scantank.ee\/wp-content\/uploads\/2022\/04\/easy-drain-basic-linear-shower-drain-zero-brushed-stainless-steel-grate.jpg\",\"contentUrl\":\"https:\/\/scantank.ee\/wp-content\/uploads\/2022\/04\/easy-drain-basic-linear-shower-drain-zero-brushed-stainless-steel-grate.jpg\",\"width\":591,\"height\":591},{\"@type\":\"BreadcrumbList\",\"@id\":\"https:\/\/scantank.ee\/fi\/toode\/dusirennid-easydrain-basicdrain-2\/#breadcrumb\",\"itemListElement\":[{\"@type\":\"ListItem\",\"position\":1,\"name\":\"Home\",\"item\":\"https:\/\/scantank.ee\/fi\/\"},{\"@type\":\"ListItem\",\"position\":2,\"name\":\"Tuoteluettelo\",\"item\":\"https:\/\/scantank.ee\/fi\/tuoteluettelo\/\"},{\"@type\":\"ListItem\",\"position\":3,\"name\":\"Suihkukouru EASY TYHJENNYS &#8221;BasicDrain&#8221;\"}]},{\"@type\":\"WebSite\",\"@id\":\"https:\/\/scantank.ee\/fi\/#website\",\"url\":\"https:\/\/scantank.ee\/fi\/\",\"name\":\"Scantank\",\"description\":\"\",\"publisher\":{\"@id\":\"https:\/\/scantank.ee\/fi\/#organization\"},\"potentialAction\":[{\"@type\":\"SearchAction\",\"target\":{\"@type\":\"EntryPoint\",\"urlTemplate\":\"https:\/\/scantank.ee\/fi\/?s={search_term_string}\"},\"query-input\":\"required name=search_term_string\"}],\"inLanguage\":\"fi\"},{\"@type\":\"Organization\",\"@id\":\"https:\/\/scantank.ee\/fi\/#organization\",\"name\":\"Scantank O\u00dc\",\"url\":\"https:\/\/scantank.ee\/fi\/\",\"logo\":{\"@type\":\"ImageObject\",\"inLanguage\":\"fi\",\"@id\":\"https:\/\/scantank.ee\/fi\/#\/schema\/logo\/image\/\",\"url\":\"https:\/\/scantank.ee\/wp-content\/uploads\/2019\/08\/scantank-new.png\",\"contentUrl\":\"https:\/\/scantank.ee\/wp-content\/uploads\/2019\/08\/scantank-new.png\",\"width\":1041,\"height\":221,\"caption\":\"Scantank O\u00dc\"},\"image\":{\"@id\":\"https:\/\/scantank.ee\/fi\/#\/schema\/logo\/image\/\"},\"sameAs\":[\"http:\/\/www.facebook.com\/scantank\"]}]}<\/script>\n<!-- \/ Yoast SEO plugin. -->","yoast_head_json":{"title":"Suihkukouru EASY TYHJENNYS \"BasicDrain\" | Scantank","robots":{"index":"index","follow":"follow","max-snippet":"max-snippet:-1","max-image-preview":"max-image-preview:large","max-video-preview":"max-video-preview:-1"},"canonical":"https:\/\/scantank.ee\/fi\/toode\/dusirennid-easydrain-basicdrain-2\/","og_locale":"fi_FI","og_type":"article","og_title":"Suihkukouru EASY TYHJENNYS \"BasicDrain\" | Scantank","og_description":"BasicDrain-suihkukourut Easydrain Basic Drain -suihkukourut sopivat erinomaisesti mihin tahansa kylpyhuoneeseen yleisen asennuksen ansiosta \u2013 jokainen tuote voidaan asentaa sein\u00e4\u00e4 vasten tai keskelle lattiaa. Esiasennetun kosteuseristyksen ansiosta EasyDrain-suihkukouruilla on 10 vuoden vuototakuu. Suihkukouru ja ritil\u00e4 ovat ruostumatonta ter\u00e4st\u00e4 AISI304 ja alempi pistekaivo on k\u00e4\u00e4nnett\u00e4viss\u00e4 itsepuhdistuvalla lapolla. Virtausm\u00e4\u00e4r\u00e4 DN50-putken kanssa on 0,6 l\/s, DN40-putkella 0,5 l\/s EN1253-standardin [&hellip;]","og_url":"https:\/\/scantank.ee\/fi\/toode\/dusirennid-easydrain-basicdrain-2\/","og_site_name":"Scantank","article_publisher":"http:\/\/www.facebook.com\/scantank","og_image":[{"width":591,"height":591,"url":"https:\/\/scantank.ee\/wp-content\/uploads\/2022\/04\/easy-drain-basic-linear-shower-drain-zero-brushed-stainless-steel-grate.jpg","type":"image\/jpeg"}],"twitter_card":"summary_large_image","schema":{"@context":"https:\/\/schema.org","@graph":[{"@type":"WebPage","@id":"https:\/\/scantank.ee\/fi\/toode\/dusirennid-easydrain-basicdrain-2\/","url":"https:\/\/scantank.ee\/fi\/toode\/dusirennid-easydrain-basicdrain-2\/","name":"Suihkukouru EASY TYHJENNYS \"BasicDrain\" | Scantank","isPartOf":{"@id":"https:\/\/scantank.ee\/fi\/#website"},"primaryImageOfPage":{"@id":"https:\/\/scantank.ee\/fi\/toode\/dusirennid-easydrain-basicdrain-2\/#primaryimage"},"image":{"@id":"https:\/\/scantank.ee\/fi\/toode\/dusirennid-easydrain-basicdrain-2\/#primaryimage"},"thumbnailUrl":"https:\/\/scantank.ee\/wp-content\/uploads\/2022\/04\/easy-drain-basic-linear-shower-drain-zero-brushed-stainless-steel-grate.jpg","datePublished":"2022-08-03T10:36:58+00:00","dateModified":"2022-08-03T10:36:58+00:00","breadcrumb":{"@id":"https:\/\/scantank.ee\/fi\/toode\/dusirennid-easydrain-basicdrain-2\/#breadcrumb"},"inLanguage":"fi","potentialAction":[{"@type":"ReadAction","target":["https:\/\/scantank.ee\/fi\/toode\/dusirennid-easydrain-basicdrain-2\/"]}]},{"@type":"ImageObject","inLanguage":"fi","@id":"https:\/\/scantank.ee\/fi\/toode\/dusirennid-easydrain-basicdrain-2\/#primaryimage","url":"https:\/\/scantank.ee\/wp-content\/uploads\/2022\/04\/easy-drain-basic-linear-shower-drain-zero-brushed-stainless-steel-grate.jpg","contentUrl":"https:\/\/scantank.ee\/wp-content\/uploads\/2022\/04\/easy-drain-basic-linear-shower-drain-zero-brushed-stainless-steel-grate.jpg","width":591,"height":591},{"@type":"BreadcrumbList","@id":"https:\/\/scantank.ee\/fi\/toode\/dusirennid-easydrain-basicdrain-2\/#breadcrumb","itemListElement":[{"@type":"ListItem","position":1,"name":"Home","item":"https:\/\/scantank.ee\/fi\/"},{"@type":"ListItem","position":2,"name":"Tuoteluettelo","item":"https:\/\/scantank.ee\/fi\/tuoteluettelo\/"},{"@type":"ListItem","position":3,"name":"Suihkukouru EASY TYHJENNYS &#8221;BasicDrain&#8221;"}]},{"@type":"WebSite","@id":"https:\/\/scantank.ee\/fi\/#website","url":"https:\/\/scantank.ee\/fi\/","name":"Scantank","description":"","publisher":{"@id":"https:\/\/scantank.ee\/fi\/#organization"},"potentialAction":[{"@type":"SearchAction","target":{"@type":"EntryPoint","urlTemplate":"https:\/\/scantank.ee\/fi\/?s={search_term_string}"},"query-input":"required name=search_term_string"}],"inLanguage":"fi"},{"@type":"Organization","@id":"https:\/\/scantank.ee\/fi\/#organization","name":"Scantank O\u00dc","url":"https:\/\/scantank.ee\/fi\/","logo":{"@type":"ImageObject","inLanguage":"fi","@id":"https:\/\/scantank.ee\/fi\/#\/schema\/logo\/image\/","url":"https:\/\/scantank.ee\/wp-content\/uploads\/2019\/08\/scantank-new.png","contentUrl":"https:\/\/scantank.ee\/wp-content\/uploads\/2019\/08\/scantank-new.png","width":1041,"height":221,"caption":"Scantank O\u00dc"},"image":{"@id":"https:\/\/scantank.ee\/fi\/#\/schema\/logo\/image\/"},"sameAs":["http:\/\/www.facebook.com\/scantank"]}]}},"_links":{"self":[{"href":"https:\/\/scantank.ee\/fi\/wp-json\/wp\/v2\/product\/7254"}],"collection":[{"href":"https:\/\/scantank.ee\/fi\/wp-json\/wp\/v2\/product"}],"about":[{"href":"https:\/\/scantank.ee\/fi\/wp-json\/wp\/v2\/types\/product"}],"wp:featuredmedia":[{"embeddable":true,"href":"https:\/\/scantank.ee\/fi\/wp-json\/wp\/v2\/media\/6029"}],"wp:attachment":[{"href":"https:\/\/scantank.ee\/fi\/wp-json\/wp\/v2\/media?parent=7254"}],"wp:term":[{"taxonomy":"product_cat","embeddable":true,"href":"https:\/\/scantank.ee\/fi\/wp-json\/wp\/v2\/product_cat?post=7254"},{"taxonomy":"product_tag","embeddable":true,"href":"https:\/\/scantank.ee\/fi\/wp-json\/wp\/v2\/product_tag?post=7254"}],"curies":[{"name":"wp","href":"https:\/\/api.w.org\/{rel}","templated":true}]}}