{"id":7255,"date":"2022-04-03T07:43:37","date_gmt":"2022-08-03T10:36:58","guid":{"rendered":"https:\/\/scantank.ee\/toode\/att-suihkukourut\/"},"modified":"2022-08-03T10:36:58","modified_gmt":"2022-08-03T10:36:58","slug":"suihkukourut-att","status":"publish","type":"product","link":"https:\/\/scantank.ee\/fi\/toode\/suihkukourut-att\/","title":{"rendered":"ATT-suihkukourut"},"content":{"rendered":"<p>Suihkukourut ovat modernein ja nykyaikaisin ratkaisu pesutiloihin. Ruostumaton ter\u00e4smateriaali mahdollistaa laajan muotoiluvalikoiman. Voit suunnitella oman tuotteesi omiin tiloihisi sopivalla pituudella ja viem\u00e4rin sijainnilla. Renniekspert tekee yhteisty\u00f6t\u00e4 ATT Inoxin kanssa tarjotakseen asiakkaille parhaan ratkaisun pesuhuoneiden viem\u00e4reihin. <em>Suihkukourujen vakiomitat<\/em> ovat \u2013 600 mm, 700 mm, 800 mm, 900 mm, 1000 mm, 1100 mm ja 1200 mm. Muut pituudet ovat saatavilla asiakkaan tilauksesta 4\u20136 viikon toimitusajalla. Voidaan asentaa sek\u00e4 sein\u00e4\u00e4 vasten ett\u00e4 keskelle lattiaa. ATT-suihkukourut on valmistettu kokonaan korkealaatuisesta ruostumattomasta ter\u00e4ksest\u00e4, ja niiss\u00e4 on erilaisia designritil\u00f6it\u00e4. ATT-suihkukourujen hinnasto: <a href=\"https:\/\/scantank.ee\/wp-content\/uploads\/2022\/04\/ATT-du\u0161irennide-hinnakiri-2021.pdf\">ATT-suihkukourujen-hinnasto-2021<\/a> Tuoteseloste: <a href=\"https:\/\/scantank.ee\/wp-content\/uploads\/2022\/04\/ATT-du\u0161irennid-tooteleht.pdf\">ATT-suihkukourut-tuoteseloste<\/a> Piirustukset: <a href=\"https:\/\/scantank.ee\/wp-content\/uploads\/2022\/04\/Dushirennide-joonised-hor-800900-1000-ja-1200.pdf\">Suihkukourujen-piirrokset-hor-800900-1000-ja-1200<\/a> Asennusohje: <a href=\"https:\/\/scantank.ee\/wp-content\/uploads\/2022\/04\/ATT-Du\u0161irennide-paigaldus.pdf\">ATT-Suihkukourujen asennus<\/a><\/p>\n","protected":false},"excerpt":{"rendered":"<p>Suihkukourut ovat modernein ja nykyaikaisin ratkaisu pesutiloihin. Ruostumaton ter\u00e4smateriaali mahdollistaa laajan muotoiluvalikoiman. Voit suunnitella oman tuotteesi omiin tiloihisi sopivalla pituudella ja viem\u00e4rin sijainnilla. Renniekspert tekee yhteisty\u00f6t\u00e4 ATT Inoxin kanssa tarjotakseen asiakkaille parhaan ratkaisun pesuhuoneiden viem\u00e4reihin. Suihkukourujen vakiomitat ovat \u2013 600 mm, 700 mm, 800 mm, 900 mm, 1000 mm, 1100 mm ja 1200 mm. Muut [&hellip;]<\/p>\n","protected":false},"featured_media":6141,"template":"","meta":{"_acf_changed":false,"inline_featured_image":false,"_exactmetrics_skip_tracking":false,"_exactmetrics_sitenote_active":false,"_exactmetrics_sitenote_note":"","_exactmetrics_sitenote_category":0,"_monsterinsights_skip_tracking":false,"_monsterinsights_sitenote_active":false,"_monsterinsights_sitenote_note":"","_monsterinsights_sitenote_category":0},"product_cat":[259],"product_tag":[],"class_list":{"0":"post-7255","1":"product","2":"type-product","3":"status-publish","4":"has-post-thumbnail","6":"product_cat-dusirennid-fi","8":"first","9":"instock","10":"shipping-taxable","11":"product-type-simple"},"acf":[],"yoast_head":"<!-- This site is optimized with the Yoast SEO plugin v23.1 - https:\/\/yoast.com\/wordpress\/plugins\/seo\/ -->\n<title>ATT-suihkukourut | Scantank<\/title>\n<meta name=\"robots\" content=\"index, follow, max-snippet:-1, max-image-preview:large, max-video-preview:-1\" \/>\n<link rel=\"canonical\" href=\"https:\/\/scantank.ee\/fi\/toode\/suihkukourut-att\/\" \/>\n<meta property=\"og:locale\" content=\"fi_FI\" \/>\n<meta property=\"og:type\" content=\"article\" \/>\n<meta property=\"og:title\" content=\"ATT-suihkukourut | Scantank\" \/>\n<meta property=\"og:description\" content=\"Suihkukourut ovat modernein ja nykyaikaisin ratkaisu pesutiloihin. Ruostumaton ter\u00e4smateriaali mahdollistaa laajan muotoiluvalikoiman. Voit suunnitella oman tuotteesi omiin tiloihisi sopivalla pituudella ja viem\u00e4rin sijainnilla. Renniekspert tekee yhteisty\u00f6t\u00e4 ATT Inoxin kanssa tarjotakseen asiakkaille parhaan ratkaisun pesuhuoneiden viem\u00e4reihin. Suihkukourujen vakiomitat ovat \u2013 600 mm, 700 mm, 800 mm, 900 mm, 1000 mm, 1100 mm ja 1200 mm. Muut [&hellip;]\" \/>\n<meta property=\"og:url\" content=\"https:\/\/scantank.ee\/fi\/toode\/suihkukourut-att\/\" \/>\n<meta property=\"og:site_name\" content=\"Scantank\" \/>\n<meta property=\"article:publisher\" content=\"http:\/\/www.facebook.com\/scantank\" \/>\n<meta property=\"og:image\" content=\"https:\/\/www.scantank.ee\/wp-content\/uploads\/2022\/04\/vert-\u00e4\u00e4rega-dushirenn-ATT.png\" \/>\n\t<meta property=\"og:image:width\" content=\"600\" \/>\n\t<meta property=\"og:image:height\" content=\"450\" \/>\n\t<meta property=\"og:image:type\" content=\"image\/png\" \/>\n<meta name=\"twitter:card\" content=\"summary_large_image\" \/>\n<script type=\"application\/ld+json\" class=\"yoast-schema-graph\">{\"@context\":\"https:\/\/schema.org\",\"@graph\":[{\"@type\":\"WebPage\",\"@id\":\"https:\/\/scantank.ee\/fi\/toode\/suihkukourut-att\/\",\"url\":\"https:\/\/scantank.ee\/fi\/toode\/suihkukourut-att\/\",\"name\":\"ATT-suihkukourut | Scantank\",\"isPartOf\":{\"@id\":\"https:\/\/scantank.ee\/fi\/#website\"},\"primaryImageOfPage\":{\"@id\":\"https:\/\/scantank.ee\/fi\/toode\/suihkukourut-att\/#primaryimage\"},\"image\":{\"@id\":\"https:\/\/scantank.ee\/fi\/toode\/suihkukourut-att\/#primaryimage\"},\"thumbnailUrl\":\"https:\/\/www.scantank.ee\/wp-content\/uploads\/2022\/04\/vert-\u00e4\u00e4rega-dushirenn-ATT.png\",\"datePublished\":\"2022-08-03T10:36:58+00:00\",\"dateModified\":\"2022-08-03T10:36:58+00:00\",\"breadcrumb\":{\"@id\":\"https:\/\/scantank.ee\/fi\/toode\/suihkukourut-att\/#breadcrumb\"},\"inLanguage\":\"fi\",\"potentialAction\":[{\"@type\":\"ReadAction\",\"target\":[\"https:\/\/scantank.ee\/fi\/toode\/suihkukourut-att\/\"]}]},{\"@type\":\"ImageObject\",\"inLanguage\":\"fi\",\"@id\":\"https:\/\/scantank.ee\/fi\/toode\/suihkukourut-att\/#primaryimage\",\"url\":\"https:\/\/www.scantank.ee\/wp-content\/uploads\/2022\/04\/vert-\u00e4\u00e4rega-dushirenn-ATT.png\",\"contentUrl\":\"https:\/\/www.scantank.ee\/wp-content\/uploads\/2022\/04\/vert-\u00e4\u00e4rega-dushirenn-ATT.png\",\"width\":600,\"height\":450},{\"@type\":\"BreadcrumbList\",\"@id\":\"https:\/\/scantank.ee\/fi\/toode\/suihkukourut-att\/#breadcrumb\",\"itemListElement\":[{\"@type\":\"ListItem\",\"position\":1,\"name\":\"Home\",\"item\":\"https:\/\/scantank.ee\/fi\/\"},{\"@type\":\"ListItem\",\"position\":2,\"name\":\"Tuoteluettelo\",\"item\":\"https:\/\/scantank.ee\/fi\/tuoteluettelo\/\"},{\"@type\":\"ListItem\",\"position\":3,\"name\":\"ATT-suihkukourut\"}]},{\"@type\":\"WebSite\",\"@id\":\"https:\/\/scantank.ee\/fi\/#website\",\"url\":\"https:\/\/scantank.ee\/fi\/\",\"name\":\"Scantank\",\"description\":\"\",\"publisher\":{\"@id\":\"https:\/\/scantank.ee\/fi\/#organization\"},\"potentialAction\":[{\"@type\":\"SearchAction\",\"target\":{\"@type\":\"EntryPoint\",\"urlTemplate\":\"https:\/\/scantank.ee\/fi\/?s={search_term_string}\"},\"query-input\":\"required name=search_term_string\"}],\"inLanguage\":\"fi\"},{\"@type\":\"Organization\",\"@id\":\"https:\/\/scantank.ee\/fi\/#organization\",\"name\":\"Scantank O\u00dc\",\"url\":\"https:\/\/scantank.ee\/fi\/\",\"logo\":{\"@type\":\"ImageObject\",\"inLanguage\":\"fi\",\"@id\":\"https:\/\/scantank.ee\/fi\/#\/schema\/logo\/image\/\",\"url\":\"https:\/\/scantank.ee\/wp-content\/uploads\/2019\/08\/scantank-new.png\",\"contentUrl\":\"https:\/\/scantank.ee\/wp-content\/uploads\/2019\/08\/scantank-new.png\",\"width\":1041,\"height\":221,\"caption\":\"Scantank O\u00dc\"},\"image\":{\"@id\":\"https:\/\/scantank.ee\/fi\/#\/schema\/logo\/image\/\"},\"sameAs\":[\"http:\/\/www.facebook.com\/scantank\"]}]}<\/script>\n<!-- \/ Yoast SEO plugin. -->","yoast_head_json":{"title":"ATT-suihkukourut | Scantank","robots":{"index":"index","follow":"follow","max-snippet":"max-snippet:-1","max-image-preview":"max-image-preview:large","max-video-preview":"max-video-preview:-1"},"canonical":"https:\/\/scantank.ee\/fi\/toode\/suihkukourut-att\/","og_locale":"fi_FI","og_type":"article","og_title":"ATT-suihkukourut | Scantank","og_description":"Suihkukourut ovat modernein ja nykyaikaisin ratkaisu pesutiloihin. Ruostumaton ter\u00e4smateriaali mahdollistaa laajan muotoiluvalikoiman. Voit suunnitella oman tuotteesi omiin tiloihisi sopivalla pituudella ja viem\u00e4rin sijainnilla. Renniekspert tekee yhteisty\u00f6t\u00e4 ATT Inoxin kanssa tarjotakseen asiakkaille parhaan ratkaisun pesuhuoneiden viem\u00e4reihin. Suihkukourujen vakiomitat ovat \u2013 600 mm, 700 mm, 800 mm, 900 mm, 1000 mm, 1100 mm ja 1200 mm. Muut [&hellip;]","og_url":"https:\/\/scantank.ee\/fi\/toode\/suihkukourut-att\/","og_site_name":"Scantank","article_publisher":"http:\/\/www.facebook.com\/scantank","og_image":[{"width":600,"height":450,"url":"https:\/\/www.scantank.ee\/wp-content\/uploads\/2022\/04\/vert-\u00e4\u00e4rega-dushirenn-ATT.png","type":"image\/png"}],"twitter_card":"summary_large_image","schema":{"@context":"https:\/\/schema.org","@graph":[{"@type":"WebPage","@id":"https:\/\/scantank.ee\/fi\/toode\/suihkukourut-att\/","url":"https:\/\/scantank.ee\/fi\/toode\/suihkukourut-att\/","name":"ATT-suihkukourut | Scantank","isPartOf":{"@id":"https:\/\/scantank.ee\/fi\/#website"},"primaryImageOfPage":{"@id":"https:\/\/scantank.ee\/fi\/toode\/suihkukourut-att\/#primaryimage"},"image":{"@id":"https:\/\/scantank.ee\/fi\/toode\/suihkukourut-att\/#primaryimage"},"thumbnailUrl":"https:\/\/www.scantank.ee\/wp-content\/uploads\/2022\/04\/vert-\u00e4\u00e4rega-dushirenn-ATT.png","datePublished":"2022-08-03T10:36:58+00:00","dateModified":"2022-08-03T10:36:58+00:00","breadcrumb":{"@id":"https:\/\/scantank.ee\/fi\/toode\/suihkukourut-att\/#breadcrumb"},"inLanguage":"fi","potentialAction":[{"@type":"ReadAction","target":["https:\/\/scantank.ee\/fi\/toode\/suihkukourut-att\/"]}]},{"@type":"ImageObject","inLanguage":"fi","@id":"https:\/\/scantank.ee\/fi\/toode\/suihkukourut-att\/#primaryimage","url":"https:\/\/www.scantank.ee\/wp-content\/uploads\/2022\/04\/vert-\u00e4\u00e4rega-dushirenn-ATT.png","contentUrl":"https:\/\/www.scantank.ee\/wp-content\/uploads\/2022\/04\/vert-\u00e4\u00e4rega-dushirenn-ATT.png","width":600,"height":450},{"@type":"BreadcrumbList","@id":"https:\/\/scantank.ee\/fi\/toode\/suihkukourut-att\/#breadcrumb","itemListElement":[{"@type":"ListItem","position":1,"name":"Home","item":"https:\/\/scantank.ee\/fi\/"},{"@type":"ListItem","position":2,"name":"Tuoteluettelo","item":"https:\/\/scantank.ee\/fi\/tuoteluettelo\/"},{"@type":"ListItem","position":3,"name":"ATT-suihkukourut"}]},{"@type":"WebSite","@id":"https:\/\/scantank.ee\/fi\/#website","url":"https:\/\/scantank.ee\/fi\/","name":"Scantank","description":"","publisher":{"@id":"https:\/\/scantank.ee\/fi\/#organization"},"potentialAction":[{"@type":"SearchAction","target":{"@type":"EntryPoint","urlTemplate":"https:\/\/scantank.ee\/fi\/?s={search_term_string}"},"query-input":"required name=search_term_string"}],"inLanguage":"fi"},{"@type":"Organization","@id":"https:\/\/scantank.ee\/fi\/#organization","name":"Scantank O\u00dc","url":"https:\/\/scantank.ee\/fi\/","logo":{"@type":"ImageObject","inLanguage":"fi","@id":"https:\/\/scantank.ee\/fi\/#\/schema\/logo\/image\/","url":"https:\/\/scantank.ee\/wp-content\/uploads\/2019\/08\/scantank-new.png","contentUrl":"https:\/\/scantank.ee\/wp-content\/uploads\/2019\/08\/scantank-new.png","width":1041,"height":221,"caption":"Scantank O\u00dc"},"image":{"@id":"https:\/\/scantank.ee\/fi\/#\/schema\/logo\/image\/"},"sameAs":["http:\/\/www.facebook.com\/scantank"]}]}},"_links":{"self":[{"href":"https:\/\/scantank.ee\/fi\/wp-json\/wp\/v2\/product\/7255"}],"collection":[{"href":"https:\/\/scantank.ee\/fi\/wp-json\/wp\/v2\/product"}],"about":[{"href":"https:\/\/scantank.ee\/fi\/wp-json\/wp\/v2\/types\/product"}],"wp:featuredmedia":[{"embeddable":true,"href":"https:\/\/scantank.ee\/fi\/wp-json\/wp\/v2\/media\/6141"}],"wp:attachment":[{"href":"https:\/\/scantank.ee\/fi\/wp-json\/wp\/v2\/media?parent=7255"}],"wp:term":[{"taxonomy":"product_cat","embeddable":true,"href":"https:\/\/scantank.ee\/fi\/wp-json\/wp\/v2\/product_cat?post=7255"},{"taxonomy":"product_tag","embeddable":true,"href":"https:\/\/scantank.ee\/fi\/wp-json\/wp\/v2\/product_tag?post=7255"}],"curies":[{"name":"wp","href":"https:\/\/api.w.org\/{rel}","templated":true}]}}