{"id":7259,"date":"2022-04-03T08:49:15","date_gmt":"2022-08-03T10:37:00","guid":{"rendered":"https:\/\/scantank.ee\/toode\/suihkukouru-easy-drain-waterstop-wall\/"},"modified":"2022-08-03T10:37:00","modified_gmt":"2022-08-03T10:37:00","slug":"dusirenn-easydrain-waterstop-wall-2","status":"publish","type":"product","link":"https:\/\/scantank.ee\/fi\/toode\/dusirenn-easydrain-waterstop-wall-2\/","title":{"rendered":"Suihkukouru EASY DRAIN \u201dWaterstop Wall\u201d"},"content":{"rendered":"<p><a href=\"https:\/\/scantank.ee\/wp-content\/uploads\/2022\/04\/Easydrain-sertifikaat-du\u0161irennid-trapid-3.pdf\">Waterstop Wall -suihkukourut<\/a> Minimalistinen ja tyylik\u00e4s sein\u00e4\u00e4n asennettava suihkukouru. <strong>Kuvaus<\/strong> Minimalistinen ja tyylik\u00e4s sein\u00e4\u00e4n asennettava suihkukouru. Pituudet 700 mm, 800 mm ja 900 mm Viem\u00e4ri voidaan laatoittaa lapon ja hiussiepparin kanssa. Kouruun on kiinnitetty WPS-j\u00e4rjestelm\u00e4 eli esiasennettu kosteuseristys, jolla valmistaja antaa tuotteelle 10 vuoden vuototakuun. Tuoteseloste: <a href=\"https:\/\/scantank.ee\/wp-content\/uploads\/2022\/04\/11-Waterstop-UK.pdf\">11-Waterstop-UK<\/a> Sertifikaatti: <a href=\"https:\/\/scantank.ee\/wp-content\/uploads\/2022\/04\/Easydrain-sertifikaat-du\u0161irennid-trapid-3.pdf\">Easydrain-sertifikaatti-suihkukourut-lattiakaivot<\/a> Asennusohje: <a href=\"https:\/\/scantank.ee\/wp-content\/uploads\/2022\/04\/Waterstio-wall-paigaldusjuhend.pdf\">Waterstio-wall-asennusohje<\/a> https:\/\/youtu.be\/MoMhlnq6jno<\/p>\n","protected":false},"excerpt":{"rendered":"<p>Waterstop Wall -suihkukourut Minimalistinen ja tyylik\u00e4s sein\u00e4\u00e4n asennettava suihkukouru. Kuvaus Minimalistinen ja tyylik\u00e4s sein\u00e4\u00e4n asennettava suihkukouru. Pituudet 700 mm, 800 mm ja 900 mm Viem\u00e4ri voidaan laatoittaa lapon ja hiussiepparin kanssa. Kouruun on kiinnitetty WPS-j\u00e4rjestelm\u00e4 eli esiasennettu kosteuseristys, jolla valmistaja antaa tuotteelle 10 vuoden vuototakuun. Tuoteseloste: 11-Waterstop-UK Sertifikaatti: Easydrain-sertifikaatti-suihkukourut-lattiakaivot Asennusohje: Waterstio-wall-asennusohje https:\/\/youtu.be\/MoMhlnq6jno<\/p>\n","protected":false},"featured_media":6303,"template":"","meta":{"_acf_changed":false,"inline_featured_image":false,"_exactmetrics_skip_tracking":false,"_exactmetrics_sitenote_active":false,"_exactmetrics_sitenote_note":"","_exactmetrics_sitenote_category":0,"_monsterinsights_skip_tracking":false,"_monsterinsights_sitenote_active":false,"_monsterinsights_sitenote_note":"","_monsterinsights_sitenote_category":0},"product_cat":[259],"product_tag":[],"class_list":{"0":"post-7259","1":"product","2":"type-product","3":"status-publish","4":"has-post-thumbnail","6":"product_cat-dusirennid-fi","8":"first","9":"instock","10":"shipping-taxable","11":"product-type-simple"},"acf":[],"yoast_head":"<!-- This site is optimized with the Yoast SEO plugin v23.1 - https:\/\/yoast.com\/wordpress\/plugins\/seo\/ -->\n<title>Suihkukouru EASY DRAIN \u201dWaterstop Wall\u201d | Scantank<\/title>\n<meta name=\"robots\" content=\"index, follow, max-snippet:-1, max-image-preview:large, max-video-preview:-1\" \/>\n<link rel=\"canonical\" href=\"https:\/\/scantank.ee\/fi\/toode\/dusirenn-easydrain-waterstop-wall-2\/\" \/>\n<meta property=\"og:locale\" content=\"fi_FI\" \/>\n<meta property=\"og:type\" content=\"article\" \/>\n<meta property=\"og:title\" content=\"Suihkukouru EASY DRAIN \u201dWaterstop Wall\u201d | Scantank\" \/>\n<meta property=\"og:description\" content=\"Waterstop Wall -suihkukourut Minimalistinen ja tyylik\u00e4s sein\u00e4\u00e4n asennettava suihkukouru. Kuvaus Minimalistinen ja tyylik\u00e4s sein\u00e4\u00e4n asennettava suihkukouru. Pituudet 700 mm, 800 mm ja 900 mm Viem\u00e4ri voidaan laatoittaa lapon ja hiussiepparin kanssa. Kouruun on kiinnitetty WPS-j\u00e4rjestelm\u00e4 eli esiasennettu kosteuseristys, jolla valmistaja antaa tuotteelle 10 vuoden vuototakuun. Tuoteseloste: 11-Waterstop-UK Sertifikaatti: Easydrain-sertifikaatti-suihkukourut-lattiakaivot Asennusohje: Waterstio-wall-asennusohje https:\/\/youtu.be\/MoMhlnq6jno\" \/>\n<meta property=\"og:url\" content=\"https:\/\/scantank.ee\/fi\/toode\/dusirenn-easydrain-waterstop-wall-2\/\" \/>\n<meta property=\"og:site_name\" content=\"Scantank\" \/>\n<meta property=\"article:publisher\" content=\"http:\/\/www.facebook.com\/scantank\" \/>\n<meta property=\"og:image\" content=\"https:\/\/www.scantank.ee\/wp-content\/uploads\/2022\/04\/Easy-Drain-Waterstop-Wall-6-840x560-1.jpg\" \/>\n\t<meta property=\"og:image:width\" content=\"840\" \/>\n\t<meta property=\"og:image:height\" content=\"560\" \/>\n\t<meta property=\"og:image:type\" content=\"image\/jpeg\" \/>\n<meta name=\"twitter:card\" content=\"summary_large_image\" \/>\n<script type=\"application\/ld+json\" class=\"yoast-schema-graph\">{\"@context\":\"https:\/\/schema.org\",\"@graph\":[{\"@type\":\"WebPage\",\"@id\":\"https:\/\/scantank.ee\/fi\/toode\/dusirenn-easydrain-waterstop-wall-2\/\",\"url\":\"https:\/\/scantank.ee\/fi\/toode\/dusirenn-easydrain-waterstop-wall-2\/\",\"name\":\"Suihkukouru EASY DRAIN \u201dWaterstop Wall\u201d | Scantank\",\"isPartOf\":{\"@id\":\"https:\/\/scantank.ee\/fi\/#website\"},\"primaryImageOfPage\":{\"@id\":\"https:\/\/scantank.ee\/fi\/toode\/dusirenn-easydrain-waterstop-wall-2\/#primaryimage\"},\"image\":{\"@id\":\"https:\/\/scantank.ee\/fi\/toode\/dusirenn-easydrain-waterstop-wall-2\/#primaryimage\"},\"thumbnailUrl\":\"https:\/\/scantank.ee\/wp-content\/uploads\/2022\/04\/Easy-Drain-Waterstop-Wall-6-840x560-1.jpg\",\"datePublished\":\"2022-08-03T10:37:00+00:00\",\"dateModified\":\"2022-08-03T10:37:00+00:00\",\"breadcrumb\":{\"@id\":\"https:\/\/scantank.ee\/fi\/toode\/dusirenn-easydrain-waterstop-wall-2\/#breadcrumb\"},\"inLanguage\":\"fi\",\"potentialAction\":[{\"@type\":\"ReadAction\",\"target\":[\"https:\/\/scantank.ee\/fi\/toode\/dusirenn-easydrain-waterstop-wall-2\/\"]}]},{\"@type\":\"ImageObject\",\"inLanguage\":\"fi\",\"@id\":\"https:\/\/scantank.ee\/fi\/toode\/dusirenn-easydrain-waterstop-wall-2\/#primaryimage\",\"url\":\"https:\/\/scantank.ee\/wp-content\/uploads\/2022\/04\/Easy-Drain-Waterstop-Wall-6-840x560-1.jpg\",\"contentUrl\":\"https:\/\/scantank.ee\/wp-content\/uploads\/2022\/04\/Easy-Drain-Waterstop-Wall-6-840x560-1.jpg\",\"width\":840,\"height\":560},{\"@type\":\"BreadcrumbList\",\"@id\":\"https:\/\/scantank.ee\/fi\/toode\/dusirenn-easydrain-waterstop-wall-2\/#breadcrumb\",\"itemListElement\":[{\"@type\":\"ListItem\",\"position\":1,\"name\":\"Home\",\"item\":\"https:\/\/scantank.ee\/fi\/\"},{\"@type\":\"ListItem\",\"position\":2,\"name\":\"Tuoteluettelo\",\"item\":\"https:\/\/scantank.ee\/fi\/tuoteluettelo\/\"},{\"@type\":\"ListItem\",\"position\":3,\"name\":\"Suihkukouru EASY DRAIN \u201dWaterstop Wall\u201d\"}]},{\"@type\":\"WebSite\",\"@id\":\"https:\/\/scantank.ee\/fi\/#website\",\"url\":\"https:\/\/scantank.ee\/fi\/\",\"name\":\"Scantank\",\"description\":\"\",\"publisher\":{\"@id\":\"https:\/\/scantank.ee\/fi\/#organization\"},\"potentialAction\":[{\"@type\":\"SearchAction\",\"target\":{\"@type\":\"EntryPoint\",\"urlTemplate\":\"https:\/\/scantank.ee\/fi\/?s={search_term_string}\"},\"query-input\":\"required name=search_term_string\"}],\"inLanguage\":\"fi\"},{\"@type\":\"Organization\",\"@id\":\"https:\/\/scantank.ee\/fi\/#organization\",\"name\":\"Scantank O\u00dc\",\"url\":\"https:\/\/scantank.ee\/fi\/\",\"logo\":{\"@type\":\"ImageObject\",\"inLanguage\":\"fi\",\"@id\":\"https:\/\/scantank.ee\/fi\/#\/schema\/logo\/image\/\",\"url\":\"https:\/\/scantank.ee\/wp-content\/uploads\/2019\/08\/scantank-new.png\",\"contentUrl\":\"https:\/\/scantank.ee\/wp-content\/uploads\/2019\/08\/scantank-new.png\",\"width\":1041,\"height\":221,\"caption\":\"Scantank O\u00dc\"},\"image\":{\"@id\":\"https:\/\/scantank.ee\/fi\/#\/schema\/logo\/image\/\"},\"sameAs\":[\"http:\/\/www.facebook.com\/scantank\"]}]}<\/script>\n<!-- \/ Yoast SEO plugin. -->","yoast_head_json":{"title":"Suihkukouru EASY DRAIN \u201dWaterstop Wall\u201d | Scantank","robots":{"index":"index","follow":"follow","max-snippet":"max-snippet:-1","max-image-preview":"max-image-preview:large","max-video-preview":"max-video-preview:-1"},"canonical":"https:\/\/scantank.ee\/fi\/toode\/dusirenn-easydrain-waterstop-wall-2\/","og_locale":"fi_FI","og_type":"article","og_title":"Suihkukouru EASY DRAIN \u201dWaterstop Wall\u201d | Scantank","og_description":"Waterstop Wall -suihkukourut Minimalistinen ja tyylik\u00e4s sein\u00e4\u00e4n asennettava suihkukouru. Kuvaus Minimalistinen ja tyylik\u00e4s sein\u00e4\u00e4n asennettava suihkukouru. Pituudet 700 mm, 800 mm ja 900 mm Viem\u00e4ri voidaan laatoittaa lapon ja hiussiepparin kanssa. Kouruun on kiinnitetty WPS-j\u00e4rjestelm\u00e4 eli esiasennettu kosteuseristys, jolla valmistaja antaa tuotteelle 10 vuoden vuototakuun. Tuoteseloste: 11-Waterstop-UK Sertifikaatti: Easydrain-sertifikaatti-suihkukourut-lattiakaivot Asennusohje: Waterstio-wall-asennusohje https:\/\/youtu.be\/MoMhlnq6jno","og_url":"https:\/\/scantank.ee\/fi\/toode\/dusirenn-easydrain-waterstop-wall-2\/","og_site_name":"Scantank","article_publisher":"http:\/\/www.facebook.com\/scantank","og_image":[{"width":840,"height":560,"url":"https:\/\/www.scantank.ee\/wp-content\/uploads\/2022\/04\/Easy-Drain-Waterstop-Wall-6-840x560-1.jpg","type":"image\/jpeg"}],"twitter_card":"summary_large_image","schema":{"@context":"https:\/\/schema.org","@graph":[{"@type":"WebPage","@id":"https:\/\/scantank.ee\/fi\/toode\/dusirenn-easydrain-waterstop-wall-2\/","url":"https:\/\/scantank.ee\/fi\/toode\/dusirenn-easydrain-waterstop-wall-2\/","name":"Suihkukouru EASY DRAIN \u201dWaterstop Wall\u201d | Scantank","isPartOf":{"@id":"https:\/\/scantank.ee\/fi\/#website"},"primaryImageOfPage":{"@id":"https:\/\/scantank.ee\/fi\/toode\/dusirenn-easydrain-waterstop-wall-2\/#primaryimage"},"image":{"@id":"https:\/\/scantank.ee\/fi\/toode\/dusirenn-easydrain-waterstop-wall-2\/#primaryimage"},"thumbnailUrl":"https:\/\/scantank.ee\/wp-content\/uploads\/2022\/04\/Easy-Drain-Waterstop-Wall-6-840x560-1.jpg","datePublished":"2022-08-03T10:37:00+00:00","dateModified":"2022-08-03T10:37:00+00:00","breadcrumb":{"@id":"https:\/\/scantank.ee\/fi\/toode\/dusirenn-easydrain-waterstop-wall-2\/#breadcrumb"},"inLanguage":"fi","potentialAction":[{"@type":"ReadAction","target":["https:\/\/scantank.ee\/fi\/toode\/dusirenn-easydrain-waterstop-wall-2\/"]}]},{"@type":"ImageObject","inLanguage":"fi","@id":"https:\/\/scantank.ee\/fi\/toode\/dusirenn-easydrain-waterstop-wall-2\/#primaryimage","url":"https:\/\/scantank.ee\/wp-content\/uploads\/2022\/04\/Easy-Drain-Waterstop-Wall-6-840x560-1.jpg","contentUrl":"https:\/\/scantank.ee\/wp-content\/uploads\/2022\/04\/Easy-Drain-Waterstop-Wall-6-840x560-1.jpg","width":840,"height":560},{"@type":"BreadcrumbList","@id":"https:\/\/scantank.ee\/fi\/toode\/dusirenn-easydrain-waterstop-wall-2\/#breadcrumb","itemListElement":[{"@type":"ListItem","position":1,"name":"Home","item":"https:\/\/scantank.ee\/fi\/"},{"@type":"ListItem","position":2,"name":"Tuoteluettelo","item":"https:\/\/scantank.ee\/fi\/tuoteluettelo\/"},{"@type":"ListItem","position":3,"name":"Suihkukouru EASY DRAIN \u201dWaterstop Wall\u201d"}]},{"@type":"WebSite","@id":"https:\/\/scantank.ee\/fi\/#website","url":"https:\/\/scantank.ee\/fi\/","name":"Scantank","description":"","publisher":{"@id":"https:\/\/scantank.ee\/fi\/#organization"},"potentialAction":[{"@type":"SearchAction","target":{"@type":"EntryPoint","urlTemplate":"https:\/\/scantank.ee\/fi\/?s={search_term_string}"},"query-input":"required name=search_term_string"}],"inLanguage":"fi"},{"@type":"Organization","@id":"https:\/\/scantank.ee\/fi\/#organization","name":"Scantank O\u00dc","url":"https:\/\/scantank.ee\/fi\/","logo":{"@type":"ImageObject","inLanguage":"fi","@id":"https:\/\/scantank.ee\/fi\/#\/schema\/logo\/image\/","url":"https:\/\/scantank.ee\/wp-content\/uploads\/2019\/08\/scantank-new.png","contentUrl":"https:\/\/scantank.ee\/wp-content\/uploads\/2019\/08\/scantank-new.png","width":1041,"height":221,"caption":"Scantank O\u00dc"},"image":{"@id":"https:\/\/scantank.ee\/fi\/#\/schema\/logo\/image\/"},"sameAs":["http:\/\/www.facebook.com\/scantank"]}]}},"_links":{"self":[{"href":"https:\/\/scantank.ee\/fi\/wp-json\/wp\/v2\/product\/7259"}],"collection":[{"href":"https:\/\/scantank.ee\/fi\/wp-json\/wp\/v2\/product"}],"about":[{"href":"https:\/\/scantank.ee\/fi\/wp-json\/wp\/v2\/types\/product"}],"wp:featuredmedia":[{"embeddable":true,"href":"https:\/\/scantank.ee\/fi\/wp-json\/wp\/v2\/media\/6303"}],"wp:attachment":[{"href":"https:\/\/scantank.ee\/fi\/wp-json\/wp\/v2\/media?parent=7259"}],"wp:term":[{"taxonomy":"product_cat","embeddable":true,"href":"https:\/\/scantank.ee\/fi\/wp-json\/wp\/v2\/product_cat?post=7259"},{"taxonomy":"product_tag","embeddable":true,"href":"https:\/\/scantank.ee\/fi\/wp-json\/wp\/v2\/product_tag?post=7259"}],"curies":[{"name":"wp","href":"https:\/\/api.w.org\/{rel}","templated":true}]}}