{"id":7260,"date":"2022-04-03T09:04:02","date_gmt":"2022-08-03T10:37:01","guid":{"rendered":"https:\/\/scantank.ee\/toode\/suihkukouru-easy-drain-modulo-stone\/"},"modified":"2022-08-03T10:37:01","modified_gmt":"2022-08-03T10:37:01","slug":"dusirennid-easydrain-modulo-stone-2","status":"publish","type":"product","link":"https:\/\/scantank.ee\/fi\/toode\/dusirennid-easydrain-modulo-stone-2\/","title":{"rendered":"Suihkukouru EASY DRAIN &#8221;Modulo Stone&#8221;"},"content":{"rendered":"<p><strong>Modulo Stone -suihkukourut<\/strong> Kehyksett\u00f6m\u00e4t Modulo Stone -suihkukourut, jotka voidaan asentaa kaikkien lattialaattojen kanssa. <strong>Kuvaus<\/strong> Kourujen pituudet 500\u20131200 mm, kouruissa on esiasennettu kosteuseristys. Viem\u00e4r\u00f6inti vaakasuora DN40\/DN50, joko k\u00e4\u00e4nnett\u00e4v\u00e4 tai ruostumattomasta ter\u00e4ksest\u00e4. Asennusvaihtoehdot joko sein\u00e4n viereen tai kauemmas sein\u00e4st\u00e4. Tuoteseloste: <a href=\"https:\/\/scantank.ee\/wp-content\/uploads\/2022\/04\/08-Modulo-Stone-EN.pdf\">08-Modulo-Stone-EN<\/a> Piirustukset: <a href=\"https:\/\/scantank.ee\/wp-content\/uploads\/2022\/04\/Easy-Drain-EN-Datasheet-MB-NAT-M2-50-1.pdf\">Easy-Drain-EN-Datasheet-MB-NAT-M2-50-1<\/a> <a href=\"https:\/\/scantank.ee\/wp-content\/uploads\/2022\/04\/Easy-Drain-EN-Datasheet-MB-NAT-M2-35.pdf\">Easy-Drain-EN-Datasheet-MB-NAT-M2-35<\/a> <a href=\"https:\/\/scantank.ee\/wp-content\/uploads\/2022\/04\/Easy-Drain-EN-Datasheet-MB-NAT-M1-50.pdf\">Easy-Drain-EN-Datasheet-MB-NAT-M1-50<\/a> <a href=\"https:\/\/scantank.ee\/wp-content\/uploads\/2022\/04\/Easy-Drain-EN-Datasheet-MB-NAT-M1-30.pdf\">Easy-Drain-EN-Datasheet-MB-NAT-M1-30<\/a> Sertifikaat: <a href=\"https:\/\/scantank.ee\/wp-content\/uploads\/2022\/04\/Easydrain-sertifikaat-du\u0161irennid-trapid-5.pdf\">Easydrain-sertifikaatti-suihkukourut-lattiakaivot<\/a> Asennusohje: <a href=\"https:\/\/scantank.ee\/wp-content\/uploads\/2022\/04\/shower-drain_installation-advice_easy-drain_MODULO-STONE_E60.03.03.10.59_2019-r1-pr.pdf\">shower-drain_installation-advice_easy-drain_MODULO-STONE_E60.03.03.10.59_2019-r1-pr<\/a><\/p>\n","protected":false},"excerpt":{"rendered":"<p>Modulo Stone -suihkukourut Kehyksett\u00f6m\u00e4t Modulo Stone -suihkukourut, jotka voidaan asentaa kaikkien lattialaattojen kanssa. Kuvaus Kourujen pituudet 500\u20131200 mm, kouruissa on esiasennettu kosteuseristys. Viem\u00e4r\u00f6inti vaakasuora DN40\/DN50, joko k\u00e4\u00e4nnett\u00e4v\u00e4 tai ruostumattomasta ter\u00e4ksest\u00e4. Asennusvaihtoehdot joko sein\u00e4n viereen tai kauemmas sein\u00e4st\u00e4. Tuoteseloste: 08-Modulo-Stone-EN Piirustukset: Easy-Drain-EN-Datasheet-MB-NAT-M2-50-1 Easy-Drain-EN-Datasheet-MB-NAT-M2-35 Easy-Drain-EN-Datasheet-MB-NAT-M1-50 Easy-Drain-EN-Datasheet-MB-NAT-M1-30 Sertifikaat: Easydrain-sertifikaatti-suihkukourut-lattiakaivot Asennusohje: shower-drain_installation-advice_easy-drain_MODULO-STONE_E60.03.03.10.59_2019-r1-pr<\/p>\n","protected":false},"featured_media":6354,"template":"","meta":{"_acf_changed":false,"inline_featured_image":false,"_exactmetrics_skip_tracking":false,"_exactmetrics_sitenote_active":false,"_exactmetrics_sitenote_note":"","_exactmetrics_sitenote_category":0,"_monsterinsights_skip_tracking":false,"_monsterinsights_sitenote_active":false,"_monsterinsights_sitenote_note":"","_monsterinsights_sitenote_category":0},"product_cat":[259],"product_tag":[],"class_list":{"0":"post-7260","1":"product","2":"type-product","3":"status-publish","4":"has-post-thumbnail","6":"product_cat-dusirennid-fi","8":"first","9":"instock","10":"shipping-taxable","11":"product-type-simple"},"acf":[],"yoast_head":"<!-- This site is optimized with the Yoast SEO plugin v23.1 - https:\/\/yoast.com\/wordpress\/plugins\/seo\/ -->\n<title>Suihkukouru EASY DRAIN &quot;Modulo Stone&quot; | Scantank<\/title>\n<meta name=\"robots\" content=\"index, follow, max-snippet:-1, max-image-preview:large, max-video-preview:-1\" \/>\n<link rel=\"canonical\" href=\"https:\/\/scantank.ee\/fi\/toode\/dusirennid-easydrain-modulo-stone-2\/\" \/>\n<meta property=\"og:locale\" content=\"fi_FI\" \/>\n<meta property=\"og:type\" content=\"article\" \/>\n<meta property=\"og:title\" content=\"Suihkukouru EASY DRAIN &quot;Modulo Stone&quot; | Scantank\" \/>\n<meta property=\"og:description\" content=\"Modulo Stone -suihkukourut Kehyksett\u00f6m\u00e4t Modulo Stone -suihkukourut, jotka voidaan asentaa kaikkien lattialaattojen kanssa. Kuvaus Kourujen pituudet 500\u20131200 mm, kouruissa on esiasennettu kosteuseristys. Viem\u00e4r\u00f6inti vaakasuora DN40\/DN50, joko k\u00e4\u00e4nnett\u00e4v\u00e4 tai ruostumattomasta ter\u00e4ksest\u00e4. Asennusvaihtoehdot joko sein\u00e4n viereen tai kauemmas sein\u00e4st\u00e4. Tuoteseloste: 08-Modulo-Stone-EN Piirustukset: Easy-Drain-EN-Datasheet-MB-NAT-M2-50-1 Easy-Drain-EN-Datasheet-MB-NAT-M2-35 Easy-Drain-EN-Datasheet-MB-NAT-M1-50 Easy-Drain-EN-Datasheet-MB-NAT-M1-30 Sertifikaat: Easydrain-sertifikaatti-suihkukourut-lattiakaivot Asennusohje: shower-drain_installation-advice_easy-drain_MODULO-STONE_E60.03.03.10.59_2019-r1-pr\" \/>\n<meta property=\"og:url\" content=\"https:\/\/scantank.ee\/fi\/toode\/dusirennid-easydrain-modulo-stone-2\/\" \/>\n<meta property=\"og:site_name\" content=\"Scantank\" \/>\n<meta property=\"article:publisher\" content=\"http:\/\/www.facebook.com\/scantank\" \/>\n<meta property=\"og:image\" content=\"https:\/\/www.scantank.ee\/wp-content\/uploads\/2022\/04\/modulo-stone.jpg\" \/>\n\t<meta property=\"og:image:width\" content=\"840\" \/>\n\t<meta property=\"og:image:height\" content=\"840\" \/>\n\t<meta property=\"og:image:type\" content=\"image\/jpeg\" \/>\n<meta name=\"twitter:card\" content=\"summary_large_image\" \/>\n<script type=\"application\/ld+json\" class=\"yoast-schema-graph\">{\"@context\":\"https:\/\/schema.org\",\"@graph\":[{\"@type\":\"WebPage\",\"@id\":\"https:\/\/scantank.ee\/fi\/toode\/dusirennid-easydrain-modulo-stone-2\/\",\"url\":\"https:\/\/scantank.ee\/fi\/toode\/dusirennid-easydrain-modulo-stone-2\/\",\"name\":\"Suihkukouru EASY DRAIN \\\"Modulo Stone\\\" | Scantank\",\"isPartOf\":{\"@id\":\"https:\/\/scantank.ee\/fi\/#website\"},\"primaryImageOfPage\":{\"@id\":\"https:\/\/scantank.ee\/fi\/toode\/dusirennid-easydrain-modulo-stone-2\/#primaryimage\"},\"image\":{\"@id\":\"https:\/\/scantank.ee\/fi\/toode\/dusirennid-easydrain-modulo-stone-2\/#primaryimage\"},\"thumbnailUrl\":\"https:\/\/scantank.ee\/wp-content\/uploads\/2022\/04\/modulo-stone.jpg\",\"datePublished\":\"2022-08-03T10:37:01+00:00\",\"dateModified\":\"2022-08-03T10:37:01+00:00\",\"breadcrumb\":{\"@id\":\"https:\/\/scantank.ee\/fi\/toode\/dusirennid-easydrain-modulo-stone-2\/#breadcrumb\"},\"inLanguage\":\"fi\",\"potentialAction\":[{\"@type\":\"ReadAction\",\"target\":[\"https:\/\/scantank.ee\/fi\/toode\/dusirennid-easydrain-modulo-stone-2\/\"]}]},{\"@type\":\"ImageObject\",\"inLanguage\":\"fi\",\"@id\":\"https:\/\/scantank.ee\/fi\/toode\/dusirennid-easydrain-modulo-stone-2\/#primaryimage\",\"url\":\"https:\/\/scantank.ee\/wp-content\/uploads\/2022\/04\/modulo-stone.jpg\",\"contentUrl\":\"https:\/\/scantank.ee\/wp-content\/uploads\/2022\/04\/modulo-stone.jpg\",\"width\":840,\"height\":840},{\"@type\":\"BreadcrumbList\",\"@id\":\"https:\/\/scantank.ee\/fi\/toode\/dusirennid-easydrain-modulo-stone-2\/#breadcrumb\",\"itemListElement\":[{\"@type\":\"ListItem\",\"position\":1,\"name\":\"Home\",\"item\":\"https:\/\/scantank.ee\/fi\/\"},{\"@type\":\"ListItem\",\"position\":2,\"name\":\"Tuoteluettelo\",\"item\":\"https:\/\/scantank.ee\/fi\/tuoteluettelo\/\"},{\"@type\":\"ListItem\",\"position\":3,\"name\":\"Suihkukouru EASY DRAIN &#8221;Modulo Stone&#8221;\"}]},{\"@type\":\"WebSite\",\"@id\":\"https:\/\/scantank.ee\/fi\/#website\",\"url\":\"https:\/\/scantank.ee\/fi\/\",\"name\":\"Scantank\",\"description\":\"\",\"publisher\":{\"@id\":\"https:\/\/scantank.ee\/fi\/#organization\"},\"potentialAction\":[{\"@type\":\"SearchAction\",\"target\":{\"@type\":\"EntryPoint\",\"urlTemplate\":\"https:\/\/scantank.ee\/fi\/?s={search_term_string}\"},\"query-input\":\"required name=search_term_string\"}],\"inLanguage\":\"fi\"},{\"@type\":\"Organization\",\"@id\":\"https:\/\/scantank.ee\/fi\/#organization\",\"name\":\"Scantank O\u00dc\",\"url\":\"https:\/\/scantank.ee\/fi\/\",\"logo\":{\"@type\":\"ImageObject\",\"inLanguage\":\"fi\",\"@id\":\"https:\/\/scantank.ee\/fi\/#\/schema\/logo\/image\/\",\"url\":\"https:\/\/scantank.ee\/wp-content\/uploads\/2019\/08\/scantank-new.png\",\"contentUrl\":\"https:\/\/scantank.ee\/wp-content\/uploads\/2019\/08\/scantank-new.png\",\"width\":1041,\"height\":221,\"caption\":\"Scantank O\u00dc\"},\"image\":{\"@id\":\"https:\/\/scantank.ee\/fi\/#\/schema\/logo\/image\/\"},\"sameAs\":[\"http:\/\/www.facebook.com\/scantank\"]}]}<\/script>\n<!-- \/ Yoast SEO plugin. -->","yoast_head_json":{"title":"Suihkukouru EASY DRAIN \"Modulo Stone\" | Scantank","robots":{"index":"index","follow":"follow","max-snippet":"max-snippet:-1","max-image-preview":"max-image-preview:large","max-video-preview":"max-video-preview:-1"},"canonical":"https:\/\/scantank.ee\/fi\/toode\/dusirennid-easydrain-modulo-stone-2\/","og_locale":"fi_FI","og_type":"article","og_title":"Suihkukouru EASY DRAIN \"Modulo Stone\" | Scantank","og_description":"Modulo Stone -suihkukourut Kehyksett\u00f6m\u00e4t Modulo Stone -suihkukourut, jotka voidaan asentaa kaikkien lattialaattojen kanssa. Kuvaus Kourujen pituudet 500\u20131200 mm, kouruissa on esiasennettu kosteuseristys. Viem\u00e4r\u00f6inti vaakasuora DN40\/DN50, joko k\u00e4\u00e4nnett\u00e4v\u00e4 tai ruostumattomasta ter\u00e4ksest\u00e4. Asennusvaihtoehdot joko sein\u00e4n viereen tai kauemmas sein\u00e4st\u00e4. Tuoteseloste: 08-Modulo-Stone-EN Piirustukset: Easy-Drain-EN-Datasheet-MB-NAT-M2-50-1 Easy-Drain-EN-Datasheet-MB-NAT-M2-35 Easy-Drain-EN-Datasheet-MB-NAT-M1-50 Easy-Drain-EN-Datasheet-MB-NAT-M1-30 Sertifikaat: Easydrain-sertifikaatti-suihkukourut-lattiakaivot Asennusohje: shower-drain_installation-advice_easy-drain_MODULO-STONE_E60.03.03.10.59_2019-r1-pr","og_url":"https:\/\/scantank.ee\/fi\/toode\/dusirennid-easydrain-modulo-stone-2\/","og_site_name":"Scantank","article_publisher":"http:\/\/www.facebook.com\/scantank","og_image":[{"width":840,"height":840,"url":"https:\/\/www.scantank.ee\/wp-content\/uploads\/2022\/04\/modulo-stone.jpg","type":"image\/jpeg"}],"twitter_card":"summary_large_image","schema":{"@context":"https:\/\/schema.org","@graph":[{"@type":"WebPage","@id":"https:\/\/scantank.ee\/fi\/toode\/dusirennid-easydrain-modulo-stone-2\/","url":"https:\/\/scantank.ee\/fi\/toode\/dusirennid-easydrain-modulo-stone-2\/","name":"Suihkukouru EASY DRAIN \"Modulo Stone\" | Scantank","isPartOf":{"@id":"https:\/\/scantank.ee\/fi\/#website"},"primaryImageOfPage":{"@id":"https:\/\/scantank.ee\/fi\/toode\/dusirennid-easydrain-modulo-stone-2\/#primaryimage"},"image":{"@id":"https:\/\/scantank.ee\/fi\/toode\/dusirennid-easydrain-modulo-stone-2\/#primaryimage"},"thumbnailUrl":"https:\/\/scantank.ee\/wp-content\/uploads\/2022\/04\/modulo-stone.jpg","datePublished":"2022-08-03T10:37:01+00:00","dateModified":"2022-08-03T10:37:01+00:00","breadcrumb":{"@id":"https:\/\/scantank.ee\/fi\/toode\/dusirennid-easydrain-modulo-stone-2\/#breadcrumb"},"inLanguage":"fi","potentialAction":[{"@type":"ReadAction","target":["https:\/\/scantank.ee\/fi\/toode\/dusirennid-easydrain-modulo-stone-2\/"]}]},{"@type":"ImageObject","inLanguage":"fi","@id":"https:\/\/scantank.ee\/fi\/toode\/dusirennid-easydrain-modulo-stone-2\/#primaryimage","url":"https:\/\/scantank.ee\/wp-content\/uploads\/2022\/04\/modulo-stone.jpg","contentUrl":"https:\/\/scantank.ee\/wp-content\/uploads\/2022\/04\/modulo-stone.jpg","width":840,"height":840},{"@type":"BreadcrumbList","@id":"https:\/\/scantank.ee\/fi\/toode\/dusirennid-easydrain-modulo-stone-2\/#breadcrumb","itemListElement":[{"@type":"ListItem","position":1,"name":"Home","item":"https:\/\/scantank.ee\/fi\/"},{"@type":"ListItem","position":2,"name":"Tuoteluettelo","item":"https:\/\/scantank.ee\/fi\/tuoteluettelo\/"},{"@type":"ListItem","position":3,"name":"Suihkukouru EASY DRAIN &#8221;Modulo Stone&#8221;"}]},{"@type":"WebSite","@id":"https:\/\/scantank.ee\/fi\/#website","url":"https:\/\/scantank.ee\/fi\/","name":"Scantank","description":"","publisher":{"@id":"https:\/\/scantank.ee\/fi\/#organization"},"potentialAction":[{"@type":"SearchAction","target":{"@type":"EntryPoint","urlTemplate":"https:\/\/scantank.ee\/fi\/?s={search_term_string}"},"query-input":"required name=search_term_string"}],"inLanguage":"fi"},{"@type":"Organization","@id":"https:\/\/scantank.ee\/fi\/#organization","name":"Scantank O\u00dc","url":"https:\/\/scantank.ee\/fi\/","logo":{"@type":"ImageObject","inLanguage":"fi","@id":"https:\/\/scantank.ee\/fi\/#\/schema\/logo\/image\/","url":"https:\/\/scantank.ee\/wp-content\/uploads\/2019\/08\/scantank-new.png","contentUrl":"https:\/\/scantank.ee\/wp-content\/uploads\/2019\/08\/scantank-new.png","width":1041,"height":221,"caption":"Scantank O\u00dc"},"image":{"@id":"https:\/\/scantank.ee\/fi\/#\/schema\/logo\/image\/"},"sameAs":["http:\/\/www.facebook.com\/scantank"]}]}},"_links":{"self":[{"href":"https:\/\/scantank.ee\/fi\/wp-json\/wp\/v2\/product\/7260"}],"collection":[{"href":"https:\/\/scantank.ee\/fi\/wp-json\/wp\/v2\/product"}],"about":[{"href":"https:\/\/scantank.ee\/fi\/wp-json\/wp\/v2\/types\/product"}],"wp:featuredmedia":[{"embeddable":true,"href":"https:\/\/scantank.ee\/fi\/wp-json\/wp\/v2\/media\/6354"}],"wp:attachment":[{"href":"https:\/\/scantank.ee\/fi\/wp-json\/wp\/v2\/media?parent=7260"}],"wp:term":[{"taxonomy":"product_cat","embeddable":true,"href":"https:\/\/scantank.ee\/fi\/wp-json\/wp\/v2\/product_cat?post=7260"},{"taxonomy":"product_tag","embeddable":true,"href":"https:\/\/scantank.ee\/fi\/wp-json\/wp\/v2\/product_tag?post=7260"}],"curies":[{"name":"wp","href":"https:\/\/api.w.org\/{rel}","templated":true}]}}