{"id":7261,"date":"2022-04-03T09:22:04","date_gmt":"2022-08-03T10:37:01","guid":{"rendered":"https:\/\/scantank.ee\/toode\/suihkukouru-easy-drain-xs-nano\/"},"modified":"2022-08-03T10:37:01","modified_gmt":"2022-08-03T10:37:01","slug":"suihkukourut-easydraine-xs-nano","status":"publish","type":"product","link":"https:\/\/scantank.ee\/fi\/toode\/suihkukourut-easydraine-xs-nano\/","title":{"rendered":"Suihkukouru EASY DRAIN &#8221;XS Nano&#8221;"},"content":{"rendered":"<p><strong>XS Nano -suihkukourut<\/strong> Nykyaikaiset modernit kylpyhuoneet ovat muotoilultaan yksinkertaisia ja siistej\u00e4. Nano on maailman kapeimmalla aukolla varustettu suihkukouru, jonka muotoilu ja tekniikka sopivat moderniin kylpyhuoneeseen. Nano-suihkukouruissa on jo valmiiksi asennettu kosteuseristys eli WPS-j\u00e4rjestelm\u00e4 (Water Protection System), joka takaa tuotteen 100 % vuotovarmuuden. WPS-j\u00e4rjestelm\u00e4n lis\u00e4ksi kourussa on patentoitu TAF-j\u00e4rjestelm\u00e4 eli s\u00e4\u00e4dett\u00e4v\u00e4 yl\u00e4osa, jonka ansiosta kouru voidaan asentaa sek\u00e4 matalan ett\u00e4 korkean lattialevyn kanssa. TAF-j\u00e4rjestelm\u00e4n ansiosta kourun asennus onnistuu k\u00e4tev\u00e4sti sek\u00e4 mosaiikkilaattojen ett\u00e4 luonnonkivilaattojen kanssa. Nano-suihkukouru voidaan asentaa sein\u00e4\u00e4 vasten tai keskelle lattiaa. Vakiopituudet ovat 700\u2013 1200 mm. <strong> Kuvaus<\/strong> Nykyaikaisissa kylpyhuoneissa on yksinkertainen ja selke\u00e4 muotoilu. Nano on maailman kapeimmalla aukolla varustettu suihkukouru, jonka muotoilu ja tekniikka sopivat moderniin kylpyhuoneeseen. Nano-suihkukouruissa on jo valmiiksi asennettu kosteuseristys eli WPS-j\u00e4rjestelm\u00e4 (Water Protection System), joka takaa tuotteen 100 % vuotovarmuuden. WPS-j\u00e4rjestelm\u00e4n lis\u00e4ksi kourussa on patentoitu TAF-j\u00e4rjestelm\u00e4 eli s\u00e4\u00e4dett\u00e4v\u00e4 yl\u00e4osa, jonka ansiosta kouru voidaan asentaa sek\u00e4 matalan ett\u00e4 korkean lattialevyn kanssa. TAF-j\u00e4rjestelm\u00e4n ansiosta kourun asennus onnistuu k\u00e4tev\u00e4sti sek\u00e4 mosaiikkilaattojen ett\u00e4 luonnonkivilaattojen kanssa. Nano-suihkukouru voidaan asentaa sein\u00e4\u00e4 vasten tai keskelle lattiaa. Vakiopituudet ovat 700\u2013 1200 mm. Tuoteseloste\/hinnasto: <a href=\"https:\/\/scantank.ee\/wp-content\/uploads\/2022\/04\/03-NanoEE-2018-LR.pdf\">03-NanoEE-2018-LR<\/a> Sertifikaatti: <a href=\"https:\/\/scantank.ee\/wp-content\/uploads\/2022\/04\/Easydrain-sertifikaat-du\u0161irennid-trapid-6.pdf\">Easydrain-sertifikaatti-suihkukourut-lattiakaivot<\/a> Asennusohje: <a href=\"https:\/\/scantank.ee\/wp-content\/uploads\/2022\/04\/Nano-paigaldusjuhend.pdf\">Nanon-asennusohje<\/a> https:\/\/youtu.be\/7TNBhqGarZM<\/p>\n","protected":false},"excerpt":{"rendered":"<p>XS Nano -suihkukourut Nykyaikaiset modernit kylpyhuoneet ovat muotoilultaan yksinkertaisia ja siistej\u00e4. Nano on maailman kapeimmalla aukolla varustettu suihkukouru, jonka muotoilu ja tekniikka sopivat moderniin kylpyhuoneeseen. Nano-suihkukouruissa on jo valmiiksi asennettu kosteuseristys eli WPS-j\u00e4rjestelm\u00e4 (Water Protection System), joka takaa tuotteen 100 % vuotovarmuuden. WPS-j\u00e4rjestelm\u00e4n lis\u00e4ksi kourussa on patentoitu TAF-j\u00e4rjestelm\u00e4 eli s\u00e4\u00e4dett\u00e4v\u00e4 yl\u00e4osa, jonka ansiosta kouru voidaan [&hellip;]<\/p>\n","protected":false},"featured_media":6400,"template":"","meta":{"_acf_changed":false,"inline_featured_image":false,"_exactmetrics_skip_tracking":false,"_exactmetrics_sitenote_active":false,"_exactmetrics_sitenote_note":"","_exactmetrics_sitenote_category":0,"_monsterinsights_skip_tracking":false,"_monsterinsights_sitenote_active":false,"_monsterinsights_sitenote_note":"","_monsterinsights_sitenote_category":0},"product_cat":[259],"product_tag":[],"class_list":{"0":"post-7261","1":"product","2":"type-product","3":"status-publish","4":"has-post-thumbnail","6":"product_cat-dusirennid-fi","8":"first","9":"instock","10":"shipping-taxable","11":"product-type-simple"},"acf":[],"yoast_head":"<!-- This site is optimized with the Yoast SEO plugin v23.1 - https:\/\/yoast.com\/wordpress\/plugins\/seo\/ -->\n<title>Suihkukouru EASY DRAIN &quot;XS Nano&quot; | Scantank<\/title>\n<meta name=\"robots\" content=\"index, follow, max-snippet:-1, max-image-preview:large, max-video-preview:-1\" \/>\n<link rel=\"canonical\" href=\"https:\/\/scantank.ee\/fi\/toode\/suihkukourut-easydraine-xs-nano\/\" \/>\n<meta property=\"og:locale\" content=\"fi_FI\" \/>\n<meta property=\"og:type\" content=\"article\" \/>\n<meta property=\"og:title\" content=\"Suihkukouru EASY DRAIN &quot;XS Nano&quot; | Scantank\" \/>\n<meta property=\"og:description\" content=\"XS Nano -suihkukourut Nykyaikaiset modernit kylpyhuoneet ovat muotoilultaan yksinkertaisia ja siistej\u00e4. Nano on maailman kapeimmalla aukolla varustettu suihkukouru, jonka muotoilu ja tekniikka sopivat moderniin kylpyhuoneeseen. Nano-suihkukouruissa on jo valmiiksi asennettu kosteuseristys eli WPS-j\u00e4rjestelm\u00e4 (Water Protection System), joka takaa tuotteen 100 % vuotovarmuuden. WPS-j\u00e4rjestelm\u00e4n lis\u00e4ksi kourussa on patentoitu TAF-j\u00e4rjestelm\u00e4 eli s\u00e4\u00e4dett\u00e4v\u00e4 yl\u00e4osa, jonka ansiosta kouru voidaan [&hellip;]\" \/>\n<meta property=\"og:url\" content=\"https:\/\/scantank.ee\/fi\/toode\/suihkukourut-easydraine-xs-nano\/\" \/>\n<meta property=\"og:site_name\" content=\"Scantank\" \/>\n<meta property=\"article:publisher\" content=\"http:\/\/www.facebook.com\/scantank\" \/>\n<meta property=\"og:image\" content=\"https:\/\/www.scantank.ee\/wp-content\/uploads\/2022\/04\/nano1-XS-Easydrain.jpg\" \/>\n\t<meta property=\"og:image:width\" content=\"840\" \/>\n\t<meta property=\"og:image:height\" content=\"561\" \/>\n\t<meta property=\"og:image:type\" content=\"image\/jpeg\" \/>\n<meta name=\"twitter:card\" content=\"summary_large_image\" \/>\n<meta name=\"twitter:label1\" content=\"Arvioitu lukuaika\" \/>\n\t<meta name=\"twitter:data1\" content=\"1 minuutti\" \/>\n<script type=\"application\/ld+json\" class=\"yoast-schema-graph\">{\"@context\":\"https:\/\/schema.org\",\"@graph\":[{\"@type\":\"WebPage\",\"@id\":\"https:\/\/scantank.ee\/fi\/toode\/suihkukourut-easydraine-xs-nano\/\",\"url\":\"https:\/\/scantank.ee\/fi\/toode\/suihkukourut-easydraine-xs-nano\/\",\"name\":\"Suihkukouru EASY DRAIN \\\"XS Nano\\\" | Scantank\",\"isPartOf\":{\"@id\":\"https:\/\/scantank.ee\/fi\/#website\"},\"primaryImageOfPage\":{\"@id\":\"https:\/\/scantank.ee\/fi\/toode\/suihkukourut-easydraine-xs-nano\/#primaryimage\"},\"image\":{\"@id\":\"https:\/\/scantank.ee\/fi\/toode\/suihkukourut-easydraine-xs-nano\/#primaryimage\"},\"thumbnailUrl\":\"https:\/\/scantank.ee\/wp-content\/uploads\/2022\/04\/nano1-XS-Easydrain.jpg\",\"datePublished\":\"2022-08-03T10:37:01+00:00\",\"dateModified\":\"2022-08-03T10:37:01+00:00\",\"breadcrumb\":{\"@id\":\"https:\/\/scantank.ee\/fi\/toode\/suihkukourut-easydraine-xs-nano\/#breadcrumb\"},\"inLanguage\":\"fi\",\"potentialAction\":[{\"@type\":\"ReadAction\",\"target\":[\"https:\/\/scantank.ee\/fi\/toode\/suihkukourut-easydraine-xs-nano\/\"]}]},{\"@type\":\"ImageObject\",\"inLanguage\":\"fi\",\"@id\":\"https:\/\/scantank.ee\/fi\/toode\/suihkukourut-easydraine-xs-nano\/#primaryimage\",\"url\":\"https:\/\/scantank.ee\/wp-content\/uploads\/2022\/04\/nano1-XS-Easydrain.jpg\",\"contentUrl\":\"https:\/\/scantank.ee\/wp-content\/uploads\/2022\/04\/nano1-XS-Easydrain.jpg\",\"width\":840,\"height\":561},{\"@type\":\"BreadcrumbList\",\"@id\":\"https:\/\/scantank.ee\/fi\/toode\/suihkukourut-easydraine-xs-nano\/#breadcrumb\",\"itemListElement\":[{\"@type\":\"ListItem\",\"position\":1,\"name\":\"Home\",\"item\":\"https:\/\/scantank.ee\/fi\/\"},{\"@type\":\"ListItem\",\"position\":2,\"name\":\"Tuoteluettelo\",\"item\":\"https:\/\/scantank.ee\/fi\/tuoteluettelo\/\"},{\"@type\":\"ListItem\",\"position\":3,\"name\":\"Suihkukouru EASY DRAIN &#8221;XS Nano&#8221;\"}]},{\"@type\":\"WebSite\",\"@id\":\"https:\/\/scantank.ee\/fi\/#website\",\"url\":\"https:\/\/scantank.ee\/fi\/\",\"name\":\"Scantank\",\"description\":\"\",\"publisher\":{\"@id\":\"https:\/\/scantank.ee\/fi\/#organization\"},\"potentialAction\":[{\"@type\":\"SearchAction\",\"target\":{\"@type\":\"EntryPoint\",\"urlTemplate\":\"https:\/\/scantank.ee\/fi\/?s={search_term_string}\"},\"query-input\":\"required name=search_term_string\"}],\"inLanguage\":\"fi\"},{\"@type\":\"Organization\",\"@id\":\"https:\/\/scantank.ee\/fi\/#organization\",\"name\":\"Scantank O\u00dc\",\"url\":\"https:\/\/scantank.ee\/fi\/\",\"logo\":{\"@type\":\"ImageObject\",\"inLanguage\":\"fi\",\"@id\":\"https:\/\/scantank.ee\/fi\/#\/schema\/logo\/image\/\",\"url\":\"https:\/\/scantank.ee\/wp-content\/uploads\/2019\/08\/scantank-new.png\",\"contentUrl\":\"https:\/\/scantank.ee\/wp-content\/uploads\/2019\/08\/scantank-new.png\",\"width\":1041,\"height\":221,\"caption\":\"Scantank O\u00dc\"},\"image\":{\"@id\":\"https:\/\/scantank.ee\/fi\/#\/schema\/logo\/image\/\"},\"sameAs\":[\"http:\/\/www.facebook.com\/scantank\"]}]}<\/script>\n<!-- \/ Yoast SEO plugin. -->","yoast_head_json":{"title":"Suihkukouru EASY DRAIN \"XS Nano\" | Scantank","robots":{"index":"index","follow":"follow","max-snippet":"max-snippet:-1","max-image-preview":"max-image-preview:large","max-video-preview":"max-video-preview:-1"},"canonical":"https:\/\/scantank.ee\/fi\/toode\/suihkukourut-easydraine-xs-nano\/","og_locale":"fi_FI","og_type":"article","og_title":"Suihkukouru EASY DRAIN \"XS Nano\" | Scantank","og_description":"XS Nano -suihkukourut Nykyaikaiset modernit kylpyhuoneet ovat muotoilultaan yksinkertaisia ja siistej\u00e4. Nano on maailman kapeimmalla aukolla varustettu suihkukouru, jonka muotoilu ja tekniikka sopivat moderniin kylpyhuoneeseen. Nano-suihkukouruissa on jo valmiiksi asennettu kosteuseristys eli WPS-j\u00e4rjestelm\u00e4 (Water Protection System), joka takaa tuotteen 100 % vuotovarmuuden. WPS-j\u00e4rjestelm\u00e4n lis\u00e4ksi kourussa on patentoitu TAF-j\u00e4rjestelm\u00e4 eli s\u00e4\u00e4dett\u00e4v\u00e4 yl\u00e4osa, jonka ansiosta kouru voidaan [&hellip;]","og_url":"https:\/\/scantank.ee\/fi\/toode\/suihkukourut-easydraine-xs-nano\/","og_site_name":"Scantank","article_publisher":"http:\/\/www.facebook.com\/scantank","og_image":[{"width":840,"height":561,"url":"https:\/\/www.scantank.ee\/wp-content\/uploads\/2022\/04\/nano1-XS-Easydrain.jpg","type":"image\/jpeg"}],"twitter_card":"summary_large_image","twitter_misc":{"Arvioitu lukuaika":"1 minuutti"},"schema":{"@context":"https:\/\/schema.org","@graph":[{"@type":"WebPage","@id":"https:\/\/scantank.ee\/fi\/toode\/suihkukourut-easydraine-xs-nano\/","url":"https:\/\/scantank.ee\/fi\/toode\/suihkukourut-easydraine-xs-nano\/","name":"Suihkukouru EASY DRAIN \"XS Nano\" | Scantank","isPartOf":{"@id":"https:\/\/scantank.ee\/fi\/#website"},"primaryImageOfPage":{"@id":"https:\/\/scantank.ee\/fi\/toode\/suihkukourut-easydraine-xs-nano\/#primaryimage"},"image":{"@id":"https:\/\/scantank.ee\/fi\/toode\/suihkukourut-easydraine-xs-nano\/#primaryimage"},"thumbnailUrl":"https:\/\/scantank.ee\/wp-content\/uploads\/2022\/04\/nano1-XS-Easydrain.jpg","datePublished":"2022-08-03T10:37:01+00:00","dateModified":"2022-08-03T10:37:01+00:00","breadcrumb":{"@id":"https:\/\/scantank.ee\/fi\/toode\/suihkukourut-easydraine-xs-nano\/#breadcrumb"},"inLanguage":"fi","potentialAction":[{"@type":"ReadAction","target":["https:\/\/scantank.ee\/fi\/toode\/suihkukourut-easydraine-xs-nano\/"]}]},{"@type":"ImageObject","inLanguage":"fi","@id":"https:\/\/scantank.ee\/fi\/toode\/suihkukourut-easydraine-xs-nano\/#primaryimage","url":"https:\/\/scantank.ee\/wp-content\/uploads\/2022\/04\/nano1-XS-Easydrain.jpg","contentUrl":"https:\/\/scantank.ee\/wp-content\/uploads\/2022\/04\/nano1-XS-Easydrain.jpg","width":840,"height":561},{"@type":"BreadcrumbList","@id":"https:\/\/scantank.ee\/fi\/toode\/suihkukourut-easydraine-xs-nano\/#breadcrumb","itemListElement":[{"@type":"ListItem","position":1,"name":"Home","item":"https:\/\/scantank.ee\/fi\/"},{"@type":"ListItem","position":2,"name":"Tuoteluettelo","item":"https:\/\/scantank.ee\/fi\/tuoteluettelo\/"},{"@type":"ListItem","position":3,"name":"Suihkukouru EASY DRAIN &#8221;XS Nano&#8221;"}]},{"@type":"WebSite","@id":"https:\/\/scantank.ee\/fi\/#website","url":"https:\/\/scantank.ee\/fi\/","name":"Scantank","description":"","publisher":{"@id":"https:\/\/scantank.ee\/fi\/#organization"},"potentialAction":[{"@type":"SearchAction","target":{"@type":"EntryPoint","urlTemplate":"https:\/\/scantank.ee\/fi\/?s={search_term_string}"},"query-input":"required name=search_term_string"}],"inLanguage":"fi"},{"@type":"Organization","@id":"https:\/\/scantank.ee\/fi\/#organization","name":"Scantank O\u00dc","url":"https:\/\/scantank.ee\/fi\/","logo":{"@type":"ImageObject","inLanguage":"fi","@id":"https:\/\/scantank.ee\/fi\/#\/schema\/logo\/image\/","url":"https:\/\/scantank.ee\/wp-content\/uploads\/2019\/08\/scantank-new.png","contentUrl":"https:\/\/scantank.ee\/wp-content\/uploads\/2019\/08\/scantank-new.png","width":1041,"height":221,"caption":"Scantank O\u00dc"},"image":{"@id":"https:\/\/scantank.ee\/fi\/#\/schema\/logo\/image\/"},"sameAs":["http:\/\/www.facebook.com\/scantank"]}]}},"_links":{"self":[{"href":"https:\/\/scantank.ee\/fi\/wp-json\/wp\/v2\/product\/7261"}],"collection":[{"href":"https:\/\/scantank.ee\/fi\/wp-json\/wp\/v2\/product"}],"about":[{"href":"https:\/\/scantank.ee\/fi\/wp-json\/wp\/v2\/types\/product"}],"wp:featuredmedia":[{"embeddable":true,"href":"https:\/\/scantank.ee\/fi\/wp-json\/wp\/v2\/media\/6400"}],"wp:attachment":[{"href":"https:\/\/scantank.ee\/fi\/wp-json\/wp\/v2\/media?parent=7261"}],"wp:term":[{"taxonomy":"product_cat","embeddable":true,"href":"https:\/\/scantank.ee\/fi\/wp-json\/wp\/v2\/product_cat?post=7261"},{"taxonomy":"product_tag","embeddable":true,"href":"https:\/\/scantank.ee\/fi\/wp-json\/wp\/v2\/product_tag?post=7261"}],"curies":[{"name":"wp","href":"https:\/\/api.w.org\/{rel}","templated":true}]}}