{"id":7263,"date":"2022-04-03T09:42:37","date_gmt":"2022-08-03T10:37:02","guid":{"rendered":"https:\/\/scantank.ee\/toode\/suihkukouru-easy-drain-vinyl\/"},"modified":"2022-08-03T10:37:02","modified_gmt":"2022-08-03T10:37:02","slug":"dusirenn-easydrain-vinyl-2","status":"publish","type":"product","link":"https:\/\/scantank.ee\/fi\/toode\/dusirenn-easydrain-vinyl-2\/","title":{"rendered":"Suihkukouru EASY DRAIN &#8221;Vinyl&#8221;"},"content":{"rendered":"<p><strong>Easy Drain Vinyl -suihkukourut Kuvaus<\/strong> Easy Drain vinyylisuihkukourut on suunniteltu PVC-lattioihin. Kouruissa on erityinen ruostumattomasta ter\u00e4ksest\u00e4 valmistettu reuna, jonka v\u00e4liin PVC-lattiamateriaali kiinnitet\u00e4\u00e4n. T\u00e4m\u00e4 takaa 100 % tiiviyden ja lattiamateriaalin vahvan kiinnityksen. Pituusvaihtoehdot: 700, 800, 900, 1000 ja 1200 mm Viem\u00e4ri vaakasuora matala DN40- tai korkea DN50-malli lapolla ja pystysuora DN50\/57-malli lapolla. Tuoteseloste: <a href=\"https:\/\/scantank.ee\/wp-content\/uploads\/2022\/04\/Easydrain-vin\u00fc\u00fcldu\u0161irenn.pdf\">Easydrain-vinyylisuihkukouru<\/a> Sertifikaatti: <a href=\"https:\/\/scantank.ee\/wp-content\/uploads\/2022\/04\/Easydrain-sertifikaat-du\u0161irennid-trapid-8.pdf\">Easydrain-sertifikaatti-suihkukourut-lattiakaivot<\/a> Asennusohje: <a href=\"https:\/\/scantank.ee\/wp-content\/uploads\/2022\/04\/Easydrain-vin\u00fc\u00fclrenni-paigaldusjuhend..pdf\">Easydrain-vinyylikourun-asennusohje.<\/a> https:\/\/youtu.be\/3vzBNU29Faw<\/p>\n","protected":false},"excerpt":{"rendered":"<p>Easy Drain Vinyl -suihkukourut Kuvaus Easy Drain vinyylisuihkukourut on suunniteltu PVC-lattioihin. Kouruissa on erityinen ruostumattomasta ter\u00e4ksest\u00e4 valmistettu reuna, jonka v\u00e4liin PVC-lattiamateriaali kiinnitet\u00e4\u00e4n. T\u00e4m\u00e4 takaa 100 % tiiviyden ja lattiamateriaalin vahvan kiinnityksen. Pituusvaihtoehdot: 700, 800, 900, 1000 ja 1200 mm Viem\u00e4ri vaakasuora matala DN40- tai korkea DN50-malli lapolla ja pystysuora DN50\/57-malli lapolla. Tuoteseloste: Easydrain-vinyylisuihkukouru Sertifikaatti: Easydrain-sertifikaatti-suihkukourut-lattiakaivot [&hellip;]<\/p>\n","protected":false},"featured_media":6487,"template":"","meta":{"_acf_changed":false,"inline_featured_image":false,"_exactmetrics_skip_tracking":false,"_exactmetrics_sitenote_active":false,"_exactmetrics_sitenote_note":"","_exactmetrics_sitenote_category":0,"_monsterinsights_skip_tracking":false,"_monsterinsights_sitenote_active":false,"_monsterinsights_sitenote_note":"","_monsterinsights_sitenote_category":0},"product_cat":[259],"product_tag":[],"class_list":{"0":"post-7263","1":"product","2":"type-product","3":"status-publish","4":"has-post-thumbnail","6":"product_cat-dusirennid-fi","8":"first","9":"instock","10":"shipping-taxable","11":"product-type-simple"},"acf":[],"yoast_head":"<!-- This site is optimized with the Yoast SEO plugin v23.1 - https:\/\/yoast.com\/wordpress\/plugins\/seo\/ -->\n<title>Suihkukouru EASY DRAIN &quot;Vinyl&quot; | Scantank<\/title>\n<meta name=\"robots\" content=\"index, follow, max-snippet:-1, max-image-preview:large, max-video-preview:-1\" \/>\n<link rel=\"canonical\" href=\"https:\/\/scantank.ee\/fi\/toode\/dusirenn-easydrain-vinyl-2\/\" \/>\n<meta property=\"og:locale\" content=\"fi_FI\" \/>\n<meta property=\"og:type\" content=\"article\" \/>\n<meta property=\"og:title\" content=\"Suihkukouru EASY DRAIN &quot;Vinyl&quot; | Scantank\" \/>\n<meta property=\"og:description\" content=\"Easy Drain Vinyl -suihkukourut Kuvaus Easy Drain vinyylisuihkukourut on suunniteltu PVC-lattioihin. Kouruissa on erityinen ruostumattomasta ter\u00e4ksest\u00e4 valmistettu reuna, jonka v\u00e4liin PVC-lattiamateriaali kiinnitet\u00e4\u00e4n. T\u00e4m\u00e4 takaa 100 % tiiviyden ja lattiamateriaalin vahvan kiinnityksen. Pituusvaihtoehdot: 700, 800, 900, 1000 ja 1200 mm Viem\u00e4ri vaakasuora matala DN40- tai korkea DN50-malli lapolla ja pystysuora DN50\/57-malli lapolla. Tuoteseloste: Easydrain-vinyylisuihkukouru Sertifikaatti: Easydrain-sertifikaatti-suihkukourut-lattiakaivot [&hellip;]\" \/>\n<meta property=\"og:url\" content=\"https:\/\/scantank.ee\/fi\/toode\/dusirenn-easydrain-vinyl-2\/\" \/>\n<meta property=\"og:site_name\" content=\"Scantank\" \/>\n<meta property=\"article:publisher\" content=\"http:\/\/www.facebook.com\/scantank\" \/>\n<meta property=\"og:image\" content=\"https:\/\/www.scantank.ee\/wp-content\/uploads\/2022\/04\/ess-vin-2-EasyDrain-Vinyl.jpg\" \/>\n\t<meta property=\"og:image:width\" content=\"900\" \/>\n\t<meta property=\"og:image:height\" content=\"636\" \/>\n\t<meta property=\"og:image:type\" content=\"image\/jpeg\" \/>\n<meta name=\"twitter:card\" content=\"summary_large_image\" \/>\n<script type=\"application\/ld+json\" class=\"yoast-schema-graph\">{\"@context\":\"https:\/\/schema.org\",\"@graph\":[{\"@type\":\"WebPage\",\"@id\":\"https:\/\/scantank.ee\/fi\/toode\/dusirenn-easydrain-vinyl-2\/\",\"url\":\"https:\/\/scantank.ee\/fi\/toode\/dusirenn-easydrain-vinyl-2\/\",\"name\":\"Suihkukouru EASY DRAIN \\\"Vinyl\\\" | Scantank\",\"isPartOf\":{\"@id\":\"https:\/\/scantank.ee\/fi\/#website\"},\"primaryImageOfPage\":{\"@id\":\"https:\/\/scantank.ee\/fi\/toode\/dusirenn-easydrain-vinyl-2\/#primaryimage\"},\"image\":{\"@id\":\"https:\/\/scantank.ee\/fi\/toode\/dusirenn-easydrain-vinyl-2\/#primaryimage\"},\"thumbnailUrl\":\"https:\/\/scantank.ee\/wp-content\/uploads\/2022\/04\/ess-vin-2-EasyDrain-Vinyl.jpg\",\"datePublished\":\"2022-08-03T10:37:02+00:00\",\"dateModified\":\"2022-08-03T10:37:02+00:00\",\"breadcrumb\":{\"@id\":\"https:\/\/scantank.ee\/fi\/toode\/dusirenn-easydrain-vinyl-2\/#breadcrumb\"},\"inLanguage\":\"fi\",\"potentialAction\":[{\"@type\":\"ReadAction\",\"target\":[\"https:\/\/scantank.ee\/fi\/toode\/dusirenn-easydrain-vinyl-2\/\"]}]},{\"@type\":\"ImageObject\",\"inLanguage\":\"fi\",\"@id\":\"https:\/\/scantank.ee\/fi\/toode\/dusirenn-easydrain-vinyl-2\/#primaryimage\",\"url\":\"https:\/\/scantank.ee\/wp-content\/uploads\/2022\/04\/ess-vin-2-EasyDrain-Vinyl.jpg\",\"contentUrl\":\"https:\/\/scantank.ee\/wp-content\/uploads\/2022\/04\/ess-vin-2-EasyDrain-Vinyl.jpg\",\"width\":900,\"height\":636},{\"@type\":\"BreadcrumbList\",\"@id\":\"https:\/\/scantank.ee\/fi\/toode\/dusirenn-easydrain-vinyl-2\/#breadcrumb\",\"itemListElement\":[{\"@type\":\"ListItem\",\"position\":1,\"name\":\"Home\",\"item\":\"https:\/\/scantank.ee\/fi\/\"},{\"@type\":\"ListItem\",\"position\":2,\"name\":\"Tuoteluettelo\",\"item\":\"https:\/\/scantank.ee\/fi\/tuoteluettelo\/\"},{\"@type\":\"ListItem\",\"position\":3,\"name\":\"Suihkukouru EASY DRAIN &#8221;Vinyl&#8221;\"}]},{\"@type\":\"WebSite\",\"@id\":\"https:\/\/scantank.ee\/fi\/#website\",\"url\":\"https:\/\/scantank.ee\/fi\/\",\"name\":\"Scantank\",\"description\":\"\",\"publisher\":{\"@id\":\"https:\/\/scantank.ee\/fi\/#organization\"},\"potentialAction\":[{\"@type\":\"SearchAction\",\"target\":{\"@type\":\"EntryPoint\",\"urlTemplate\":\"https:\/\/scantank.ee\/fi\/?s={search_term_string}\"},\"query-input\":\"required name=search_term_string\"}],\"inLanguage\":\"fi\"},{\"@type\":\"Organization\",\"@id\":\"https:\/\/scantank.ee\/fi\/#organization\",\"name\":\"Scantank O\u00dc\",\"url\":\"https:\/\/scantank.ee\/fi\/\",\"logo\":{\"@type\":\"ImageObject\",\"inLanguage\":\"fi\",\"@id\":\"https:\/\/scantank.ee\/fi\/#\/schema\/logo\/image\/\",\"url\":\"https:\/\/scantank.ee\/wp-content\/uploads\/2019\/08\/scantank-new.png\",\"contentUrl\":\"https:\/\/scantank.ee\/wp-content\/uploads\/2019\/08\/scantank-new.png\",\"width\":1041,\"height\":221,\"caption\":\"Scantank O\u00dc\"},\"image\":{\"@id\":\"https:\/\/scantank.ee\/fi\/#\/schema\/logo\/image\/\"},\"sameAs\":[\"http:\/\/www.facebook.com\/scantank\"]}]}<\/script>\n<!-- \/ Yoast SEO plugin. -->","yoast_head_json":{"title":"Suihkukouru EASY DRAIN \"Vinyl\" | Scantank","robots":{"index":"index","follow":"follow","max-snippet":"max-snippet:-1","max-image-preview":"max-image-preview:large","max-video-preview":"max-video-preview:-1"},"canonical":"https:\/\/scantank.ee\/fi\/toode\/dusirenn-easydrain-vinyl-2\/","og_locale":"fi_FI","og_type":"article","og_title":"Suihkukouru EASY DRAIN \"Vinyl\" | Scantank","og_description":"Easy Drain Vinyl -suihkukourut Kuvaus Easy Drain vinyylisuihkukourut on suunniteltu PVC-lattioihin. Kouruissa on erityinen ruostumattomasta ter\u00e4ksest\u00e4 valmistettu reuna, jonka v\u00e4liin PVC-lattiamateriaali kiinnitet\u00e4\u00e4n. T\u00e4m\u00e4 takaa 100 % tiiviyden ja lattiamateriaalin vahvan kiinnityksen. Pituusvaihtoehdot: 700, 800, 900, 1000 ja 1200 mm Viem\u00e4ri vaakasuora matala DN40- tai korkea DN50-malli lapolla ja pystysuora DN50\/57-malli lapolla. Tuoteseloste: Easydrain-vinyylisuihkukouru Sertifikaatti: Easydrain-sertifikaatti-suihkukourut-lattiakaivot [&hellip;]","og_url":"https:\/\/scantank.ee\/fi\/toode\/dusirenn-easydrain-vinyl-2\/","og_site_name":"Scantank","article_publisher":"http:\/\/www.facebook.com\/scantank","og_image":[{"width":900,"height":636,"url":"https:\/\/www.scantank.ee\/wp-content\/uploads\/2022\/04\/ess-vin-2-EasyDrain-Vinyl.jpg","type":"image\/jpeg"}],"twitter_card":"summary_large_image","schema":{"@context":"https:\/\/schema.org","@graph":[{"@type":"WebPage","@id":"https:\/\/scantank.ee\/fi\/toode\/dusirenn-easydrain-vinyl-2\/","url":"https:\/\/scantank.ee\/fi\/toode\/dusirenn-easydrain-vinyl-2\/","name":"Suihkukouru EASY DRAIN \"Vinyl\" | Scantank","isPartOf":{"@id":"https:\/\/scantank.ee\/fi\/#website"},"primaryImageOfPage":{"@id":"https:\/\/scantank.ee\/fi\/toode\/dusirenn-easydrain-vinyl-2\/#primaryimage"},"image":{"@id":"https:\/\/scantank.ee\/fi\/toode\/dusirenn-easydrain-vinyl-2\/#primaryimage"},"thumbnailUrl":"https:\/\/scantank.ee\/wp-content\/uploads\/2022\/04\/ess-vin-2-EasyDrain-Vinyl.jpg","datePublished":"2022-08-03T10:37:02+00:00","dateModified":"2022-08-03T10:37:02+00:00","breadcrumb":{"@id":"https:\/\/scantank.ee\/fi\/toode\/dusirenn-easydrain-vinyl-2\/#breadcrumb"},"inLanguage":"fi","potentialAction":[{"@type":"ReadAction","target":["https:\/\/scantank.ee\/fi\/toode\/dusirenn-easydrain-vinyl-2\/"]}]},{"@type":"ImageObject","inLanguage":"fi","@id":"https:\/\/scantank.ee\/fi\/toode\/dusirenn-easydrain-vinyl-2\/#primaryimage","url":"https:\/\/scantank.ee\/wp-content\/uploads\/2022\/04\/ess-vin-2-EasyDrain-Vinyl.jpg","contentUrl":"https:\/\/scantank.ee\/wp-content\/uploads\/2022\/04\/ess-vin-2-EasyDrain-Vinyl.jpg","width":900,"height":636},{"@type":"BreadcrumbList","@id":"https:\/\/scantank.ee\/fi\/toode\/dusirenn-easydrain-vinyl-2\/#breadcrumb","itemListElement":[{"@type":"ListItem","position":1,"name":"Home","item":"https:\/\/scantank.ee\/fi\/"},{"@type":"ListItem","position":2,"name":"Tuoteluettelo","item":"https:\/\/scantank.ee\/fi\/tuoteluettelo\/"},{"@type":"ListItem","position":3,"name":"Suihkukouru EASY DRAIN &#8221;Vinyl&#8221;"}]},{"@type":"WebSite","@id":"https:\/\/scantank.ee\/fi\/#website","url":"https:\/\/scantank.ee\/fi\/","name":"Scantank","description":"","publisher":{"@id":"https:\/\/scantank.ee\/fi\/#organization"},"potentialAction":[{"@type":"SearchAction","target":{"@type":"EntryPoint","urlTemplate":"https:\/\/scantank.ee\/fi\/?s={search_term_string}"},"query-input":"required name=search_term_string"}],"inLanguage":"fi"},{"@type":"Organization","@id":"https:\/\/scantank.ee\/fi\/#organization","name":"Scantank O\u00dc","url":"https:\/\/scantank.ee\/fi\/","logo":{"@type":"ImageObject","inLanguage":"fi","@id":"https:\/\/scantank.ee\/fi\/#\/schema\/logo\/image\/","url":"https:\/\/scantank.ee\/wp-content\/uploads\/2019\/08\/scantank-new.png","contentUrl":"https:\/\/scantank.ee\/wp-content\/uploads\/2019\/08\/scantank-new.png","width":1041,"height":221,"caption":"Scantank O\u00dc"},"image":{"@id":"https:\/\/scantank.ee\/fi\/#\/schema\/logo\/image\/"},"sameAs":["http:\/\/www.facebook.com\/scantank"]}]}},"_links":{"self":[{"href":"https:\/\/scantank.ee\/fi\/wp-json\/wp\/v2\/product\/7263"}],"collection":[{"href":"https:\/\/scantank.ee\/fi\/wp-json\/wp\/v2\/product"}],"about":[{"href":"https:\/\/scantank.ee\/fi\/wp-json\/wp\/v2\/types\/product"}],"wp:featuredmedia":[{"embeddable":true,"href":"https:\/\/scantank.ee\/fi\/wp-json\/wp\/v2\/media\/6487"}],"wp:attachment":[{"href":"https:\/\/scantank.ee\/fi\/wp-json\/wp\/v2\/media?parent=7263"}],"wp:term":[{"taxonomy":"product_cat","embeddable":true,"href":"https:\/\/scantank.ee\/fi\/wp-json\/wp\/v2\/product_cat?post=7263"},{"taxonomy":"product_tag","embeddable":true,"href":"https:\/\/scantank.ee\/fi\/wp-json\/wp\/v2\/product_tag?post=7263"}],"curies":[{"name":"wp","href":"https:\/\/api.w.org\/{rel}","templated":true}]}}