{"id":7264,"date":"2022-04-03T09:51:28","date_gmt":"2022-08-03T10:37:03","guid":{"rendered":"https:\/\/scantank.ee\/toode\/suihkukouru-easy-drain-blueline\/"},"modified":"2022-08-03T10:37:03","modified_gmt":"2022-08-03T10:37:03","slug":"suihkukouru-easydrain-blueline","status":"publish","type":"product","link":"https:\/\/scantank.ee\/fi\/toode\/suihkukouru-easydrain-blueline\/","title":{"rendered":"Suihkukouru EASY DRAIN &#8221;Blueline&#8221;"},"content":{"rendered":"<p><strong>Easy Drain Blueline -suihkukourut<\/strong> Blueline-suihkukourut on valmistettu korkealaatuisesta ruostumattomasta ter\u00e4ksest\u00e4, ja ne on suunniteltu asennettaviksi sein\u00e4n viereen tai keskelle lattiaa. Matalan rakenteensa ansiosta ne soveltuvat asennettaviksi sek\u00e4 remontoituihin tiloihin ett\u00e4 uudisrakennuksiin. Kouruissa on ruostumattomasta ter\u00e4ksest\u00e4 valmistetut kosteudeneristysreunat, tyhjennys k\u00e4\u00e4nnett\u00e4v\u00e4 DN40 tai DN50 vaakasuoralla poistoaukolla. Pituudet 700 mm, 800 mm, 900 mm, 1000 mm, 1100 mm ja 1200 mm. Ritil\u00e4n muotoiluvaihtoehdot: Zero, Lines tai Tile (sis\u00e4lt\u00e4 laatalla t\u00e4ytett\u00e4v\u00e4). Sertifikaatti: <a href=\"https:\/\/scantank.ee\/wp-content\/uploads\/2022\/04\/Easydrain-sertifikaat-du\u0161irennid-trapid-9.pdf\">Easydrain-sertifikaatti-suihkukourut-lattiakaivot<\/a><\/p>\n","protected":false},"excerpt":{"rendered":"<p>Easy Drain Blueline -suihkukourut Blueline-suihkukourut on valmistettu korkealaatuisesta ruostumattomasta ter\u00e4ksest\u00e4, ja ne on suunniteltu asennettaviksi sein\u00e4n viereen tai keskelle lattiaa. Matalan rakenteensa ansiosta ne soveltuvat asennettaviksi sek\u00e4 remontoituihin tiloihin ett\u00e4 uudisrakennuksiin. Kouruissa on ruostumattomasta ter\u00e4ksest\u00e4 valmistetut kosteudeneristysreunat, tyhjennys k\u00e4\u00e4nnett\u00e4v\u00e4 DN40 tai DN50 vaakasuoralla poistoaukolla. Pituudet 700 mm, 800 mm, 900 mm, 1000 mm, 1100 mm [&hellip;]<\/p>\n","protected":false},"featured_media":6518,"template":"","meta":{"_acf_changed":false,"inline_featured_image":false,"_exactmetrics_skip_tracking":false,"_exactmetrics_sitenote_active":false,"_exactmetrics_sitenote_note":"","_exactmetrics_sitenote_category":0,"_monsterinsights_skip_tracking":false,"_monsterinsights_sitenote_active":false,"_monsterinsights_sitenote_note":"","_monsterinsights_sitenote_category":0},"product_cat":[259],"product_tag":[],"class_list":{"0":"post-7264","1":"product","2":"type-product","3":"status-publish","4":"has-post-thumbnail","6":"product_cat-dusirennid-fi","8":"first","9":"instock","10":"shipping-taxable","11":"product-type-simple"},"acf":[],"yoast_head":"<!-- This site is optimized with the Yoast SEO plugin v23.1 - https:\/\/yoast.com\/wordpress\/plugins\/seo\/ -->\n<title>Suihkukouru EASY DRAIN &quot;Blueline&quot; | Scantank<\/title>\n<meta name=\"robots\" content=\"index, follow, max-snippet:-1, max-image-preview:large, max-video-preview:-1\" \/>\n<link rel=\"canonical\" href=\"https:\/\/scantank.ee\/fi\/toode\/suihkukouru-easydrain-blueline\/\" \/>\n<meta property=\"og:locale\" content=\"fi_FI\" \/>\n<meta property=\"og:type\" content=\"article\" \/>\n<meta property=\"og:title\" content=\"Suihkukouru EASY DRAIN &quot;Blueline&quot; | Scantank\" \/>\n<meta property=\"og:description\" content=\"Easy Drain Blueline -suihkukourut Blueline-suihkukourut on valmistettu korkealaatuisesta ruostumattomasta ter\u00e4ksest\u00e4, ja ne on suunniteltu asennettaviksi sein\u00e4n viereen tai keskelle lattiaa. Matalan rakenteensa ansiosta ne soveltuvat asennettaviksi sek\u00e4 remontoituihin tiloihin ett\u00e4 uudisrakennuksiin. Kouruissa on ruostumattomasta ter\u00e4ksest\u00e4 valmistetut kosteudeneristysreunat, tyhjennys k\u00e4\u00e4nnett\u00e4v\u00e4 DN40 tai DN50 vaakasuoralla poistoaukolla. Pituudet 700 mm, 800 mm, 900 mm, 1000 mm, 1100 mm [&hellip;]\" \/>\n<meta property=\"og:url\" content=\"https:\/\/scantank.ee\/fi\/toode\/suihkukouru-easydrain-blueline\/\" \/>\n<meta property=\"og:site_name\" content=\"Scantank\" \/>\n<meta property=\"article:publisher\" content=\"http:\/\/www.facebook.com\/scantank\" \/>\n<meta property=\"og:image\" content=\"https:\/\/scantank.ee\/wp-content\/uploads\/2022\/04\/249190644_1287122905074250_5498599445819633794_n.jpg\" \/>\n\t<meta property=\"og:image:width\" content=\"720\" \/>\n\t<meta property=\"og:image:height\" content=\"960\" \/>\n\t<meta property=\"og:image:type\" content=\"image\/jpeg\" \/>\n<meta name=\"twitter:card\" content=\"summary_large_image\" \/>\n<script type=\"application\/ld+json\" class=\"yoast-schema-graph\">{\"@context\":\"https:\/\/schema.org\",\"@graph\":[{\"@type\":\"WebPage\",\"@id\":\"https:\/\/scantank.ee\/fi\/toode\/suihkukouru-easydrain-blueline\/\",\"url\":\"https:\/\/scantank.ee\/fi\/toode\/suihkukouru-easydrain-blueline\/\",\"name\":\"Suihkukouru EASY DRAIN \\\"Blueline\\\" | Scantank\",\"isPartOf\":{\"@id\":\"https:\/\/scantank.ee\/fi\/#website\"},\"primaryImageOfPage\":{\"@id\":\"https:\/\/scantank.ee\/fi\/toode\/suihkukouru-easydrain-blueline\/#primaryimage\"},\"image\":{\"@id\":\"https:\/\/scantank.ee\/fi\/toode\/suihkukouru-easydrain-blueline\/#primaryimage\"},\"thumbnailUrl\":\"https:\/\/scantank.ee\/wp-content\/uploads\/2022\/04\/249190644_1287122905074250_5498599445819633794_n.jpg\",\"datePublished\":\"2022-08-03T10:37:03+00:00\",\"dateModified\":\"2022-08-03T10:37:03+00:00\",\"breadcrumb\":{\"@id\":\"https:\/\/scantank.ee\/fi\/toode\/suihkukouru-easydrain-blueline\/#breadcrumb\"},\"inLanguage\":\"fi\",\"potentialAction\":[{\"@type\":\"ReadAction\",\"target\":[\"https:\/\/scantank.ee\/fi\/toode\/suihkukouru-easydrain-blueline\/\"]}]},{\"@type\":\"ImageObject\",\"inLanguage\":\"fi\",\"@id\":\"https:\/\/scantank.ee\/fi\/toode\/suihkukouru-easydrain-blueline\/#primaryimage\",\"url\":\"https:\/\/scantank.ee\/wp-content\/uploads\/2022\/04\/249190644_1287122905074250_5498599445819633794_n.jpg\",\"contentUrl\":\"https:\/\/scantank.ee\/wp-content\/uploads\/2022\/04\/249190644_1287122905074250_5498599445819633794_n.jpg\",\"width\":720,\"height\":960},{\"@type\":\"BreadcrumbList\",\"@id\":\"https:\/\/scantank.ee\/fi\/toode\/suihkukouru-easydrain-blueline\/#breadcrumb\",\"itemListElement\":[{\"@type\":\"ListItem\",\"position\":1,\"name\":\"Home\",\"item\":\"https:\/\/www.scantank.ee\/fi\/\"},{\"@type\":\"ListItem\",\"position\":2,\"name\":\"Tuoteluettelo\",\"item\":\"https:\/\/www.scantank.ee\/fi\/tuoteluettelo\/\"},{\"@type\":\"ListItem\",\"position\":3,\"name\":\"Suihkukouru EASY DRAIN &#8221;Blueline&#8221;\"}]},{\"@type\":\"WebSite\",\"@id\":\"https:\/\/scantank.ee\/fi\/#website\",\"url\":\"https:\/\/scantank.ee\/fi\/\",\"name\":\"Scantank\",\"description\":\"\",\"publisher\":{\"@id\":\"https:\/\/scantank.ee\/fi\/#organization\"},\"potentialAction\":[{\"@type\":\"SearchAction\",\"target\":{\"@type\":\"EntryPoint\",\"urlTemplate\":\"https:\/\/scantank.ee\/fi\/?s={search_term_string}\"},\"query-input\":\"required name=search_term_string\"}],\"inLanguage\":\"fi\"},{\"@type\":\"Organization\",\"@id\":\"https:\/\/scantank.ee\/fi\/#organization\",\"name\":\"Scantank O\u00dc\",\"url\":\"https:\/\/scantank.ee\/fi\/\",\"logo\":{\"@type\":\"ImageObject\",\"inLanguage\":\"fi\",\"@id\":\"https:\/\/scantank.ee\/fi\/#\/schema\/logo\/image\/\",\"url\":\"https:\/\/scantank.ee\/wp-content\/uploads\/2019\/08\/scantank-new.png\",\"contentUrl\":\"https:\/\/scantank.ee\/wp-content\/uploads\/2019\/08\/scantank-new.png\",\"width\":1041,\"height\":221,\"caption\":\"Scantank O\u00dc\"},\"image\":{\"@id\":\"https:\/\/scantank.ee\/fi\/#\/schema\/logo\/image\/\"},\"sameAs\":[\"http:\/\/www.facebook.com\/scantank\"]}]}<\/script>\n<!-- \/ Yoast SEO plugin. -->","yoast_head_json":{"title":"Suihkukouru EASY DRAIN \"Blueline\" | Scantank","robots":{"index":"index","follow":"follow","max-snippet":"max-snippet:-1","max-image-preview":"max-image-preview:large","max-video-preview":"max-video-preview:-1"},"canonical":"https:\/\/scantank.ee\/fi\/toode\/suihkukouru-easydrain-blueline\/","og_locale":"fi_FI","og_type":"article","og_title":"Suihkukouru EASY DRAIN \"Blueline\" | Scantank","og_description":"Easy Drain Blueline -suihkukourut Blueline-suihkukourut on valmistettu korkealaatuisesta ruostumattomasta ter\u00e4ksest\u00e4, ja ne on suunniteltu asennettaviksi sein\u00e4n viereen tai keskelle lattiaa. Matalan rakenteensa ansiosta ne soveltuvat asennettaviksi sek\u00e4 remontoituihin tiloihin ett\u00e4 uudisrakennuksiin. Kouruissa on ruostumattomasta ter\u00e4ksest\u00e4 valmistetut kosteudeneristysreunat, tyhjennys k\u00e4\u00e4nnett\u00e4v\u00e4 DN40 tai DN50 vaakasuoralla poistoaukolla. Pituudet 700 mm, 800 mm, 900 mm, 1000 mm, 1100 mm [&hellip;]","og_url":"https:\/\/scantank.ee\/fi\/toode\/suihkukouru-easydrain-blueline\/","og_site_name":"Scantank","article_publisher":"http:\/\/www.facebook.com\/scantank","og_image":[{"width":720,"height":960,"url":"https:\/\/scantank.ee\/wp-content\/uploads\/2022\/04\/249190644_1287122905074250_5498599445819633794_n.jpg","type":"image\/jpeg"}],"twitter_card":"summary_large_image","schema":{"@context":"https:\/\/schema.org","@graph":[{"@type":"WebPage","@id":"https:\/\/scantank.ee\/fi\/toode\/suihkukouru-easydrain-blueline\/","url":"https:\/\/scantank.ee\/fi\/toode\/suihkukouru-easydrain-blueline\/","name":"Suihkukouru EASY DRAIN \"Blueline\" | Scantank","isPartOf":{"@id":"https:\/\/scantank.ee\/fi\/#website"},"primaryImageOfPage":{"@id":"https:\/\/scantank.ee\/fi\/toode\/suihkukouru-easydrain-blueline\/#primaryimage"},"image":{"@id":"https:\/\/scantank.ee\/fi\/toode\/suihkukouru-easydrain-blueline\/#primaryimage"},"thumbnailUrl":"https:\/\/scantank.ee\/wp-content\/uploads\/2022\/04\/249190644_1287122905074250_5498599445819633794_n.jpg","datePublished":"2022-08-03T10:37:03+00:00","dateModified":"2022-08-03T10:37:03+00:00","breadcrumb":{"@id":"https:\/\/scantank.ee\/fi\/toode\/suihkukouru-easydrain-blueline\/#breadcrumb"},"inLanguage":"fi","potentialAction":[{"@type":"ReadAction","target":["https:\/\/scantank.ee\/fi\/toode\/suihkukouru-easydrain-blueline\/"]}]},{"@type":"ImageObject","inLanguage":"fi","@id":"https:\/\/scantank.ee\/fi\/toode\/suihkukouru-easydrain-blueline\/#primaryimage","url":"https:\/\/scantank.ee\/wp-content\/uploads\/2022\/04\/249190644_1287122905074250_5498599445819633794_n.jpg","contentUrl":"https:\/\/scantank.ee\/wp-content\/uploads\/2022\/04\/249190644_1287122905074250_5498599445819633794_n.jpg","width":720,"height":960},{"@type":"BreadcrumbList","@id":"https:\/\/scantank.ee\/fi\/toode\/suihkukouru-easydrain-blueline\/#breadcrumb","itemListElement":[{"@type":"ListItem","position":1,"name":"Home","item":"https:\/\/www.scantank.ee\/fi\/"},{"@type":"ListItem","position":2,"name":"Tuoteluettelo","item":"https:\/\/www.scantank.ee\/fi\/tuoteluettelo\/"},{"@type":"ListItem","position":3,"name":"Suihkukouru EASY DRAIN &#8221;Blueline&#8221;"}]},{"@type":"WebSite","@id":"https:\/\/scantank.ee\/fi\/#website","url":"https:\/\/scantank.ee\/fi\/","name":"Scantank","description":"","publisher":{"@id":"https:\/\/scantank.ee\/fi\/#organization"},"potentialAction":[{"@type":"SearchAction","target":{"@type":"EntryPoint","urlTemplate":"https:\/\/scantank.ee\/fi\/?s={search_term_string}"},"query-input":"required name=search_term_string"}],"inLanguage":"fi"},{"@type":"Organization","@id":"https:\/\/scantank.ee\/fi\/#organization","name":"Scantank O\u00dc","url":"https:\/\/scantank.ee\/fi\/","logo":{"@type":"ImageObject","inLanguage":"fi","@id":"https:\/\/scantank.ee\/fi\/#\/schema\/logo\/image\/","url":"https:\/\/scantank.ee\/wp-content\/uploads\/2019\/08\/scantank-new.png","contentUrl":"https:\/\/scantank.ee\/wp-content\/uploads\/2019\/08\/scantank-new.png","width":1041,"height":221,"caption":"Scantank O\u00dc"},"image":{"@id":"https:\/\/scantank.ee\/fi\/#\/schema\/logo\/image\/"},"sameAs":["http:\/\/www.facebook.com\/scantank"]}]}},"_links":{"self":[{"href":"https:\/\/scantank.ee\/fi\/wp-json\/wp\/v2\/product\/7264"}],"collection":[{"href":"https:\/\/scantank.ee\/fi\/wp-json\/wp\/v2\/product"}],"about":[{"href":"https:\/\/scantank.ee\/fi\/wp-json\/wp\/v2\/types\/product"}],"wp:featuredmedia":[{"embeddable":true,"href":"https:\/\/scantank.ee\/fi\/wp-json\/wp\/v2\/media\/6518"}],"wp:attachment":[{"href":"https:\/\/scantank.ee\/fi\/wp-json\/wp\/v2\/media?parent=7264"}],"wp:term":[{"taxonomy":"product_cat","embeddable":true,"href":"https:\/\/scantank.ee\/fi\/wp-json\/wp\/v2\/product_cat?post=7264"},{"taxonomy":"product_tag","embeddable":true,"href":"https:\/\/scantank.ee\/fi\/wp-json\/wp\/v2\/product_tag?post=7264"}],"curies":[{"name":"wp","href":"https:\/\/api.w.org\/{rel}","templated":true}]}}