{"id":7274,"date":"2020-04-05T19:24:29","date_gmt":"2022-08-03T10:37:12","guid":{"rendered":"https:\/\/scantank.ee\/toode\/suihkukourut-vogi\/"},"modified":"2022-08-03T10:37:12","modified_gmt":"2022-08-03T10:37:12","slug":"suihkukourut-vogi","status":"publish","type":"product","link":"https:\/\/scantank.ee\/fi\/toode\/suihkukourut-vogi\/","title":{"rendered":"Suihkukourut VOGI"},"content":{"rendered":"<p><strong>Suihkukourut VOGI<\/strong> &#8211; on valmistettu laadukkaasta ruostumattomasta ter\u00e4ksest\u00e4 AISI 304, joka kest\u00e4\u00e4 puhdistusaineiden sis\u00e4lt\u00e4mi\u00e4 aggressiivisia kemikaaleja. My\u00f6s roskasihdit ja muut elementit on valmistettu kest\u00e4v\u00e4st\u00e4 muovista. N\u00e4m\u00e4 materiaalit takaavat asiakkaiden odotuksia vastaavan sujuvan toiminnan. Mittatilausty\u00f6n\u00e4 on mahdollista valmistaa haluttuja pituuksia aina 6000 mm:iin asti. <strong>TAKUUT<\/strong> Suihkukourujen laatu t\u00e4ytt\u00e4\u00e4 korkeimmat eurooppalaiset standardit. Eritt\u00e4in pitk\u00e4 k\u00e4ytt\u00f6ik\u00e4 ja jopa 25 vuoden vakiotakuu. <strong>MATALAN LATTIAKAIVON PROFIILIT<\/strong> K\u00e4yt\u00e4 markkinoiden matalinta lattiakaivoa, joka on saatavana DN50-putkiliit\u00e4nn\u00e4ll\u00e4 ja eroaa muista suuren l\u00e4p\u00e4isevyyskykyns\u00e4 puolesta \u2013 jopa 56 l\/min. Sen asennus on mahdollista jopa eritt\u00e4in matalaprofiilisiin lattioihin. Lattiakaivon muotoilu on patentoitu. S\u00e4\u00e4dett\u00e4v\u00e4t jalat Suihkukourun s\u00e4\u00e4dett\u00e4v\u00e4n korkeuden ansiosta ne on helppo asentaa lattiaan sen tasosta riippumatta. <strong>MATERIAALI<\/strong> Suihkukourut ja ritil\u00e4t on valmistettu skandinavialaisesta ruostumattomasta ja haponkest\u00e4v\u00e4st\u00e4 ter\u00e4ksest\u00e4 AISI304. <strong>Viem\u00e4riritil\u00e4tyypit<\/strong> <strong>VAKIO JA LAATOITETTAVA <\/strong> DUO-ritil\u00e4n erityismuotoilu mahdollistaa asennuksen kahdella tavalla. Ritil\u00e4n toinen puoli voidaan t\u00e4ytt\u00e4\u00e4 keraamisilla laatoilla, toinen puoli \u200bantaa tasaisen metallipinnan k\u00e4\u00e4nt\u00e4misen j\u00e4lkeen. Molemmissa tapauksissa vesi johdetaan ritil\u00e4n ja perusrungon v\u00e4listen kapeiden urien kautta. Ritil\u00e4n alla olevat vaimennustyynyt on valmistettu erikoismuovista est\u00e4m\u00e4\u00e4n metalliosien v\u00e4lisi\u00e4 iskuja ja kitkaa.<\/p>\n","protected":false},"excerpt":{"rendered":"<p>Suihkukourut VOGI &#8211; on valmistettu laadukkaasta ruostumattomasta ter\u00e4ksest\u00e4 AISI 304, joka kest\u00e4\u00e4 puhdistusaineiden sis\u00e4lt\u00e4mi\u00e4 aggressiivisia kemikaaleja. My\u00f6s roskasihdit ja muut elementit on valmistettu kest\u00e4v\u00e4st\u00e4 muovista. N\u00e4m\u00e4 materiaalit takaavat asiakkaiden odotuksia vastaavan sujuvan toiminnan. Mittatilausty\u00f6n\u00e4 on mahdollista valmistaa haluttuja pituuksia aina 6000 mm:iin asti. TAKUUT Suihkukourujen laatu t\u00e4ytt\u00e4\u00e4 korkeimmat eurooppalaiset standardit. Eritt\u00e4in pitk\u00e4 k\u00e4ytt\u00f6ik\u00e4 ja jopa [&hellip;]<\/p>\n","protected":false},"featured_media":5333,"template":"","meta":{"_acf_changed":false,"inline_featured_image":false,"_exactmetrics_skip_tracking":false,"_exactmetrics_sitenote_active":false,"_exactmetrics_sitenote_note":"","_exactmetrics_sitenote_category":0,"_monsterinsights_skip_tracking":false,"_monsterinsights_sitenote_active":false,"_monsterinsights_sitenote_note":"","_monsterinsights_sitenote_category":0},"product_cat":[259],"product_tag":[],"class_list":{"0":"post-7274","1":"product","2":"type-product","3":"status-publish","4":"has-post-thumbnail","6":"product_cat-dusirennid-fi","8":"first","9":"instock","10":"shipping-taxable","11":"product-type-simple"},"acf":[],"yoast_head":"<!-- This site is optimized with the Yoast SEO plugin v23.1 - https:\/\/yoast.com\/wordpress\/plugins\/seo\/ -->\n<title>Suihkukourut VOGI | Suihkukourut | Myynti, toimitus ja asennus<\/title>\n<meta name=\"description\" content=\"Suihkukourut VOGI | Suihkukourut ovat moderni ratkaisu kylpyhuoneeseen | Hygieeninen, helppo puhdistaa, tasapintainen muotoilu.\" \/>\n<meta name=\"robots\" content=\"index, follow, max-snippet:-1, max-image-preview:large, max-video-preview:-1\" \/>\n<link rel=\"canonical\" href=\"https:\/\/scantank.ee\/fi\/toode\/suihkukourut-vogi\/\" \/>\n<meta property=\"og:locale\" content=\"fi_FI\" \/>\n<meta property=\"og:type\" content=\"article\" \/>\n<meta property=\"og:title\" content=\"Suihkukourut VOGI | Suihkukourut | Myynti, toimitus ja asennus\" \/>\n<meta property=\"og:description\" content=\"Suihkukourut VOGI | Suihkukourut ovat moderni ratkaisu kylpyhuoneeseen | Hygieeninen, helppo puhdistaa, tasapintainen muotoilu.\" \/>\n<meta property=\"og:url\" content=\"https:\/\/scantank.ee\/fi\/toode\/suihkukourut-vogi\/\" \/>\n<meta property=\"og:site_name\" content=\"Scantank\" \/>\n<meta property=\"article:publisher\" content=\"http:\/\/www.facebook.com\/scantank\" \/>\n<meta property=\"og:image\" content=\"https:\/\/scantank.ee\/wp-content\/uploads\/2020\/04\/Vogi-vert-Scantank.jpg\" \/>\n\t<meta property=\"og:image:width\" content=\"1252\" \/>\n\t<meta property=\"og:image:height\" content=\"831\" \/>\n\t<meta property=\"og:image:type\" content=\"image\/jpeg\" \/>\n<meta name=\"twitter:card\" content=\"summary_large_image\" \/>\n<meta name=\"twitter:label1\" content=\"Arvioitu lukuaika\" \/>\n\t<meta name=\"twitter:data1\" content=\"1 minuutti\" \/>\n<script type=\"application\/ld+json\" class=\"yoast-schema-graph\">{\"@context\":\"https:\/\/schema.org\",\"@graph\":[{\"@type\":\"WebPage\",\"@id\":\"https:\/\/scantank.ee\/fi\/toode\/suihkukourut-vogi\/\",\"url\":\"https:\/\/scantank.ee\/fi\/toode\/suihkukourut-vogi\/\",\"name\":\"Suihkukourut VOGI | Suihkukourut | Myynti, toimitus ja asennus\",\"isPartOf\":{\"@id\":\"https:\/\/scantank.ee\/fi\/#website\"},\"primaryImageOfPage\":{\"@id\":\"https:\/\/scantank.ee\/fi\/toode\/suihkukourut-vogi\/#primaryimage\"},\"image\":{\"@id\":\"https:\/\/scantank.ee\/fi\/toode\/suihkukourut-vogi\/#primaryimage\"},\"thumbnailUrl\":\"https:\/\/scantank.ee\/wp-content\/uploads\/2020\/04\/Vogi-vert-Scantank.jpg\",\"datePublished\":\"2022-08-03T10:37:12+00:00\",\"dateModified\":\"2022-08-03T10:37:12+00:00\",\"description\":\"Suihkukourut VOGI | Suihkukourut ovat moderni ratkaisu kylpyhuoneeseen | Hygieeninen, helppo puhdistaa, tasapintainen muotoilu.\",\"breadcrumb\":{\"@id\":\"https:\/\/scantank.ee\/fi\/toode\/suihkukourut-vogi\/#breadcrumb\"},\"inLanguage\":\"fi\",\"potentialAction\":[{\"@type\":\"ReadAction\",\"target\":[\"https:\/\/scantank.ee\/fi\/toode\/suihkukourut-vogi\/\"]}]},{\"@type\":\"ImageObject\",\"inLanguage\":\"fi\",\"@id\":\"https:\/\/scantank.ee\/fi\/toode\/suihkukourut-vogi\/#primaryimage\",\"url\":\"https:\/\/scantank.ee\/wp-content\/uploads\/2020\/04\/Vogi-vert-Scantank.jpg\",\"contentUrl\":\"https:\/\/scantank.ee\/wp-content\/uploads\/2020\/04\/Vogi-vert-Scantank.jpg\",\"width\":1252,\"height\":831},{\"@type\":\"BreadcrumbList\",\"@id\":\"https:\/\/scantank.ee\/fi\/toode\/suihkukourut-vogi\/#breadcrumb\",\"itemListElement\":[{\"@type\":\"ListItem\",\"position\":1,\"name\":\"Home\",\"item\":\"https:\/\/scantank.ee\/fi\/\"},{\"@type\":\"ListItem\",\"position\":2,\"name\":\"Tuoteluettelo\",\"item\":\"https:\/\/scantank.ee\/fi\/tuoteluettelo\/\"},{\"@type\":\"ListItem\",\"position\":3,\"name\":\"Suihkukourut VOGI\"}]},{\"@type\":\"WebSite\",\"@id\":\"https:\/\/scantank.ee\/fi\/#website\",\"url\":\"https:\/\/scantank.ee\/fi\/\",\"name\":\"Scantank\",\"description\":\"\",\"publisher\":{\"@id\":\"https:\/\/scantank.ee\/fi\/#organization\"},\"potentialAction\":[{\"@type\":\"SearchAction\",\"target\":{\"@type\":\"EntryPoint\",\"urlTemplate\":\"https:\/\/scantank.ee\/fi\/?s={search_term_string}\"},\"query-input\":\"required name=search_term_string\"}],\"inLanguage\":\"fi\"},{\"@type\":\"Organization\",\"@id\":\"https:\/\/scantank.ee\/fi\/#organization\",\"name\":\"Scantank O\u00dc\",\"url\":\"https:\/\/scantank.ee\/fi\/\",\"logo\":{\"@type\":\"ImageObject\",\"inLanguage\":\"fi\",\"@id\":\"https:\/\/scantank.ee\/fi\/#\/schema\/logo\/image\/\",\"url\":\"https:\/\/scantank.ee\/wp-content\/uploads\/2019\/08\/scantank-new.png\",\"contentUrl\":\"https:\/\/scantank.ee\/wp-content\/uploads\/2019\/08\/scantank-new.png\",\"width\":1041,\"height\":221,\"caption\":\"Scantank O\u00dc\"},\"image\":{\"@id\":\"https:\/\/scantank.ee\/fi\/#\/schema\/logo\/image\/\"},\"sameAs\":[\"http:\/\/www.facebook.com\/scantank\"]}]}<\/script>\n<!-- \/ Yoast SEO plugin. -->","yoast_head_json":{"title":"Suihkukourut VOGI | Suihkukourut | Myynti, toimitus ja asennus","description":"Suihkukourut VOGI | Suihkukourut ovat moderni ratkaisu kylpyhuoneeseen | Hygieeninen, helppo puhdistaa, tasapintainen muotoilu.","robots":{"index":"index","follow":"follow","max-snippet":"max-snippet:-1","max-image-preview":"max-image-preview:large","max-video-preview":"max-video-preview:-1"},"canonical":"https:\/\/scantank.ee\/fi\/toode\/suihkukourut-vogi\/","og_locale":"fi_FI","og_type":"article","og_title":"Suihkukourut VOGI | Suihkukourut | Myynti, toimitus ja asennus","og_description":"Suihkukourut VOGI | Suihkukourut ovat moderni ratkaisu kylpyhuoneeseen | Hygieeninen, helppo puhdistaa, tasapintainen muotoilu.","og_url":"https:\/\/scantank.ee\/fi\/toode\/suihkukourut-vogi\/","og_site_name":"Scantank","article_publisher":"http:\/\/www.facebook.com\/scantank","og_image":[{"width":1252,"height":831,"url":"https:\/\/scantank.ee\/wp-content\/uploads\/2020\/04\/Vogi-vert-Scantank.jpg","type":"image\/jpeg"}],"twitter_card":"summary_large_image","twitter_misc":{"Arvioitu lukuaika":"1 minuutti"},"schema":{"@context":"https:\/\/schema.org","@graph":[{"@type":"WebPage","@id":"https:\/\/scantank.ee\/fi\/toode\/suihkukourut-vogi\/","url":"https:\/\/scantank.ee\/fi\/toode\/suihkukourut-vogi\/","name":"Suihkukourut VOGI | Suihkukourut | Myynti, toimitus ja asennus","isPartOf":{"@id":"https:\/\/scantank.ee\/fi\/#website"},"primaryImageOfPage":{"@id":"https:\/\/scantank.ee\/fi\/toode\/suihkukourut-vogi\/#primaryimage"},"image":{"@id":"https:\/\/scantank.ee\/fi\/toode\/suihkukourut-vogi\/#primaryimage"},"thumbnailUrl":"https:\/\/scantank.ee\/wp-content\/uploads\/2020\/04\/Vogi-vert-Scantank.jpg","datePublished":"2022-08-03T10:37:12+00:00","dateModified":"2022-08-03T10:37:12+00:00","description":"Suihkukourut VOGI | Suihkukourut ovat moderni ratkaisu kylpyhuoneeseen | Hygieeninen, helppo puhdistaa, tasapintainen muotoilu.","breadcrumb":{"@id":"https:\/\/scantank.ee\/fi\/toode\/suihkukourut-vogi\/#breadcrumb"},"inLanguage":"fi","potentialAction":[{"@type":"ReadAction","target":["https:\/\/scantank.ee\/fi\/toode\/suihkukourut-vogi\/"]}]},{"@type":"ImageObject","inLanguage":"fi","@id":"https:\/\/scantank.ee\/fi\/toode\/suihkukourut-vogi\/#primaryimage","url":"https:\/\/scantank.ee\/wp-content\/uploads\/2020\/04\/Vogi-vert-Scantank.jpg","contentUrl":"https:\/\/scantank.ee\/wp-content\/uploads\/2020\/04\/Vogi-vert-Scantank.jpg","width":1252,"height":831},{"@type":"BreadcrumbList","@id":"https:\/\/scantank.ee\/fi\/toode\/suihkukourut-vogi\/#breadcrumb","itemListElement":[{"@type":"ListItem","position":1,"name":"Home","item":"https:\/\/scantank.ee\/fi\/"},{"@type":"ListItem","position":2,"name":"Tuoteluettelo","item":"https:\/\/scantank.ee\/fi\/tuoteluettelo\/"},{"@type":"ListItem","position":3,"name":"Suihkukourut VOGI"}]},{"@type":"WebSite","@id":"https:\/\/scantank.ee\/fi\/#website","url":"https:\/\/scantank.ee\/fi\/","name":"Scantank","description":"","publisher":{"@id":"https:\/\/scantank.ee\/fi\/#organization"},"potentialAction":[{"@type":"SearchAction","target":{"@type":"EntryPoint","urlTemplate":"https:\/\/scantank.ee\/fi\/?s={search_term_string}"},"query-input":"required name=search_term_string"}],"inLanguage":"fi"},{"@type":"Organization","@id":"https:\/\/scantank.ee\/fi\/#organization","name":"Scantank O\u00dc","url":"https:\/\/scantank.ee\/fi\/","logo":{"@type":"ImageObject","inLanguage":"fi","@id":"https:\/\/scantank.ee\/fi\/#\/schema\/logo\/image\/","url":"https:\/\/scantank.ee\/wp-content\/uploads\/2019\/08\/scantank-new.png","contentUrl":"https:\/\/scantank.ee\/wp-content\/uploads\/2019\/08\/scantank-new.png","width":1041,"height":221,"caption":"Scantank O\u00dc"},"image":{"@id":"https:\/\/scantank.ee\/fi\/#\/schema\/logo\/image\/"},"sameAs":["http:\/\/www.facebook.com\/scantank"]}]}},"_links":{"self":[{"href":"https:\/\/scantank.ee\/fi\/wp-json\/wp\/v2\/product\/7274"}],"collection":[{"href":"https:\/\/scantank.ee\/fi\/wp-json\/wp\/v2\/product"}],"about":[{"href":"https:\/\/scantank.ee\/fi\/wp-json\/wp\/v2\/types\/product"}],"wp:featuredmedia":[{"embeddable":true,"href":"https:\/\/scantank.ee\/fi\/wp-json\/wp\/v2\/media\/5333"}],"wp:attachment":[{"href":"https:\/\/scantank.ee\/fi\/wp-json\/wp\/v2\/media?parent=7274"}],"wp:term":[{"taxonomy":"product_cat","embeddable":true,"href":"https:\/\/scantank.ee\/fi\/wp-json\/wp\/v2\/product_cat?post=7274"},{"taxonomy":"product_tag","embeddable":true,"href":"https:\/\/scantank.ee\/fi\/wp-json\/wp\/v2\/product_tag?post=7274"}],"curies":[{"name":"wp","href":"https:\/\/api.w.org\/{rel}","templated":true}]}}