{"id":3150,"date":"2019-10-15T16:09:52","date_gmt":"2019-10-15T16:09:52","guid":{"rendered":"https:\/\/scantank.ee\/kontakt\/"},"modified":"2025-05-22T21:51:43","modified_gmt":"2025-05-22T21:51:43","slug":"kontakt","status":"publish","type":"page","link":"https:\/\/scantank.ee\/sv\/kontakt\/","title":{"rendered":"Kontakt"},"content":{"rendered":"<div class=\"wpb-content-wrapper\"><p>[vc_row wrap_container=&#8221;yes&#8221; el_class=&#8221;m-b-xl&#8221;][vc_column width=&#8221;1\/2&#8243;]\n<div class=\"wpcf7 no-js\" id=\"wpcf7-f3325-o1\" lang=\"en-US\" dir=\"ltr\">\n<div class=\"screen-reader-response\"><p role=\"status\" aria-live=\"polite\" aria-atomic=\"true\"><\/p> <ul><\/ul><\/div>\n<form action=\"\/sv\/wp-json\/wp\/v2\/pages\/3150#wpcf7-f3325-o1\" method=\"post\" class=\"wpcf7-form init\" aria-label=\"Contact form\" novalidate=\"novalidate\" data-status=\"init\">\n<div style=\"display: none;\">\n<input type=\"hidden\" name=\"_wpcf7\" value=\"3325\" \/>\n<input type=\"hidden\" name=\"_wpcf7_version\" value=\"5.9.7\" \/>\n<input type=\"hidden\" name=\"_wpcf7_locale\" value=\"en_US\" \/>\n<input type=\"hidden\" name=\"_wpcf7_unit_tag\" value=\"wpcf7-f3325-o1\" \/>\n<input type=\"hidden\" name=\"_wpcf7_container_post\" value=\"0\" \/>\n<input type=\"hidden\" name=\"_wpcf7_posted_data_hash\" value=\"\" \/>\n<input type=\"hidden\" name=\"_wpcf7_recaptcha_response\" value=\"\" \/>\n<\/div>\n<h2 class=\"short\"><strong>Kontakta<\/strong> oss<\/h2>\n<div class=\"row\">\n    <div class=\"col-lg-6\">\n        <div class=\"form-group\">\n            <label for=\"contact-name\">F\u00f6r- och efternamn *<\/label>\n            <span class=\"wpcf7-form-control-wrap\" data-name=\"nimi\"><input size=\"40\" maxlength=\"400\" class=\"wpcf7-form-control wpcf7-text wpcf7-validates-as-required form-control\" id=\"contact-name\" aria-required=\"true\" aria-invalid=\"false\" value=\"\" type=\"text\" name=\"nimi\" \/><\/span>\n        <\/div>\n    <\/div>\n    <div class=\"col-lg-6\">\n        <div class=\"form-group\">\n            <label for=\"contact-email\">E-postadress *<\/label>\n            <span class=\"wpcf7-form-control-wrap\" data-name=\"epost\"><input size=\"40\" maxlength=\"400\" class=\"wpcf7-form-control wpcf7-email wpcf7-validates-as-required wpcf7-text wpcf7-validates-as-email form-control\" id=\"contact-email\" aria-required=\"true\" aria-invalid=\"false\" value=\"\" type=\"email\" name=\"epost\" \/><\/span>\n        <\/div>\n    <\/div>\n    <div class=\"col-lg-12\">\n        <div class=\"form-group\">\n            <label for=\"contact-subject\">\u00c4mne<\/label>\n            <span class=\"wpcf7-form-control-wrap\" data-name=\"teema\"><input size=\"40\" maxlength=\"400\" class=\"wpcf7-form-control wpcf7-text form-control\" id=\"contact-subject\" aria-invalid=\"false\" value=\"\" type=\"text\" name=\"teema\" \/><\/span>\n        <\/div>\n    <\/div>\n    <div class=\"col-lg-12\">\n        <div class=\"form-group\">\n            <label for=\"contact-message\">Meddelandets inneh\u00e5ll<\/label>\n            <span class=\"wpcf7-form-control-wrap\" data-name=\"sisu\"><textarea cols=\"40\" rows=\"10\" maxlength=\"2000\" class=\"wpcf7-form-control wpcf7-textarea form-control\" id=\"contact-message\" aria-invalid=\"false\" name=\"sisu\"><\/textarea><\/span>\n        <\/div>\n    <\/div>\n    <div class=\"col-lg-12\">\n        <div class=\"form-group\">\n            <input class=\"wpcf7-form-control wpcf7-submit has-spinner btn btn-primary btn-lg\" type=\"submit\" value=\"Skicka meddelande\" \/>\n        <\/div>\n    <\/div>\n<\/div><input type='hidden' class='wpcf7-pum' value='{\"closepopup\":false,\"closedelay\":0,\"openpopup\":false,\"openpopup_id\":0}' \/><div class=\"wpcf7-response-output\" aria-hidden=\"true\"><\/div>\n<\/form>\n<\/div>\n[\/vc_column][vc_column width=&#8221;1\/2&#8243;][vc_custom_heading text=&#8221;Vilka \u00e4r vi?&#8221; font_container=&#8221;tag:h4|text_align:left|color:%234f4f4f&#8221; use_theme_fonts=&#8221;yes&#8221; skin=&#8221;dark&#8221; el_class=&#8221;m-t&#8221;][vc_column_text]Scantank AB \u00e4r ett modernt f\u00f6retag med ett brett utbud, som s\u00e4ljer glasfibertankar och markr\u00e4nnor. Vi installerar alla produkter i v\u00e5rt sortiment och hanterar \u00e4ven andra byggnadsarbeten f\u00f6r vatten och avlopp. V\u00e5rt m\u00e5l \u00e4r att f\u00f6rverkliga v\u00e5ra kunders vision p\u00e5 ett snabbt och exakt s\u00e4tt, samtidigt som vi erbjuder h\u00f6gsta kvalitet. Era \u00f6nskem\u00e5l hanteras av de fr\u00e4msta specialisterna inom sitt omr\u00e5de![\/vc_column_text][vc_separator color=&#8221;custom&#8221; gradient=&#8221;yes&#8221;][vc_custom_heading text=&#8221;SCANTANK O\u00dc&#8221; font_container=&#8221;tag:h4|text_align:left|color:%234f4f4f&#8221; use_theme_fonts=&#8221;yes&#8221; skin=&#8221;dark&#8221;][vc_column_text]Reg. nr: 14775808<br \/>\nMomsregistreringsnummer: EE102180352<br \/>\n<a href=\"mailto:info@scantank.ee\">info@scantank.ee<\/a>[\/vc_column_text][vc_row_inner][vc_column_inner width=&#8221;1\/2&#8243;][vc_custom_heading text=&#8221;Oliver M\u00fc\u00fcr&#8221; font_container=&#8221;tag:h4|text_align:left|color:%234f4f4f&#8221; use_theme_fonts=&#8221;yes&#8221; skin=&#8221;dark&#8221;]<div class=\"porto-sicon-box  wpb_custom_991192e517ba80822b25b68bbbc51b14 style_1 default-icon\"><div class=\"porto-sicon-default\"><div class=\"porto-just-icon-wrapper porto-icon circle\" style=\"color:#ffffff;background:#4bb845;font-size:14px;\"><i class=\"fas fa-phone\"><\/i><\/div><\/div><div class=\"porto-sicon-header\"><h3 class=\"porto-sicon-title\" style=\"font-size:14px;\"><strong>Telefon<\/strong><\/h3><p>(+372) 5845 1580<\/p><\/div> <!-- header --><\/div><!-- porto-sicon-box --><div class=\"porto-sicon-box  wpb_custom_991192e517ba80822b25b68bbbc51b14 style_1 default-icon\"><div class=\"porto-sicon-default\"><div class=\"porto-just-icon-wrapper porto-icon circle\" style=\"color:#ffffff;background:#4bb845;font-size:14px;\"><i class=\"far fa-envelope\"><\/i><\/div><\/div><div class=\"porto-sicon-header\"><h3 class=\"porto-sicon-title\" style=\"font-size:14px;\"><strong>E-postadress<\/strong><\/h3><p>oliver@scantank.ee<\/p><\/div> <!-- header --><\/div><!-- porto-sicon-box -->[\/vc_column_inner][vc_column_inner width=&#8221;1\/2&#8243;][vc_custom_heading text=&#8221;Aleksander Mazin&#8221; font_container=&#8221;tag:h4|text_align:left|color:%234f4f4f&#8221; use_theme_fonts=&#8221;yes&#8221; skin=&#8221;dark&#8221;]<div class=\"porto-sicon-box  wpb_custom_991192e517ba80822b25b68bbbc51b14 style_1 default-icon\"><div class=\"porto-sicon-default\"><div class=\"porto-just-icon-wrapper porto-icon circle\" style=\"color:#ffffff;background:#4bb845;font-size:14px;\"><i class=\"fas fa-phone\"><\/i><\/div><\/div><div class=\"porto-sicon-header\"><h3 class=\"porto-sicon-title\" style=\"font-size:14px;\"><strong>Telefon<\/strong><\/h3><p>(+372) 5845 3134<\/p><\/div> <!-- header --><\/div><!-- porto-sicon-box --><div class=\"porto-sicon-box  wpb_custom_991192e517ba80822b25b68bbbc51b14 style_1 default-icon\"><div class=\"porto-sicon-default\"><div class=\"porto-just-icon-wrapper porto-icon circle\" style=\"color:#ffffff;background:#4bb845;font-size:14px;\"><i class=\"far fa-envelope\"><\/i><\/div><\/div><div class=\"porto-sicon-header\"><h3 class=\"porto-sicon-title\" style=\"font-size:14px;\"><strong>E-postadress<\/strong><\/h3><p>aleksander@scantank.ee<\/p><\/div> <!-- header --><\/div><!-- porto-sicon-box -->[\/vc_column_inner][\/vc_row_inner][\/vc_column][\/vc_row]<\/p>\n<\/div>","protected":false},"excerpt":{"rendered":"<p>[vc_row wrap_container=&#8221;yes&#8221; el_class=&#8221;m-b-xl&#8221;][vc_column width=&#8221;1\/2&#8243;][\/vc_column][vc_column width=&#8221;1\/2&#8243;][vc_custom_heading text=&#8221;Vilka \u00e4r vi?&#8221; font_container=&#8221;tag:h4|text_align:left|color:%234f4f4f&#8221; use_theme_fonts=&#8221;yes&#8221; skin=&#8221;dark&#8221; el_class=&#8221;m-t&#8221;][vc_column_text]Scantank AB \u00e4r ett modernt f\u00f6retag med ett brett utbud, som s\u00e4ljer glasfibertankar och markr\u00e4nnor. Vi installerar alla produkter i v\u00e5rt sortiment och hanterar \u00e4ven andra byggnadsarbeten f\u00f6r vatten och avlopp. V\u00e5rt m\u00e5l \u00e4r att f\u00f6rverkliga v\u00e5ra kunders vision p\u00e5 ett snabbt och exakt [&hellip;]<\/p>\n","protected":false},"author":2,"featured_media":0,"parent":0,"menu_order":0,"comment_status":"closed","ping_status":"closed","template":"","meta":{"_acf_changed":false,"inline_featured_image":false,"_exactmetrics_skip_tracking":false,"_exactmetrics_sitenote_active":false,"_exactmetrics_sitenote_note":"","_exactmetrics_sitenote_category":0,"_monsterinsights_skip_tracking":false,"_monsterinsights_sitenote_active":false,"_monsterinsights_sitenote_note":"","_monsterinsights_sitenote_category":0,"footnotes":""},"class_list":["post-3150","page","type-page","status-publish","hentry"],"acf":[],"yoast_head":"<!-- This site is optimized with the Yoast SEO plugin v23.1 - https:\/\/yoast.com\/wordpress\/plugins\/seo\/ -->\n<title>Kontakt | Scantank<\/title>\n<meta name=\"description\" content=\"Scantank AB \u00e4r ett modernt f\u00f6retag med ett brett utbud, som s\u00e4ljer glasfibertankar och markr\u00e4nnor. Vi installerar alla produkter i v\u00e5rt sortiment och hanterar \u00e4ven andra byggnadsarbeten f\u00f6r vatten och avlopp.\" \/>\n<meta name=\"robots\" content=\"index, follow, max-snippet:-1, max-image-preview:large, max-video-preview:-1\" \/>\n<link rel=\"canonical\" href=\"https:\/\/scantank.ee\/sv\/kontakt\/\" \/>\n<meta property=\"og:locale\" content=\"sv_SE\" \/>\n<meta property=\"og:type\" content=\"article\" \/>\n<meta property=\"og:title\" content=\"Scantank AB\" \/>\n<meta property=\"og:description\" content=\"Scantank AB \u00e4r ett modernt f\u00f6retag med ett brett utbud, som s\u00e4ljer glasfibertankar och markr\u00e4nnor. Vi installerar alla produkter i v\u00e5rt sortiment och hanterar \u00e4ven andra byggnadsarbeten f\u00f6r vatten och avlopp.\" \/>\n<meta property=\"og:url\" content=\"https:\/\/scantank.ee\/sv\/kontakt\/\" \/>\n<meta property=\"og:site_name\" content=\"Scantank\" \/>\n<meta property=\"article:publisher\" content=\"http:\/\/www.facebook.com\/scantank\" \/>\n<meta property=\"article:modified_time\" content=\"2025-05-22T21:51:43+00:00\" \/>\n<meta property=\"og:image\" content=\"https:\/\/scantank.ee\/wp-content\/uploads\/2020\/02\/Scantank-social-share.png\" \/>\n<meta name=\"twitter:card\" content=\"summary_large_image\" \/>\n<meta name=\"twitter:label1\" content=\"Ber\u00e4knad l\u00e4stid\" \/>\n\t<meta name=\"twitter:data1\" content=\"2 minuter\" \/>\n<script type=\"application\/ld+json\" class=\"yoast-schema-graph\">{\"@context\":\"https:\/\/schema.org\",\"@graph\":[{\"@type\":\"WebPage\",\"@id\":\"https:\/\/scantank.ee\/sv\/kontakt\/\",\"url\":\"https:\/\/scantank.ee\/sv\/kontakt\/\",\"name\":\"Kontakt | Scantank\",\"isPartOf\":{\"@id\":\"https:\/\/scantank.ee\/sv\/#website\"},\"datePublished\":\"2019-10-15T16:09:52+00:00\",\"dateModified\":\"2025-05-22T21:51:43+00:00\",\"description\":\"Scantank AB \u00e4r ett modernt f\u00f6retag med ett brett utbud, som s\u00e4ljer glasfibertankar och markr\u00e4nnor. Vi installerar alla produkter i v\u00e5rt sortiment och hanterar \u00e4ven andra byggnadsarbeten f\u00f6r vatten och avlopp.\",\"breadcrumb\":{\"@id\":\"https:\/\/scantank.ee\/sv\/kontakt\/#breadcrumb\"},\"inLanguage\":\"sv-SE\",\"potentialAction\":[{\"@type\":\"ReadAction\",\"target\":[\"https:\/\/scantank.ee\/sv\/kontakt\/\"]}]},{\"@type\":\"BreadcrumbList\",\"@id\":\"https:\/\/scantank.ee\/sv\/kontakt\/#breadcrumb\",\"itemListElement\":[{\"@type\":\"ListItem\",\"position\":1,\"name\":\"Home\",\"item\":\"https:\/\/scantank.ee\/sv\/\"},{\"@type\":\"ListItem\",\"position\":2,\"name\":\"Kontakt\"}]},{\"@type\":\"WebSite\",\"@id\":\"https:\/\/scantank.ee\/sv\/#website\",\"url\":\"https:\/\/scantank.ee\/sv\/\",\"name\":\"Scantank\",\"description\":\"\",\"publisher\":{\"@id\":\"https:\/\/scantank.ee\/sv\/#organization\"},\"potentialAction\":[{\"@type\":\"SearchAction\",\"target\":{\"@type\":\"EntryPoint\",\"urlTemplate\":\"https:\/\/scantank.ee\/sv\/?s={search_term_string}\"},\"query-input\":\"required name=search_term_string\"}],\"inLanguage\":\"sv-SE\"},{\"@type\":\"Organization\",\"@id\":\"https:\/\/scantank.ee\/sv\/#organization\",\"name\":\"Scantank O\u00dc\",\"url\":\"https:\/\/scantank.ee\/sv\/\",\"logo\":{\"@type\":\"ImageObject\",\"inLanguage\":\"sv-SE\",\"@id\":\"https:\/\/scantank.ee\/sv\/#\/schema\/logo\/image\/\",\"url\":\"https:\/\/scantank.ee\/wp-content\/uploads\/2019\/08\/scantank-new.png\",\"contentUrl\":\"https:\/\/scantank.ee\/wp-content\/uploads\/2019\/08\/scantank-new.png\",\"width\":1041,\"height\":221,\"caption\":\"Scantank O\u00dc\"},\"image\":{\"@id\":\"https:\/\/scantank.ee\/sv\/#\/schema\/logo\/image\/\"},\"sameAs\":[\"http:\/\/www.facebook.com\/scantank\"]}]}<\/script>\n<!-- \/ Yoast SEO plugin. -->","yoast_head_json":{"title":"Kontakt | Scantank","description":"Scantank AB \u00e4r ett modernt f\u00f6retag med ett brett utbud, som s\u00e4ljer glasfibertankar och markr\u00e4nnor. Vi installerar alla produkter i v\u00e5rt sortiment och hanterar \u00e4ven andra byggnadsarbeten f\u00f6r vatten och avlopp.","robots":{"index":"index","follow":"follow","max-snippet":"max-snippet:-1","max-image-preview":"max-image-preview:large","max-video-preview":"max-video-preview:-1"},"canonical":"https:\/\/scantank.ee\/sv\/kontakt\/","og_locale":"sv_SE","og_type":"article","og_title":"Scantank AB","og_description":"Scantank AB \u00e4r ett modernt f\u00f6retag med ett brett utbud, som s\u00e4ljer glasfibertankar och markr\u00e4nnor. Vi installerar alla produkter i v\u00e5rt sortiment och hanterar \u00e4ven andra byggnadsarbeten f\u00f6r vatten och avlopp.","og_url":"https:\/\/scantank.ee\/sv\/kontakt\/","og_site_name":"Scantank","article_publisher":"http:\/\/www.facebook.com\/scantank","article_modified_time":"2025-05-22T21:51:43+00:00","og_image":[{"url":"https:\/\/scantank.ee\/wp-content\/uploads\/2020\/02\/Scantank-social-share.png"}],"twitter_card":"summary_large_image","twitter_misc":{"Ber\u00e4knad l\u00e4stid":"2 minuter"},"schema":{"@context":"https:\/\/schema.org","@graph":[{"@type":"WebPage","@id":"https:\/\/scantank.ee\/sv\/kontakt\/","url":"https:\/\/scantank.ee\/sv\/kontakt\/","name":"Kontakt | Scantank","isPartOf":{"@id":"https:\/\/scantank.ee\/sv\/#website"},"datePublished":"2019-10-15T16:09:52+00:00","dateModified":"2025-05-22T21:51:43+00:00","description":"Scantank AB \u00e4r ett modernt f\u00f6retag med ett brett utbud, som s\u00e4ljer glasfibertankar och markr\u00e4nnor. Vi installerar alla produkter i v\u00e5rt sortiment och hanterar \u00e4ven andra byggnadsarbeten f\u00f6r vatten och avlopp.","breadcrumb":{"@id":"https:\/\/scantank.ee\/sv\/kontakt\/#breadcrumb"},"inLanguage":"sv-SE","potentialAction":[{"@type":"ReadAction","target":["https:\/\/scantank.ee\/sv\/kontakt\/"]}]},{"@type":"BreadcrumbList","@id":"https:\/\/scantank.ee\/sv\/kontakt\/#breadcrumb","itemListElement":[{"@type":"ListItem","position":1,"name":"Home","item":"https:\/\/scantank.ee\/sv\/"},{"@type":"ListItem","position":2,"name":"Kontakt"}]},{"@type":"WebSite","@id":"https:\/\/scantank.ee\/sv\/#website","url":"https:\/\/scantank.ee\/sv\/","name":"Scantank","description":"","publisher":{"@id":"https:\/\/scantank.ee\/sv\/#organization"},"potentialAction":[{"@type":"SearchAction","target":{"@type":"EntryPoint","urlTemplate":"https:\/\/scantank.ee\/sv\/?s={search_term_string}"},"query-input":"required name=search_term_string"}],"inLanguage":"sv-SE"},{"@type":"Organization","@id":"https:\/\/scantank.ee\/sv\/#organization","name":"Scantank O\u00dc","url":"https:\/\/scantank.ee\/sv\/","logo":{"@type":"ImageObject","inLanguage":"sv-SE","@id":"https:\/\/scantank.ee\/sv\/#\/schema\/logo\/image\/","url":"https:\/\/scantank.ee\/wp-content\/uploads\/2019\/08\/scantank-new.png","contentUrl":"https:\/\/scantank.ee\/wp-content\/uploads\/2019\/08\/scantank-new.png","width":1041,"height":221,"caption":"Scantank O\u00dc"},"image":{"@id":"https:\/\/scantank.ee\/sv\/#\/schema\/logo\/image\/"},"sameAs":["http:\/\/www.facebook.com\/scantank"]}]}},"_links":{"self":[{"href":"https:\/\/scantank.ee\/sv\/wp-json\/wp\/v2\/pages\/3150"}],"collection":[{"href":"https:\/\/scantank.ee\/sv\/wp-json\/wp\/v2\/pages"}],"about":[{"href":"https:\/\/scantank.ee\/sv\/wp-json\/wp\/v2\/types\/page"}],"author":[{"embeddable":true,"href":"https:\/\/scantank.ee\/sv\/wp-json\/wp\/v2\/users\/2"}],"replies":[{"embeddable":true,"href":"https:\/\/scantank.ee\/sv\/wp-json\/wp\/v2\/comments?post=3150"}],"version-history":[{"count":4,"href":"https:\/\/scantank.ee\/sv\/wp-json\/wp\/v2\/pages\/3150\/revisions"}],"predecessor-version":[{"id":3327,"href":"https:\/\/scantank.ee\/sv\/wp-json\/wp\/v2\/pages\/3150\/revisions\/3327"}],"wp:attachment":[{"href":"https:\/\/scantank.ee\/sv\/wp-json\/wp\/v2\/media?parent=3150"}],"curies":[{"name":"wp","href":"https:\/\/api.w.org\/{rel}","templated":true}]}}