{"id":3308,"date":"2019-10-15T16:21:38","date_gmt":"2019-10-15T16:21:38","guid":{"rendered":"https:\/\/scantank.ee\/integritetspolicy\/"},"modified":"2025-05-22T21:51:42","modified_gmt":"2025-05-22T21:51:42","slug":"integritetspolicy","status":"publish","type":"page","link":"https:\/\/scantank.ee\/sv\/integritetspolicy\/","title":{"rendered":"Integritetspolicy"},"content":{"rendered":"<div class=\"wpb-content-wrapper\"><p>[vc_row][vc_column][vc_column_text]Scantank AB har \u00e5tagit sig ansvaret att skydda sina kunders integritet. F\u00f6retagets verksamhet p\u00e5 internet \u00f6verensst\u00e4mmer med alla relevanta f\u00f6rordningar och relevant EU-lagstiftning samt lagarna i Republiken Estland.<\/p>\n<h4><strong>BEHANDLING AV PERSONUPPGIFTER<\/strong><\/h4>\n<p>Registeransvarig f\u00f6r personuppgifterna p\u00e5 Scantank.ee \u00e4r Scantank AB (registreringsnummer 14775808), bel\u00e4get i Harju l\u00e4n, Tallinn, T\u00fcri 6\/3, 11313, telefon <a href=\"tel:+37258362871\">+372 58362871<\/a> och e-post <a href=\"mailto:info@scantank.ee\">info@scantank.ee<\/a>. Scantank AB \u00e4r huvudansvarig f\u00f6r behandling av personuppgifter. Scantank AB vidarebefordrar de personuppgifter som kr\u00e4vs f\u00f6r att genomf\u00f6ra betalningar till den auktoriserade behandlaren Maksekeskus AS.<\/p>\n<h4><strong>VILKA PERSONLIGA UPPGIFTER BEHANDLAS?<\/strong><\/h4>\n<p>Webbplatsen Scantank.ee behandlar f\u00f6ljande personliga uppgifter:<\/p>\n<ul>\n<li>namn, telefonnummer och e-postadress;<\/li>\n<li>leveransadress;<\/li>\n<li>bankkontonummer;<\/li>\n<li>kostnad f\u00f6r varor och tj\u00e4nster och betalningsrelaterade uppgifter;<\/li>\n<li>kundsupportinformation.<\/li>\n<\/ul>\n<h4><strong>I VILKET SYFTE BEHANDLAS PERSONLIGA UPPGIFTER?<\/strong><\/h4>\n<p>Scantank AB \u00e4r huvudansvarig f\u00f6r behandlingen av personuppgifter. Personuppgifter anv\u00e4nds f\u00f6r att hantera kundorder och leverera varor. Uppgifter om k\u00f6phistorik (k\u00f6pdatum, artikel, kvantitet, kundinformation) anv\u00e4nds f\u00f6r att sammanst\u00e4lla en \u00f6versikt \u00f6ver k\u00f6pta varor och tj\u00e4nster samt f\u00f6r att analysera kundpreferenser. Bankkontonumret anv\u00e4nds f\u00f6r att genomf\u00f6ra \u00e5terbetalningar till kunden. Personuppgifter som e-post, telefonnummer, kundnamn behandlas f\u00f6r att l\u00f6sa problem relaterade till leverans av varor och tj\u00e4nster (kundsupport). Webbutikens IP-adress eller andra n\u00e4tverksidentifierare behandlas f\u00f6r att tillhandah\u00e5lla webbutikens service som en informationssamh\u00e4llstj\u00e4nst och f\u00f6r att generera statistik \u00f6ver webbanv\u00e4ndning.<\/p>\n<h4><strong>R\u00c4TTSLIGA GRUNDER<\/strong><\/h4>\n<p>Personuppgifter behandlas i syfte att genomf\u00f6ra avtalet med klienten. Behandlingen av personuppgifter sker f\u00f6r att uppfylla juridiska skyldigheter (t.ex. bokf\u00f6ring och l\u00f6sning av konsumenttvister).<\/p>\n<h4><strong>VILKA MOTTAGARE VIDAREBEFORDRAS PERSONUPPGIFTER TILL?<\/strong><\/h4>\n<p>Personuppgifter vidarebefordras till webbutikens kundsupport f\u00f6r att hantera k\u00f6p och k\u00f6phistorik, samt f\u00f6r att l\u00f6sa kundproblem. Personuppgifter kan \u00f6verf\u00f6ras till leverant\u00f6rer av informationsteknologitj\u00e4nster, om detta \u00e4r n\u00f6dv\u00e4ndigt f\u00f6r att s\u00e4kerst\u00e4lla funktionaliteten hos webbutiken eller datav\u00e4rden.<\/p>\n<h4><strong>S\u00c4KERHET OCH TILLG\u00c5NG TILL UPPGIFTER<\/strong><\/h4>\n<p>Personuppgifter lagras p\u00e5 Semiway ABs servrar som finns p\u00e5 en EU-medlemsstats territorium eller p\u00e5 territorium av l\u00e4nder som \u00e4r medlemmar i Europeiska ekonomiska samarbetsomr\u00e5det. Uppgifter kan \u00f6verf\u00f6ras till l\u00e4nder vars dataskyddsniv\u00e5 har bed\u00f6mts som tillr\u00e4cklig av Europeiska kommissionen, och till amerikanska f\u00f6retag som har anslutit sig till Privacy Shield-ramverket. Webbutikens personal har tillg\u00e5ng till personuppgifter f\u00f6r att l\u00f6sa tekniska problem relaterade till anv\u00e4ndningen av webbutiken och f\u00f6r att erbjuda kundsupport. Webbutiken genomf\u00f6r l\u00e4mpliga fysiska, organisatoriska och IT-relaterade s\u00e4kerhets\u00e5tg\u00e4rder f\u00f6r att skydda personuppgifter fr\u00e5n oavsiktlig eller olaglig f\u00f6rst\u00f6relse, f\u00f6rlust, \u00e4ndring eller obeh\u00f6rig \u00e5tkomst och avsl\u00f6jande. \u00d6verf\u00f6ring av personuppgifter till webbutikens auktoriserade behandlare (t.ex. leverant\u00f6r av transporttj\u00e4nster och datav\u00e4rden) \u00e4r f\u00f6rem\u00e5l f\u00f6r avtal mellan webbutiken och de auktoriserade behandlarna. Auktoriserade behandlare \u00e4r f\u00f6rpliktade att garantera l\u00e4mpliga skydds\u00e5tg\u00e4rder vid behandling av personuppgifter.<\/p>\n<h4><strong>GRANSKNING OCH KORRIGERING AV PERSONUPPGIFTER<\/strong><\/h4>\n<p>Personuppgifter kan granskas och korrigeras i webbutikens anv\u00e4ndarprofil. Om k\u00f6pet har genomf\u00f6rts utan ett anv\u00e4ndarkonto, kan man f\u00e5 \u00e5tkomst till sina personuppgifter via kundsupport.<\/p>\n<h4><strong>\u00c5TERKALLANDE AV SAMTYCKE<\/strong><\/h4>\n<p>Om personuppgifter behandlas i enlighet med kundens samtycke, har kunden r\u00e4tt att dra tillbaka samtycket genom att meddela kundsupport om detta via e-post.<\/p>\n<h4><strong>LAGRANDE<\/strong><\/h4>\n<p>Vid st\u00e4ngning av ett kundkonto i webbutiken raderas personuppgifterna, f\u00f6rutom n\u00e4r det \u00e4r n\u00f6dv\u00e4ndigt att beh\u00e5lla s\u00e5dana uppgifter f\u00f6r bokf\u00f6ring eller l\u00f6sning av konsumenttvister. Om k\u00f6pet har genomf\u00f6rt i webbutik utan ett kundkonto, lagras k\u00f6phistoriken i tre \u00e5r. N\u00e4r det g\u00e4ller tvister som r\u00f6r betalningar och konsumenttvister, ska personuppgifter lagras tills kravet har fyllts eller tills preskriptionstiden har l\u00f6pt ut. De personuppgifter som \u00e4r n\u00f6dv\u00e4ndiga f\u00f6r bokf\u00f6rings\u00e4ndam\u00e5l ska f\u00f6rvaras i sju \u00e5r.<\/p>\n<h4><strong>RADERING<\/strong><\/h4>\n<p>Man kan kontakta kundsupport via e-post f\u00f6r att radera sina personuppgifter. Beg\u00e4ran om radering ska besvaras inom h\u00f6gst en m\u00e5nad och perioden f\u00f6r radering av uppgifterna ska anges.<\/p>\n<h4><strong>\u00d6VERF\u00d6RING<\/strong><\/h4>\n<p>Beg\u00e4ran om \u00f6verf\u00f6ring av personuppgifter via e-post ska besvaras inom h\u00f6gst en m\u00e5nad. Kundtj\u00e4nst verifierar din identitet och informerar dig om personuppgifter som \u00e4r f\u00f6rem\u00e5l f\u00f6r \u00f6verf\u00f6ring.<\/p>\n<h4><strong>L\u00d6SNING AV TVISTER<\/strong><\/h4>\n<p>Tvister relaterade till behandling av personuppgifter l\u00f6ses via kundsupport, via e-post till <a href=\"mailto:info@scantank.ee\">info@scantank.ee<\/a> . Tillsynsmyndighet \u00e4r den estniska dataskyddsinspektionen ( <a href=\"mailto:info@aki.ee\">info@aki.ee<\/a> ).[\/vc_column_text][\/vc_column][\/vc_row]<\/p>\n<\/div>","protected":false},"excerpt":{"rendered":"<p>[vc_row][vc_column][vc_column_text]Scantank AB har \u00e5tagit sig ansvaret att skydda sina kunders integritet. F\u00f6retagets verksamhet p\u00e5 internet \u00f6verensst\u00e4mmer med alla relevanta f\u00f6rordningar och relevant EU-lagstiftning samt lagarna i Republiken Estland. BEHANDLING AV PERSONUPPGIFTER Registeransvarig f\u00f6r personuppgifterna p\u00e5 Scantank.ee \u00e4r Scantank AB (registreringsnummer 14775808), bel\u00e4get i Harju l\u00e4n, Tallinn, T\u00fcri 6\/3, 11313, telefon +372 58362871 och e-post info@scantank.ee. [&hellip;]<\/p>\n","protected":false},"author":2,"featured_media":0,"parent":0,"menu_order":0,"comment_status":"closed","ping_status":"closed","template":"","meta":{"_acf_changed":false,"inline_featured_image":false,"_exactmetrics_skip_tracking":false,"_exactmetrics_sitenote_active":false,"_exactmetrics_sitenote_note":"","_exactmetrics_sitenote_category":0,"_monsterinsights_skip_tracking":false,"_monsterinsights_sitenote_active":false,"_monsterinsights_sitenote_note":"","_monsterinsights_sitenote_category":0,"footnotes":""},"class_list":["post-3308","page","type-page","status-publish","hentry"],"acf":[],"yoast_head":"<!-- This site is optimized with the Yoast SEO plugin v23.1 - https:\/\/yoast.com\/wordpress\/plugins\/seo\/ -->\n<title>Integritetspolicy | Scantank<\/title>\n<meta name=\"description\" content=\"Scantank AB \u00e4r ett modernt f\u00f6retag med ett brett utbud, som s\u00e4ljer glasfibertankar och markr\u00e4nnor. Vi installerar alla produkter i v\u00e5rt sortiment och hanterar \u00e4ven andra byggnadsarbeten f\u00f6r vatten och avlopp.\" \/>\n<meta name=\"robots\" content=\"index, follow, max-snippet:-1, max-image-preview:large, max-video-preview:-1\" \/>\n<link rel=\"canonical\" href=\"https:\/\/scantank.ee\/sv\/integritetspolicy\/\" \/>\n<meta property=\"og:locale\" content=\"sv_SE\" \/>\n<meta property=\"og:type\" content=\"article\" \/>\n<meta property=\"og:title\" content=\"Scantank AB\" \/>\n<meta property=\"og:description\" content=\"Scantank AB \u00e4r ett modernt f\u00f6retag med ett brett utbud, som s\u00e4ljer glasfibertankar och markr\u00e4nnor. Vi installerar alla produkter i v\u00e5rt sortiment och hanterar \u00e4ven andra byggnadsarbeten f\u00f6r vatten och avlopp.\" \/>\n<meta property=\"og:url\" content=\"https:\/\/scantank.ee\/sv\/integritetspolicy\/\" \/>\n<meta property=\"og:site_name\" content=\"Scantank\" \/>\n<meta property=\"article:publisher\" content=\"http:\/\/www.facebook.com\/scantank\" \/>\n<meta property=\"article:modified_time\" content=\"2025-05-22T21:51:42+00:00\" \/>\n<meta property=\"og:image\" content=\"https:\/\/scantank.ee\/wp-content\/uploads\/2020\/02\/Scantank-social-share.png\" \/>\n<meta name=\"twitter:card\" content=\"summary_large_image\" \/>\n<meta name=\"twitter:label1\" content=\"Ber\u00e4knad l\u00e4stid\" \/>\n\t<meta name=\"twitter:data1\" content=\"4 minuter\" \/>\n<script type=\"application\/ld+json\" class=\"yoast-schema-graph\">{\"@context\":\"https:\/\/schema.org\",\"@graph\":[{\"@type\":\"WebPage\",\"@id\":\"https:\/\/scantank.ee\/sv\/integritetspolicy\/\",\"url\":\"https:\/\/scantank.ee\/sv\/integritetspolicy\/\",\"name\":\"Integritetspolicy | Scantank\",\"isPartOf\":{\"@id\":\"https:\/\/scantank.ee\/sv\/#website\"},\"datePublished\":\"2019-10-15T16:21:38+00:00\",\"dateModified\":\"2025-05-22T21:51:42+00:00\",\"description\":\"Scantank AB \u00e4r ett modernt f\u00f6retag med ett brett utbud, som s\u00e4ljer glasfibertankar och markr\u00e4nnor. Vi installerar alla produkter i v\u00e5rt sortiment och hanterar \u00e4ven andra byggnadsarbeten f\u00f6r vatten och avlopp.\",\"breadcrumb\":{\"@id\":\"https:\/\/scantank.ee\/sv\/integritetspolicy\/#breadcrumb\"},\"inLanguage\":\"sv-SE\",\"potentialAction\":[{\"@type\":\"ReadAction\",\"target\":[\"https:\/\/scantank.ee\/sv\/integritetspolicy\/\"]}]},{\"@type\":\"BreadcrumbList\",\"@id\":\"https:\/\/scantank.ee\/sv\/integritetspolicy\/#breadcrumb\",\"itemListElement\":[{\"@type\":\"ListItem\",\"position\":1,\"name\":\"Home\",\"item\":\"https:\/\/scantank.ee\/sv\/\"},{\"@type\":\"ListItem\",\"position\":2,\"name\":\"Integritetspolicy\"}]},{\"@type\":\"WebSite\",\"@id\":\"https:\/\/scantank.ee\/sv\/#website\",\"url\":\"https:\/\/scantank.ee\/sv\/\",\"name\":\"Scantank\",\"description\":\"\",\"publisher\":{\"@id\":\"https:\/\/scantank.ee\/sv\/#organization\"},\"potentialAction\":[{\"@type\":\"SearchAction\",\"target\":{\"@type\":\"EntryPoint\",\"urlTemplate\":\"https:\/\/scantank.ee\/sv\/?s={search_term_string}\"},\"query-input\":\"required name=search_term_string\"}],\"inLanguage\":\"sv-SE\"},{\"@type\":\"Organization\",\"@id\":\"https:\/\/scantank.ee\/sv\/#organization\",\"name\":\"Scantank O\u00dc\",\"url\":\"https:\/\/scantank.ee\/sv\/\",\"logo\":{\"@type\":\"ImageObject\",\"inLanguage\":\"sv-SE\",\"@id\":\"https:\/\/scantank.ee\/sv\/#\/schema\/logo\/image\/\",\"url\":\"https:\/\/scantank.ee\/wp-content\/uploads\/2019\/08\/scantank-new.png\",\"contentUrl\":\"https:\/\/scantank.ee\/wp-content\/uploads\/2019\/08\/scantank-new.png\",\"width\":1041,\"height\":221,\"caption\":\"Scantank O\u00dc\"},\"image\":{\"@id\":\"https:\/\/scantank.ee\/sv\/#\/schema\/logo\/image\/\"},\"sameAs\":[\"http:\/\/www.facebook.com\/scantank\"]}]}<\/script>\n<!-- \/ Yoast SEO plugin. -->","yoast_head_json":{"title":"Integritetspolicy | Scantank","description":"Scantank AB \u00e4r ett modernt f\u00f6retag med ett brett utbud, som s\u00e4ljer glasfibertankar och markr\u00e4nnor. Vi installerar alla produkter i v\u00e5rt sortiment och hanterar \u00e4ven andra byggnadsarbeten f\u00f6r vatten och avlopp.","robots":{"index":"index","follow":"follow","max-snippet":"max-snippet:-1","max-image-preview":"max-image-preview:large","max-video-preview":"max-video-preview:-1"},"canonical":"https:\/\/scantank.ee\/sv\/integritetspolicy\/","og_locale":"sv_SE","og_type":"article","og_title":"Scantank AB","og_description":"Scantank AB \u00e4r ett modernt f\u00f6retag med ett brett utbud, som s\u00e4ljer glasfibertankar och markr\u00e4nnor. Vi installerar alla produkter i v\u00e5rt sortiment och hanterar \u00e4ven andra byggnadsarbeten f\u00f6r vatten och avlopp.","og_url":"https:\/\/scantank.ee\/sv\/integritetspolicy\/","og_site_name":"Scantank","article_publisher":"http:\/\/www.facebook.com\/scantank","article_modified_time":"2025-05-22T21:51:42+00:00","og_image":[{"url":"https:\/\/scantank.ee\/wp-content\/uploads\/2020\/02\/Scantank-social-share.png"}],"twitter_card":"summary_large_image","twitter_misc":{"Ber\u00e4knad l\u00e4stid":"4 minuter"},"schema":{"@context":"https:\/\/schema.org","@graph":[{"@type":"WebPage","@id":"https:\/\/scantank.ee\/sv\/integritetspolicy\/","url":"https:\/\/scantank.ee\/sv\/integritetspolicy\/","name":"Integritetspolicy | Scantank","isPartOf":{"@id":"https:\/\/scantank.ee\/sv\/#website"},"datePublished":"2019-10-15T16:21:38+00:00","dateModified":"2025-05-22T21:51:42+00:00","description":"Scantank AB \u00e4r ett modernt f\u00f6retag med ett brett utbud, som s\u00e4ljer glasfibertankar och markr\u00e4nnor. Vi installerar alla produkter i v\u00e5rt sortiment och hanterar \u00e4ven andra byggnadsarbeten f\u00f6r vatten och avlopp.","breadcrumb":{"@id":"https:\/\/scantank.ee\/sv\/integritetspolicy\/#breadcrumb"},"inLanguage":"sv-SE","potentialAction":[{"@type":"ReadAction","target":["https:\/\/scantank.ee\/sv\/integritetspolicy\/"]}]},{"@type":"BreadcrumbList","@id":"https:\/\/scantank.ee\/sv\/integritetspolicy\/#breadcrumb","itemListElement":[{"@type":"ListItem","position":1,"name":"Home","item":"https:\/\/scantank.ee\/sv\/"},{"@type":"ListItem","position":2,"name":"Integritetspolicy"}]},{"@type":"WebSite","@id":"https:\/\/scantank.ee\/sv\/#website","url":"https:\/\/scantank.ee\/sv\/","name":"Scantank","description":"","publisher":{"@id":"https:\/\/scantank.ee\/sv\/#organization"},"potentialAction":[{"@type":"SearchAction","target":{"@type":"EntryPoint","urlTemplate":"https:\/\/scantank.ee\/sv\/?s={search_term_string}"},"query-input":"required name=search_term_string"}],"inLanguage":"sv-SE"},{"@type":"Organization","@id":"https:\/\/scantank.ee\/sv\/#organization","name":"Scantank O\u00dc","url":"https:\/\/scantank.ee\/sv\/","logo":{"@type":"ImageObject","inLanguage":"sv-SE","@id":"https:\/\/scantank.ee\/sv\/#\/schema\/logo\/image\/","url":"https:\/\/scantank.ee\/wp-content\/uploads\/2019\/08\/scantank-new.png","contentUrl":"https:\/\/scantank.ee\/wp-content\/uploads\/2019\/08\/scantank-new.png","width":1041,"height":221,"caption":"Scantank O\u00dc"},"image":{"@id":"https:\/\/scantank.ee\/sv\/#\/schema\/logo\/image\/"},"sameAs":["http:\/\/www.facebook.com\/scantank"]}]}},"_links":{"self":[{"href":"https:\/\/scantank.ee\/sv\/wp-json\/wp\/v2\/pages\/3308"}],"collection":[{"href":"https:\/\/scantank.ee\/sv\/wp-json\/wp\/v2\/pages"}],"about":[{"href":"https:\/\/scantank.ee\/sv\/wp-json\/wp\/v2\/types\/page"}],"author":[{"embeddable":true,"href":"https:\/\/scantank.ee\/sv\/wp-json\/wp\/v2\/users\/2"}],"replies":[{"embeddable":true,"href":"https:\/\/scantank.ee\/sv\/wp-json\/wp\/v2\/comments?post=3308"}],"version-history":[{"count":2,"href":"https:\/\/scantank.ee\/sv\/wp-json\/wp\/v2\/pages\/3308\/revisions"}],"predecessor-version":[{"id":3775,"href":"https:\/\/scantank.ee\/sv\/wp-json\/wp\/v2\/pages\/3308\/revisions\/3775"}],"wp:attachment":[{"href":"https:\/\/scantank.ee\/sv\/wp-json\/wp\/v2\/media?parent=3308"}],"curies":[{"name":"wp","href":"https:\/\/api.w.org\/{rel}","templated":true}]}}