{"id":3310,"date":"2019-10-15T16:21:39","date_gmt":"2019-10-15T16:21:39","guid":{"rendered":"https:\/\/scantank.ee\/anvandarvillkor\/"},"modified":"2025-05-22T21:51:41","modified_gmt":"2025-05-22T21:51:41","slug":"anvandarvillkor","status":"publish","type":"page","link":"https:\/\/scantank.ee\/sv\/anvandarvillkor\/","title":{"rendered":"Anv\u00e4ndarvillkor"},"content":{"rendered":"<div class=\"wpb-content-wrapper\"><p>[vc_row][vc_column][vc_column_text]\u00c4gare och behandlare av personuppgifterna hos webbutiken Scantank.ee \u00e4r Scantank AB (registreringsnummer 14775808), bel\u00e4get i Harju l\u00e4n, Tallinn, T\u00fcri 6\/3, 11313, telefon +372 58362871 och e-post <a href=\"mailto:info@scantank.ee\">info@scantank.ee<\/a>.<\/p>\n<h4><strong>GENERELLA VILLKOR OCH BEST\u00c4LLNINGSVILLKOR<\/strong><\/h4>\n<h4><strong>1. VILLKORENS OMFATTNING OCH GILTIGHET<\/strong><\/h4>\n<p>Dessa f\u00f6religgande generella villkor och best\u00e4llningsvillkor (nedan kallade \u201cVillkoren\u201d) f\u00f6r Scantank O\u00dc:s (h\u00e4danefter kallad \u201cS\u00e4ljaren\u201d) webbutik g\u00e4ller alla personer (nedan kallad \u201cK\u00f6paren\u201d) som anv\u00e4nder scantank.ee webbutik (h\u00e4danefter kallad \u201cWebbutiken\u201d), best\u00e4ller varor och tj\u00e4nster (h\u00e4danefter kallade \u201cvarorna\u201d) fr\u00e5n webbutiken, och som, genom att g\u00f6ra detta, ing\u00e5r ett k\u00f6peavtal (h\u00e4danefter kallat \u201cK\u00f6peavtalet\u201d) f\u00f6r ink\u00f6p av varor i webbutiken. Genom att acceptera villkoren bekr\u00e4ftar k\u00f6parna att de har l\u00e4st, godk\u00e4nner och f\u00f6ljer villkoren i K\u00f6peavtalet.<\/p>\n<h4><strong>2. K\u00d6P AV VAROR OCH BEST\u00c4LLNING I WEBBUTIKEN<\/strong><\/h4>\n<p>Det \u00e4r m\u00f6jligt att k\u00f6pa varor som har l\u00e4nken &#8221;L\u00e4gg i kundvagnen&#8221; i Webbutiken. Priset p\u00e5 varorna och varornas tillg\u00e4nglighet kan \u00e4ndras utan n\u00e5got f\u00f6rhandsmeddelande. Om K\u00f6paren har lagt en best\u00e4llning innan priset p\u00e5 varorna \u00e4ndrats, g\u00e4ller det pris som g\u00e4llde vid best\u00e4llningstillf\u00e4llet.<\/p>\n<h5><strong>2.1. Kundvagn och best\u00e4llning<\/strong><\/h5>\n<p>Kvantiteten p\u00e5 varorna i kundvagnen kan \u00e4ndras. Webbutikens k\u00f6pvillkor finns att l\u00e4sa och n\u00e4r dessa godk\u00e4nns, bekr\u00e4ftar man detta genom att kryssa i rutan (&#8221;Kryssa i&#8221;) framf\u00f6r villkoren. F\u00f6r att bekr\u00e4fta best\u00e4llningen m\u00e5ste K\u00f6paren klicka p\u00e5 knappen &#8221;Best\u00e4ll&#8221;, sedan vidarebefordras K\u00f6paren till betalningssidan, d\u00e4r betalningsmetod m\u00e5ste v\u00e4ljas. K\u00f6paren kan ocks\u00e5 \u00e4ndra betalningsmetoden i det sista stadiet av best\u00e4llningen. K\u00f6paren ska ange sina uppgifter och sedan klicka p\u00e5 &#8221;N\u00e4sta&#8221; -knappen. D\u00e4refter visas valet av den slutgiltiga betalningsmetoden, som beh\u00f6vs f\u00f6r att bekr\u00e4fta best\u00e4llningen och slutf\u00f6ra k\u00f6pet. K\u00f6paren kan v\u00e4lja betalningsmetod och betala f\u00f6r sitt k\u00f6p. K\u00f6peavtalet ska anses ha ing\u00e5tts fr\u00e5n mottagandet av det belopp som ska betalas enligt best\u00e4llningsbekr\u00e4ftelsen p\u00e5 S\u00e4ljarens bankkonto. S\u00e4ljaren kommer inte att f\u00e4rdigst\u00e4lla en obetald order.<\/p>\n<h5><strong>2.2. Prisinformation och betalning f\u00f6r varor<\/strong><\/h5>\n<p>Webbutikens valuta \u00e4r Euro (\u20ac). Priserna inkluderar moms. Priser p\u00e5 varor kan \u00e4ndras utan n\u00e5got f\u00f6rhandsmeddelande. S\u00e4ljaren \u00e4r inte ansvarig f\u00f6r n\u00e5gra andra skatter eller avgifter som kan till\u00e4mpas p\u00e5 K\u00f6paren och som K\u00f6paren ska f\u00f6rbli fullt ansvarig f\u00f6r. Det \u00e4r m\u00f6jligt att betala f\u00f6r varorna p\u00e5 f\u00f6ljande s\u00e4tt: via faktura eller via Internetbanken (Maksekeskus AS), som inkluderar bankl\u00e4nkar till Swedbank, SEB, Nordea Bank, Danske Bank och LHV Pank. Efter betalningen kommer webbutiken att skicka en orderbekr\u00e4ftelse och en faktura till K\u00f6paren. Alla personuppgifter som kommer till v\u00e5r k\u00e4nnedom n\u00e4r man bes\u00f6ker webbutiken och g\u00f6r ink\u00f6p behandlas som konfidentiell information. Den krypterade datakommunikationskanalen med bankerna s\u00e4kerst\u00e4ller s\u00e4kerheten f\u00f6r K\u00f6parens personuppgifter och bankuppgifter. S\u00e4ljarens representanter har inte tillg\u00e5ng till motsvarande krypterade data.<\/p>\n<h5><strong>2.3. Leverans av varor<\/strong><\/h5>\n<p>Leveransen av varorna kommer att avtalas mellan S\u00e4ljaren och K\u00f6paren efter k\u00f6pet. S\u00e4ljaren ska f\u00f6rbereda en offert f\u00f6r K\u00f6paren ang\u00e5ende leveransen. K\u00f6paren \u00e4r inte skyldig att acceptera priserbjudandet. K\u00f6paren kan ocks\u00e5 utf\u00f6ra leveransen p\u00e5 egen bekostnad.<\/p>\n<h5><strong>2.4. \u00c5ngerr\u00e4tt<\/strong><\/h5>\n<p>K\u00f6paren har r\u00e4tt att fr\u00e5ntr\u00e4da avtalet (dvs. avbryta anv\u00e4ndningen av produkten eller tj\u00e4nsten) inom 14 kalenderdagar efter att produkten eller tj\u00e4nsten har blivit tillg\u00e4nglig, dvs. efter att anv\u00e4ndarnamnet och l\u00f6senordet har skickats till anv\u00e4ndaren. F\u00f6r att fr\u00e5ntr\u00e4da avtalet ska K\u00f6paren l\u00e4mna in en ans\u00f6kan om \u00e5ngerr\u00e4tt. K\u00f6paren kan skicka in ans\u00f6kan om \u00e5ngerr\u00e4tt till info@scantank.ee. I h\u00e4ndelse av att K\u00f6paren har fr\u00e5ntr\u00e4tt avtalet kommer scantank.ee att \u00e5terbetala kostnaden f\u00f6r best\u00e4llningen till K\u00f6paren inom 14 dagar efter det att ans\u00f6kan om \u00e5ngerr\u00e4tt har l\u00e4mnats in. \u00c5terbetalning kommer att g\u00f6ras till K\u00f6paren p\u00e5 samma bankkonto som pengarna f\u00f6r best\u00e4llningen mottogs ifr\u00e5n.<\/p>\n<h4><strong>3. PRINCIPER F\u00d6R DATASKYDD OCH -BEARBETNING<\/strong><\/h4>\n<p>S\u00e4ljaren garanterar att K\u00f6parens data, inklusive personuppgifter, skyddas och anv\u00e4nds enligt villkoren i integritetspolicyn. K\u00f6paren bekr\u00e4ftar att hen har l\u00e4st och godk\u00e4nner villkoren i denna integritetspolicy. Baserat p\u00e5 giltig lagstiftning och villkoren i denna integritetspolicy har S\u00e4ljaren r\u00e4tt att, utan K\u00f6parens samtycke, behandla data (inklusive personuppgifter) i den utstr\u00e4ckning som \u00e4r n\u00f6dv\u00e4ndig f\u00f6r att anv\u00e4nda webbshoppen, verkst\u00e4lla K\u00f6peavtalet eller garantera verkst\u00e4llande av K\u00f6peavtalet. P\u00e5 grund av ovanst\u00e5ende har S\u00e4ljaren r\u00e4tt, utan separat samtycke av K\u00f6paren: att skicka meddelanden till K\u00f6paren ang\u00e5ende anv\u00e4ndningen av webbutikens tj\u00e4nster, inklusive meddelanden som skickas i webbutikens anv\u00e4ndares s\u00e4kerhets intresse; att f\u00f6ra register \u00f6ver orderuppgifter av K\u00f6pare som \u00e4r inloggade p\u00e5 webbutiken f\u00f6r att b\u00e4ttre betj\u00e4na K\u00f6pare och f\u00f6r att verifiera transaktioner, inklusive order som inte slutf\u00f6rdes under sessionen inom rimlig tid.<\/p>\n<h4><strong>4. ANSVAR<\/strong><\/h4>\n<p>K\u00f6paren \u00e4r ensam ansvarig f\u00f6r s\u00e4kerheten och anv\u00e4ndningen av sitt anv\u00e4ndarnamn och l\u00f6senord, vilka \u00e4r n\u00f6dv\u00e4ndiga f\u00f6r att anv\u00e4nda produkten eller tj\u00e4nsten. Varje g\u00e5ng K\u00f6paren anv\u00e4nder sitt anv\u00e4ndarnamn och l\u00f6senord tolkas dessa som angivna av K\u00f6paren och K\u00f6paren \u00e4r ansvarig f\u00f6r alla aktiviteter som sker under det anv\u00e4ndarnamnet. K\u00f6paren bekr\u00e4ftar att hen anv\u00e4nder de produkter och tj\u00e4nster som k\u00f6pts fr\u00e5n webbutiken helt p\u00e5 eget ansvar. S\u00e4ljaren \u00e4r inte ansvarig f\u00f6r n\u00e5gra som helst skador som K\u00f6paren eller tredje part har drabbats av vid anv\u00e4ndning av de produkter och\/eller tj\u00e4nster som k\u00f6pts via webbutiken.<\/p>\n<h4><strong>5. GILTIGHET F\u00d6R VILLKOREN<\/strong><\/h4>\n<p>Dessa villkor g\u00e4ller fr\u00e5n och med 01.09.2019.<\/p>\n<h4><strong>K\u00d6PINFORMATION<\/strong><\/h4>\n<h4><strong>1. BEST\u00c4LLNING<\/strong><\/h4>\n<ul>\n<li>V\u00e4lj de produkter eller tj\u00e4nster du vill k\u00f6pa fr\u00e5n webbutiken och l\u00e4gg till dem i din kundvagn.<\/li>\n<li>N\u00e4r du \u00f6ppnar din kundvagn har du m\u00f6jlighet att justera m\u00e4ngden produkter och ta bort produkter fr\u00e5n kundvagnen.<\/li>\n<li>N\u00e4r du har lagt till alla produkter i kundvagnen klickar du p\u00e5 G\u00c5 TILL BETALNING.<\/li>\n<li>Alla f\u00e4lt markerade med en asterisk (*) m\u00e5ste fyllas i i best\u00e4llningen.<\/li>\n<\/ul>\n<h4>2. BETALNING<\/h4>\n<p>N\u00e4r man har lagt best\u00e4llningen kan man betala f\u00f6r best\u00e4llningen, antingen med faktura eller genom en bank\u00f6verf\u00f6ring som tillhandah\u00e5lls av Maksekeskus AS. Fakturan kommer att vidarebefordras till best\u00e4llarens e-post efter best\u00e4llningen.<\/p>\n<h4><strong>3. \u00d6VRIG INFORMATION<\/strong><\/h4>\n<p>E-postadress: info@scantank.ee Telefon: <a href=\"tel:+37253404422\">+372 58362871<\/a>[\/vc_column_text][\/vc_column][\/vc_row]<\/p>\n<\/div>","protected":false},"excerpt":{"rendered":"<p>[vc_row][vc_column][vc_column_text]\u00c4gare och behandlare av personuppgifterna hos webbutiken Scantank.ee \u00e4r Scantank AB (registreringsnummer 14775808), bel\u00e4get i Harju l\u00e4n, Tallinn, T\u00fcri 6\/3, 11313, telefon +372 58362871 och e-post info@scantank.ee. GENERELLA VILLKOR OCH BEST\u00c4LLNINGSVILLKOR 1. VILLKORENS OMFATTNING OCH GILTIGHET Dessa f\u00f6religgande generella villkor och best\u00e4llningsvillkor (nedan kallade \u201cVillkoren\u201d) f\u00f6r Scantank O\u00dc:s (h\u00e4danefter kallad \u201cS\u00e4ljaren\u201d) webbutik g\u00e4ller alla personer [&hellip;]<\/p>\n","protected":false},"author":2,"featured_media":0,"parent":0,"menu_order":0,"comment_status":"closed","ping_status":"closed","template":"","meta":{"_acf_changed":false,"inline_featured_image":false,"_exactmetrics_skip_tracking":false,"_exactmetrics_sitenote_active":false,"_exactmetrics_sitenote_note":"","_exactmetrics_sitenote_category":0,"_monsterinsights_skip_tracking":false,"_monsterinsights_sitenote_active":false,"_monsterinsights_sitenote_note":"","_monsterinsights_sitenote_category":0,"footnotes":""},"class_list":["post-3310","page","type-page","status-publish","hentry"],"acf":[],"yoast_head":"<!-- This site is optimized with the Yoast SEO plugin v23.1 - https:\/\/yoast.com\/wordpress\/plugins\/seo\/ -->\n<title>Anv\u00e4ndarvillkor | Scantank<\/title>\n<meta name=\"description\" content=\"Scantank AB \u00e4r ett modernt f\u00f6retag med ett brett utbud, som s\u00e4ljer glasfibertankar och markr\u00e4nnor. Vi installerar alla produkter i v\u00e5rt sortiment och hanterar \u00e4ven andra byggnadsarbeten f\u00f6r vatten och avlopp.\" \/>\n<meta name=\"robots\" content=\"index, follow, max-snippet:-1, max-image-preview:large, max-video-preview:-1\" \/>\n<link rel=\"canonical\" href=\"https:\/\/scantank.ee\/sv\/anvandarvillkor\/\" \/>\n<meta property=\"og:locale\" content=\"sv_SE\" \/>\n<meta property=\"og:type\" content=\"article\" \/>\n<meta property=\"og:title\" content=\"Scantank AB\" \/>\n<meta property=\"og:description\" content=\"Scantank AB \u00e4r ett modernt f\u00f6retag med ett brett utbud, som s\u00e4ljer glasfibertankar och markr\u00e4nnor. Vi installerar alla produkter i v\u00e5rt sortiment och hanterar \u00e4ven andra byggnadsarbeten f\u00f6r vatten och avlopp.\" \/>\n<meta property=\"og:url\" content=\"https:\/\/scantank.ee\/sv\/anvandarvillkor\/\" \/>\n<meta property=\"og:site_name\" content=\"Scantank\" \/>\n<meta property=\"article:publisher\" content=\"http:\/\/www.facebook.com\/scantank\" \/>\n<meta property=\"article:modified_time\" content=\"2025-05-22T21:51:41+00:00\" \/>\n<meta property=\"og:image\" content=\"https:\/\/scantank.ee\/wp-content\/uploads\/2020\/02\/Scantank-social-share.png\" \/>\n\t<meta property=\"og:image:width\" content=\"600\" \/>\n\t<meta property=\"og:image:height\" content=\"315\" \/>\n\t<meta property=\"og:image:type\" content=\"image\/png\" \/>\n<meta name=\"twitter:card\" content=\"summary_large_image\" \/>\n<meta name=\"twitter:label1\" content=\"Ber\u00e4knad l\u00e4stid\" \/>\n\t<meta name=\"twitter:data1\" content=\"6 minuter\" \/>\n<script type=\"application\/ld+json\" class=\"yoast-schema-graph\">{\"@context\":\"https:\/\/schema.org\",\"@graph\":[{\"@type\":\"WebPage\",\"@id\":\"https:\/\/scantank.ee\/sv\/anvandarvillkor\/\",\"url\":\"https:\/\/scantank.ee\/sv\/anvandarvillkor\/\",\"name\":\"Anv\u00e4ndarvillkor | Scantank\",\"isPartOf\":{\"@id\":\"https:\/\/scantank.ee\/sv\/#website\"},\"datePublished\":\"2019-10-15T16:21:39+00:00\",\"dateModified\":\"2025-05-22T21:51:41+00:00\",\"description\":\"Scantank AB \u00e4r ett modernt f\u00f6retag med ett brett utbud, som s\u00e4ljer glasfibertankar och markr\u00e4nnor. Vi installerar alla produkter i v\u00e5rt sortiment och hanterar \u00e4ven andra byggnadsarbeten f\u00f6r vatten och avlopp.\",\"breadcrumb\":{\"@id\":\"https:\/\/scantank.ee\/sv\/anvandarvillkor\/#breadcrumb\"},\"inLanguage\":\"sv-SE\",\"potentialAction\":[{\"@type\":\"ReadAction\",\"target\":[\"https:\/\/scantank.ee\/sv\/anvandarvillkor\/\"]}]},{\"@type\":\"BreadcrumbList\",\"@id\":\"https:\/\/scantank.ee\/sv\/anvandarvillkor\/#breadcrumb\",\"itemListElement\":[{\"@type\":\"ListItem\",\"position\":1,\"name\":\"Home\",\"item\":\"https:\/\/scantank.ee\/sv\/\"},{\"@type\":\"ListItem\",\"position\":2,\"name\":\"Anv\u00e4ndarvillkor\"}]},{\"@type\":\"WebSite\",\"@id\":\"https:\/\/scantank.ee\/sv\/#website\",\"url\":\"https:\/\/scantank.ee\/sv\/\",\"name\":\"Scantank\",\"description\":\"\",\"publisher\":{\"@id\":\"https:\/\/scantank.ee\/sv\/#organization\"},\"potentialAction\":[{\"@type\":\"SearchAction\",\"target\":{\"@type\":\"EntryPoint\",\"urlTemplate\":\"https:\/\/scantank.ee\/sv\/?s={search_term_string}\"},\"query-input\":\"required name=search_term_string\"}],\"inLanguage\":\"sv-SE\"},{\"@type\":\"Organization\",\"@id\":\"https:\/\/scantank.ee\/sv\/#organization\",\"name\":\"Scantank O\u00dc\",\"url\":\"https:\/\/scantank.ee\/sv\/\",\"logo\":{\"@type\":\"ImageObject\",\"inLanguage\":\"sv-SE\",\"@id\":\"https:\/\/scantank.ee\/sv\/#\/schema\/logo\/image\/\",\"url\":\"https:\/\/scantank.ee\/wp-content\/uploads\/2019\/08\/scantank-new.png\",\"contentUrl\":\"https:\/\/scantank.ee\/wp-content\/uploads\/2019\/08\/scantank-new.png\",\"width\":1041,\"height\":221,\"caption\":\"Scantank O\u00dc\"},\"image\":{\"@id\":\"https:\/\/scantank.ee\/sv\/#\/schema\/logo\/image\/\"},\"sameAs\":[\"http:\/\/www.facebook.com\/scantank\"]}]}<\/script>\n<!-- \/ Yoast SEO plugin. -->","yoast_head_json":{"title":"Anv\u00e4ndarvillkor | Scantank","description":"Scantank AB \u00e4r ett modernt f\u00f6retag med ett brett utbud, som s\u00e4ljer glasfibertankar och markr\u00e4nnor. Vi installerar alla produkter i v\u00e5rt sortiment och hanterar \u00e4ven andra byggnadsarbeten f\u00f6r vatten och avlopp.","robots":{"index":"index","follow":"follow","max-snippet":"max-snippet:-1","max-image-preview":"max-image-preview:large","max-video-preview":"max-video-preview:-1"},"canonical":"https:\/\/scantank.ee\/sv\/anvandarvillkor\/","og_locale":"sv_SE","og_type":"article","og_title":"Scantank AB","og_description":"Scantank AB \u00e4r ett modernt f\u00f6retag med ett brett utbud, som s\u00e4ljer glasfibertankar och markr\u00e4nnor. Vi installerar alla produkter i v\u00e5rt sortiment och hanterar \u00e4ven andra byggnadsarbeten f\u00f6r vatten och avlopp.","og_url":"https:\/\/scantank.ee\/sv\/anvandarvillkor\/","og_site_name":"Scantank","article_publisher":"http:\/\/www.facebook.com\/scantank","article_modified_time":"2025-05-22T21:51:41+00:00","og_image":[{"width":600,"height":315,"url":"https:\/\/scantank.ee\/wp-content\/uploads\/2020\/02\/Scantank-social-share.png","type":"image\/png"}],"twitter_card":"summary_large_image","twitter_misc":{"Ber\u00e4knad l\u00e4stid":"6 minuter"},"schema":{"@context":"https:\/\/schema.org","@graph":[{"@type":"WebPage","@id":"https:\/\/scantank.ee\/sv\/anvandarvillkor\/","url":"https:\/\/scantank.ee\/sv\/anvandarvillkor\/","name":"Anv\u00e4ndarvillkor | Scantank","isPartOf":{"@id":"https:\/\/scantank.ee\/sv\/#website"},"datePublished":"2019-10-15T16:21:39+00:00","dateModified":"2025-05-22T21:51:41+00:00","description":"Scantank AB \u00e4r ett modernt f\u00f6retag med ett brett utbud, som s\u00e4ljer glasfibertankar och markr\u00e4nnor. Vi installerar alla produkter i v\u00e5rt sortiment och hanterar \u00e4ven andra byggnadsarbeten f\u00f6r vatten och avlopp.","breadcrumb":{"@id":"https:\/\/scantank.ee\/sv\/anvandarvillkor\/#breadcrumb"},"inLanguage":"sv-SE","potentialAction":[{"@type":"ReadAction","target":["https:\/\/scantank.ee\/sv\/anvandarvillkor\/"]}]},{"@type":"BreadcrumbList","@id":"https:\/\/scantank.ee\/sv\/anvandarvillkor\/#breadcrumb","itemListElement":[{"@type":"ListItem","position":1,"name":"Home","item":"https:\/\/scantank.ee\/sv\/"},{"@type":"ListItem","position":2,"name":"Anv\u00e4ndarvillkor"}]},{"@type":"WebSite","@id":"https:\/\/scantank.ee\/sv\/#website","url":"https:\/\/scantank.ee\/sv\/","name":"Scantank","description":"","publisher":{"@id":"https:\/\/scantank.ee\/sv\/#organization"},"potentialAction":[{"@type":"SearchAction","target":{"@type":"EntryPoint","urlTemplate":"https:\/\/scantank.ee\/sv\/?s={search_term_string}"},"query-input":"required name=search_term_string"}],"inLanguage":"sv-SE"},{"@type":"Organization","@id":"https:\/\/scantank.ee\/sv\/#organization","name":"Scantank O\u00dc","url":"https:\/\/scantank.ee\/sv\/","logo":{"@type":"ImageObject","inLanguage":"sv-SE","@id":"https:\/\/scantank.ee\/sv\/#\/schema\/logo\/image\/","url":"https:\/\/scantank.ee\/wp-content\/uploads\/2019\/08\/scantank-new.png","contentUrl":"https:\/\/scantank.ee\/wp-content\/uploads\/2019\/08\/scantank-new.png","width":1041,"height":221,"caption":"Scantank O\u00dc"},"image":{"@id":"https:\/\/scantank.ee\/sv\/#\/schema\/logo\/image\/"},"sameAs":["http:\/\/www.facebook.com\/scantank"]}]}},"_links":{"self":[{"href":"https:\/\/scantank.ee\/sv\/wp-json\/wp\/v2\/pages\/3310"}],"collection":[{"href":"https:\/\/scantank.ee\/sv\/wp-json\/wp\/v2\/pages"}],"about":[{"href":"https:\/\/scantank.ee\/sv\/wp-json\/wp\/v2\/types\/page"}],"author":[{"embeddable":true,"href":"https:\/\/scantank.ee\/sv\/wp-json\/wp\/v2\/users\/2"}],"replies":[{"embeddable":true,"href":"https:\/\/scantank.ee\/sv\/wp-json\/wp\/v2\/comments?post=3310"}],"version-history":[{"count":1,"href":"https:\/\/scantank.ee\/sv\/wp-json\/wp\/v2\/pages\/3310\/revisions"}],"predecessor-version":[{"id":3311,"href":"https:\/\/scantank.ee\/sv\/wp-json\/wp\/v2\/pages\/3310\/revisions\/3311"}],"wp:attachment":[{"href":"https:\/\/scantank.ee\/sv\/wp-json\/wp\/v2\/media?parent=3310"}],"curies":[{"name":"wp","href":"https:\/\/api.w.org\/{rel}","templated":true}]}}