{"id":3315,"date":"2019-10-15T16:21:40","date_gmt":"2019-10-15T16:21:40","guid":{"rendered":"https:\/\/scantank.ee\/tjanster\/transport\/"},"modified":"2020-02-10T15:59:13","modified_gmt":"2020-02-10T15:59:13","slug":"transport","status":"publish","type":"page","link":"https:\/\/scantank.ee\/sv\/tjanster\/transport\/","title":{"rendered":"Transport"},"content":{"rendered":"<div class=\"wpb-content-wrapper\"><p>[vc_row][vc_column][vc_column_text el_class=&#8221;short&#8221;]<\/p>\n<h2 style=\"text-align: center;\">Best\u00e4ll transport via oss<\/h2>\n<p>[\/vc_column_text][vc_separator el_width=&#8221;50&#8243; css=&#8221;.vc_custom_1569956337964{margin-top: 3% !important;margin-bottom: 3% !important;}&#8221;]\n<div class=\"wpcf7 no-js\" id=\"wpcf7-f3332-o1\" lang=\"et\" dir=\"ltr\">\n<div class=\"screen-reader-response\"><p role=\"status\" aria-live=\"polite\" aria-atomic=\"true\"><\/p> <ul><\/ul><\/div>\n<form action=\"\/sv\/wp-json\/wp\/v2\/pages\/3315#wpcf7-f3332-o1\" method=\"post\" class=\"wpcf7-form init\" aria-label=\"Contact form\" novalidate=\"novalidate\" data-status=\"init\">\n<div style=\"display: none;\">\n<input type=\"hidden\" name=\"_wpcf7\" value=\"3332\" \/>\n<input type=\"hidden\" name=\"_wpcf7_version\" value=\"5.9.7\" \/>\n<input type=\"hidden\" name=\"_wpcf7_locale\" value=\"et\" \/>\n<input type=\"hidden\" name=\"_wpcf7_unit_tag\" value=\"wpcf7-f3332-o1\" \/>\n<input type=\"hidden\" name=\"_wpcf7_container_post\" value=\"0\" \/>\n<input type=\"hidden\" name=\"_wpcf7_posted_data_hash\" value=\"\" \/>\n<input type=\"hidden\" name=\"_wpcf7_recaptcha_response\" value=\"\" \/>\n<\/div>\n<div class=\"row\">\n    <div class=\"col-lg-6\">\n        <div class=\"form-group\">\n            <label for=\"contact-name\">F\u00f6r- och efternamn *<\/label>\n            <span class=\"wpcf7-form-control-wrap\" data-name=\"nimi\"><input size=\"40\" maxlength=\"400\" class=\"wpcf7-form-control wpcf7-text wpcf7-validates-as-required form-control\" id=\"contact-name\" aria-required=\"true\" aria-invalid=\"false\" value=\"\" type=\"text\" name=\"nimi\" \/><\/span>\n        <\/div>\n    <\/div>\n    <div class=\"col-lg-6\">\n        <div class=\"form-group\">\n            <label for=\"contact-email\">E-postadress *<\/label>\n            <span class=\"wpcf7-form-control-wrap\" data-name=\"epost\"><input size=\"40\" maxlength=\"400\" class=\"wpcf7-form-control wpcf7-email wpcf7-validates-as-required wpcf7-text wpcf7-validates-as-email form-control\" id=\"contact-email\" aria-required=\"true\" aria-invalid=\"false\" value=\"\" type=\"email\" name=\"epost\" \/><\/span>\n        <\/div>\n    <\/div>\n    <div class=\"col-lg-12\">\n        <div class=\"form-group\">\n            <label for=\"contact-subject\">Ort<\/label>\n            <span class=\"wpcf7-form-control-wrap\" data-name=\"teema\"><input size=\"40\" maxlength=\"400\" class=\"wpcf7-form-control wpcf7-text form-control\" id=\"contact-subject\" aria-invalid=\"false\" value=\"\" type=\"text\" name=\"teema\" \/><\/span>\n        <\/div>\n    <\/div>\n    <div class=\"col-lg-12\">\n        <div class=\"form-group\">\n            <label for=\"contact-message\">Beskrivning av objektet<\/label>\n            <span class=\"wpcf7-form-control-wrap\" data-name=\"sisu\"><textarea cols=\"40\" rows=\"10\" maxlength=\"2000\" class=\"wpcf7-form-control wpcf7-textarea form-control\" id=\"contact-message\" aria-invalid=\"false\" name=\"sisu\"><\/textarea><\/span>\n        <\/div>\n    <\/div>\n    <div class=\"col-lg-12\">\n        <div class=\"form-group\">\n            <input class=\"wpcf7-form-control wpcf7-submit has-spinner btn btn-primary btn-lg\" type=\"submit\" value=\"Skicka meddelande\" \/>\n        <\/div>\n    <\/div>\n<\/div><input type='hidden' class='wpcf7-pum' value='{\"closepopup\":false,\"closedelay\":0,\"openpopup\":false,\"openpopup_id\":0}' \/><div class=\"wpcf7-response-output\" aria-hidden=\"true\"><\/div>\n<\/form>\n<\/div>\n[\/vc_column][\/vc_row]<\/p>\n<\/div>","protected":false},"excerpt":{"rendered":"<p>[vc_row][vc_column][vc_column_text el_class=&#8221;short&#8221;] Best\u00e4ll transport via oss [\/vc_column_text][vc_separator el_width=&#8221;50&#8243; css=&#8221;.vc_custom_1569956337964{margin-top: 3% !important;margin-bottom: 3% !important;}&#8221;][\/vc_column][\/vc_row]<\/p>\n","protected":false},"author":2,"featured_media":0,"parent":3312,"menu_order":0,"comment_status":"closed","ping_status":"closed","template":"","meta":{"_acf_changed":false,"inline_featured_image":false,"_exactmetrics_skip_tracking":false,"_exactmetrics_sitenote_active":false,"_exactmetrics_sitenote_note":"","_exactmetrics_sitenote_category":0,"_monsterinsights_skip_tracking":false,"_monsterinsights_sitenote_active":false,"_monsterinsights_sitenote_note":"","_monsterinsights_sitenote_category":0,"footnotes":""},"class_list":["post-3315","page","type-page","status-publish","hentry"],"acf":[],"yoast_head":"<!-- This site is optimized with the Yoast SEO plugin v23.1 - https:\/\/yoast.com\/wordpress\/plugins\/seo\/ -->\n<title>Transport | Scantank<\/title>\n<meta name=\"description\" content=\"Scantank AB \u00e4r ett modernt f\u00f6retag med ett brett utbud, som s\u00e4ljer glasfibertankar och markr\u00e4nnor. Vi installerar alla produkter i v\u00e5rt sortiment och hanterar \u00e4ven andra byggnadsarbeten f\u00f6r vatten och avlopp.\" \/>\n<meta name=\"robots\" content=\"index, follow, max-snippet:-1, max-image-preview:large, max-video-preview:-1\" \/>\n<link rel=\"canonical\" href=\"https:\/\/scantank.ee\/sv\/tjanster\/transport\/\" \/>\n<meta property=\"og:locale\" content=\"sv_SE\" \/>\n<meta property=\"og:type\" content=\"article\" \/>\n<meta property=\"og:title\" content=\"Scantank AB\" \/>\n<meta property=\"og:description\" content=\"Scantank AB \u00e4r ett modernt f\u00f6retag med ett brett utbud, som s\u00e4ljer glasfibertankar och markr\u00e4nnor. Vi installerar alla produkter i v\u00e5rt sortiment och hanterar \u00e4ven andra byggnadsarbeten f\u00f6r vatten och avlopp.\" \/>\n<meta property=\"og:url\" content=\"https:\/\/scantank.ee\/sv\/tjanster\/transport\/\" \/>\n<meta property=\"og:site_name\" content=\"Scantank\" \/>\n<meta property=\"article:publisher\" content=\"http:\/\/www.facebook.com\/scantank\" \/>\n<meta property=\"article:modified_time\" content=\"2020-02-10T15:59:13+00:00\" \/>\n<meta property=\"og:image\" content=\"https:\/\/scantank.ee\/wp-content\/uploads\/2020\/02\/Scantank-social-share.png\" \/>\n\t<meta property=\"og:image:width\" content=\"600\" \/>\n\t<meta property=\"og:image:height\" content=\"315\" \/>\n\t<meta property=\"og:image:type\" content=\"image\/png\" \/>\n<meta name=\"twitter:card\" content=\"summary_large_image\" \/>\n<script type=\"application\/ld+json\" class=\"yoast-schema-graph\">{\"@context\":\"https:\/\/schema.org\",\"@graph\":[{\"@type\":\"WebPage\",\"@id\":\"https:\/\/scantank.ee\/sv\/tjanster\/transport\/\",\"url\":\"https:\/\/scantank.ee\/sv\/tjanster\/transport\/\",\"name\":\"Transport | Scantank\",\"isPartOf\":{\"@id\":\"https:\/\/www.scantank.ee\/sv\/#website\"},\"datePublished\":\"2019-10-15T16:21:40+00:00\",\"dateModified\":\"2020-02-10T15:59:13+00:00\",\"description\":\"Scantank AB \u00e4r ett modernt f\u00f6retag med ett brett utbud, som s\u00e4ljer glasfibertankar och markr\u00e4nnor. Vi installerar alla produkter i v\u00e5rt sortiment och hanterar \u00e4ven andra byggnadsarbeten f\u00f6r vatten och avlopp.\",\"breadcrumb\":{\"@id\":\"https:\/\/scantank.ee\/sv\/tjanster\/transport\/#breadcrumb\"},\"inLanguage\":\"sv-SE\",\"potentialAction\":[{\"@type\":\"ReadAction\",\"target\":[\"https:\/\/scantank.ee\/sv\/tjanster\/transport\/\"]}]},{\"@type\":\"BreadcrumbList\",\"@id\":\"https:\/\/scantank.ee\/sv\/tjanster\/transport\/#breadcrumb\",\"itemListElement\":[{\"@type\":\"ListItem\",\"position\":1,\"name\":\"Home\",\"item\":\"https:\/\/www.scantank.ee\/sv\/\"},{\"@type\":\"ListItem\",\"position\":2,\"name\":\"Tj\u00e4nster\",\"item\":\"https:\/\/www.scantank.ee\/sv\/tjanster\/\"},{\"@type\":\"ListItem\",\"position\":3,\"name\":\"Transport\"}]},{\"@type\":\"WebSite\",\"@id\":\"https:\/\/www.scantank.ee\/sv\/#website\",\"url\":\"https:\/\/www.scantank.ee\/sv\/\",\"name\":\"Scantank\",\"description\":\"\",\"publisher\":{\"@id\":\"https:\/\/www.scantank.ee\/sv\/#organization\"},\"potentialAction\":[{\"@type\":\"SearchAction\",\"target\":{\"@type\":\"EntryPoint\",\"urlTemplate\":\"https:\/\/www.scantank.ee\/sv\/?s={search_term_string}\"},\"query-input\":\"required name=search_term_string\"}],\"inLanguage\":\"sv-SE\"},{\"@type\":\"Organization\",\"@id\":\"https:\/\/www.scantank.ee\/sv\/#organization\",\"name\":\"Scantank O\u00dc\",\"url\":\"https:\/\/www.scantank.ee\/sv\/\",\"logo\":{\"@type\":\"ImageObject\",\"inLanguage\":\"sv-SE\",\"@id\":\"https:\/\/www.scantank.ee\/sv\/#\/schema\/logo\/image\/\",\"url\":\"https:\/\/scantank.ee\/wp-content\/uploads\/2019\/08\/scantank-new.png\",\"contentUrl\":\"https:\/\/scantank.ee\/wp-content\/uploads\/2019\/08\/scantank-new.png\",\"width\":1041,\"height\":221,\"caption\":\"Scantank O\u00dc\"},\"image\":{\"@id\":\"https:\/\/www.scantank.ee\/sv\/#\/schema\/logo\/image\/\"},\"sameAs\":[\"http:\/\/www.facebook.com\/scantank\"]}]}<\/script>\n<!-- \/ Yoast SEO plugin. -->","yoast_head_json":{"title":"Transport | Scantank","description":"Scantank AB \u00e4r ett modernt f\u00f6retag med ett brett utbud, som s\u00e4ljer glasfibertankar och markr\u00e4nnor. Vi installerar alla produkter i v\u00e5rt sortiment och hanterar \u00e4ven andra byggnadsarbeten f\u00f6r vatten och avlopp.","robots":{"index":"index","follow":"follow","max-snippet":"max-snippet:-1","max-image-preview":"max-image-preview:large","max-video-preview":"max-video-preview:-1"},"canonical":"https:\/\/scantank.ee\/sv\/tjanster\/transport\/","og_locale":"sv_SE","og_type":"article","og_title":"Scantank AB","og_description":"Scantank AB \u00e4r ett modernt f\u00f6retag med ett brett utbud, som s\u00e4ljer glasfibertankar och markr\u00e4nnor. Vi installerar alla produkter i v\u00e5rt sortiment och hanterar \u00e4ven andra byggnadsarbeten f\u00f6r vatten och avlopp.","og_url":"https:\/\/scantank.ee\/sv\/tjanster\/transport\/","og_site_name":"Scantank","article_publisher":"http:\/\/www.facebook.com\/scantank","article_modified_time":"2020-02-10T15:59:13+00:00","og_image":[{"width":600,"height":315,"url":"https:\/\/scantank.ee\/wp-content\/uploads\/2020\/02\/Scantank-social-share.png","type":"image\/png"}],"twitter_card":"summary_large_image","schema":{"@context":"https:\/\/schema.org","@graph":[{"@type":"WebPage","@id":"https:\/\/scantank.ee\/sv\/tjanster\/transport\/","url":"https:\/\/scantank.ee\/sv\/tjanster\/transport\/","name":"Transport | Scantank","isPartOf":{"@id":"https:\/\/www.scantank.ee\/sv\/#website"},"datePublished":"2019-10-15T16:21:40+00:00","dateModified":"2020-02-10T15:59:13+00:00","description":"Scantank AB \u00e4r ett modernt f\u00f6retag med ett brett utbud, som s\u00e4ljer glasfibertankar och markr\u00e4nnor. Vi installerar alla produkter i v\u00e5rt sortiment och hanterar \u00e4ven andra byggnadsarbeten f\u00f6r vatten och avlopp.","breadcrumb":{"@id":"https:\/\/scantank.ee\/sv\/tjanster\/transport\/#breadcrumb"},"inLanguage":"sv-SE","potentialAction":[{"@type":"ReadAction","target":["https:\/\/scantank.ee\/sv\/tjanster\/transport\/"]}]},{"@type":"BreadcrumbList","@id":"https:\/\/scantank.ee\/sv\/tjanster\/transport\/#breadcrumb","itemListElement":[{"@type":"ListItem","position":1,"name":"Home","item":"https:\/\/www.scantank.ee\/sv\/"},{"@type":"ListItem","position":2,"name":"Tj\u00e4nster","item":"https:\/\/www.scantank.ee\/sv\/tjanster\/"},{"@type":"ListItem","position":3,"name":"Transport"}]},{"@type":"WebSite","@id":"https:\/\/www.scantank.ee\/sv\/#website","url":"https:\/\/www.scantank.ee\/sv\/","name":"Scantank","description":"","publisher":{"@id":"https:\/\/www.scantank.ee\/sv\/#organization"},"potentialAction":[{"@type":"SearchAction","target":{"@type":"EntryPoint","urlTemplate":"https:\/\/www.scantank.ee\/sv\/?s={search_term_string}"},"query-input":"required name=search_term_string"}],"inLanguage":"sv-SE"},{"@type":"Organization","@id":"https:\/\/www.scantank.ee\/sv\/#organization","name":"Scantank O\u00dc","url":"https:\/\/www.scantank.ee\/sv\/","logo":{"@type":"ImageObject","inLanguage":"sv-SE","@id":"https:\/\/www.scantank.ee\/sv\/#\/schema\/logo\/image\/","url":"https:\/\/scantank.ee\/wp-content\/uploads\/2019\/08\/scantank-new.png","contentUrl":"https:\/\/scantank.ee\/wp-content\/uploads\/2019\/08\/scantank-new.png","width":1041,"height":221,"caption":"Scantank O\u00dc"},"image":{"@id":"https:\/\/www.scantank.ee\/sv\/#\/schema\/logo\/image\/"},"sameAs":["http:\/\/www.facebook.com\/scantank"]}]}},"_links":{"self":[{"href":"https:\/\/scantank.ee\/sv\/wp-json\/wp\/v2\/pages\/3315"}],"collection":[{"href":"https:\/\/scantank.ee\/sv\/wp-json\/wp\/v2\/pages"}],"about":[{"href":"https:\/\/scantank.ee\/sv\/wp-json\/wp\/v2\/types\/page"}],"author":[{"embeddable":true,"href":"https:\/\/scantank.ee\/sv\/wp-json\/wp\/v2\/users\/2"}],"replies":[{"embeddable":true,"href":"https:\/\/scantank.ee\/sv\/wp-json\/wp\/v2\/comments?post=3315"}],"version-history":[{"count":3,"href":"https:\/\/scantank.ee\/sv\/wp-json\/wp\/v2\/pages\/3315\/revisions"}],"predecessor-version":[{"id":3777,"href":"https:\/\/scantank.ee\/sv\/wp-json\/wp\/v2\/pages\/3315\/revisions\/3777"}],"up":[{"embeddable":true,"href":"https:\/\/scantank.ee\/sv\/wp-json\/wp\/v2\/pages\/3312"}],"wp:attachment":[{"href":"https:\/\/scantank.ee\/sv\/wp-json\/wp\/v2\/media?parent=3315"}],"curies":[{"name":"wp","href":"https:\/\/api.w.org\/{rel}","templated":true}]}}