{"id":3219,"date":"2019-08-09T09:51:20","date_gmt":"2019-10-15T16:11:00","guid":{"rendered":"https:\/\/scantank.ee\/toode\/olje-och-sandavskiljare-ns15lm-klass-i-2\/"},"modified":"2019-10-15T16:11:00","modified_gmt":"2019-10-15T16:11:00","slug":"olje-och-sandavskiljare-ns15lm-klass-i-2","status":"publish","type":"product","link":"https:\/\/scantank.ee\/sv\/toode\/olje-och-sandavskiljare-ns15lm-klass-i-2\/","title":{"rendered":"Olje- och sandavskiljare NS15LM (klass I)"},"content":{"rendered":"","protected":false},"excerpt":{"rendered":"","protected":false},"featured_media":2331,"template":"","meta":{"_acf_changed":false,"inline_featured_image":false,"_exactmetrics_skip_tracking":false,"_exactmetrics_sitenote_active":false,"_exactmetrics_sitenote_note":"","_exactmetrics_sitenote_category":0,"_monsterinsights_skip_tracking":false,"_monsterinsights_sitenote_active":false,"_monsterinsights_sitenote_note":"","_monsterinsights_sitenote_category":0},"product_cat":[264],"product_tag":[],"class_list":{"0":"post-3219","1":"product","2":"type-product","3":"status-publish","4":"has-post-thumbnail","6":"product_cat--i-","8":"first","9":"instock","10":"shipping-taxable","11":"product-type-simple"},"acf":[],"yoast_head":"<!-- This site is optimized with the Yoast SEO plugin v23.1 - https:\/\/yoast.com\/wordpress\/plugins\/seo\/ -->\n<title>Olje- och sandavskiljare NS15LM (klass I) | Scantank<\/title>\n<meta name=\"robots\" content=\"index, follow, max-snippet:-1, max-image-preview:large, max-video-preview:-1\" \/>\n<link rel=\"canonical\" href=\"https:\/\/scantank.ee\/sv\/toode\/olje-och-sandavskiljare-ns15lm-klass-i-2\/\" \/>\n<meta property=\"og:locale\" content=\"sv_SE\" \/>\n<meta property=\"og:type\" content=\"article\" \/>\n<meta property=\"og:title\" content=\"Olje- och sandavskiljare NS15LM (klass I) | Scantank\" \/>\n<meta property=\"og:url\" content=\"https:\/\/scantank.ee\/sv\/toode\/olje-och-sandavskiljare-ns15lm-klass-i-2\/\" \/>\n<meta property=\"og:site_name\" content=\"Scantank\" \/>\n<meta property=\"article:publisher\" content=\"http:\/\/www.facebook.com\/scantank\" \/>\n<meta property=\"og:image\" content=\"https:\/\/www.scantank.ee\/wp-content\/uploads\/2019\/08\/pu\u0308u\u0308dur-filtriga.jpg\" \/>\n\t<meta property=\"og:image:width\" content=\"1450\" \/>\n\t<meta property=\"og:image:height\" content=\"2160\" \/>\n\t<meta property=\"og:image:type\" content=\"image\/jpeg\" \/>\n<meta name=\"twitter:card\" content=\"summary_large_image\" \/>\n<script type=\"application\/ld+json\" class=\"yoast-schema-graph\">{\"@context\":\"https:\/\/schema.org\",\"@graph\":[{\"@type\":\"WebPage\",\"@id\":\"https:\/\/scantank.ee\/sv\/toode\/olje-och-sandavskiljare-ns15lm-klass-i-2\/\",\"url\":\"https:\/\/scantank.ee\/sv\/toode\/olje-och-sandavskiljare-ns15lm-klass-i-2\/\",\"name\":\"Olje- och sandavskiljare NS15LM (klass I) | Scantank\",\"isPartOf\":{\"@id\":\"https:\/\/www.scantank.ee\/sv\/#website\"},\"primaryImageOfPage\":{\"@id\":\"https:\/\/scantank.ee\/sv\/toode\/olje-och-sandavskiljare-ns15lm-klass-i-2\/#primaryimage\"},\"image\":{\"@id\":\"https:\/\/scantank.ee\/sv\/toode\/olje-och-sandavskiljare-ns15lm-klass-i-2\/#primaryimage\"},\"thumbnailUrl\":\"https:\/\/scantank.ee\/wp-content\/uploads\/2019\/08\/pu\u0308u\u0308dur-filtriga.jpg\",\"datePublished\":\"2019-10-15T16:11:00+00:00\",\"dateModified\":\"2019-10-15T16:11:00+00:00\",\"breadcrumb\":{\"@id\":\"https:\/\/scantank.ee\/sv\/toode\/olje-och-sandavskiljare-ns15lm-klass-i-2\/#breadcrumb\"},\"inLanguage\":\"sv-SE\",\"potentialAction\":[{\"@type\":\"ReadAction\",\"target\":[\"https:\/\/scantank.ee\/sv\/toode\/olje-och-sandavskiljare-ns15lm-klass-i-2\/\"]}]},{\"@type\":\"ImageObject\",\"inLanguage\":\"sv-SE\",\"@id\":\"https:\/\/scantank.ee\/sv\/toode\/olje-och-sandavskiljare-ns15lm-klass-i-2\/#primaryimage\",\"url\":\"https:\/\/scantank.ee\/wp-content\/uploads\/2019\/08\/pu\u0308u\u0308dur-filtriga.jpg\",\"contentUrl\":\"https:\/\/scantank.ee\/wp-content\/uploads\/2019\/08\/pu\u0308u\u0308dur-filtriga.jpg\",\"width\":1450,\"height\":2160,\"caption\":\"\u00f5lip\u00fc\u00fcdur filtriga\"},{\"@type\":\"BreadcrumbList\",\"@id\":\"https:\/\/scantank.ee\/sv\/toode\/olje-och-sandavskiljare-ns15lm-klass-i-2\/#breadcrumb\",\"itemListElement\":[{\"@type\":\"ListItem\",\"position\":1,\"name\":\"Home\",\"item\":\"https:\/\/www.scantank.ee\/sv\/\"},{\"@type\":\"ListItem\",\"position\":2,\"name\":\"Produktkatalog\",\"item\":\"https:\/\/www.scantank.ee\/sv\/produktkatalog\/\"},{\"@type\":\"ListItem\",\"position\":3,\"name\":\"Olje- och sandavskiljare NS15LM (klass I)\"}]},{\"@type\":\"WebSite\",\"@id\":\"https:\/\/www.scantank.ee\/sv\/#website\",\"url\":\"https:\/\/www.scantank.ee\/sv\/\",\"name\":\"Scantank\",\"description\":\"\",\"publisher\":{\"@id\":\"https:\/\/www.scantank.ee\/sv\/#organization\"},\"potentialAction\":[{\"@type\":\"SearchAction\",\"target\":{\"@type\":\"EntryPoint\",\"urlTemplate\":\"https:\/\/www.scantank.ee\/sv\/?s={search_term_string}\"},\"query-input\":\"required name=search_term_string\"}],\"inLanguage\":\"sv-SE\"},{\"@type\":\"Organization\",\"@id\":\"https:\/\/www.scantank.ee\/sv\/#organization\",\"name\":\"Scantank O\u00dc\",\"url\":\"https:\/\/www.scantank.ee\/sv\/\",\"logo\":{\"@type\":\"ImageObject\",\"inLanguage\":\"sv-SE\",\"@id\":\"https:\/\/www.scantank.ee\/sv\/#\/schema\/logo\/image\/\",\"url\":\"https:\/\/scantank.ee\/wp-content\/uploads\/2019\/08\/scantank-new.png\",\"contentUrl\":\"https:\/\/scantank.ee\/wp-content\/uploads\/2019\/08\/scantank-new.png\",\"width\":1041,\"height\":221,\"caption\":\"Scantank O\u00dc\"},\"image\":{\"@id\":\"https:\/\/www.scantank.ee\/sv\/#\/schema\/logo\/image\/\"},\"sameAs\":[\"http:\/\/www.facebook.com\/scantank\"]}]}<\/script>\n<!-- \/ Yoast SEO plugin. -->","yoast_head_json":{"title":"Olje- och sandavskiljare NS15LM (klass I) | Scantank","robots":{"index":"index","follow":"follow","max-snippet":"max-snippet:-1","max-image-preview":"max-image-preview:large","max-video-preview":"max-video-preview:-1"},"canonical":"https:\/\/scantank.ee\/sv\/toode\/olje-och-sandavskiljare-ns15lm-klass-i-2\/","og_locale":"sv_SE","og_type":"article","og_title":"Olje- och sandavskiljare NS15LM (klass I) | Scantank","og_url":"https:\/\/scantank.ee\/sv\/toode\/olje-och-sandavskiljare-ns15lm-klass-i-2\/","og_site_name":"Scantank","article_publisher":"http:\/\/www.facebook.com\/scantank","og_image":[{"width":1450,"height":2160,"url":"https:\/\/www.scantank.ee\/wp-content\/uploads\/2019\/08\/pu\u0308u\u0308dur-filtriga.jpg","type":"image\/jpeg"}],"twitter_card":"summary_large_image","schema":{"@context":"https:\/\/schema.org","@graph":[{"@type":"WebPage","@id":"https:\/\/scantank.ee\/sv\/toode\/olje-och-sandavskiljare-ns15lm-klass-i-2\/","url":"https:\/\/scantank.ee\/sv\/toode\/olje-och-sandavskiljare-ns15lm-klass-i-2\/","name":"Olje- och sandavskiljare NS15LM (klass I) | Scantank","isPartOf":{"@id":"https:\/\/www.scantank.ee\/sv\/#website"},"primaryImageOfPage":{"@id":"https:\/\/scantank.ee\/sv\/toode\/olje-och-sandavskiljare-ns15lm-klass-i-2\/#primaryimage"},"image":{"@id":"https:\/\/scantank.ee\/sv\/toode\/olje-och-sandavskiljare-ns15lm-klass-i-2\/#primaryimage"},"thumbnailUrl":"https:\/\/scantank.ee\/wp-content\/uploads\/2019\/08\/pu\u0308u\u0308dur-filtriga.jpg","datePublished":"2019-10-15T16:11:00+00:00","dateModified":"2019-10-15T16:11:00+00:00","breadcrumb":{"@id":"https:\/\/scantank.ee\/sv\/toode\/olje-och-sandavskiljare-ns15lm-klass-i-2\/#breadcrumb"},"inLanguage":"sv-SE","potentialAction":[{"@type":"ReadAction","target":["https:\/\/scantank.ee\/sv\/toode\/olje-och-sandavskiljare-ns15lm-klass-i-2\/"]}]},{"@type":"ImageObject","inLanguage":"sv-SE","@id":"https:\/\/scantank.ee\/sv\/toode\/olje-och-sandavskiljare-ns15lm-klass-i-2\/#primaryimage","url":"https:\/\/scantank.ee\/wp-content\/uploads\/2019\/08\/pu\u0308u\u0308dur-filtriga.jpg","contentUrl":"https:\/\/scantank.ee\/wp-content\/uploads\/2019\/08\/pu\u0308u\u0308dur-filtriga.jpg","width":1450,"height":2160,"caption":"\u00f5lip\u00fc\u00fcdur filtriga"},{"@type":"BreadcrumbList","@id":"https:\/\/scantank.ee\/sv\/toode\/olje-och-sandavskiljare-ns15lm-klass-i-2\/#breadcrumb","itemListElement":[{"@type":"ListItem","position":1,"name":"Home","item":"https:\/\/www.scantank.ee\/sv\/"},{"@type":"ListItem","position":2,"name":"Produktkatalog","item":"https:\/\/www.scantank.ee\/sv\/produktkatalog\/"},{"@type":"ListItem","position":3,"name":"Olje- och sandavskiljare NS15LM (klass I)"}]},{"@type":"WebSite","@id":"https:\/\/www.scantank.ee\/sv\/#website","url":"https:\/\/www.scantank.ee\/sv\/","name":"Scantank","description":"","publisher":{"@id":"https:\/\/www.scantank.ee\/sv\/#organization"},"potentialAction":[{"@type":"SearchAction","target":{"@type":"EntryPoint","urlTemplate":"https:\/\/www.scantank.ee\/sv\/?s={search_term_string}"},"query-input":"required name=search_term_string"}],"inLanguage":"sv-SE"},{"@type":"Organization","@id":"https:\/\/www.scantank.ee\/sv\/#organization","name":"Scantank O\u00dc","url":"https:\/\/www.scantank.ee\/sv\/","logo":{"@type":"ImageObject","inLanguage":"sv-SE","@id":"https:\/\/www.scantank.ee\/sv\/#\/schema\/logo\/image\/","url":"https:\/\/scantank.ee\/wp-content\/uploads\/2019\/08\/scantank-new.png","contentUrl":"https:\/\/scantank.ee\/wp-content\/uploads\/2019\/08\/scantank-new.png","width":1041,"height":221,"caption":"Scantank O\u00dc"},"image":{"@id":"https:\/\/www.scantank.ee\/sv\/#\/schema\/logo\/image\/"},"sameAs":["http:\/\/www.facebook.com\/scantank"]}]}},"_links":{"self":[{"href":"https:\/\/scantank.ee\/sv\/wp-json\/wp\/v2\/product\/3219"}],"collection":[{"href":"https:\/\/scantank.ee\/sv\/wp-json\/wp\/v2\/product"}],"about":[{"href":"https:\/\/scantank.ee\/sv\/wp-json\/wp\/v2\/types\/product"}],"wp:featuredmedia":[{"embeddable":true,"href":"https:\/\/scantank.ee\/sv\/wp-json\/wp\/v2\/media\/2331"}],"wp:attachment":[{"href":"https:\/\/scantank.ee\/sv\/wp-json\/wp\/v2\/media?parent=3219"}],"wp:term":[{"taxonomy":"product_cat","embeddable":true,"href":"https:\/\/scantank.ee\/sv\/wp-json\/wp\/v2\/product_cat?post=3219"},{"taxonomy":"product_tag","embeddable":true,"href":"https:\/\/scantank.ee\/sv\/wp-json\/wp\/v2\/product_tag?post=3219"}],"curies":[{"name":"wp","href":"https:\/\/api.w.org\/{rel}","templated":true}]}}