{"id":4800,"date":"2019-12-28T11:47:05","date_gmt":"2019-12-28T11:47:05","guid":{"rendered":"https:\/\/scantank.ee\/toode\/bg-sl-monolitisk-markranna-av-betong\/"},"modified":"2019-12-28T11:47:05","modified_gmt":"2019-12-28T11:47:05","slug":"bg-sl-monolitisk-markranna-av-betong","status":"publish","type":"product","link":"https:\/\/scantank.ee\/sv\/toode\/bg-sl-monolitisk-markranna-av-betong\/","title":{"rendered":"BG-SL (monolitisk markr\u00e4nna av betong)"},"content":{"rendered":"<p>Katalog: <a href=\"https:\/\/scantank.ee\/wp-content\/uploads\/2019\/12\/Schlitzrinnen_Sicherheitsrinnen_2017_EN_web.pdf\">BG-SL-markr\u00e4nnor katalog ENG<\/a><\/p>\n<h3><strong>BG-SL markr\u00e4nna<\/strong><\/h3>\n<p>Markr\u00e4nna &#8211; profil I-1<br \/>\nDen mest m\u00e5ngsidiga r\u00e4nnan i sortimentet.<br \/>\nDessa BG-SL markr\u00e4nnor finns tillg\u00e4ngliga i ett brett urval och \u00e4r d\u00e4rf\u00f6r de de mest anv\u00e4nda. Finns med eller utan inre lutning, med kontinuerligt, avbrutet eller t\u00e4ckt sp\u00e5r, med eller utan kant. Dessa markr\u00e4nnor av betong anv\u00e4nds fr\u00e4mst vid motorv\u00e4gsbyggnad, tunnlar, containerterminaler, industri- och hamnanl\u00e4ggningar och luftfartsomr\u00e5den.<\/p>\n<h3><strong>Fakta om BG-SL markr\u00e4nnor:<\/strong><\/h3>\n<p>+ Elementl\u00e4ngd 4 m &#8211; med eller utan 0,5% inre lutning<br \/>\n+ Inre diameter: 20\/30; 30\/40; 30\/30; 28\/28; 26\/26; 24\/24; 22\/22; 20\/20<br \/>\n+ Kan levereras som avbruten, kontinuerlig eller t\u00e4ckt r\u00e4nna &#8211; r\u00e4nnbredd 30 mm<br \/>\n+ 3% ytlutning till r\u00e4nnan<br \/>\n+ Med kant H = 12 cm<br \/>\n+ Belastningsklasser D400; E600 eller F900<br \/>\n+ Komplett utbud av tillbeh\u00f6r: avloppsbrunnar, reng\u00f6ringselement, brandskyddselement,<br \/>\nutbyteselement, frontplattor och \u00e4ndplattor<\/p>\n<p>Du kan hitta hela utbudet av BG-SL produkter genom att \u00f6ppna katalogen.<\/p>\n<p><em>F\u00f6r BG-SL r\u00e4nnor ger vi offert p\u00e5 projektbasis. Kontakta oss f\u00f6r mer information.<\/em><\/p>\n","protected":false},"excerpt":{"rendered":"<p>Katalog: BG-SL-markr\u00e4nnor katalog ENG BG-SL markr\u00e4nna Markr\u00e4nna &#8211; profil I-1 Den mest m\u00e5ngsidiga r\u00e4nnan i sortimentet. Dessa BG-SL markr\u00e4nnor finns tillg\u00e4ngliga i ett brett urval och \u00e4r d\u00e4rf\u00f6r de de mest anv\u00e4nda. Finns med eller utan inre lutning, med kontinuerligt, avbrutet eller t\u00e4ckt sp\u00e5r, med eller utan kant. Dessa markr\u00e4nnor av betong anv\u00e4nds fr\u00e4mst vid [&hellip;]<\/p>\n","protected":false},"featured_media":3598,"template":"","meta":{"_acf_changed":false,"inline_featured_image":false,"_exactmetrics_skip_tracking":false,"_exactmetrics_sitenote_active":false,"_exactmetrics_sitenote_note":"","_exactmetrics_sitenote_category":0,"_monsterinsights_skip_tracking":false,"_monsterinsights_sitenote_active":false,"_monsterinsights_sitenote_note":"","_monsterinsights_sitenote_category":0},"product_cat":[218],"product_tag":[],"class_list":{"0":"post-4800","1":"product","2":"type-product","3":"status-publish","4":"has-post-thumbnail","6":"product_cat-bg-slot-a15-f900-sv","8":"first","9":"instock","10":"shipping-taxable","11":"product-type-simple"},"acf":[],"yoast_head":"<!-- This site is optimized with the Yoast SEO plugin v23.1 - https:\/\/yoast.com\/wordpress\/plugins\/seo\/ -->\n<title>BG-SL (monolitisk markr\u00e4nna av betong) | Scantank<\/title>\n<meta name=\"robots\" content=\"index, follow, max-snippet:-1, max-image-preview:large, max-video-preview:-1\" \/>\n<link rel=\"canonical\" href=\"https:\/\/scantank.ee\/sv\/toode\/bg-sl-monolitisk-markranna-av-betong\/\" \/>\n<meta property=\"og:locale\" content=\"sv_SE\" \/>\n<meta property=\"og:type\" content=\"article\" \/>\n<meta property=\"og:title\" content=\"BG-SL (monolitisk markr\u00e4nna av betong) | Scantank\" \/>\n<meta property=\"og:description\" content=\"Katalog: BG-SL-markr\u00e4nnor katalog ENG BG-SL markr\u00e4nna Markr\u00e4nna &#8211; profil I-1 Den mest m\u00e5ngsidiga r\u00e4nnan i sortimentet. Dessa BG-SL markr\u00e4nnor finns tillg\u00e4ngliga i ett brett urval och \u00e4r d\u00e4rf\u00f6r de de mest anv\u00e4nda. Finns med eller utan inre lutning, med kontinuerligt, avbrutet eller t\u00e4ckt sp\u00e5r, med eller utan kant. Dessa markr\u00e4nnor av betong anv\u00e4nds fr\u00e4mst vid [&hellip;]\" \/>\n<meta property=\"og:url\" content=\"https:\/\/scantank.ee\/sv\/toode\/bg-sl-monolitisk-markranna-av-betong\/\" \/>\n<meta property=\"og:site_name\" content=\"Scantank\" \/>\n<meta property=\"article:publisher\" content=\"http:\/\/www.facebook.com\/scantank\" \/>\n<meta property=\"og:image\" content=\"https:\/\/www.scantank.ee\/wp-content\/uploads\/2019\/12\/Birco-Pfuhler-Airport.jpg\" \/>\n\t<meta property=\"og:image:width\" content=\"1086\" \/>\n\t<meta property=\"og:image:height\" content=\"611\" \/>\n\t<meta property=\"og:image:type\" content=\"image\/jpeg\" \/>\n<meta name=\"twitter:card\" content=\"summary_large_image\" \/>\n<meta name=\"twitter:label1\" content=\"Ber\u00e4knad l\u00e4stid\" \/>\n\t<meta name=\"twitter:data1\" content=\"1 minut\" \/>\n<script type=\"application\/ld+json\" class=\"yoast-schema-graph\">{\"@context\":\"https:\/\/schema.org\",\"@graph\":[{\"@type\":\"WebPage\",\"@id\":\"https:\/\/scantank.ee\/sv\/toode\/bg-sl-monolitisk-markranna-av-betong\/\",\"url\":\"https:\/\/scantank.ee\/sv\/toode\/bg-sl-monolitisk-markranna-av-betong\/\",\"name\":\"BG-SL (monolitisk markr\u00e4nna av betong) | Scantank\",\"isPartOf\":{\"@id\":\"https:\/\/scantank.ee\/sv\/#website\"},\"primaryImageOfPage\":{\"@id\":\"https:\/\/scantank.ee\/sv\/toode\/bg-sl-monolitisk-markranna-av-betong\/#primaryimage\"},\"image\":{\"@id\":\"https:\/\/scantank.ee\/sv\/toode\/bg-sl-monolitisk-markranna-av-betong\/#primaryimage\"},\"thumbnailUrl\":\"https:\/\/www.scantank.ee\/wp-content\/uploads\/2019\/12\/Birco-Pfuhler-Airport.jpg\",\"datePublished\":\"2019-12-28T11:47:05+00:00\",\"dateModified\":\"2019-12-28T11:47:05+00:00\",\"breadcrumb\":{\"@id\":\"https:\/\/scantank.ee\/sv\/toode\/bg-sl-monolitisk-markranna-av-betong\/#breadcrumb\"},\"inLanguage\":\"sv-SE\",\"potentialAction\":[{\"@type\":\"ReadAction\",\"target\":[\"https:\/\/scantank.ee\/sv\/toode\/bg-sl-monolitisk-markranna-av-betong\/\"]}]},{\"@type\":\"ImageObject\",\"inLanguage\":\"sv-SE\",\"@id\":\"https:\/\/scantank.ee\/sv\/toode\/bg-sl-monolitisk-markranna-av-betong\/#primaryimage\",\"url\":\"https:\/\/www.scantank.ee\/wp-content\/uploads\/2019\/12\/Birco-Pfuhler-Airport.jpg\",\"contentUrl\":\"https:\/\/www.scantank.ee\/wp-content\/uploads\/2019\/12\/Birco-Pfuhler-Airport.jpg\",\"width\":1086,\"height\":611},{\"@type\":\"BreadcrumbList\",\"@id\":\"https:\/\/scantank.ee\/sv\/toode\/bg-sl-monolitisk-markranna-av-betong\/#breadcrumb\",\"itemListElement\":[{\"@type\":\"ListItem\",\"position\":1,\"name\":\"Home\",\"item\":\"https:\/\/scantank.ee\/sv\/\"},{\"@type\":\"ListItem\",\"position\":2,\"name\":\"Produktkatalog\",\"item\":\"https:\/\/scantank.ee\/sv\/produktkatalog\/\"},{\"@type\":\"ListItem\",\"position\":3,\"name\":\"BG-SL (monolitisk markr\u00e4nna av betong)\"}]},{\"@type\":\"WebSite\",\"@id\":\"https:\/\/scantank.ee\/sv\/#website\",\"url\":\"https:\/\/scantank.ee\/sv\/\",\"name\":\"Scantank\",\"description\":\"\",\"publisher\":{\"@id\":\"https:\/\/scantank.ee\/sv\/#organization\"},\"potentialAction\":[{\"@type\":\"SearchAction\",\"target\":{\"@type\":\"EntryPoint\",\"urlTemplate\":\"https:\/\/scantank.ee\/sv\/?s={search_term_string}\"},\"query-input\":\"required name=search_term_string\"}],\"inLanguage\":\"sv-SE\"},{\"@type\":\"Organization\",\"@id\":\"https:\/\/scantank.ee\/sv\/#organization\",\"name\":\"Scantank O\u00dc\",\"url\":\"https:\/\/scantank.ee\/sv\/\",\"logo\":{\"@type\":\"ImageObject\",\"inLanguage\":\"sv-SE\",\"@id\":\"https:\/\/scantank.ee\/sv\/#\/schema\/logo\/image\/\",\"url\":\"https:\/\/scantank.ee\/wp-content\/uploads\/2019\/08\/scantank-new.png\",\"contentUrl\":\"https:\/\/scantank.ee\/wp-content\/uploads\/2019\/08\/scantank-new.png\",\"width\":1041,\"height\":221,\"caption\":\"Scantank O\u00dc\"},\"image\":{\"@id\":\"https:\/\/scantank.ee\/sv\/#\/schema\/logo\/image\/\"},\"sameAs\":[\"http:\/\/www.facebook.com\/scantank\"]}]}<\/script>\n<!-- \/ Yoast SEO plugin. -->","yoast_head_json":{"title":"BG-SL (monolitisk markr\u00e4nna av betong) | Scantank","robots":{"index":"index","follow":"follow","max-snippet":"max-snippet:-1","max-image-preview":"max-image-preview:large","max-video-preview":"max-video-preview:-1"},"canonical":"https:\/\/scantank.ee\/sv\/toode\/bg-sl-monolitisk-markranna-av-betong\/","og_locale":"sv_SE","og_type":"article","og_title":"BG-SL (monolitisk markr\u00e4nna av betong) | Scantank","og_description":"Katalog: BG-SL-markr\u00e4nnor katalog ENG BG-SL markr\u00e4nna Markr\u00e4nna &#8211; profil I-1 Den mest m\u00e5ngsidiga r\u00e4nnan i sortimentet. Dessa BG-SL markr\u00e4nnor finns tillg\u00e4ngliga i ett brett urval och \u00e4r d\u00e4rf\u00f6r de de mest anv\u00e4nda. Finns med eller utan inre lutning, med kontinuerligt, avbrutet eller t\u00e4ckt sp\u00e5r, med eller utan kant. Dessa markr\u00e4nnor av betong anv\u00e4nds fr\u00e4mst vid [&hellip;]","og_url":"https:\/\/scantank.ee\/sv\/toode\/bg-sl-monolitisk-markranna-av-betong\/","og_site_name":"Scantank","article_publisher":"http:\/\/www.facebook.com\/scantank","og_image":[{"width":1086,"height":611,"url":"https:\/\/www.scantank.ee\/wp-content\/uploads\/2019\/12\/Birco-Pfuhler-Airport.jpg","type":"image\/jpeg"}],"twitter_card":"summary_large_image","twitter_misc":{"Ber\u00e4knad l\u00e4stid":"1 minut"},"schema":{"@context":"https:\/\/schema.org","@graph":[{"@type":"WebPage","@id":"https:\/\/scantank.ee\/sv\/toode\/bg-sl-monolitisk-markranna-av-betong\/","url":"https:\/\/scantank.ee\/sv\/toode\/bg-sl-monolitisk-markranna-av-betong\/","name":"BG-SL (monolitisk markr\u00e4nna av betong) | Scantank","isPartOf":{"@id":"https:\/\/scantank.ee\/sv\/#website"},"primaryImageOfPage":{"@id":"https:\/\/scantank.ee\/sv\/toode\/bg-sl-monolitisk-markranna-av-betong\/#primaryimage"},"image":{"@id":"https:\/\/scantank.ee\/sv\/toode\/bg-sl-monolitisk-markranna-av-betong\/#primaryimage"},"thumbnailUrl":"https:\/\/www.scantank.ee\/wp-content\/uploads\/2019\/12\/Birco-Pfuhler-Airport.jpg","datePublished":"2019-12-28T11:47:05+00:00","dateModified":"2019-12-28T11:47:05+00:00","breadcrumb":{"@id":"https:\/\/scantank.ee\/sv\/toode\/bg-sl-monolitisk-markranna-av-betong\/#breadcrumb"},"inLanguage":"sv-SE","potentialAction":[{"@type":"ReadAction","target":["https:\/\/scantank.ee\/sv\/toode\/bg-sl-monolitisk-markranna-av-betong\/"]}]},{"@type":"ImageObject","inLanguage":"sv-SE","@id":"https:\/\/scantank.ee\/sv\/toode\/bg-sl-monolitisk-markranna-av-betong\/#primaryimage","url":"https:\/\/www.scantank.ee\/wp-content\/uploads\/2019\/12\/Birco-Pfuhler-Airport.jpg","contentUrl":"https:\/\/www.scantank.ee\/wp-content\/uploads\/2019\/12\/Birco-Pfuhler-Airport.jpg","width":1086,"height":611},{"@type":"BreadcrumbList","@id":"https:\/\/scantank.ee\/sv\/toode\/bg-sl-monolitisk-markranna-av-betong\/#breadcrumb","itemListElement":[{"@type":"ListItem","position":1,"name":"Home","item":"https:\/\/scantank.ee\/sv\/"},{"@type":"ListItem","position":2,"name":"Produktkatalog","item":"https:\/\/scantank.ee\/sv\/produktkatalog\/"},{"@type":"ListItem","position":3,"name":"BG-SL (monolitisk markr\u00e4nna av betong)"}]},{"@type":"WebSite","@id":"https:\/\/scantank.ee\/sv\/#website","url":"https:\/\/scantank.ee\/sv\/","name":"Scantank","description":"","publisher":{"@id":"https:\/\/scantank.ee\/sv\/#organization"},"potentialAction":[{"@type":"SearchAction","target":{"@type":"EntryPoint","urlTemplate":"https:\/\/scantank.ee\/sv\/?s={search_term_string}"},"query-input":"required name=search_term_string"}],"inLanguage":"sv-SE"},{"@type":"Organization","@id":"https:\/\/scantank.ee\/sv\/#organization","name":"Scantank O\u00dc","url":"https:\/\/scantank.ee\/sv\/","logo":{"@type":"ImageObject","inLanguage":"sv-SE","@id":"https:\/\/scantank.ee\/sv\/#\/schema\/logo\/image\/","url":"https:\/\/scantank.ee\/wp-content\/uploads\/2019\/08\/scantank-new.png","contentUrl":"https:\/\/scantank.ee\/wp-content\/uploads\/2019\/08\/scantank-new.png","width":1041,"height":221,"caption":"Scantank O\u00dc"},"image":{"@id":"https:\/\/scantank.ee\/sv\/#\/schema\/logo\/image\/"},"sameAs":["http:\/\/www.facebook.com\/scantank"]}]}},"_links":{"self":[{"href":"https:\/\/scantank.ee\/sv\/wp-json\/wp\/v2\/product\/4800"}],"collection":[{"href":"https:\/\/scantank.ee\/sv\/wp-json\/wp\/v2\/product"}],"about":[{"href":"https:\/\/scantank.ee\/sv\/wp-json\/wp\/v2\/types\/product"}],"wp:featuredmedia":[{"embeddable":true,"href":"https:\/\/scantank.ee\/sv\/wp-json\/wp\/v2\/media\/3598"}],"wp:attachment":[{"href":"https:\/\/scantank.ee\/sv\/wp-json\/wp\/v2\/media?parent=4800"}],"wp:term":[{"taxonomy":"product_cat","embeddable":true,"href":"https:\/\/scantank.ee\/sv\/wp-json\/wp\/v2\/product_cat?post=4800"},{"taxonomy":"product_tag","embeddable":true,"href":"https:\/\/scantank.ee\/sv\/wp-json\/wp\/v2\/product_tag?post=4800"}],"curies":[{"name":"wp","href":"https:\/\/api.w.org\/{rel}","templated":true}]}}