{"id":4802,"date":"2019-12-28T12:04:49","date_gmt":"2019-12-28T12:04:49","guid":{"rendered":"https:\/\/scantank.ee\/toode\/bircoslot-monolitisk-markranna-av-betong\/"},"modified":"2019-12-28T12:04:49","modified_gmt":"2019-12-28T12:04:49","slug":"bircoslot-monolitisk-markranna-av-betong","status":"publish","type":"product","link":"https:\/\/scantank.ee\/sv\/toode\/bircoslot-monolitisk-markranna-av-betong\/","title":{"rendered":"BIRCOslot (monolitisk markr\u00e4nna av betong)"},"content":{"rendered":"<p>Katalog: <a href=\"https:\/\/scantank.ee\/wp-content\/uploads\/2019\/12\/BIRCO_Concrete_slot_channels_2018_en.pdf\">BIRCO_CONCRETE_SLOT_CHANNELS ENG<\/a> <a href=\"https:\/\/scantank.ee\/wp-content\/uploads\/2019\/12\/BIRCO-PFUHLER-AIRPORT-CATALOG.pdf\">BIRCOslot PFUHLER AIRPORT CATALOG ENG<\/a><\/p>\n<h3><strong>BIRCOslot Solidrain S och Pfuhler markr\u00e4nnor | L\u00e5ng livsl\u00e4ngd &#8211; ytterst stabila<\/strong><\/h3>\n<p>BirCOslot-system f\u00f6r markr\u00e4nnor Solidrain S och Pfuhler ger l\u00e5ngvarig t\u00e4tning mot v\u00e4tskor som br\u00e4nslen, oljor, alkalier och syror. Den monolitiska armerade betongkroppen t\u00e5l extrema belastningar och reducerar kostnaderna och installationstiden kraftigt.<\/p>\n<h3><strong>Fakta om BIRCOslot Solidrain S markr\u00e4nna:<\/strong><\/h3>\n<p>+ Typ I system f\u00f6r markr\u00e4nnor:<\/p>\n<p>Runda profiler: DN 200; 300<\/p>\n<p>Ovala profiler: 300\/400<\/p>\n<p>+ Monolitisk betongkropp (C 40\/50)<\/p>\n<p>+ Konisk r\u00e4nna 30\/50 (intermittent)<\/p>\n<p>+ Inloppsoptimerad, lutande yta<\/p>\n<p>+ Installationsl\u00e4ngd 4,00 m (andra l\u00e4ngder p\u00e5 beg\u00e4ran)<\/p>\n<p>+ Utfallsenhet (1,00 m) och underh\u00e5llskanal (1,00 m) med avtagbart formbart j\u00e4rnh\u00f6lje<\/p>\n<p>+ Belastningsklass A15\u2013C250<\/p>\n<h3><strong>Huvudsakliga anv\u00e4ndningsomr\u00e5den f\u00f6r BIRCOslot Solidrain S:<\/strong><\/h3>\n<p>+ Tungt trafikerade omr\u00e5den<\/p>\n<p>+ Viktigare l\u00e4ngsg\u00e5ende trafikomr\u00e5den<\/p>\n<p>+ N\u00f6dk\u00f6rf\u00e4lt, tunnlar<\/p>\n<p>+ Omr\u00e5den relaterade till jordbruksverksamhet<\/p>\n<p>+ Omr\u00e5den f\u00f6r fotg\u00e4ngare, marknadsplatser, dep\u00e5er i st\u00e4der<\/p>\n<p>+ Parkeringsplatser<\/p>\n<h3><strong>Fakta om BIRCOslot Pfuhler markr\u00e4nna:<\/strong><\/h3>\n<p>+ Typ I system f\u00f6r markr\u00e4nnor:<\/p>\n<p>Runda profiler: DN 200; 300; 400; 500<\/p>\n<p>Ovala profiler: 300\/400; 300\/400<\/p>\n<p>+ Monolitiskt konstruktivt armerad betongstomme (C 40\/50)<\/p>\n<p>+ Konisk r\u00e4nna 30\/50 (kontinuerlig eller intermittent)<\/p>\n<p>+ Plan eller lutande yta<\/p>\n<p>+ Utfallsenhet (1,00 m) och underh\u00e5llskanal (1,00 m) med avtagbart formbart j\u00e4rnh\u00f6lje<\/p>\n<p>+ Belastningsklass A15 \u2013 D400 eller A15 \u2013 F900<\/p>\n<h3><strong>Huvudsakliga anv\u00e4ndningsomr\u00e5den f\u00f6r BIRCOslot Pfuhler:<\/strong><\/h3>\n<p>+ Omr\u00e5den f\u00f6r lastning av tunga maskiner<\/p>\n<p>+ Logistikcentra som anv\u00e4nder gaffeltruckar<\/p>\n<p>+ Storskalig jordbruksverksamhet<\/p>\n<p>+ Tv\u00e4rg\u00e5ende och l\u00e4ngsg\u00e5ende trafikomr\u00e5den<\/p>\n<p>+ Parkeringsplatser f\u00f6r l\u00e5ngtradare<\/p>\n<p>+ Flygplatser<\/p>\n<p>Du kan hitta hela utbudet av BIRCOslot produkter genom att \u00f6ppna katalogen.<\/p>\n<p><em>F\u00f6r BIRCOslot markr\u00e4nnor ger vi offert p\u00e5 projektbasis. Kontakta oss f\u00f6r mer information.<\/em><\/p>\n","protected":false},"excerpt":{"rendered":"<p>Katalog: BIRCO_CONCRETE_SLOT_CHANNELS ENG BIRCOslot PFUHLER AIRPORT CATALOG ENG BIRCOslot Solidrain S och Pfuhler markr\u00e4nnor | L\u00e5ng livsl\u00e4ngd &#8211; ytterst stabila BirCOslot-system f\u00f6r markr\u00e4nnor Solidrain S och Pfuhler ger l\u00e5ngvarig t\u00e4tning mot v\u00e4tskor som br\u00e4nslen, oljor, alkalier och syror. Den monolitiska armerade betongkroppen t\u00e5l extrema belastningar och reducerar kostnaderna och installationstiden kraftigt. Fakta om BIRCOslot Solidrain [&hellip;]<\/p>\n","protected":false},"featured_media":3590,"template":"","meta":{"_acf_changed":false,"inline_featured_image":false,"_exactmetrics_skip_tracking":false,"_exactmetrics_sitenote_active":false,"_exactmetrics_sitenote_note":"","_exactmetrics_sitenote_category":0,"_monsterinsights_skip_tracking":false,"_monsterinsights_sitenote_active":false,"_monsterinsights_sitenote_note":"","_monsterinsights_sitenote_category":0},"product_cat":[218,212],"product_tag":[],"class_list":{"0":"post-4802","1":"product","2":"type-product","3":"status-publish","4":"has-post-thumbnail","6":"product_cat-bg-slot-a15-f900-sv","7":"product_cat-ovriga-produkter","9":"first","10":"instock","11":"shipping-taxable","12":"product-type-simple"},"acf":[],"yoast_head":"<!-- This site is optimized with the Yoast SEO plugin v23.1 - https:\/\/yoast.com\/wordpress\/plugins\/seo\/ -->\n<title>BIRCOslot (monolitisk markr\u00e4nna av betong) | Scantank<\/title>\n<meta name=\"robots\" content=\"index, follow, max-snippet:-1, max-image-preview:large, max-video-preview:-1\" \/>\n<link rel=\"canonical\" href=\"https:\/\/scantank.ee\/sv\/toode\/bircoslot-monolitisk-markranna-av-betong\/\" \/>\n<meta property=\"og:locale\" content=\"sv_SE\" \/>\n<meta property=\"og:type\" content=\"article\" \/>\n<meta property=\"og:title\" content=\"BIRCOslot (monolitisk markr\u00e4nna av betong) | Scantank\" \/>\n<meta property=\"og:description\" content=\"Katalog: BIRCO_CONCRETE_SLOT_CHANNELS ENG BIRCOslot PFUHLER AIRPORT CATALOG ENG BIRCOslot Solidrain S och Pfuhler markr\u00e4nnor | L\u00e5ng livsl\u00e4ngd &#8211; ytterst stabila BirCOslot-system f\u00f6r markr\u00e4nnor Solidrain S och Pfuhler ger l\u00e5ngvarig t\u00e4tning mot v\u00e4tskor som br\u00e4nslen, oljor, alkalier och syror. Den monolitiska armerade betongkroppen t\u00e5l extrema belastningar och reducerar kostnaderna och installationstiden kraftigt. Fakta om BIRCOslot Solidrain [&hellip;]\" \/>\n<meta property=\"og:url\" content=\"https:\/\/scantank.ee\/sv\/toode\/bircoslot-monolitisk-markranna-av-betong\/\" \/>\n<meta property=\"og:site_name\" content=\"Scantank\" \/>\n<meta property=\"article:publisher\" content=\"http:\/\/www.facebook.com\/scantank\" \/>\n<meta property=\"og:image\" content=\"https:\/\/www.scantank.ee\/wp-content\/uploads\/2019\/12\/airport.BIRCOScantank-Pfuhler.jpg\" \/>\n\t<meta property=\"og:image:width\" content=\"1044\" \/>\n\t<meta property=\"og:image:height\" content=\"996\" \/>\n\t<meta property=\"og:image:type\" content=\"image\/jpeg\" \/>\n<meta name=\"twitter:card\" content=\"summary_large_image\" \/>\n<meta name=\"twitter:label1\" content=\"Ber\u00e4knad l\u00e4stid\" \/>\n\t<meta name=\"twitter:data1\" content=\"1 minut\" \/>\n<script type=\"application\/ld+json\" class=\"yoast-schema-graph\">{\"@context\":\"https:\/\/schema.org\",\"@graph\":[{\"@type\":\"WebPage\",\"@id\":\"https:\/\/scantank.ee\/sv\/toode\/bircoslot-monolitisk-markranna-av-betong\/\",\"url\":\"https:\/\/scantank.ee\/sv\/toode\/bircoslot-monolitisk-markranna-av-betong\/\",\"name\":\"BIRCOslot (monolitisk markr\u00e4nna av betong) | Scantank\",\"isPartOf\":{\"@id\":\"https:\/\/scantank.ee\/sv\/#website\"},\"primaryImageOfPage\":{\"@id\":\"https:\/\/scantank.ee\/sv\/toode\/bircoslot-monolitisk-markranna-av-betong\/#primaryimage\"},\"image\":{\"@id\":\"https:\/\/scantank.ee\/sv\/toode\/bircoslot-monolitisk-markranna-av-betong\/#primaryimage\"},\"thumbnailUrl\":\"https:\/\/scantank.ee\/wp-content\/uploads\/2019\/12\/airport.BIRCOScantank-Pfuhler.jpg\",\"datePublished\":\"2019-12-28T12:04:49+00:00\",\"dateModified\":\"2019-12-28T12:04:49+00:00\",\"breadcrumb\":{\"@id\":\"https:\/\/scantank.ee\/sv\/toode\/bircoslot-monolitisk-markranna-av-betong\/#breadcrumb\"},\"inLanguage\":\"sv-SE\",\"potentialAction\":[{\"@type\":\"ReadAction\",\"target\":[\"https:\/\/scantank.ee\/sv\/toode\/bircoslot-monolitisk-markranna-av-betong\/\"]}]},{\"@type\":\"ImageObject\",\"inLanguage\":\"sv-SE\",\"@id\":\"https:\/\/scantank.ee\/sv\/toode\/bircoslot-monolitisk-markranna-av-betong\/#primaryimage\",\"url\":\"https:\/\/scantank.ee\/wp-content\/uploads\/2019\/12\/airport.BIRCOScantank-Pfuhler.jpg\",\"contentUrl\":\"https:\/\/scantank.ee\/wp-content\/uploads\/2019\/12\/airport.BIRCOScantank-Pfuhler.jpg\",\"width\":1044,\"height\":996},{\"@type\":\"BreadcrumbList\",\"@id\":\"https:\/\/scantank.ee\/sv\/toode\/bircoslot-monolitisk-markranna-av-betong\/#breadcrumb\",\"itemListElement\":[{\"@type\":\"ListItem\",\"position\":1,\"name\":\"Home\",\"item\":\"https:\/\/scantank.ee\/sv\/\"},{\"@type\":\"ListItem\",\"position\":2,\"name\":\"Produktkatalog\",\"item\":\"https:\/\/scantank.ee\/sv\/produktkatalog\/\"},{\"@type\":\"ListItem\",\"position\":3,\"name\":\"BIRCOslot (monolitisk markr\u00e4nna av betong)\"}]},{\"@type\":\"WebSite\",\"@id\":\"https:\/\/scantank.ee\/sv\/#website\",\"url\":\"https:\/\/scantank.ee\/sv\/\",\"name\":\"Scantank\",\"description\":\"\",\"publisher\":{\"@id\":\"https:\/\/scantank.ee\/sv\/#organization\"},\"potentialAction\":[{\"@type\":\"SearchAction\",\"target\":{\"@type\":\"EntryPoint\",\"urlTemplate\":\"https:\/\/scantank.ee\/sv\/?s={search_term_string}\"},\"query-input\":\"required name=search_term_string\"}],\"inLanguage\":\"sv-SE\"},{\"@type\":\"Organization\",\"@id\":\"https:\/\/scantank.ee\/sv\/#organization\",\"name\":\"Scantank O\u00dc\",\"url\":\"https:\/\/scantank.ee\/sv\/\",\"logo\":{\"@type\":\"ImageObject\",\"inLanguage\":\"sv-SE\",\"@id\":\"https:\/\/scantank.ee\/sv\/#\/schema\/logo\/image\/\",\"url\":\"https:\/\/scantank.ee\/wp-content\/uploads\/2019\/08\/scantank-new.png\",\"contentUrl\":\"https:\/\/scantank.ee\/wp-content\/uploads\/2019\/08\/scantank-new.png\",\"width\":1041,\"height\":221,\"caption\":\"Scantank O\u00dc\"},\"image\":{\"@id\":\"https:\/\/scantank.ee\/sv\/#\/schema\/logo\/image\/\"},\"sameAs\":[\"http:\/\/www.facebook.com\/scantank\"]}]}<\/script>\n<!-- \/ Yoast SEO plugin. -->","yoast_head_json":{"title":"BIRCOslot (monolitisk markr\u00e4nna av betong) | Scantank","robots":{"index":"index","follow":"follow","max-snippet":"max-snippet:-1","max-image-preview":"max-image-preview:large","max-video-preview":"max-video-preview:-1"},"canonical":"https:\/\/scantank.ee\/sv\/toode\/bircoslot-monolitisk-markranna-av-betong\/","og_locale":"sv_SE","og_type":"article","og_title":"BIRCOslot (monolitisk markr\u00e4nna av betong) | Scantank","og_description":"Katalog: BIRCO_CONCRETE_SLOT_CHANNELS ENG BIRCOslot PFUHLER AIRPORT CATALOG ENG BIRCOslot Solidrain S och Pfuhler markr\u00e4nnor | L\u00e5ng livsl\u00e4ngd &#8211; ytterst stabila BirCOslot-system f\u00f6r markr\u00e4nnor Solidrain S och Pfuhler ger l\u00e5ngvarig t\u00e4tning mot v\u00e4tskor som br\u00e4nslen, oljor, alkalier och syror. Den monolitiska armerade betongkroppen t\u00e5l extrema belastningar och reducerar kostnaderna och installationstiden kraftigt. Fakta om BIRCOslot Solidrain [&hellip;]","og_url":"https:\/\/scantank.ee\/sv\/toode\/bircoslot-monolitisk-markranna-av-betong\/","og_site_name":"Scantank","article_publisher":"http:\/\/www.facebook.com\/scantank","og_image":[{"width":1044,"height":996,"url":"https:\/\/www.scantank.ee\/wp-content\/uploads\/2019\/12\/airport.BIRCOScantank-Pfuhler.jpg","type":"image\/jpeg"}],"twitter_card":"summary_large_image","twitter_misc":{"Ber\u00e4knad l\u00e4stid":"1 minut"},"schema":{"@context":"https:\/\/schema.org","@graph":[{"@type":"WebPage","@id":"https:\/\/scantank.ee\/sv\/toode\/bircoslot-monolitisk-markranna-av-betong\/","url":"https:\/\/scantank.ee\/sv\/toode\/bircoslot-monolitisk-markranna-av-betong\/","name":"BIRCOslot (monolitisk markr\u00e4nna av betong) | Scantank","isPartOf":{"@id":"https:\/\/scantank.ee\/sv\/#website"},"primaryImageOfPage":{"@id":"https:\/\/scantank.ee\/sv\/toode\/bircoslot-monolitisk-markranna-av-betong\/#primaryimage"},"image":{"@id":"https:\/\/scantank.ee\/sv\/toode\/bircoslot-monolitisk-markranna-av-betong\/#primaryimage"},"thumbnailUrl":"https:\/\/scantank.ee\/wp-content\/uploads\/2019\/12\/airport.BIRCOScantank-Pfuhler.jpg","datePublished":"2019-12-28T12:04:49+00:00","dateModified":"2019-12-28T12:04:49+00:00","breadcrumb":{"@id":"https:\/\/scantank.ee\/sv\/toode\/bircoslot-monolitisk-markranna-av-betong\/#breadcrumb"},"inLanguage":"sv-SE","potentialAction":[{"@type":"ReadAction","target":["https:\/\/scantank.ee\/sv\/toode\/bircoslot-monolitisk-markranna-av-betong\/"]}]},{"@type":"ImageObject","inLanguage":"sv-SE","@id":"https:\/\/scantank.ee\/sv\/toode\/bircoslot-monolitisk-markranna-av-betong\/#primaryimage","url":"https:\/\/scantank.ee\/wp-content\/uploads\/2019\/12\/airport.BIRCOScantank-Pfuhler.jpg","contentUrl":"https:\/\/scantank.ee\/wp-content\/uploads\/2019\/12\/airport.BIRCOScantank-Pfuhler.jpg","width":1044,"height":996},{"@type":"BreadcrumbList","@id":"https:\/\/scantank.ee\/sv\/toode\/bircoslot-monolitisk-markranna-av-betong\/#breadcrumb","itemListElement":[{"@type":"ListItem","position":1,"name":"Home","item":"https:\/\/scantank.ee\/sv\/"},{"@type":"ListItem","position":2,"name":"Produktkatalog","item":"https:\/\/scantank.ee\/sv\/produktkatalog\/"},{"@type":"ListItem","position":3,"name":"BIRCOslot (monolitisk markr\u00e4nna av betong)"}]},{"@type":"WebSite","@id":"https:\/\/scantank.ee\/sv\/#website","url":"https:\/\/scantank.ee\/sv\/","name":"Scantank","description":"","publisher":{"@id":"https:\/\/scantank.ee\/sv\/#organization"},"potentialAction":[{"@type":"SearchAction","target":{"@type":"EntryPoint","urlTemplate":"https:\/\/scantank.ee\/sv\/?s={search_term_string}"},"query-input":"required name=search_term_string"}],"inLanguage":"sv-SE"},{"@type":"Organization","@id":"https:\/\/scantank.ee\/sv\/#organization","name":"Scantank O\u00dc","url":"https:\/\/scantank.ee\/sv\/","logo":{"@type":"ImageObject","inLanguage":"sv-SE","@id":"https:\/\/scantank.ee\/sv\/#\/schema\/logo\/image\/","url":"https:\/\/scantank.ee\/wp-content\/uploads\/2019\/08\/scantank-new.png","contentUrl":"https:\/\/scantank.ee\/wp-content\/uploads\/2019\/08\/scantank-new.png","width":1041,"height":221,"caption":"Scantank O\u00dc"},"image":{"@id":"https:\/\/scantank.ee\/sv\/#\/schema\/logo\/image\/"},"sameAs":["http:\/\/www.facebook.com\/scantank"]}]}},"_links":{"self":[{"href":"https:\/\/scantank.ee\/sv\/wp-json\/wp\/v2\/product\/4802"}],"collection":[{"href":"https:\/\/scantank.ee\/sv\/wp-json\/wp\/v2\/product"}],"about":[{"href":"https:\/\/scantank.ee\/sv\/wp-json\/wp\/v2\/types\/product"}],"wp:featuredmedia":[{"embeddable":true,"href":"https:\/\/scantank.ee\/sv\/wp-json\/wp\/v2\/media\/3590"}],"wp:attachment":[{"href":"https:\/\/scantank.ee\/sv\/wp-json\/wp\/v2\/media?parent=4802"}],"wp:term":[{"taxonomy":"product_cat","embeddable":true,"href":"https:\/\/scantank.ee\/sv\/wp-json\/wp\/v2\/product_cat?post=4802"},{"taxonomy":"product_tag","embeddable":true,"href":"https:\/\/scantank.ee\/sv\/wp-json\/wp\/v2\/product_tag?post=4802"}],"curies":[{"name":"wp","href":"https:\/\/api.w.org\/{rel}","templated":true}]}}