{"id":4803,"date":"2019-12-29T19:05:50","date_gmt":"2019-12-29T19:05:50","guid":{"rendered":"https:\/\/scantank.ee\/toode\/pumpstationer\/"},"modified":"2019-12-29T19:05:50","modified_gmt":"2019-12-29T19:05:50","slug":"pumpstationer","status":"publish","type":"product","link":"https:\/\/scantank.ee\/sv\/toode\/pumpstationer\/","title":{"rendered":"Pumpstationer"},"content":{"rendered":"<h3><strong>Pumpstationer avsedda f\u00f6r lyft av avloppsvatten, dagvatten och dr\u00e4nering<\/strong><\/h3>\n<p>Pumpstationer anv\u00e4nds vanligtvis p\u00e5 platser d\u00e4r det \u00e4r om\u00f6jligt eller opraktiskt att konstruera r\u00f6rledningar med gravitationsfl\u00f6de. Baserat p\u00e5 kundens \u00f6nskem\u00e5l och installationsplatsen erbjuder vi plast-, aluminium- och gjutj\u00e4rnskydd f\u00f6r pumpstationer. Vi tillhandah\u00e5ller certifikat, installations- och underh\u00e5llsguider f\u00f6r pumpstationerna. Pumpstationerna i v\u00e5rt sortiment har en maximal tankdiameter p\u00e5 2500 mm.<\/p>\n<p>F\u00f6r att kunna ge en offert p\u00e5 en pumpstation beh\u00f6ver vi f\u00f6ljande information:<\/p>\n<p>+ Djupet p\u00e5 inloppsr\u00f6ret (-r\u00f6ren) i pumpstationen<\/p>\n<p>+ Produktivitet och pumphuvud(en)<\/p>\n<p>N\u00e4r vi har f\u00e5tt denna information kan vi g\u00f6ra en fungerande ritning och starta produktionen.<\/p>\n<p>Vi hj\u00e4lper ocks\u00e5 till att v\u00e4lja ut n\u00f6dv\u00e4ndiga styrsk\u00e5p. Vi erbjuder kontrollpaneler till pumpstationer med b\u00e5de en och tv\u00e5 pumpar. Det \u00e4r m\u00f6jligt att v\u00e4lja en panel f\u00f6r b\u00e5de inomhus- och utomhusinstallation, samt ett l\u00e4mpligt larm- och data\u00f6verf\u00f6ringssystem. Vi erbjuder pumpar i enlighet med r\u00e5dande f\u00f6rh\u00e5llanden (t.ex. Grundfos, Wilo).<\/p>\n<p>Standarder:\u00a0 EN 12050\u20101: 2001 och EN 12050-2: 2001<\/p>\n<p><em>F\u00f6r pumpstationer ger vi offert p\u00e5 projektbasis. Kontakta oss f\u00f6r mer information.<\/em><\/p>\n","protected":false},"excerpt":{"rendered":"<p>Pumpstationer avsedda f\u00f6r lyft av avloppsvatten, dagvatten och dr\u00e4nering Pumpstationer anv\u00e4nds vanligtvis p\u00e5 platser d\u00e4r det \u00e4r om\u00f6jligt eller opraktiskt att konstruera r\u00f6rledningar med gravitationsfl\u00f6de. Baserat p\u00e5 kundens \u00f6nskem\u00e5l och installationsplatsen erbjuder vi plast-, aluminium- och gjutj\u00e4rnskydd f\u00f6r pumpstationer. Vi tillhandah\u00e5ller certifikat, installations- och underh\u00e5llsguider f\u00f6r pumpstationerna. Pumpstationerna i v\u00e5rt sortiment har en maximal tankdiameter [&hellip;]<\/p>\n","protected":false},"featured_media":3633,"template":"","meta":{"_acf_changed":false,"inline_featured_image":false,"_exactmetrics_skip_tracking":false,"_exactmetrics_sitenote_active":false,"_exactmetrics_sitenote_note":"","_exactmetrics_sitenote_category":0,"_monsterinsights_skip_tracking":false,"_monsterinsights_sitenote_active":false,"_monsterinsights_sitenote_note":"","_monsterinsights_sitenote_category":0},"product_cat":[215,255],"product_tag":[],"class_list":{"0":"post-4803","1":"product","2":"type-product","3":"status-publish","4":"has-post-thumbnail","6":"product_cat-glasfiberprodukter","7":"product_cat-pumpstationer","9":"first","10":"instock","11":"shipping-taxable","12":"product-type-simple"},"acf":[],"yoast_head":"<!-- This site is optimized with the Yoast SEO plugin v23.1 - https:\/\/yoast.com\/wordpress\/plugins\/seo\/ -->\n<title>Pumpstationer | Scantank<\/title>\n<meta name=\"robots\" content=\"index, follow, max-snippet:-1, max-image-preview:large, max-video-preview:-1\" \/>\n<link rel=\"canonical\" href=\"https:\/\/scantank.ee\/sv\/toode\/pumpstationer\/\" \/>\n<meta property=\"og:locale\" content=\"sv_SE\" \/>\n<meta property=\"og:type\" content=\"article\" \/>\n<meta property=\"og:title\" content=\"Pumpstationer | Scantank\" \/>\n<meta property=\"og:description\" content=\"Pumpstationer avsedda f\u00f6r lyft av avloppsvatten, dagvatten och dr\u00e4nering Pumpstationer anv\u00e4nds vanligtvis p\u00e5 platser d\u00e4r det \u00e4r om\u00f6jligt eller opraktiskt att konstruera r\u00f6rledningar med gravitationsfl\u00f6de. Baserat p\u00e5 kundens \u00f6nskem\u00e5l och installationsplatsen erbjuder vi plast-, aluminium- och gjutj\u00e4rnskydd f\u00f6r pumpstationer. Vi tillhandah\u00e5ller certifikat, installations- och underh\u00e5llsguider f\u00f6r pumpstationerna. Pumpstationerna i v\u00e5rt sortiment har en maximal tankdiameter [&hellip;]\" \/>\n<meta property=\"og:url\" content=\"https:\/\/scantank.ee\/sv\/toode\/pumpstationer\/\" \/>\n<meta property=\"og:site_name\" content=\"Scantank\" \/>\n<meta property=\"article:publisher\" content=\"http:\/\/www.facebook.com\/scantank\" \/>\n<meta property=\"og:image\" content=\"https:\/\/www.scantank.ee\/wp-content\/uploads\/2019\/12\/Pumplad.jpg\" \/>\n\t<meta property=\"og:image:width\" content=\"550\" \/>\n\t<meta property=\"og:image:height\" content=\"550\" \/>\n\t<meta property=\"og:image:type\" content=\"image\/jpeg\" \/>\n<meta name=\"twitter:card\" content=\"summary_large_image\" \/>\n<meta name=\"twitter:label1\" content=\"Ber\u00e4knad l\u00e4stid\" \/>\n\t<meta name=\"twitter:data1\" content=\"1 minut\" \/>\n<script type=\"application\/ld+json\" class=\"yoast-schema-graph\">{\"@context\":\"https:\/\/schema.org\",\"@graph\":[{\"@type\":\"WebPage\",\"@id\":\"https:\/\/scantank.ee\/sv\/toode\/pumpstationer\/\",\"url\":\"https:\/\/scantank.ee\/sv\/toode\/pumpstationer\/\",\"name\":\"Pumpstationer | Scantank\",\"isPartOf\":{\"@id\":\"https:\/\/scantank.ee\/sv\/#website\"},\"primaryImageOfPage\":{\"@id\":\"https:\/\/scantank.ee\/sv\/toode\/pumpstationer\/#primaryimage\"},\"image\":{\"@id\":\"https:\/\/scantank.ee\/sv\/toode\/pumpstationer\/#primaryimage\"},\"thumbnailUrl\":\"https:\/\/www.scantank.ee\/wp-content\/uploads\/2019\/12\/Pumplad.jpg\",\"datePublished\":\"2019-12-29T19:05:50+00:00\",\"dateModified\":\"2019-12-29T19:05:50+00:00\",\"breadcrumb\":{\"@id\":\"https:\/\/scantank.ee\/sv\/toode\/pumpstationer\/#breadcrumb\"},\"inLanguage\":\"sv-SE\",\"potentialAction\":[{\"@type\":\"ReadAction\",\"target\":[\"https:\/\/scantank.ee\/sv\/toode\/pumpstationer\/\"]}]},{\"@type\":\"ImageObject\",\"inLanguage\":\"sv-SE\",\"@id\":\"https:\/\/scantank.ee\/sv\/toode\/pumpstationer\/#primaryimage\",\"url\":\"https:\/\/www.scantank.ee\/wp-content\/uploads\/2019\/12\/Pumplad.jpg\",\"contentUrl\":\"https:\/\/www.scantank.ee\/wp-content\/uploads\/2019\/12\/Pumplad.jpg\",\"width\":550,\"height\":550},{\"@type\":\"BreadcrumbList\",\"@id\":\"https:\/\/scantank.ee\/sv\/toode\/pumpstationer\/#breadcrumb\",\"itemListElement\":[{\"@type\":\"ListItem\",\"position\":1,\"name\":\"Home\",\"item\":\"https:\/\/scantank.ee\/sv\/\"},{\"@type\":\"ListItem\",\"position\":2,\"name\":\"Produktkatalog\",\"item\":\"https:\/\/scantank.ee\/sv\/produktkatalog\/\"},{\"@type\":\"ListItem\",\"position\":3,\"name\":\"Pumpstationer\"}]},{\"@type\":\"WebSite\",\"@id\":\"https:\/\/scantank.ee\/sv\/#website\",\"url\":\"https:\/\/scantank.ee\/sv\/\",\"name\":\"Scantank\",\"description\":\"\",\"publisher\":{\"@id\":\"https:\/\/scantank.ee\/sv\/#organization\"},\"potentialAction\":[{\"@type\":\"SearchAction\",\"target\":{\"@type\":\"EntryPoint\",\"urlTemplate\":\"https:\/\/scantank.ee\/sv\/?s={search_term_string}\"},\"query-input\":\"required name=search_term_string\"}],\"inLanguage\":\"sv-SE\"},{\"@type\":\"Organization\",\"@id\":\"https:\/\/scantank.ee\/sv\/#organization\",\"name\":\"Scantank O\u00dc\",\"url\":\"https:\/\/scantank.ee\/sv\/\",\"logo\":{\"@type\":\"ImageObject\",\"inLanguage\":\"sv-SE\",\"@id\":\"https:\/\/scantank.ee\/sv\/#\/schema\/logo\/image\/\",\"url\":\"https:\/\/scantank.ee\/wp-content\/uploads\/2019\/08\/scantank-new.png\",\"contentUrl\":\"https:\/\/scantank.ee\/wp-content\/uploads\/2019\/08\/scantank-new.png\",\"width\":1041,\"height\":221,\"caption\":\"Scantank O\u00dc\"},\"image\":{\"@id\":\"https:\/\/scantank.ee\/sv\/#\/schema\/logo\/image\/\"},\"sameAs\":[\"http:\/\/www.facebook.com\/scantank\"]}]}<\/script>\n<!-- \/ Yoast SEO plugin. -->","yoast_head_json":{"title":"Pumpstationer | Scantank","robots":{"index":"index","follow":"follow","max-snippet":"max-snippet:-1","max-image-preview":"max-image-preview:large","max-video-preview":"max-video-preview:-1"},"canonical":"https:\/\/scantank.ee\/sv\/toode\/pumpstationer\/","og_locale":"sv_SE","og_type":"article","og_title":"Pumpstationer | Scantank","og_description":"Pumpstationer avsedda f\u00f6r lyft av avloppsvatten, dagvatten och dr\u00e4nering Pumpstationer anv\u00e4nds vanligtvis p\u00e5 platser d\u00e4r det \u00e4r om\u00f6jligt eller opraktiskt att konstruera r\u00f6rledningar med gravitationsfl\u00f6de. Baserat p\u00e5 kundens \u00f6nskem\u00e5l och installationsplatsen erbjuder vi plast-, aluminium- och gjutj\u00e4rnskydd f\u00f6r pumpstationer. Vi tillhandah\u00e5ller certifikat, installations- och underh\u00e5llsguider f\u00f6r pumpstationerna. Pumpstationerna i v\u00e5rt sortiment har en maximal tankdiameter [&hellip;]","og_url":"https:\/\/scantank.ee\/sv\/toode\/pumpstationer\/","og_site_name":"Scantank","article_publisher":"http:\/\/www.facebook.com\/scantank","og_image":[{"width":550,"height":550,"url":"https:\/\/www.scantank.ee\/wp-content\/uploads\/2019\/12\/Pumplad.jpg","type":"image\/jpeg"}],"twitter_card":"summary_large_image","twitter_misc":{"Ber\u00e4knad l\u00e4stid":"1 minut"},"schema":{"@context":"https:\/\/schema.org","@graph":[{"@type":"WebPage","@id":"https:\/\/scantank.ee\/sv\/toode\/pumpstationer\/","url":"https:\/\/scantank.ee\/sv\/toode\/pumpstationer\/","name":"Pumpstationer | Scantank","isPartOf":{"@id":"https:\/\/scantank.ee\/sv\/#website"},"primaryImageOfPage":{"@id":"https:\/\/scantank.ee\/sv\/toode\/pumpstationer\/#primaryimage"},"image":{"@id":"https:\/\/scantank.ee\/sv\/toode\/pumpstationer\/#primaryimage"},"thumbnailUrl":"https:\/\/www.scantank.ee\/wp-content\/uploads\/2019\/12\/Pumplad.jpg","datePublished":"2019-12-29T19:05:50+00:00","dateModified":"2019-12-29T19:05:50+00:00","breadcrumb":{"@id":"https:\/\/scantank.ee\/sv\/toode\/pumpstationer\/#breadcrumb"},"inLanguage":"sv-SE","potentialAction":[{"@type":"ReadAction","target":["https:\/\/scantank.ee\/sv\/toode\/pumpstationer\/"]}]},{"@type":"ImageObject","inLanguage":"sv-SE","@id":"https:\/\/scantank.ee\/sv\/toode\/pumpstationer\/#primaryimage","url":"https:\/\/www.scantank.ee\/wp-content\/uploads\/2019\/12\/Pumplad.jpg","contentUrl":"https:\/\/www.scantank.ee\/wp-content\/uploads\/2019\/12\/Pumplad.jpg","width":550,"height":550},{"@type":"BreadcrumbList","@id":"https:\/\/scantank.ee\/sv\/toode\/pumpstationer\/#breadcrumb","itemListElement":[{"@type":"ListItem","position":1,"name":"Home","item":"https:\/\/scantank.ee\/sv\/"},{"@type":"ListItem","position":2,"name":"Produktkatalog","item":"https:\/\/scantank.ee\/sv\/produktkatalog\/"},{"@type":"ListItem","position":3,"name":"Pumpstationer"}]},{"@type":"WebSite","@id":"https:\/\/scantank.ee\/sv\/#website","url":"https:\/\/scantank.ee\/sv\/","name":"Scantank","description":"","publisher":{"@id":"https:\/\/scantank.ee\/sv\/#organization"},"potentialAction":[{"@type":"SearchAction","target":{"@type":"EntryPoint","urlTemplate":"https:\/\/scantank.ee\/sv\/?s={search_term_string}"},"query-input":"required name=search_term_string"}],"inLanguage":"sv-SE"},{"@type":"Organization","@id":"https:\/\/scantank.ee\/sv\/#organization","name":"Scantank O\u00dc","url":"https:\/\/scantank.ee\/sv\/","logo":{"@type":"ImageObject","inLanguage":"sv-SE","@id":"https:\/\/scantank.ee\/sv\/#\/schema\/logo\/image\/","url":"https:\/\/scantank.ee\/wp-content\/uploads\/2019\/08\/scantank-new.png","contentUrl":"https:\/\/scantank.ee\/wp-content\/uploads\/2019\/08\/scantank-new.png","width":1041,"height":221,"caption":"Scantank O\u00dc"},"image":{"@id":"https:\/\/scantank.ee\/sv\/#\/schema\/logo\/image\/"},"sameAs":["http:\/\/www.facebook.com\/scantank"]}]}},"_links":{"self":[{"href":"https:\/\/scantank.ee\/sv\/wp-json\/wp\/v2\/product\/4803"}],"collection":[{"href":"https:\/\/scantank.ee\/sv\/wp-json\/wp\/v2\/product"}],"about":[{"href":"https:\/\/scantank.ee\/sv\/wp-json\/wp\/v2\/types\/product"}],"wp:featuredmedia":[{"embeddable":true,"href":"https:\/\/scantank.ee\/sv\/wp-json\/wp\/v2\/media\/3633"}],"wp:attachment":[{"href":"https:\/\/scantank.ee\/sv\/wp-json\/wp\/v2\/media?parent=4803"}],"wp:term":[{"taxonomy":"product_cat","embeddable":true,"href":"https:\/\/scantank.ee\/sv\/wp-json\/wp\/v2\/product_cat?post=4803"},{"taxonomy":"product_tag","embeddable":true,"href":"https:\/\/scantank.ee\/sv\/wp-json\/wp\/v2\/product_tag?post=4803"}],"curies":[{"name":"wp","href":"https:\/\/api.w.org\/{rel}","templated":true}]}}