{"id":4804,"date":"2020-01-01T10:58:34","date_gmt":"2020-01-01T10:58:34","guid":{"rendered":"https:\/\/scantank.ee\/toode\/technodrain-hallbar-hd-pe-linjar-dranering\/"},"modified":"2020-01-01T10:58:34","modified_gmt":"2020-01-01T10:58:34","slug":"technodrain-hallbar-hd-pe-linjar-dranering","status":"publish","type":"product","link":"https:\/\/scantank.ee\/sv\/toode\/technodrain-hallbar-hd-pe-linjar-dranering\/","title":{"rendered":"TECHNODRAIN\u00ae &#8211; h\u00e5llbar HD-PE linj\u00e4r dr\u00e4nering"},"content":{"rendered":"<p>Katalog: <a href=\"https:\/\/scantank.ee\/wp-content\/uploads\/2020\/01\/Brochure-Technodrain.pdf\">Broschyr Technodrain<\/a><\/p>\n<h3><strong>TECHNODRAIN\u00ae &#8211; HD-PE linj\u00e4r dr\u00e4nering<\/strong><\/h3>\n<p>Technodrain\u00ae \u00e4r avsett f\u00f6r hantering av ytvatten &#8211; dess m\u00e5ngsidighet g\u00f6r det m\u00f6jligt att anv\u00e4nda det i alla konstruktionsmilj\u00f6er, och som ett l\u00e4tt och h\u00e5llbart linj\u00e4rt dr\u00e4neringssystem \u00e4r det l\u00e4tt att anv\u00e4nda f\u00f6r design av dr\u00e4neringsytor.<\/p>\n<p>Technodrain\u00ae \u00e4r tillverkad av h\u00f6gdensitetspolyeten i enlighet med standarden EN 1433 och omfattar alla belastningsklasser (A15 \u2013 F900), det \u00e4r m\u00f6jligt att l\u00e4gga till galler gjorda av segj\u00e4rn, galvaniserat st\u00e5l eller rostfritt st\u00e5l.<\/p>\n<p>Technodrain\u00ae-system finns tillg\u00e4ngligt i bredderna 100 mm, 150 mm, 200 mm och 300 mm.<\/p>\n<p>F\u00f6rdelarna med l\u00e4tta kanaler: till exempel EXEL 200HV, tillverkad av polyeten, har en hydraulisk kapacitet p\u00e5 42,61 l\/s, vilket \u00e4r perfekt f\u00f6r v\u00e4gar och parkeringsplatser och v\u00e4ger 26,1 kg med galler av segj\u00e4rn &#8211; dess storlek till viktf\u00f6rh\u00e5llande maximerar besparingarna p\u00e5 transport- och installationskostnader.<\/p>\n<p>Tekniskt avancerade Technodrain\u00ae \u00e4r motst\u00e5ndskraftig mot temperaturf\u00f6r\u00e4ndringar fr\u00e5n -60\u00b0 C till +100\u00b0 C. Det \u00e4r ocks\u00e5 motst\u00e5ndskraftigt mot en m\u00e5ngfald av syror, salter och kolv\u00e4ten, d\u00e4rf\u00f6r kan det anv\u00e4ndas i utmanande milj\u00f6er som kemiska anl\u00e4ggningar, bensinstationer och p\u00e5 ytor d\u00e4r frostskyddssalter anv\u00e4nds.<\/p>\n<p>Technodrain\u00ae dr\u00e4neringskanaler har ocks\u00e5 m\u00e5nga andra f\u00f6rdelar. Den robusta designen s\u00e4kerst\u00e4ller en l\u00e5ng livsl\u00e4ngd. Installationen g\u00f6rs enkelt med spontade fogar, som g\u00f6r det m\u00f6jligt att ansluta flera kanaler till ett f\u00e4rdigt monterat galler. Dess f\u00f6rformade laterala och vertikala kanalutg\u00e5ngar ger ocks\u00e5 snabb och enkel anslutning till avloppsr\u00f6r.<\/p>\n<p>Dessutom st\u00f6ds projektdesignen av integrerade T-r\u00f6r och korskopplingar som g\u00f6r det m\u00f6jligt att anpassa dr\u00e4neringslinjen, vilket m\u00f6jligg\u00f6r kontroll \u00f6ver precisionen och kostnadseffektiviteten i hela systemet.<\/p>\n<p>Ett viktigt tillbeh\u00f6r \u00e4r Technodrain\u00ae sumpenhet. Den kan installeras som en terminalenhet utanf\u00f6r linjen eller som ett centralt element vid tv\u00e5 konvergerande linjer. Sumpen \u00e4r utrustad med en valfri anti-lukt sifon, som l\u00e4tt kan tas bort f\u00f6r reng\u00f6rings\u00e4ndam\u00e5l, och ett galler f\u00f6r att filtrera l\u00f6v och skr\u00e4p. Med en sump kan du \u00f6ka utfl\u00f6desdiametern hos alla kanaler upp till \u00d8200.<\/p>\n<p>Du kan hitta hela utbudet av Technodrain\u00ae produkter genom att \u00f6ppna katalogen.<\/p>\n<p><em>F\u00f6r Technodrain\u00ae produkter ger vi offerter p\u00e5 projektbasis. Kontakta oss f\u00f6r mer information.<\/em><\/p>\n","protected":false},"excerpt":{"rendered":"<p>Katalog: Broschyr Technodrain TECHNODRAIN\u00ae &#8211; HD-PE linj\u00e4r dr\u00e4nering Technodrain\u00ae \u00e4r avsett f\u00f6r hantering av ytvatten &#8211; dess m\u00e5ngsidighet g\u00f6r det m\u00f6jligt att anv\u00e4nda det i alla konstruktionsmilj\u00f6er, och som ett l\u00e4tt och h\u00e5llbart linj\u00e4rt dr\u00e4neringssystem \u00e4r det l\u00e4tt att anv\u00e4nda f\u00f6r design av dr\u00e4neringsytor. Technodrain\u00ae \u00e4r tillverkad av h\u00f6gdensitetspolyeten i enlighet med standarden EN 1433 [&hellip;]<\/p>\n","protected":false},"featured_media":3684,"template":"","meta":{"_acf_changed":false,"inline_featured_image":false,"_exactmetrics_skip_tracking":false,"_exactmetrics_sitenote_active":false,"_exactmetrics_sitenote_note":"","_exactmetrics_sitenote_category":0,"_monsterinsights_skip_tracking":false,"_monsterinsights_sitenote_active":false,"_monsterinsights_sitenote_note":"","_monsterinsights_sitenote_category":0},"product_cat":[210,256],"product_tag":[],"class_list":{"0":"post-4804","1":"product","2":"type-product","3":"status-publish","4":"has-post-thumbnail","6":"product_cat-markrannor","7":"product_cat-technodrain-hd-pe-f900-sv","9":"first","10":"instock","11":"shipping-taxable","12":"product-type-simple"},"acf":[],"yoast_head":"<!-- This site is optimized with the Yoast SEO plugin v23.1 - https:\/\/yoast.com\/wordpress\/plugins\/seo\/ -->\n<title>TECHNODRAIN\u00ae - h\u00e5llbar HD-PE linj\u00e4r dr\u00e4nering | Scantank<\/title>\n<meta name=\"robots\" content=\"index, follow, max-snippet:-1, max-image-preview:large, max-video-preview:-1\" \/>\n<link rel=\"canonical\" href=\"https:\/\/scantank.ee\/sv\/toode\/technodrain-hallbar-hd-pe-linjar-dranering\/\" \/>\n<meta property=\"og:locale\" content=\"sv_SE\" \/>\n<meta property=\"og:type\" content=\"article\" \/>\n<meta property=\"og:title\" content=\"TECHNODRAIN\u00ae - h\u00e5llbar HD-PE linj\u00e4r dr\u00e4nering | Scantank\" \/>\n<meta property=\"og:description\" content=\"Katalog: Broschyr Technodrain TECHNODRAIN\u00ae &#8211; HD-PE linj\u00e4r dr\u00e4nering Technodrain\u00ae \u00e4r avsett f\u00f6r hantering av ytvatten &#8211; dess m\u00e5ngsidighet g\u00f6r det m\u00f6jligt att anv\u00e4nda det i alla konstruktionsmilj\u00f6er, och som ett l\u00e4tt och h\u00e5llbart linj\u00e4rt dr\u00e4neringssystem \u00e4r det l\u00e4tt att anv\u00e4nda f\u00f6r design av dr\u00e4neringsytor. Technodrain\u00ae \u00e4r tillverkad av h\u00f6gdensitetspolyeten i enlighet med standarden EN 1433 [&hellip;]\" \/>\n<meta property=\"og:url\" content=\"https:\/\/scantank.ee\/sv\/toode\/technodrain-hallbar-hd-pe-linjar-dranering\/\" \/>\n<meta property=\"og:site_name\" content=\"Scantank\" \/>\n<meta property=\"article:publisher\" content=\"http:\/\/www.facebook.com\/scantank\" \/>\n<meta property=\"og:image\" content=\"https:\/\/scantank.ee\/wp-content\/uploads\/2020\/01\/EXEL-200HV-D400-scaled.jpg\" \/>\n\t<meta property=\"og:image:width\" content=\"2560\" \/>\n\t<meta property=\"og:image:height\" content=\"1920\" \/>\n\t<meta property=\"og:image:type\" content=\"image\/jpeg\" \/>\n<meta name=\"twitter:card\" content=\"summary_large_image\" \/>\n<meta name=\"twitter:label1\" content=\"Ber\u00e4knad l\u00e4stid\" \/>\n\t<meta name=\"twitter:data1\" content=\"2 minuter\" \/>\n<script type=\"application\/ld+json\" class=\"yoast-schema-graph\">{\"@context\":\"https:\/\/schema.org\",\"@graph\":[{\"@type\":\"WebPage\",\"@id\":\"https:\/\/scantank.ee\/sv\/toode\/technodrain-hallbar-hd-pe-linjar-dranering\/\",\"url\":\"https:\/\/scantank.ee\/sv\/toode\/technodrain-hallbar-hd-pe-linjar-dranering\/\",\"name\":\"TECHNODRAIN\u00ae - h\u00e5llbar HD-PE linj\u00e4r dr\u00e4nering | Scantank\",\"isPartOf\":{\"@id\":\"https:\/\/scantank.ee\/sv\/#website\"},\"primaryImageOfPage\":{\"@id\":\"https:\/\/scantank.ee\/sv\/toode\/technodrain-hallbar-hd-pe-linjar-dranering\/#primaryimage\"},\"image\":{\"@id\":\"https:\/\/scantank.ee\/sv\/toode\/technodrain-hallbar-hd-pe-linjar-dranering\/#primaryimage\"},\"thumbnailUrl\":\"https:\/\/scantank.ee\/wp-content\/uploads\/2020\/01\/EXEL-200HV-D400-scaled.jpg\",\"datePublished\":\"2020-01-01T10:58:34+00:00\",\"dateModified\":\"2020-01-01T10:58:34+00:00\",\"breadcrumb\":{\"@id\":\"https:\/\/scantank.ee\/sv\/toode\/technodrain-hallbar-hd-pe-linjar-dranering\/#breadcrumb\"},\"inLanguage\":\"sv-SE\",\"potentialAction\":[{\"@type\":\"ReadAction\",\"target\":[\"https:\/\/scantank.ee\/sv\/toode\/technodrain-hallbar-hd-pe-linjar-dranering\/\"]}]},{\"@type\":\"ImageObject\",\"inLanguage\":\"sv-SE\",\"@id\":\"https:\/\/scantank.ee\/sv\/toode\/technodrain-hallbar-hd-pe-linjar-dranering\/#primaryimage\",\"url\":\"https:\/\/scantank.ee\/wp-content\/uploads\/2020\/01\/EXEL-200HV-D400-scaled.jpg\",\"contentUrl\":\"https:\/\/scantank.ee\/wp-content\/uploads\/2020\/01\/EXEL-200HV-D400-scaled.jpg\",\"width\":2560,\"height\":1920},{\"@type\":\"BreadcrumbList\",\"@id\":\"https:\/\/scantank.ee\/sv\/toode\/technodrain-hallbar-hd-pe-linjar-dranering\/#breadcrumb\",\"itemListElement\":[{\"@type\":\"ListItem\",\"position\":1,\"name\":\"Home\",\"item\":\"https:\/\/scantank.ee\/sv\/\"},{\"@type\":\"ListItem\",\"position\":2,\"name\":\"Produktkatalog\",\"item\":\"https:\/\/scantank.ee\/sv\/produktkatalog\/\"},{\"@type\":\"ListItem\",\"position\":3,\"name\":\"TECHNODRAIN\u00ae &#8211; h\u00e5llbar HD-PE linj\u00e4r dr\u00e4nering\"}]},{\"@type\":\"WebSite\",\"@id\":\"https:\/\/scantank.ee\/sv\/#website\",\"url\":\"https:\/\/scantank.ee\/sv\/\",\"name\":\"Scantank\",\"description\":\"\",\"publisher\":{\"@id\":\"https:\/\/scantank.ee\/sv\/#organization\"},\"potentialAction\":[{\"@type\":\"SearchAction\",\"target\":{\"@type\":\"EntryPoint\",\"urlTemplate\":\"https:\/\/scantank.ee\/sv\/?s={search_term_string}\"},\"query-input\":\"required name=search_term_string\"}],\"inLanguage\":\"sv-SE\"},{\"@type\":\"Organization\",\"@id\":\"https:\/\/scantank.ee\/sv\/#organization\",\"name\":\"Scantank O\u00dc\",\"url\":\"https:\/\/scantank.ee\/sv\/\",\"logo\":{\"@type\":\"ImageObject\",\"inLanguage\":\"sv-SE\",\"@id\":\"https:\/\/scantank.ee\/sv\/#\/schema\/logo\/image\/\",\"url\":\"https:\/\/scantank.ee\/wp-content\/uploads\/2019\/08\/scantank-new.png\",\"contentUrl\":\"https:\/\/scantank.ee\/wp-content\/uploads\/2019\/08\/scantank-new.png\",\"width\":1041,\"height\":221,\"caption\":\"Scantank O\u00dc\"},\"image\":{\"@id\":\"https:\/\/scantank.ee\/sv\/#\/schema\/logo\/image\/\"},\"sameAs\":[\"http:\/\/www.facebook.com\/scantank\"]}]}<\/script>\n<!-- \/ Yoast SEO plugin. -->","yoast_head_json":{"title":"TECHNODRAIN\u00ae - h\u00e5llbar HD-PE linj\u00e4r dr\u00e4nering | Scantank","robots":{"index":"index","follow":"follow","max-snippet":"max-snippet:-1","max-image-preview":"max-image-preview:large","max-video-preview":"max-video-preview:-1"},"canonical":"https:\/\/scantank.ee\/sv\/toode\/technodrain-hallbar-hd-pe-linjar-dranering\/","og_locale":"sv_SE","og_type":"article","og_title":"TECHNODRAIN\u00ae - h\u00e5llbar HD-PE linj\u00e4r dr\u00e4nering | Scantank","og_description":"Katalog: Broschyr Technodrain TECHNODRAIN\u00ae &#8211; HD-PE linj\u00e4r dr\u00e4nering Technodrain\u00ae \u00e4r avsett f\u00f6r hantering av ytvatten &#8211; dess m\u00e5ngsidighet g\u00f6r det m\u00f6jligt att anv\u00e4nda det i alla konstruktionsmilj\u00f6er, och som ett l\u00e4tt och h\u00e5llbart linj\u00e4rt dr\u00e4neringssystem \u00e4r det l\u00e4tt att anv\u00e4nda f\u00f6r design av dr\u00e4neringsytor. Technodrain\u00ae \u00e4r tillverkad av h\u00f6gdensitetspolyeten i enlighet med standarden EN 1433 [&hellip;]","og_url":"https:\/\/scantank.ee\/sv\/toode\/technodrain-hallbar-hd-pe-linjar-dranering\/","og_site_name":"Scantank","article_publisher":"http:\/\/www.facebook.com\/scantank","og_image":[{"width":2560,"height":1920,"url":"https:\/\/scantank.ee\/wp-content\/uploads\/2020\/01\/EXEL-200HV-D400-scaled.jpg","type":"image\/jpeg"}],"twitter_card":"summary_large_image","twitter_misc":{"Ber\u00e4knad l\u00e4stid":"2 minuter"},"schema":{"@context":"https:\/\/schema.org","@graph":[{"@type":"WebPage","@id":"https:\/\/scantank.ee\/sv\/toode\/technodrain-hallbar-hd-pe-linjar-dranering\/","url":"https:\/\/scantank.ee\/sv\/toode\/technodrain-hallbar-hd-pe-linjar-dranering\/","name":"TECHNODRAIN\u00ae - h\u00e5llbar HD-PE linj\u00e4r dr\u00e4nering | Scantank","isPartOf":{"@id":"https:\/\/scantank.ee\/sv\/#website"},"primaryImageOfPage":{"@id":"https:\/\/scantank.ee\/sv\/toode\/technodrain-hallbar-hd-pe-linjar-dranering\/#primaryimage"},"image":{"@id":"https:\/\/scantank.ee\/sv\/toode\/technodrain-hallbar-hd-pe-linjar-dranering\/#primaryimage"},"thumbnailUrl":"https:\/\/scantank.ee\/wp-content\/uploads\/2020\/01\/EXEL-200HV-D400-scaled.jpg","datePublished":"2020-01-01T10:58:34+00:00","dateModified":"2020-01-01T10:58:34+00:00","breadcrumb":{"@id":"https:\/\/scantank.ee\/sv\/toode\/technodrain-hallbar-hd-pe-linjar-dranering\/#breadcrumb"},"inLanguage":"sv-SE","potentialAction":[{"@type":"ReadAction","target":["https:\/\/scantank.ee\/sv\/toode\/technodrain-hallbar-hd-pe-linjar-dranering\/"]}]},{"@type":"ImageObject","inLanguage":"sv-SE","@id":"https:\/\/scantank.ee\/sv\/toode\/technodrain-hallbar-hd-pe-linjar-dranering\/#primaryimage","url":"https:\/\/scantank.ee\/wp-content\/uploads\/2020\/01\/EXEL-200HV-D400-scaled.jpg","contentUrl":"https:\/\/scantank.ee\/wp-content\/uploads\/2020\/01\/EXEL-200HV-D400-scaled.jpg","width":2560,"height":1920},{"@type":"BreadcrumbList","@id":"https:\/\/scantank.ee\/sv\/toode\/technodrain-hallbar-hd-pe-linjar-dranering\/#breadcrumb","itemListElement":[{"@type":"ListItem","position":1,"name":"Home","item":"https:\/\/scantank.ee\/sv\/"},{"@type":"ListItem","position":2,"name":"Produktkatalog","item":"https:\/\/scantank.ee\/sv\/produktkatalog\/"},{"@type":"ListItem","position":3,"name":"TECHNODRAIN\u00ae &#8211; h\u00e5llbar HD-PE linj\u00e4r dr\u00e4nering"}]},{"@type":"WebSite","@id":"https:\/\/scantank.ee\/sv\/#website","url":"https:\/\/scantank.ee\/sv\/","name":"Scantank","description":"","publisher":{"@id":"https:\/\/scantank.ee\/sv\/#organization"},"potentialAction":[{"@type":"SearchAction","target":{"@type":"EntryPoint","urlTemplate":"https:\/\/scantank.ee\/sv\/?s={search_term_string}"},"query-input":"required name=search_term_string"}],"inLanguage":"sv-SE"},{"@type":"Organization","@id":"https:\/\/scantank.ee\/sv\/#organization","name":"Scantank O\u00dc","url":"https:\/\/scantank.ee\/sv\/","logo":{"@type":"ImageObject","inLanguage":"sv-SE","@id":"https:\/\/scantank.ee\/sv\/#\/schema\/logo\/image\/","url":"https:\/\/scantank.ee\/wp-content\/uploads\/2019\/08\/scantank-new.png","contentUrl":"https:\/\/scantank.ee\/wp-content\/uploads\/2019\/08\/scantank-new.png","width":1041,"height":221,"caption":"Scantank O\u00dc"},"image":{"@id":"https:\/\/scantank.ee\/sv\/#\/schema\/logo\/image\/"},"sameAs":["http:\/\/www.facebook.com\/scantank"]}]}},"_links":{"self":[{"href":"https:\/\/scantank.ee\/sv\/wp-json\/wp\/v2\/product\/4804"}],"collection":[{"href":"https:\/\/scantank.ee\/sv\/wp-json\/wp\/v2\/product"}],"about":[{"href":"https:\/\/scantank.ee\/sv\/wp-json\/wp\/v2\/types\/product"}],"wp:featuredmedia":[{"embeddable":true,"href":"https:\/\/scantank.ee\/sv\/wp-json\/wp\/v2\/media\/3684"}],"wp:attachment":[{"href":"https:\/\/scantank.ee\/sv\/wp-json\/wp\/v2\/media?parent=4804"}],"wp:term":[{"taxonomy":"product_cat","embeddable":true,"href":"https:\/\/scantank.ee\/sv\/wp-json\/wp\/v2\/product_cat?post=4804"},{"taxonomy":"product_tag","embeddable":true,"href":"https:\/\/scantank.ee\/sv\/wp-json\/wp\/v2\/product_tag?post=4804"}],"curies":[{"name":"wp","href":"https:\/\/api.w.org\/{rel}","templated":true}]}}