{"id":4807,"date":"2019-12-30T18:24:19","date_gmt":"2019-12-30T18:24:19","guid":{"rendered":"https:\/\/scantank.ee\/toode\/sand-och-gyttjefalla-lm50000\/"},"modified":"2019-12-30T18:24:19","modified_gmt":"2019-12-30T18:24:19","slug":"sand-och-gyttjefalla-lm50000","status":"publish","type":"product","link":"https:\/\/scantank.ee\/sv\/toode\/sand-och-gyttjefalla-lm50000\/","title":{"rendered":"Sand- och gyttjef\u00e4lla LM50000"},"content":{"rendered":"<h3><strong>LM50000<\/strong><\/h3>\n<p>Sand- och gyttjef\u00e4llor anv\u00e4nds f\u00f6r att separera sand, gyttja och andra fasta partiklar fr\u00e5n avloppsvatten och dagvatten, vilket s\u00e4kerst\u00e4ller att avloppsn\u00e4ten fungerar utan blockeringar. Relativ densitet och uppeh\u00e5llstid m\u00f6jligg\u00f6r f\u00f6r de tyngre partiklarna i vattnet att falla till botten av f\u00e4llan, medan renat vatten kommer att rinna vidare.<\/p>\n<p>Dessa f\u00e4llor anv\u00e4nds huvudsakligen p\u00e5 f\u00f6ljande platser:<\/p>\n<p>+ Biltv\u00e4ttar<\/p>\n<p>+ Parkeringsplatser<\/p>\n<p>+ Utomhusomr\u00e5den<\/p>\n<p>+ Verkst\u00e4der<\/p>\n<p>+ Lager<\/p>\n<p>+ Motorv\u00e4gar<\/p>\n<p>P\u00e5 basis av standarden EN 858 \u201dSeparator-system f\u00f6r l\u00e4tta v\u00e4tskor (t.ex. olja och bensin)\u201d, installeras en sand- och gyttjef\u00e4lla f\u00f6re en oljeseparator.<\/p>\n<p>&nbsp;<\/p>\n<p>En ytterligare alarmanordning f\u00f6r sedimentniv\u00e5n kan installeras i sand- och gyttjef\u00e4llan, den ger en visuell signal och ljudsignal n\u00e4r sand- och gyttjef\u00e4llan \u00e4r full. N\u00e4r h\u00e4lften av den maximala sedimentvolymen har uppn\u00e5tts b\u00f6r sand- och gyttjef\u00e4llan t\u00f6mmas.<\/p>\n<p>Sand- och gyttjef\u00e4llor har certifikat, installations- och underh\u00e5llsguider<\/p>\n<p>Numret som finns markerat f\u00f6r sand- och gyttjef\u00e4llan indikerar f\u00e4llans sedimentvolym (dm\u00b3).<\/p>\n<p>&nbsp;<\/p>\n<p><em>Kontakta oss f\u00f6r mer information.<\/em><\/p>\n","protected":false},"excerpt":{"rendered":"<p>LM50000 Sand- och gyttjef\u00e4llor anv\u00e4nds f\u00f6r att separera sand, gyttja och andra fasta partiklar fr\u00e5n avloppsvatten och dagvatten, vilket s\u00e4kerst\u00e4ller att avloppsn\u00e4ten fungerar utan blockeringar. Relativ densitet och uppeh\u00e5llstid m\u00f6jligg\u00f6r f\u00f6r de tyngre partiklarna i vattnet att falla till botten av f\u00e4llan, medan renat vatten kommer att rinna vidare. Dessa f\u00e4llor anv\u00e4nds huvudsakligen p\u00e5 f\u00f6ljande [&hellip;]<\/p>\n","protected":false},"featured_media":2315,"template":"","meta":{"_acf_changed":false,"inline_featured_image":false,"_exactmetrics_skip_tracking":false,"_exactmetrics_sitenote_active":false,"_exactmetrics_sitenote_note":"","_exactmetrics_sitenote_category":0,"_monsterinsights_skip_tracking":false,"_monsterinsights_sitenote_active":false,"_monsterinsights_sitenote_note":"","_monsterinsights_sitenote_category":0},"product_cat":[215,204],"product_tag":[],"class_list":{"0":"post-4807","1":"product","2":"type-product","3":"status-publish","4":"has-post-thumbnail","6":"product_cat-glasfiberprodukter","7":"product_cat-sand-och-slamavskiljare","9":"first","10":"instock","11":"shipping-taxable","12":"product-type-simple"},"acf":[],"yoast_head":"<!-- This site is optimized with the Yoast SEO plugin v23.1 - https:\/\/yoast.com\/wordpress\/plugins\/seo\/ -->\n<title>Sand- och gyttjef\u00e4lla LM50000 | Scantank<\/title>\n<meta name=\"robots\" content=\"index, follow, max-snippet:-1, max-image-preview:large, max-video-preview:-1\" \/>\n<link rel=\"canonical\" href=\"https:\/\/scantank.ee\/sv\/toode\/sand-och-gyttjefalla-lm50000\/\" \/>\n<meta property=\"og:locale\" content=\"sv_SE\" \/>\n<meta property=\"og:type\" content=\"article\" \/>\n<meta property=\"og:title\" content=\"Sand- och gyttjef\u00e4lla LM50000 | Scantank\" \/>\n<meta property=\"og:description\" content=\"LM50000 Sand- och gyttjef\u00e4llor anv\u00e4nds f\u00f6r att separera sand, gyttja och andra fasta partiklar fr\u00e5n avloppsvatten och dagvatten, vilket s\u00e4kerst\u00e4ller att avloppsn\u00e4ten fungerar utan blockeringar. Relativ densitet och uppeh\u00e5llstid m\u00f6jligg\u00f6r f\u00f6r de tyngre partiklarna i vattnet att falla till botten av f\u00e4llan, medan renat vatten kommer att rinna vidare. Dessa f\u00e4llor anv\u00e4nds huvudsakligen p\u00e5 f\u00f6ljande [&hellip;]\" \/>\n<meta property=\"og:url\" content=\"https:\/\/scantank.ee\/sv\/toode\/sand-och-gyttjefalla-lm50000\/\" \/>\n<meta property=\"og:site_name\" content=\"Scantank\" \/>\n<meta property=\"article:publisher\" content=\"http:\/\/www.facebook.com\/scantank\" \/>\n<meta property=\"og:image\" content=\"https:\/\/scantank.ee\/wp-content\/uploads\/2019\/08\/pu\u0308u\u0308dur.jpg\" \/>\n\t<meta property=\"og:image:width\" content=\"1286\" \/>\n\t<meta property=\"og:image:height\" content=\"2081\" \/>\n\t<meta property=\"og:image:type\" content=\"image\/jpeg\" \/>\n<meta name=\"twitter:card\" content=\"summary_large_image\" \/>\n<meta name=\"twitter:label1\" content=\"Ber\u00e4knad l\u00e4stid\" \/>\n\t<meta name=\"twitter:data1\" content=\"1 minut\" \/>\n<script type=\"application\/ld+json\" class=\"yoast-schema-graph\">{\"@context\":\"https:\/\/schema.org\",\"@graph\":[{\"@type\":\"WebPage\",\"@id\":\"https:\/\/scantank.ee\/sv\/toode\/sand-och-gyttjefalla-lm50000\/\",\"url\":\"https:\/\/scantank.ee\/sv\/toode\/sand-och-gyttjefalla-lm50000\/\",\"name\":\"Sand- och gyttjef\u00e4lla LM50000 | Scantank\",\"isPartOf\":{\"@id\":\"https:\/\/scantank.ee\/sv\/#website\"},\"primaryImageOfPage\":{\"@id\":\"https:\/\/scantank.ee\/sv\/toode\/sand-och-gyttjefalla-lm50000\/#primaryimage\"},\"image\":{\"@id\":\"https:\/\/scantank.ee\/sv\/toode\/sand-och-gyttjefalla-lm50000\/#primaryimage\"},\"thumbnailUrl\":\"https:\/\/scantank.ee\/wp-content\/uploads\/2019\/08\/pu\u0308u\u0308dur.jpg\",\"datePublished\":\"2019-12-30T18:24:19+00:00\",\"dateModified\":\"2019-12-30T18:24:19+00:00\",\"breadcrumb\":{\"@id\":\"https:\/\/scantank.ee\/sv\/toode\/sand-och-gyttjefalla-lm50000\/#breadcrumb\"},\"inLanguage\":\"sv-SE\",\"potentialAction\":[{\"@type\":\"ReadAction\",\"target\":[\"https:\/\/scantank.ee\/sv\/toode\/sand-och-gyttjefalla-lm50000\/\"]}]},{\"@type\":\"ImageObject\",\"inLanguage\":\"sv-SE\",\"@id\":\"https:\/\/scantank.ee\/sv\/toode\/sand-och-gyttjefalla-lm50000\/#primaryimage\",\"url\":\"https:\/\/scantank.ee\/wp-content\/uploads\/2019\/08\/pu\u0308u\u0308dur.jpg\",\"contentUrl\":\"https:\/\/scantank.ee\/wp-content\/uploads\/2019\/08\/pu\u0308u\u0308dur.jpg\",\"width\":1286,\"height\":2081},{\"@type\":\"BreadcrumbList\",\"@id\":\"https:\/\/scantank.ee\/sv\/toode\/sand-och-gyttjefalla-lm50000\/#breadcrumb\",\"itemListElement\":[{\"@type\":\"ListItem\",\"position\":1,\"name\":\"Home\",\"item\":\"https:\/\/scantank.ee\/sv\/\"},{\"@type\":\"ListItem\",\"position\":2,\"name\":\"Produktkatalog\",\"item\":\"https:\/\/scantank.ee\/sv\/produktkatalog\/\"},{\"@type\":\"ListItem\",\"position\":3,\"name\":\"Sand- och gyttjef\u00e4lla LM50000\"}]},{\"@type\":\"WebSite\",\"@id\":\"https:\/\/scantank.ee\/sv\/#website\",\"url\":\"https:\/\/scantank.ee\/sv\/\",\"name\":\"Scantank\",\"description\":\"\",\"publisher\":{\"@id\":\"https:\/\/scantank.ee\/sv\/#organization\"},\"potentialAction\":[{\"@type\":\"SearchAction\",\"target\":{\"@type\":\"EntryPoint\",\"urlTemplate\":\"https:\/\/scantank.ee\/sv\/?s={search_term_string}\"},\"query-input\":\"required name=search_term_string\"}],\"inLanguage\":\"sv-SE\"},{\"@type\":\"Organization\",\"@id\":\"https:\/\/scantank.ee\/sv\/#organization\",\"name\":\"Scantank O\u00dc\",\"url\":\"https:\/\/scantank.ee\/sv\/\",\"logo\":{\"@type\":\"ImageObject\",\"inLanguage\":\"sv-SE\",\"@id\":\"https:\/\/scantank.ee\/sv\/#\/schema\/logo\/image\/\",\"url\":\"https:\/\/scantank.ee\/wp-content\/uploads\/2019\/08\/scantank-new.png\",\"contentUrl\":\"https:\/\/scantank.ee\/wp-content\/uploads\/2019\/08\/scantank-new.png\",\"width\":1041,\"height\":221,\"caption\":\"Scantank O\u00dc\"},\"image\":{\"@id\":\"https:\/\/scantank.ee\/sv\/#\/schema\/logo\/image\/\"},\"sameAs\":[\"http:\/\/www.facebook.com\/scantank\"]}]}<\/script>\n<!-- \/ Yoast SEO plugin. -->","yoast_head_json":{"title":"Sand- och gyttjef\u00e4lla LM50000 | Scantank","robots":{"index":"index","follow":"follow","max-snippet":"max-snippet:-1","max-image-preview":"max-image-preview:large","max-video-preview":"max-video-preview:-1"},"canonical":"https:\/\/scantank.ee\/sv\/toode\/sand-och-gyttjefalla-lm50000\/","og_locale":"sv_SE","og_type":"article","og_title":"Sand- och gyttjef\u00e4lla LM50000 | Scantank","og_description":"LM50000 Sand- och gyttjef\u00e4llor anv\u00e4nds f\u00f6r att separera sand, gyttja och andra fasta partiklar fr\u00e5n avloppsvatten och dagvatten, vilket s\u00e4kerst\u00e4ller att avloppsn\u00e4ten fungerar utan blockeringar. Relativ densitet och uppeh\u00e5llstid m\u00f6jligg\u00f6r f\u00f6r de tyngre partiklarna i vattnet att falla till botten av f\u00e4llan, medan renat vatten kommer att rinna vidare. Dessa f\u00e4llor anv\u00e4nds huvudsakligen p\u00e5 f\u00f6ljande [&hellip;]","og_url":"https:\/\/scantank.ee\/sv\/toode\/sand-och-gyttjefalla-lm50000\/","og_site_name":"Scantank","article_publisher":"http:\/\/www.facebook.com\/scantank","og_image":[{"width":1286,"height":2081,"url":"https:\/\/scantank.ee\/wp-content\/uploads\/2019\/08\/pu\u0308u\u0308dur.jpg","type":"image\/jpeg"}],"twitter_card":"summary_large_image","twitter_misc":{"Ber\u00e4knad l\u00e4stid":"1 minut"},"schema":{"@context":"https:\/\/schema.org","@graph":[{"@type":"WebPage","@id":"https:\/\/scantank.ee\/sv\/toode\/sand-och-gyttjefalla-lm50000\/","url":"https:\/\/scantank.ee\/sv\/toode\/sand-och-gyttjefalla-lm50000\/","name":"Sand- och gyttjef\u00e4lla LM50000 | Scantank","isPartOf":{"@id":"https:\/\/scantank.ee\/sv\/#website"},"primaryImageOfPage":{"@id":"https:\/\/scantank.ee\/sv\/toode\/sand-och-gyttjefalla-lm50000\/#primaryimage"},"image":{"@id":"https:\/\/scantank.ee\/sv\/toode\/sand-och-gyttjefalla-lm50000\/#primaryimage"},"thumbnailUrl":"https:\/\/scantank.ee\/wp-content\/uploads\/2019\/08\/pu\u0308u\u0308dur.jpg","datePublished":"2019-12-30T18:24:19+00:00","dateModified":"2019-12-30T18:24:19+00:00","breadcrumb":{"@id":"https:\/\/scantank.ee\/sv\/toode\/sand-och-gyttjefalla-lm50000\/#breadcrumb"},"inLanguage":"sv-SE","potentialAction":[{"@type":"ReadAction","target":["https:\/\/scantank.ee\/sv\/toode\/sand-och-gyttjefalla-lm50000\/"]}]},{"@type":"ImageObject","inLanguage":"sv-SE","@id":"https:\/\/scantank.ee\/sv\/toode\/sand-och-gyttjefalla-lm50000\/#primaryimage","url":"https:\/\/scantank.ee\/wp-content\/uploads\/2019\/08\/pu\u0308u\u0308dur.jpg","contentUrl":"https:\/\/scantank.ee\/wp-content\/uploads\/2019\/08\/pu\u0308u\u0308dur.jpg","width":1286,"height":2081},{"@type":"BreadcrumbList","@id":"https:\/\/scantank.ee\/sv\/toode\/sand-och-gyttjefalla-lm50000\/#breadcrumb","itemListElement":[{"@type":"ListItem","position":1,"name":"Home","item":"https:\/\/scantank.ee\/sv\/"},{"@type":"ListItem","position":2,"name":"Produktkatalog","item":"https:\/\/scantank.ee\/sv\/produktkatalog\/"},{"@type":"ListItem","position":3,"name":"Sand- och gyttjef\u00e4lla LM50000"}]},{"@type":"WebSite","@id":"https:\/\/scantank.ee\/sv\/#website","url":"https:\/\/scantank.ee\/sv\/","name":"Scantank","description":"","publisher":{"@id":"https:\/\/scantank.ee\/sv\/#organization"},"potentialAction":[{"@type":"SearchAction","target":{"@type":"EntryPoint","urlTemplate":"https:\/\/scantank.ee\/sv\/?s={search_term_string}"},"query-input":"required name=search_term_string"}],"inLanguage":"sv-SE"},{"@type":"Organization","@id":"https:\/\/scantank.ee\/sv\/#organization","name":"Scantank O\u00dc","url":"https:\/\/scantank.ee\/sv\/","logo":{"@type":"ImageObject","inLanguage":"sv-SE","@id":"https:\/\/scantank.ee\/sv\/#\/schema\/logo\/image\/","url":"https:\/\/scantank.ee\/wp-content\/uploads\/2019\/08\/scantank-new.png","contentUrl":"https:\/\/scantank.ee\/wp-content\/uploads\/2019\/08\/scantank-new.png","width":1041,"height":221,"caption":"Scantank O\u00dc"},"image":{"@id":"https:\/\/scantank.ee\/sv\/#\/schema\/logo\/image\/"},"sameAs":["http:\/\/www.facebook.com\/scantank"]}]}},"_links":{"self":[{"href":"https:\/\/scantank.ee\/sv\/wp-json\/wp\/v2\/product\/4807"}],"collection":[{"href":"https:\/\/scantank.ee\/sv\/wp-json\/wp\/v2\/product"}],"about":[{"href":"https:\/\/scantank.ee\/sv\/wp-json\/wp\/v2\/types\/product"}],"wp:featuredmedia":[{"embeddable":true,"href":"https:\/\/scantank.ee\/sv\/wp-json\/wp\/v2\/media\/2315"}],"wp:attachment":[{"href":"https:\/\/scantank.ee\/sv\/wp-json\/wp\/v2\/media?parent=4807"}],"wp:term":[{"taxonomy":"product_cat","embeddable":true,"href":"https:\/\/scantank.ee\/sv\/wp-json\/wp\/v2\/product_cat?post=4807"},{"taxonomy":"product_tag","embeddable":true,"href":"https:\/\/scantank.ee\/sv\/wp-json\/wp\/v2\/product_tag?post=4807"}],"curies":[{"name":"wp","href":"https:\/\/api.w.org\/{rel}","templated":true}]}}